{"id":9982,"date":"2020-03-20T19:14:59","date_gmt":"2020-03-20T19:14:59","guid":{"rendered":"https:\/\/web.sistemasfce.com.ar\/wordpress\/?page_id=9982"},"modified":"2020-07-14T16:03:29","modified_gmt":"2020-07-14T16:03:29","slug":"posgrado-de-especializacion-en-tributacion","status":"publish","type":"page","link":"https:\/\/web.sistemasfce.com.ar\/wordpress\/index.php\/posgrados-menu\/posgrado-de-especializacion-en-tributacion\/","title":{"rendered":"Posgrado: Especializaci\u00f3n en Tributaci\u00f3n"},"content":{"rendered":"<div class=\"wpb-content-wrapper\"><div id=\"modal-ready\"><p>[vc_row][vc_column][vc_column_text]El\u00a0<strong>Viernes 14<\/strong> y <strong>S\u00e1bado 15 de Agosto<\/strong> de 2020\u00a0dar\u00e1 inicio la carrera de Posgrado <strong>ESPECIALIZACI\u00d3N EN TRIBUTACI\u00d3N<\/strong>, en la Sede Trelew de la Facultad de Ciencias Econ\u00f3micas, Universidad Nacional de la Patagonia San Juan Bosco, con la modalidad NO presencial.<\/p>\n<p>El Director de la Carrera es el Dr. Jorge H. Damarco,<span lang=\"ES\">\u00a0 abogado\u00a0 especialista\u00a0 en\u00a0 Derecho\u00a0 Tributario\u00a0 y\u00a0 Doctor\u00a0 en Ciencias\u00a0 Jur\u00eddicas\u00a0 y\u00a0 Sociales.\u00a0 Es\u00a0 Profesor\u00a0 Titular\u00a0 de\u00a0 Finanzas\u00a0 P\u00fablicas\u00a0 y Derecho\u00a0 Tributario\u00a0 en\u00a0 la\u00a0 Facultad\u00a0 de Derecho\u00a0 de\u00a0 la Universidad\u00a0 de\u00a0 Buenos Aires\u00a0 y\u00a0 Director\u00a0 de\u00a0 la\u00a0 Carrera\u00a0 de\u00a0 Especializaci\u00f3n\u00a0 en\u00a0 Tributaci\u00f3n\u00a0 en\u00a0 la Universidad Nacional\u00a0 del Nordeste.\u00a0 Se\u00a0 desempe\u00f1\u00f3\u00a0 como\u00a0 vocal\u00a0 del\u00a0 Tribunal Fiscal de\u00a0 la Naci\u00f3n y como\u00a0 Juez de\u00a0 la C\u00e1mara Nacional de Apelaciones en\u00a0 lo Contencioso Administrativo Federal de la Capital Federal. Autor de \u201cTratado Jurisprudencial y Doctrinario\u201d , entre otros.<\/span>[\/vc_column_text][vc_tta_tour style=&#8221;modern&#8221; spacing=&#8221;&#8221; controls_size=&#8221;sm&#8221; active_section=&#8221;1&#8243; css=&#8221;.vc_custom_1584751760357{margin-top: 0px !important;border-top-width: 0px !important;padding-top: 0px !important;}&#8221;][vc_tta_section title=&#8221;Generalidad&#8221; tab_id=&#8221;1584732189993-c4040aba-d943&#8243;][vc_single_image image=&#8221;9984&#8243; img_size=&#8221;full&#8221; onclick=&#8221;link_image&#8221;][\/vc_tta_section][vc_tta_section title=&#8221;Dirigido a&#8221; tab_id=&#8221;1584732189995-79662a35-801f&#8221;][vc_single_image image=&#8221;10297&#8243; img_size=&#8221;full&#8221; onclick=&#8221;link_image&#8221;][\/vc_tta_section][vc_tta_section title=&#8221;Plan de Estudios&#8221; tab_id=&#8221;1584733250148-498e5510-5f15&#8243;][vc_column_text]<\/p>\n<h2>Plan de Estudios<\/h2>\n<table style=\"width: 78.5592%; height: 622px;\">\n<tbody>\n<tr style=\"height: 84px;\">\n<th style=\"width: 5.27903%; height: 84px; border-color: #525050; background-color: #545252;\" width=\"30\"><\/th>\n<th style=\"width: 28.0861%; height: 84px; border-color: #525050; background-color: #545252;\" width=\"210\"><span style=\"color: #ffffff;\">Asignaturas<\/span><\/th>\n<th style=\"width: 12.7114%; height: 84px; border-color: #525050; background-color: #545252;\" width=\"64\"><span style=\"color: #ffffff;\">Carga Horaria Semanal<\/span><\/th>\n<th style=\"width: 14.8441%; height: 84px; border-color: #525050; background-color: #545252;\" width=\"92\"><span style=\"color: #ffffff;\">Carga Horaria Cuatrimestral Total<\/span><\/th>\n<th style=\"width: 13.5367%; height: 84px; border-color: #525050; background-color: #545252;\" width=\"71\"><span style=\"color: #ffffff;\">Carga Horaria Te\u00f3rica<\/span><\/th>\n<th style=\"width: 13.0237%; height: 84px; border-color: #525050; background-color: #545252;\" width=\"76\"><span style=\"color: #ffffff;\">Carga Horaria Pr\u00e1ctica<\/span><\/th>\n<th style=\"width: 37.9007%; height: 84px; border-color: #525050; background-color: #545252;\" width=\"60\"><span style=\"color: #ffffff;\">Cr\u00e9ditos<\/span><\/th>\n<\/tr>\n<tr style=\"height: 56px;\">\n<td style=\"width: 5.27903%; height: 56px;\" width=\"30\">1<\/td>\n<td style=\"width: 28.0861%; height: 56px;\" width=\"210\">Derecho Tributario<\/td>\n<td style=\"width: 12.7114%; height: 56px;\" width=\"64\">8<\/td>\n<td style=\"width: 14.8441%; height: 56px;\" width=\"92\">64<\/td>\n<td style=\"width: 13.5367%; height: 56px;\" width=\"71\">32<\/td>\n<td style=\"width: 13.0237%; height: 56px;\" width=\"76\">32<\/td>\n<td style=\"width: 37.9007%; height: 56px;\" width=\"60\">6<\/td>\n<\/tr>\n<tr style=\"height: 80px;\">\n<td style=\"width: 5.27903%; height: 80px;\" width=\"30\">2<\/td>\n<td style=\"width: 28.0861%; height: 80px;\" width=\"210\">Metodolog\u00eda de la Investigaci\u00f3n del Trabajo Final<\/td>\n<td style=\"width: 12.7114%; height: 80px;\" width=\"64\">8<\/td>\n<td style=\"width: 14.8441%; height: 80px;\" width=\"92\">32<\/td>\n<td style=\"width: 13.5367%; height: 80px;\" width=\"71\">16<\/td>\n<td style=\"width: 13.0237%; height: 80px;\" width=\"76\">16<\/td>\n<td style=\"width: 37.9007%; height: 80px;\" width=\"60\">4<\/td>\n<\/tr>\n<tr style=\"height: 56px;\">\n<td style=\"width: 5.27903%; height: 56px;\" width=\"30\">3<\/td>\n<td style=\"width: 28.0861%; height: 56px;\" width=\"210\">Econom\u00eda del Sector P\u00fablico<\/td>\n<td style=\"width: 12.7114%; height: 56px;\" width=\"64\">8<\/td>\n<td style=\"width: 14.8441%; height: 56px;\" width=\"92\">32<\/td>\n<td style=\"width: 13.5367%; height: 56px;\" width=\"71\">16<\/td>\n<td style=\"width: 13.0237%; height: 56px;\" width=\"76\">16<\/td>\n<td style=\"width: 37.9007%; height: 56px;\" width=\"60\">4<\/td>\n<\/tr>\n<tr style=\"height: 56px;\">\n<td style=\"width: 5.27903%; height: 56px;\" width=\"30\">4<\/td>\n<td style=\"width: 28.0861%; height: 56px;\" width=\"210\">An\u00e1lisis de Impuestos I<\/td>\n<td style=\"width: 12.7114%; height: 56px;\" width=\"64\">8<\/td>\n<td style=\"width: 14.8441%; height: 56px;\" width=\"92\">64<\/td>\n<td style=\"width: 13.5367%; height: 56px;\" width=\"71\">32<\/td>\n<td style=\"width: 13.0237%; height: 56px;\" width=\"76\">32<\/td>\n<td style=\"width: 37.9007%; height: 56px;\" width=\"60\">6<\/td>\n<\/tr>\n<tr style=\"height: 56px;\">\n<td style=\"width: 5.27903%; height: 56px;\" width=\"30\">5<\/td>\n<td style=\"width: 28.0861%; height: 56px;\" width=\"210\">An\u00e1lisis de Impuestos II<\/td>\n<td style=\"width: 12.7114%; height: 56px;\" width=\"64\">8<\/td>\n<td style=\"width: 14.8441%; height: 56px;\" width=\"92\">64<\/td>\n<td style=\"width: 13.5367%; height: 56px;\" width=\"71\">32<\/td>\n<td style=\"width: 13.0237%; height: 56px;\" width=\"76\">32<\/td>\n<td style=\"width: 37.9007%; height: 56px;\" width=\"60\">6<\/td>\n<\/tr>\n<tr style=\"height: 56px;\">\n<td style=\"width: 5.27903%; height: 56px;\" width=\"30\">6<\/td>\n<td style=\"width: 28.0861%; height: 56px;\" width=\"210\">Teor\u00eda y T\u00e9cnica Contable<\/td>\n<td style=\"width: 12.7114%; height: 56px;\" width=\"64\">8<\/td>\n<td style=\"width: 14.8441%; height: 56px;\" width=\"92\">32<\/td>\n<td style=\"width: 13.5367%; height: 56px;\" width=\"71\">16<\/td>\n<td style=\"width: 13.0237%; height: 56px;\" width=\"76\">16<\/td>\n<td style=\"width: 37.9007%; height: 56px;\" width=\"60\">4<\/td>\n<\/tr>\n<tr style=\"height: 56px;\">\n<td style=\"width: 5.27903%; height: 56px;\" width=\"30\">7<\/td>\n<td style=\"width: 28.0861%; height: 56px;\" width=\"210\">Administraci\u00f3n Tributaria<\/td>\n<td style=\"width: 12.7114%; height: 56px;\" width=\"64\">8<\/td>\n<td style=\"width: 14.8441%; height: 56px;\" width=\"92\">32<\/td>\n<td style=\"width: 13.5367%; height: 56px;\" width=\"71\">16<\/td>\n<td style=\"width: 13.0237%; height: 56px;\" width=\"76\">16<\/td>\n<td style=\"width: 37.9007%; height: 56px;\" width=\"60\">4<\/td>\n<\/tr>\n<tr style=\"height: 56px;\">\n<td style=\"width: 5.27903%; height: 56px;\" width=\"30\">8<\/td>\n<td style=\"width: 28.0861%; height: 56px;\" width=\"210\">Procedimiento Tributario<\/td>\n<td style=\"width: 12.7114%; height: 56px;\" width=\"64\">8<\/td>\n<td style=\"width: 14.8441%; height: 56px;\" width=\"92\">64<\/td>\n<td style=\"width: 13.5367%; height: 56px;\" width=\"71\">32<\/td>\n<td style=\"width: 13.0237%; height: 56px;\" width=\"76\">32<\/td>\n<td style=\"width: 37.9007%; height: 56px;\" width=\"60\">6<\/td>\n<\/tr>\n<tr style=\"height: 56px;\">\n<td style=\"width: 5.27903%; height: 56px;\" width=\"30\"><\/td>\n<td style=\"width: 40.7975%; height: 56px;\" colspan=\"2\" width=\"274\">TRABAJO FINAL INTEGRADOR<\/td>\n<td style=\"width: 14.8441%; height: 56px;\" width=\"92\">96 horas<\/td>\n<td style=\"width: 13.5367%; height: 56px;\" width=\"71\"><\/td>\n<td style=\"width: 13.0237%; height: 56px;\" width=\"76\"><\/td>\n<td style=\"width: 37.9007%; height: 56px;\" width=\"60\">10<\/td>\n<\/tr>\n<tr style=\"height: 10px;\">\n<td style=\"width: 5.27903%; height: 10px;\" width=\"30\"><\/td>\n<td style=\"width: 40.7975%; height: 10px;\" colspan=\"2\" width=\"274\"><strong>TOTAL<\/strong><\/td>\n<td style=\"width: 14.8441%; height: 10px;\" width=\"92\"><strong>480 horas<\/strong><\/td>\n<td style=\"width: 13.5367%; height: 10px;\" colspan=\"2\" width=\"71\"><\/td>\n<td style=\"width: 37.9007%; height: 10px;\" width=\"60\"><strong>50<\/strong><\/td>\n<\/tr>\n<\/tbody>\n<\/table>\n<p>[\/vc_column_text][\/vc_tta_section][vc_tta_section title=&#8221;Horarios&#8221; tab_id=&#8221;1584733294836-2457410c-a593&#8243;][vc_column_text css=&#8221;.vc_custom_1594742606828{margin-top: 0px !important;margin-bottom: 0px !important;border-top-width: 0px !important;border-bottom-width: 0px !important;padding-top: 0px !important;padding-bottom: 0px !important;}&#8221;]<\/p>\n<h2><strong><u>Cronograma 1\u00b0 A\u00f1o<\/u><\/strong><\/h2>\n<p><strong><em><u>Lugar:<\/u><\/em><\/strong><strong><em>\u00a0 \u00a0Cursado no presencial<br \/>\n<\/em><\/strong><\/p>\n<p><strong><u>Horarios de encuentros sincr\u00f3nicos:<\/u><\/strong><strong>\u00a0 \u00a0 \u00a0 Viernes de 17 a 21 horas y\u00a0 <\/strong><strong>S\u00e1bados de 9 a 13 horas<\/strong><\/p>\n<p><strong><u>Fecha de los encuentros:<\/u><\/strong><\/p>\n<p>[\/vc_column_text][vc_row_inner][vc_column_inner][vc_single_image image=&#8221;10527&#8243; img_size=&#8221;full&#8221; onclick=&#8221;link_image&#8221;][\/vc_column_inner][\/vc_row_inner][\/vc_tta_section][vc_tta_section title=&#8221;Ficha Incripci\u00f3n&#8221; tab_id=&#8221;1584733251961-b58deca5-a05b&#8221;][vc_btn title=&#8221;Descargue aqui la Ficha de Pre-Inscripci\u00f3n&#8221; i_icon_fontawesome=&#8221;fas fa-cloud-download-alt&#8221; add_icon=&#8221;true&#8221; link=&#8221;url:http%3A%2F%2Fweb.sistemasfce.com.ar%2Fwordpress%2Fwp-content%2Fuploads%2F2020%2F03%2FFICHA-DE-PRE-INSCRIPCI%C3%93N-Tributaci%C3%B3n-2020.doc||target:%20_blank|&#8221;][\/vc_tta_section][\/vc_tta_tour][\/vc_column][\/vc_row]<\/p>\n<\/div><\/div>","protected":false},"excerpt":{"rendered":"<p>[vc_row][vc_column][vc_column_text]El\u00a0Viernes 14 y S\u00e1bado 15 de Agosto de 2020\u00a0dar\u00e1 inicio la carrera de Posgrado ESPECIALIZACI\u00d3N &hellip; <\/p>\n","protected":false},"author":4,"featured_media":0,"parent":8327,"menu_order":0,"comment_status":"closed","ping_status":"closed","template":"","meta":{"pmpro_default_level":"","footnotes":""},"class_list":["post-9982","page","type-page","status-publish","hentry","pmpro-has-access"],"_links":{"self":[{"href":"https:\/\/web.sistemasfce.com.ar\/wordpress\/index.php\/wp-json\/wp\/v2\/pages\/9982","targetHints":{"allow":["GET"]}}],"collection":[{"href":"https:\/\/web.sistemasfce.com.ar\/wordpress\/index.php\/wp-json\/wp\/v2\/pages"}],"about":[{"href":"https:\/\/web.sistemasfce.com.ar\/wordpress\/index.php\/wp-json\/wp\/v2\/types\/page"}],"author":[{"embeddable":true,"href":"https:\/\/web.sistemasfce.com.ar\/wordpress\/index.php\/wp-json\/wp\/v2\/users\/4"}],"replies":[{"embeddable":true,"href":"https:\/\/web.sistemasfce.com.ar\/wordpress\/index.php\/wp-json\/wp\/v2\/comments?post=9982"}],"version-history":[{"count":18,"href":"https:\/\/web.sistemasfce.com.ar\/wordpress\/index.php\/wp-json\/wp\/v2\/pages\/9982\/revisions"}],"predecessor-version":[{"id":10538,"href":"https:\/\/web.sistemasfce.com.ar\/wordpress\/index.php\/wp-json\/wp\/v2\/pages\/9982\/revisions\/10538"}],"up":[{"embeddable":true,"href":"https:\/\/web.sistemasfce.com.ar\/wordpress\/index.php\/wp-json\/wp\/v2\/pages\/8327"}],"wp:attachment":[{"href":"https:\/\/web.sistemasfce.com.ar\/wordpress\/index.php\/wp-json\/wp\/v2\/media?parent=9982"}],"curies":[{"name":"wp","href":"https:\/\/api.w.org\/{rel}","templated":true}]}}