{"id":9670,"date":"2020-03-04T18:30:42","date_gmt":"2020-03-04T18:30:42","guid":{"rendered":"https:\/\/web.sistemasfce.com.ar\/wordpress\/?page_id=9670"},"modified":"2020-07-10T23:35:50","modified_gmt":"2020-07-10T23:35:50","slug":"funciones","status":"publish","type":"page","link":"https:\/\/web.sistemasfce.com.ar\/wordpress\/index.php\/investigadores\/funciones\/","title":{"rendered":"Funciones"},"content":{"rendered":"<div class=\"wpb-content-wrapper\"><div id=\"modal-ready\"><p>[vc_row][vc_column][vc_column_text]<\/p>\n<h3><strong>BIENVENIDO A LA SECRETAR\u00cdA DE INVESTIGACI\u00d3N<\/strong><\/h3>\n<p>[\/vc_column_text][\/vc_column][\/vc_row][vc_row][vc_column][vc_column_text]<\/p>\n<p style=\"text-align: justify;\"><span style=\"color: #000000;\">Esperamos ante todo que este espacio sea \u00fatil tanto para los investigadores como para los docentes, estudiantes y usuarios\u00a0que se interesan por la investigaci\u00f3n. Es de nuestro inter\u00e9s poder brindarles el m\u00e1ximo de informaci\u00f3n en el \u00e1rea de la Investigaci\u00f3n\u00a0en nuestra Facultad.<\/span><\/p>\n<p style=\"text-align: justify;\"><span style=\"color: #000000;\">La Universidad Nacional de la Patagonia San Juan Bosco tiene\u00a0entre sus objetivos promover la investigaci\u00f3n, en consecuencia la Facultad de Ciencias Econ\u00f3micas instrumenta las acciones para incentivarlas, apoyarlas y realizarlas en beneficio de toda la comunidad y la propia instituci\u00f3n.<\/span><\/p>\n<p style=\"text-align: justify;\"><span style=\"color: #000000;\">El departamento de \u00a0Ciencia y T\u00e9cnica es el encargado de fomentar, orientar y fortalecer la investigaci\u00f3n cient\u00edfica y tecnol\u00f3gica en la Facultad. Entre sus principales objetivos encontramos\u00a0gestionar, coordinar y promocionar los medios para el desarrollo de tales actividades, as\u00ed como tambi\u00e9n el promover la formaci\u00f3n de Recursos Humanos para el ejercicio de la Investigaci\u00f3n.<\/span><\/p>\n<p>[\/vc_column_text][\/vc_column][\/vc_row][vc_row][vc_column][vc_btn title=&#8221;Funciones de la Secretar\u00eda de Investigaci\u00f3n de la Facultad de Ciencias Econ\u00f3micas de la UNPSJB&#8221; style=&#8221;gradient&#8221; gradient_color_1=&#8221;mulled-wine&#8221; link=&#8221;url:http%3A%2F%2Fweb.sistemasfce.com.ar%2Fwordpress%2Fwp-content%2Fuploads%2F2020%2F03%2FFunciones-Secretar%C3%ADa-Investigaci%C3%B3n.pdf||target:%20_blank|&#8221;][\/vc_column][\/vc_row]<\/p>\n<\/div><\/div>","protected":false},"excerpt":{"rendered":"<p>[vc_row][vc_column][vc_column_text] BIENVENIDO A LA SECRETAR\u00cdA DE INVESTIGACI\u00d3N [\/vc_column_text][\/vc_column][\/vc_row][vc_row][vc_column][vc_column_text] Esperamos ante todo que este espacio sea &hellip; <\/p>\n","protected":false},"author":4,"featured_media":0,"parent":324,"menu_order":0,"comment_status":"closed","ping_status":"closed","template":"","meta":{"pmpro_default_level":"","footnotes":""},"class_list":["post-9670","page","type-page","status-publish","hentry","pmpro-has-access"],"_links":{"self":[{"href":"https:\/\/web.sistemasfce.com.ar\/wordpress\/index.php\/wp-json\/wp\/v2\/pages\/9670","targetHints":{"allow":["GET"]}}],"collection":[{"href":"https:\/\/web.sistemasfce.com.ar\/wordpress\/index.php\/wp-json\/wp\/v2\/pages"}],"about":[{"href":"https:\/\/web.sistemasfce.com.ar\/wordpress\/index.php\/wp-json\/wp\/v2\/types\/page"}],"author":[{"embeddable":true,"href":"https:\/\/web.sistemasfce.com.ar\/wordpress\/index.php\/wp-json\/wp\/v2\/users\/4"}],"replies":[{"embeddable":true,"href":"https:\/\/web.sistemasfce.com.ar\/wordpress\/index.php\/wp-json\/wp\/v2\/comments?post=9670"}],"version-history":[{"count":5,"href":"https:\/\/web.sistemasfce.com.ar\/wordpress\/index.php\/wp-json\/wp\/v2\/pages\/9670\/revisions"}],"predecessor-version":[{"id":10409,"href":"https:\/\/web.sistemasfce.com.ar\/wordpress\/index.php\/wp-json\/wp\/v2\/pages\/9670\/revisions\/10409"}],"up":[{"embeddable":true,"href":"https:\/\/web.sistemasfce.com.ar\/wordpress\/index.php\/wp-json\/wp\/v2\/pages\/324"}],"wp:attachment":[{"href":"https:\/\/web.sistemasfce.com.ar\/wordpress\/index.php\/wp-json\/wp\/v2\/media?parent=9670"}],"curies":[{"name":"wp","href":"https:\/\/api.w.org\/{rel}","templated":true}]}}