{"id":9241,"date":"2020-02-12T18:59:55","date_gmt":"2020-02-12T18:59:55","guid":{"rendered":"https:\/\/web.sistemasfce.com.ar\/wordpress\/?page_id=9241"},"modified":"2025-08-13T17:48:53","modified_gmt":"2025-08-13T20:48:53","slug":"tecnico-univ-adm-bancaria-tw","status":"publish","type":"page","link":"https:\/\/web.sistemasfce.com.ar\/wordpress\/index.php\/alumnos-2\/carreras\/tecnico-univ-adm-bancaria-tw\/","title":{"rendered":"T\u00e9cnico Universitario en Administraci\u00f3n Bancaria"},"content":{"rendered":"<div class=\"wpb-content-wrapper\"><div id=\"modal-ready\"><p>[vc_row][vc_column][vc_column_text]<strong>Campo Ocupacional:<\/strong> Es una Carrera corta de nivel universitario. Prevee la formaci\u00f3n de los funcionarios que se desempe\u00f1en en niveles intermedios de instituciones financieras, p\u00fablicas o privadas. Realizar las tareas b\u00e1sicas de administraci\u00f3n bancaria, registrando las operaciones, elaborando informes para conocimiento y control superior. Participar en la organizaci\u00f3n, an\u00e1lisis de los sistemas, procedimientos y formularios utilizados en la actividad bancaria. Desempe\u00f1arse como responsable administrativo en el nivel que le corresponde, en instituciones financieras.<\/p>\n<p>&nbsp;<\/p>\n<p><strong>Duraci\u00f3n:<\/strong> 3 A\u00f1os.<br \/>\n<strong>Titulo:<\/strong> T\u00e9cnico Universitario en Administraci\u00f3n Bancaria.[\/vc_column_text][vc_row_inner][vc_column_inner width=&#8221;1\/2&#8243;][vc_btn title=&#8221;Descargar Plan de Estudios (Plan 94)&#8221; color=&#8221;violet&#8221; i_icon_fontawesome=&#8221;&#8221; css=&#8221;&#8221; add_icon=&#8221;true&#8221; link=&#8221;url:http%3A%2F%2Fweb.sistemasfce.com.ar%2Fwordpress%2Fwp-content%2Fuploads%2F2021%2F07%2FPLAN-TUAB.pdf|title:Tec.%20Univ.%20en%20Administraci%C3%B3n%20Bancaria|target:_blank&#8221;][\/vc_column_inner][vc_column_inner width=&#8221;1\/2&#8243;][vc_btn title=&#8221;Descargar Plan de Estudios (Plan 2025)&#8221; color=&#8221;violet&#8221; i_icon_fontawesome=&#8221;&#8221; css=&#8221;&#8221; add_icon=&#8221;true&#8221; link=&#8221;url:https%3A%2F%2Fdrive.google.com%2Ffile%2Fd%2F1mQ3blmeGxQNY2ZgiBNIWQ7yJzlIuBhFm%2Fview%3Fusp%3Dsharing|title:Tec.%20Univ.%20en%20Administraci%C3%B3n%20Bancaria%20(Plan%202025)|target:_blank&#8221;][\/vc_column_inner][\/vc_row_inner][\/vc_column][\/vc_row][vc_row][vc_column][vc_text_separator title=&#8221;&#8221; css=&#8221;&#8221;][vc_text_separator title=&#8221;LISTADO DE MATERIAS (PLAN 94)&#8221; css=&#8221;&#8221;][\/vc_column][\/vc_row][vc_row][vc_column][vc_btn title=&#8221;Estructura Curricular de la Tecnicatura Universitaria en Administraci\u00f3n Bancaria&#8221; css=&#8221;&#8221; link=&#8221;url:http%3A%2F%2Ftahio.sistemasfce.com.ar%2Fplanes%2Findex.html%3F3_6|target:_blank&#8221;][vc_column_text]<iframe loading=\"lazy\" src=\"http:\/\/tahio.sistemasfce.com.ar\/planes\/index.html?3_6\" width=\"100%\" height=\"1600\" frameborder=\"0\"><\/iframe>[\/vc_column_text][\/vc_column][\/vc_row]<\/p>\n<\/div><\/div>","protected":false},"excerpt":{"rendered":"<p>[vc_row][vc_column][vc_column_text]Campo Ocupacional: Es una Carrera corta de nivel universitario. Prevee la formaci\u00f3n de los funcionarios &hellip; <\/p>\n","protected":false},"author":4,"featured_media":0,"parent":8171,"menu_order":0,"comment_status":"closed","ping_status":"closed","template":"","meta":{"pmpro_default_level":"","footnotes":""},"class_list":["post-9241","page","type-page","status-publish","hentry","pmpro-has-access"],"_links":{"self":[{"href":"https:\/\/web.sistemasfce.com.ar\/wordpress\/index.php\/wp-json\/wp\/v2\/pages\/9241","targetHints":{"allow":["GET"]}}],"collection":[{"href":"https:\/\/web.sistemasfce.com.ar\/wordpress\/index.php\/wp-json\/wp\/v2\/pages"}],"about":[{"href":"https:\/\/web.sistemasfce.com.ar\/wordpress\/index.php\/wp-json\/wp\/v2\/types\/page"}],"author":[{"embeddable":true,"href":"https:\/\/web.sistemasfce.com.ar\/wordpress\/index.php\/wp-json\/wp\/v2\/users\/4"}],"replies":[{"embeddable":true,"href":"https:\/\/web.sistemasfce.com.ar\/wordpress\/index.php\/wp-json\/wp\/v2\/comments?post=9241"}],"version-history":[{"count":9,"href":"https:\/\/web.sistemasfce.com.ar\/wordpress\/index.php\/wp-json\/wp\/v2\/pages\/9241\/revisions"}],"predecessor-version":[{"id":15391,"href":"https:\/\/web.sistemasfce.com.ar\/wordpress\/index.php\/wp-json\/wp\/v2\/pages\/9241\/revisions\/15391"}],"up":[{"embeddable":true,"href":"https:\/\/web.sistemasfce.com.ar\/wordpress\/index.php\/wp-json\/wp\/v2\/pages\/8171"}],"wp:attachment":[{"href":"https:\/\/web.sistemasfce.com.ar\/wordpress\/index.php\/wp-json\/wp\/v2\/media?parent=9241"}],"curies":[{"name":"wp","href":"https:\/\/api.w.org\/{rel}","templated":true}]}}