{"id":9214,"date":"2020-02-12T18:05:12","date_gmt":"2020-02-12T18:05:12","guid":{"rendered":"https:\/\/web.sistemasfce.com.ar\/wordpress\/?page_id=9214"},"modified":"2025-02-19T14:47:41","modified_gmt":"2025-02-19T17:47:41","slug":"contador-publico-esquel","status":"publish","type":"page","link":"https:\/\/web.sistemasfce.com.ar\/wordpress\/index.php\/alumnos-2\/carreras\/contador-publico-esquel\/","title":{"rendered":"Contador P\u00fablico"},"content":{"rendered":"<div class=\"wpb-content-wrapper\"><div id=\"modal-ready\"><p>[vc_row][vc_column][vc_column_text]<b>PERFIL<\/b> <b>PROFESIONAL DEL CONTADOR PUBLICO<\/b><\/p>\n<div>El abordaje del tema puede efectuarse desde diversas perspectivas, tomando como par\u00e1metros la pr\u00e1ctica tradicional, la pr\u00e1ctica predominante y la alternativa ya sea en relaci\u00f3n con las PyMES, con las grandes empresas nacionales o multinacionales. Considerando al profesional en Ciencias Econ\u00f3micas como independiente, asociado a estudios profesionales o en relaci\u00f3n de dependencia laboral con los mismos, con empresas o con el Estado.<\/div>\n<div>Algunas l\u00edneas comunes muy generales, definen tradicionalmente al egresado de Ciencias Econ\u00f3micas como un &#8220;profesionalista&#8221;, preocupado por competir y ser competente en el medio, arrastrando el aurea tradicional del profesional liberal independiente, con un ejercicio de actividades t\u00e9cnicas especializadas (Contabilidad, Impuestos, Pr\u00e1ctica Societaria, Sindicatura Concursal y pericias, por ejemplo).<\/div>\n<div>La pr\u00e1ctica predominante se relaciona con un desempe\u00f1o en relaci\u00f3n de dependencia laboral, en estudios contables o en empresas, prestando servicios administrativos, contables, etc., contribuyendo a un incipiente gerenciamiento profesional.<\/div>\n<div>La posible profundizaci\u00f3n de esta perspectiva nos lleva a prever la necesidad de capacitar a nuestros profesionales para que se desempe\u00f1en en funciones gerenciales (pr\u00e1ctica profesional alternativa).<\/div>\n<div>Otra pr\u00e1ctica profesional alternativa que visualizamos, se relaciona con la formaci\u00f3n de profesionales id\u00f3neos para el &#8220;desarrollo de sistemas administrativos&#8221;, destinados a armonizar con su desempe\u00f1o y hacer eficientes, las distintas pr\u00e1cticas profesionales descriptas.<\/div>\n<div>Como pr\u00e1ctica profesional alternativa tambi\u00e9n queremos formar profesionales que compensen su rol &#8220;profesionalista&#8221; actual con un mayor compromiso social.<\/div>\n<div><\/div>\n<div>Texto Extra\u00eddo de la Resoluci\u00f3n CDFCE 111\/18<\/div>\n<div><\/div>\n<div><\/div>\n<div><\/div>\n<div><\/div>\n<p>[\/vc_column_text][vc_column_text]<\/p>\n<div>\n<div><strong>Campo Ocupacional:<\/strong> Es la Carrera de mayor tradici\u00f3n entre las que se dictan en nuestra Facultad. Mediante su dictado se logra una fuerte formaci\u00f3n en Contabilidad, Administraci\u00f3n, Econom\u00eda, Derecho y Computaci\u00f3n permitiendo el ejercicio profesional tanto para la actividad p\u00fablica como privada, ya sea en relaci\u00f3n de dependencia laboral o desarroll\u00e1ndose como profesional independiente. Actuaci\u00f3n como asesor empresarial para la toma de decisiones; confecci\u00f3n,an\u00e1lisis y auditor\u00eda de Estados Contables, en la constituci\u00f3n,transformaci\u00f3n,fusi\u00f3n y escisi\u00f3n de sociedades; en sindicaturas societarias y concursales; en impuestos; y como perito ante la justicia.<span class=\"texto\"><br \/>\n<\/span><\/div>\n<div><\/div>\n<\/div>\n<div><strong>Duraci\u00f3n:<\/strong> 5 A\u00d1OS<br \/>\n<strong>Titulo:<\/strong> Contador Publico Nacional.<\/div>\n<p>[\/vc_column_text][\/vc_column][\/vc_row][vc_row][vc_column][vc_btn title=&#8221;Bajar Plan de Estudios&#8221; i_icon_fontawesome=&#8221;&#8221; add_icon=&#8221;true&#8221; link=&#8221;url:http%3A%2F%2Fweb.sistemasfce.com.ar%2Fwordpress%2Fwp-content%2Fuploads%2F2021%2F07%2FPLAN-CP-ESQ.pdf|target:_blank&#8221;][\/vc_column][\/vc_row][vc_row][vc_column][vc_text_separator title=&#8221;Listado de Materias&#8221; color=&#8221;violet&#8221;][\/vc_column][\/vc_row][vc_row][vc_column][vc_btn title=&#8221;Estructura Curricular de la Carrera de Contador P\u00fablico&#8221; css=&#8221;&#8221; link=&#8221;url:http%3A%2F%2Ftahio.sistemasfce.com.ar%2Fplanes%2Findex.html%3F2_1|target:_blank&#8221;][vc_column_text]<iframe loading=\"lazy\" src=\"http:\/\/tahio.sistemasfce.com.ar\/planes\/index.html?2_1\" width=\"100%\" height=\"1600\" frameborder=\"0\"><\/iframe>[\/vc_column_text][\/vc_column][\/vc_row]<\/p>\n<\/div><\/div>","protected":false},"excerpt":{"rendered":"<p>[vc_row][vc_column][vc_column_text]PERFIL PROFESIONAL DEL CONTADOR PUBLICO El abordaje del tema puede efectuarse desde diversas perspectivas, tomando &hellip; <\/p>\n","protected":false},"author":4,"featured_media":0,"parent":8171,"menu_order":2,"comment_status":"closed","ping_status":"closed","template":"","meta":{"pmpro_default_level":"","footnotes":""},"class_list":["post-9214","page","type-page","status-publish","hentry","pmpro-has-access"],"_links":{"self":[{"href":"https:\/\/web.sistemasfce.com.ar\/wordpress\/index.php\/wp-json\/wp\/v2\/pages\/9214","targetHints":{"allow":["GET"]}}],"collection":[{"href":"https:\/\/web.sistemasfce.com.ar\/wordpress\/index.php\/wp-json\/wp\/v2\/pages"}],"about":[{"href":"https:\/\/web.sistemasfce.com.ar\/wordpress\/index.php\/wp-json\/wp\/v2\/types\/page"}],"author":[{"embeddable":true,"href":"https:\/\/web.sistemasfce.com.ar\/wordpress\/index.php\/wp-json\/wp\/v2\/users\/4"}],"replies":[{"embeddable":true,"href":"https:\/\/web.sistemasfce.com.ar\/wordpress\/index.php\/wp-json\/wp\/v2\/comments?post=9214"}],"version-history":[{"count":7,"href":"https:\/\/web.sistemasfce.com.ar\/wordpress\/index.php\/wp-json\/wp\/v2\/pages\/9214\/revisions"}],"predecessor-version":[{"id":15056,"href":"https:\/\/web.sistemasfce.com.ar\/wordpress\/index.php\/wp-json\/wp\/v2\/pages\/9214\/revisions\/15056"}],"up":[{"embeddable":true,"href":"https:\/\/web.sistemasfce.com.ar\/wordpress\/index.php\/wp-json\/wp\/v2\/pages\/8171"}],"wp:attachment":[{"href":"https:\/\/web.sistemasfce.com.ar\/wordpress\/index.php\/wp-json\/wp\/v2\/media?parent=9214"}],"curies":[{"name":"wp","href":"https:\/\/api.w.org\/{rel}","templated":true}]}}