{"id":9168,"date":"2020-02-10T19:51:08","date_gmt":"2020-02-10T19:51:08","guid":{"rendered":"https:\/\/web.sistemasfce.com.ar\/wordpress\/?page_id=9168"},"modified":"2020-07-10T22:48:28","modified_gmt":"2020-07-10T22:48:28","slug":"carrera_tec-uni-contable_tw","status":"publish","type":"page","link":"https:\/\/web.sistemasfce.com.ar\/wordpress\/index.php\/alumnos-2\/carreras\/carrera_tec-uni-contable_tw\/","title":{"rendered":"T\u00e9cnico Universitario Contable"},"content":{"rendered":"<div class=\"wpb-content-wrapper\"><div id=\"modal-ready\"><p>[vc_row][vc_column][vc_column_text]<\/p>\n<div><span class=\"texto\"><strong>Campo Ocupacional:<\/strong> Se trata de una carrera corta de nivel universitario. Consta de una completa\u00a0 preparaci\u00f3n en los aspectos Contable-Administrativo y Jur\u00eddico, logr\u00e1ndose una buena formaci\u00f3n en Matem\u00e1tica, Econom\u00eda, Administraci\u00f3n, Contabilidad y Derecho, capacitando de esta manera al egresado para ejercer funciones como colaborador inmediato\u00a0 en establecimientos comerciales, industriales y de servicios.<\/span><span class=\"texto\"><br \/>\n<\/span><\/div>\n<div><\/div>\n<div><strong>Duraci\u00f3n:<\/strong> 3 A\u00f1os.<br \/>\n<strong>Titulo:<\/strong> T\u00e9cnico Universitario Contable.<\/div>\n<p>[\/vc_column_text][\/vc_column][\/vc_row][vc_row][vc_column][vc_btn title=&#8221;Bajar Plan de Estudios&#8221; i_icon_fontawesome=&#8221;&#8221; add_icon=&#8221;true&#8221; link=&#8221;url:http%3A%2F%2Fweb.sistemasfce.com.ar%2Fwordpress%2Fwp-content%2Fuploads%2F2020%2F02%2Fplan-Tec-Univ-Contable-tw-cr.pdf||target:%20_blank|&#8221;][vc_text_separator title=&#8221;Listado de Materias&#8221; color=&#8221;violet&#8221;][\/vc_column][\/vc_row][vc_row][vc_column][vc_column_text]<iframe loading=\"lazy\" src=\"http:\/\/tahio.sistemasfce.com.ar\/planes\/index.html?3_4\" width=\"100%\" height=\"1600\" frameborder=\"0\"><\/iframe>[\/vc_column_text][\/vc_column][\/vc_row]<\/p>\n<\/div><\/div>","protected":false},"excerpt":{"rendered":"<p>[vc_row][vc_column][vc_column_text] Campo Ocupacional: Se trata de una carrera corta de nivel universitario. Consta de una &hellip; <\/p>\n","protected":false},"author":4,"featured_media":0,"parent":8171,"menu_order":0,"comment_status":"closed","ping_status":"closed","template":"","meta":{"pmpro_default_level":"","footnotes":""},"class_list":["post-9168","page","type-page","status-publish","hentry","pmpro-has-access"],"_links":{"self":[{"href":"https:\/\/web.sistemasfce.com.ar\/wordpress\/index.php\/wp-json\/wp\/v2\/pages\/9168","targetHints":{"allow":["GET"]}}],"collection":[{"href":"https:\/\/web.sistemasfce.com.ar\/wordpress\/index.php\/wp-json\/wp\/v2\/pages"}],"about":[{"href":"https:\/\/web.sistemasfce.com.ar\/wordpress\/index.php\/wp-json\/wp\/v2\/types\/page"}],"author":[{"embeddable":true,"href":"https:\/\/web.sistemasfce.com.ar\/wordpress\/index.php\/wp-json\/wp\/v2\/users\/4"}],"replies":[{"embeddable":true,"href":"https:\/\/web.sistemasfce.com.ar\/wordpress\/index.php\/wp-json\/wp\/v2\/comments?post=9168"}],"version-history":[{"count":10,"href":"https:\/\/web.sistemasfce.com.ar\/wordpress\/index.php\/wp-json\/wp\/v2\/pages\/9168\/revisions"}],"predecessor-version":[{"id":10391,"href":"https:\/\/web.sistemasfce.com.ar\/wordpress\/index.php\/wp-json\/wp\/v2\/pages\/9168\/revisions\/10391"}],"up":[{"embeddable":true,"href":"https:\/\/web.sistemasfce.com.ar\/wordpress\/index.php\/wp-json\/wp\/v2\/pages\/8171"}],"wp:attachment":[{"href":"https:\/\/web.sistemasfce.com.ar\/wordpress\/index.php\/wp-json\/wp\/v2\/media?parent=9168"}],"curies":[{"name":"wp","href":"https:\/\/api.w.org\/{rel}","templated":true}]}}