{"id":9156,"date":"2020-02-10T19:11:13","date_gmt":"2020-02-10T19:11:13","guid":{"rendered":"https:\/\/web.sistemasfce.com.ar\/wordpress\/?page_id=9156"},"modified":"2025-02-19T15:17:40","modified_gmt":"2025-02-19T18:17:40","slug":"carrera_licadmemptur_esq","status":"publish","type":"page","link":"https:\/\/web.sistemasfce.com.ar\/wordpress\/index.php\/alumnos-2\/carreras\/carrera_licadmemptur_esq\/","title":{"rendered":"Licenciatura en Administraci\u00f3n de Empresas Tur\u00edsticas"},"content":{"rendered":"<div class=\"wpb-content-wrapper\"><div id=\"modal-ready\"><p>[vc_row][vc_column][vc_column_text]<strong>Campo Ocupacional:<\/strong> Preparar al profesional para el asesoramiento y asistencia t\u00e9cnica en las funciones directivas de organizaciones p\u00fablicas, privadas y mixtas. Tambi\u00e9n lo habilita para participar en el estudio, definici\u00f3n, planeamiento e implementaci\u00f3n de las diferentes pol\u00edticas de Administraci\u00f3n en cuanto a las funciones de: Administraci\u00f3n de Personal, Producci\u00f3n, Comercializaci\u00f3n, Administraci\u00f3n de Finanzas, Planeamiento, Gesti\u00f3n y Control Referido a las empresas tur\u00edsticas. Tambi\u00e9n prepara para la participaci\u00f3n en la elaboraci\u00f3n y evaluaci\u00f3n de proyectos de inversi\u00f3n; actuaci\u00f3n en la justicia en la funci\u00f3n de Administrador en intervenciones judiciales y liquidador de sociedades y asociaciones tur\u00edsticas.<\/p>\n<p><strong>Duraci\u00f3n:<\/strong> Cuatro a\u00f1os y medio.<br \/>\n<strong>Titulo:<\/strong> Licenciado en Administraci\u00f3n de Empresas Tur\u00edsticas.[\/vc_column_text][\/vc_column][\/vc_row][vc_row][vc_column][vc_btn title=&#8221;Bajar Plan de Estudios&#8221; i_icon_fontawesome=&#8221;&#8221; add_icon=&#8221;true&#8221; link=&#8221;url:http%3A%2F%2Fweb.sistemasfce.com.ar%2Fwordpress%2Fwp-content%2Fuploads%2F2021%2F07%2FPLAN-LAET.pdf|target:_blank&#8221;][vc_text_separator title=&#8221;Listado de Materias&#8221;][vc_btn title=&#8221;Estructura curricular programa de la Licenciatura en Administraci\u00f3n de Empresas Tur\u00edsticas&#8221; css=&#8221;&#8221; link=&#8221;url:http%3A%2F%2Ftahio.sistemasfce.com.ar%2Fplanes%2Findex.html%3F2_10|target:_blank&#8221;][\/vc_column][\/vc_row][vc_row][vc_column][vc_column_text css=&#8221;&#8221;]<iframe loading=\"lazy\" src=\"http:\/\/tahio.sistemasfce.com.ar\/planes\/index.html?2_10\" width=\"100%\" height=\"1600\" frameborder=\"0\"><\/iframe>[\/vc_column_text][\/vc_column][\/vc_row][vc_row][vc_column][vc_column_text][\/vc_column_text][\/vc_column][\/vc_row]<\/p>\n<\/div><\/div>","protected":false},"excerpt":{"rendered":"<p>[vc_row][vc_column][vc_column_text]Campo Ocupacional: Preparar al profesional para el asesoramiento y asistencia t\u00e9cnica en las funciones directivas &hellip; <\/p>\n","protected":false},"author":4,"featured_media":0,"parent":8171,"menu_order":0,"comment_status":"closed","ping_status":"closed","template":"","meta":{"pmpro_default_level":"","footnotes":""},"class_list":["post-9156","page","type-page","status-publish","hentry","pmpro-has-access"],"_links":{"self":[{"href":"https:\/\/web.sistemasfce.com.ar\/wordpress\/index.php\/wp-json\/wp\/v2\/pages\/9156","targetHints":{"allow":["GET"]}}],"collection":[{"href":"https:\/\/web.sistemasfce.com.ar\/wordpress\/index.php\/wp-json\/wp\/v2\/pages"}],"about":[{"href":"https:\/\/web.sistemasfce.com.ar\/wordpress\/index.php\/wp-json\/wp\/v2\/types\/page"}],"author":[{"embeddable":true,"href":"https:\/\/web.sistemasfce.com.ar\/wordpress\/index.php\/wp-json\/wp\/v2\/users\/4"}],"replies":[{"embeddable":true,"href":"https:\/\/web.sistemasfce.com.ar\/wordpress\/index.php\/wp-json\/wp\/v2\/comments?post=9156"}],"version-history":[{"count":12,"href":"https:\/\/web.sistemasfce.com.ar\/wordpress\/index.php\/wp-json\/wp\/v2\/pages\/9156\/revisions"}],"predecessor-version":[{"id":15058,"href":"https:\/\/web.sistemasfce.com.ar\/wordpress\/index.php\/wp-json\/wp\/v2\/pages\/9156\/revisions\/15058"}],"up":[{"embeddable":true,"href":"https:\/\/web.sistemasfce.com.ar\/wordpress\/index.php\/wp-json\/wp\/v2\/pages\/8171"}],"wp:attachment":[{"href":"https:\/\/web.sistemasfce.com.ar\/wordpress\/index.php\/wp-json\/wp\/v2\/media?parent=9156"}],"curies":[{"name":"wp","href":"https:\/\/api.w.org\/{rel}","templated":true}]}}