{"id":9149,"date":"2020-02-10T18:50:38","date_gmt":"2020-02-10T18:50:38","guid":{"rendered":"https:\/\/web.sistemasfce.com.ar\/wordpress\/?page_id=9149"},"modified":"2025-02-19T13:22:01","modified_gmt":"2025-02-19T16:22:01","slug":"carrera_liceconomia_tw","status":"publish","type":"page","link":"https:\/\/web.sistemasfce.com.ar\/wordpress\/index.php\/alumnos-2\/carreras\/carrera_liceconomia_tw\/","title":{"rendered":"Licenciatura en Econom\u00eda"},"content":{"rendered":"<div class=\"wpb-content-wrapper\"><div id=\"modal-ready\"><p>[vc_row][vc_column][vc_column_text]<span class=\"texto\"><strong>Campo Ocupacional:<\/strong><\/span><span class=\"texto\">Es una carrera de grado que prepara profesionales capacitados para su ejercicio tanto en el sector p\u00fablico como en el privado. Sus incumbencias lo habilitan para investigar los problemas econ\u00f3micos que plantea la producci\u00f3n y distribuci\u00f3n de bienes y servicios con el fin de analizarlos y brindar soluciones tanto en el marco individual como en el de la sociedad en su conjunto. Su objeto de estudio es la organizaci\u00f3n de la producci\u00f3n, las tendencias en el comercio, las pol\u00edticas de precios, la estructura del sistema monetario y de cr\u00e9ditos, el consumo, el empleo y la productividad, la asignaci\u00f3n de recursos, la localizaci\u00f3n de inversiones, el an\u00e1lisis costo-beneficio de la toma de decisiones. Es funci\u00f3n profesional analizar los problemas econ\u00f3micos con el fin de caracterizarlos, hacer previsiones, y dise\u00f1ar pol\u00edticas micro y macro econ\u00f3micas<\/span><span class=\"texto\"><br \/>\n<\/span><\/p>\n<p>&nbsp;<\/p>\n<p><strong>Duraci\u00f3n:<\/strong> 5 A\u00d1OS.<br \/>\n<strong>Titulo:<\/strong> Licenciado en Econom\u00eda[\/vc_column_text][\/vc_column][\/vc_row][vc_row][vc_column width=&#8221;1\/3&#8243;][vc_btn title=&#8221;Licenciatura en Econom\u00eda &#8211; Plan 93&#8243; i_icon_fontawesome=&#8221;&#8221; add_icon=&#8221;true&#8221; link=&#8221;url:http%3A%2F%2Fweb.sistemasfce.com.ar%2Fwordpress%2Fwp-content%2Fuploads%2F2021%2F07%2FPLAN-LIC-ECO.pdf|title:Programa%20Licenciatura%20en%20Econom%C3%ADa|target:_blank&#8221;][vc_text_separator title=&#8221;Listado de Materias &#8211; Plan 93&#8243; color=&#8221;violet&#8221;][\/vc_column][vc_column width=&#8221;1\/3&#8243;][vc_btn title=&#8221;Licenciatura en Econom\u00eda &#8211; Plan 2025&#8243; link=&#8221;url:http%3A%2F%2Fweb.sistemasfce.com.ar%2Fwordpress%2Fwp-content%2Fuploads%2F2024%2F12%2FESTRUCTURA-CURRICULAR-LE.pdf|target:_blank&#8221;][\/vc_column][vc_column width=&#8221;1\/3&#8243;][vc_btn title=&#8221;Tec. Univ. en Finanzas Empresariales&#8221; link=&#8221;url:http%3A%2F%2Fweb.sistemasfce.com.ar%2Fwordpress%2Fwp-content%2Fuploads%2F2024%2F12%2FESTRUCTURA-CURRICULAR-TUFE.pdf|target:_blank&#8221;][\/vc_column][\/vc_row][vc_row][vc_column][vc_btn title=&#8221;Estructura Curricular Plan Licenciatura en Econom\u00eda&#8221; css=&#8221;&#8221; link=&#8221;url:http%3A%2F%2Ftahio.sistemasfce.com.ar%2Fplanes%2Findex.html%3F3_2|target:_blank&#8221;][vc_column_text]<iframe loading=\"lazy\" src=\"http:\/\/tahio.sistemasfce.com.ar\/planes\/index.html?3_2\" width=\"100%\" height=\"1600\" frameborder=\"0\"><\/iframe>[\/vc_column_text][\/vc_column][\/vc_row]<\/p>\n<\/div><\/div>","protected":false},"excerpt":{"rendered":"<p>[vc_row][vc_column][vc_column_text]Campo Ocupacional:Es una carrera de grado que prepara profesionales capacitados para su ejercicio tanto en &hellip; <\/p>\n","protected":false},"author":4,"featured_media":0,"parent":8171,"menu_order":0,"comment_status":"closed","ping_status":"closed","template":"","meta":{"pmpro_default_level":"","footnotes":""},"class_list":["post-9149","page","type-page","status-publish","hentry","pmpro-has-access"],"_links":{"self":[{"href":"https:\/\/web.sistemasfce.com.ar\/wordpress\/index.php\/wp-json\/wp\/v2\/pages\/9149","targetHints":{"allow":["GET"]}}],"collection":[{"href":"https:\/\/web.sistemasfce.com.ar\/wordpress\/index.php\/wp-json\/wp\/v2\/pages"}],"about":[{"href":"https:\/\/web.sistemasfce.com.ar\/wordpress\/index.php\/wp-json\/wp\/v2\/types\/page"}],"author":[{"embeddable":true,"href":"https:\/\/web.sistemasfce.com.ar\/wordpress\/index.php\/wp-json\/wp\/v2\/users\/4"}],"replies":[{"embeddable":true,"href":"https:\/\/web.sistemasfce.com.ar\/wordpress\/index.php\/wp-json\/wp\/v2\/comments?post=9149"}],"version-history":[{"count":22,"href":"https:\/\/web.sistemasfce.com.ar\/wordpress\/index.php\/wp-json\/wp\/v2\/pages\/9149\/revisions"}],"predecessor-version":[{"id":15051,"href":"https:\/\/web.sistemasfce.com.ar\/wordpress\/index.php\/wp-json\/wp\/v2\/pages\/9149\/revisions\/15051"}],"up":[{"embeddable":true,"href":"https:\/\/web.sistemasfce.com.ar\/wordpress\/index.php\/wp-json\/wp\/v2\/pages\/8171"}],"wp:attachment":[{"href":"https:\/\/web.sistemasfce.com.ar\/wordpress\/index.php\/wp-json\/wp\/v2\/media?parent=9149"}],"curies":[{"name":"wp","href":"https:\/\/api.w.org\/{rel}","templated":true}]}}