{"id":9139,"date":"2020-02-10T18:01:12","date_gmt":"2020-02-10T18:01:12","guid":{"rendered":"https:\/\/web.sistemasfce.com.ar\/wordpress\/?page_id=9139"},"modified":"2025-02-19T13:16:37","modified_gmt":"2025-02-19T16:16:37","slug":"carrera_licadmin_tw","status":"publish","type":"page","link":"https:\/\/web.sistemasfce.com.ar\/wordpress\/index.php\/alumnos-2\/carreras\/carrera_licadmin_tw\/","title":{"rendered":"Licenciatura en Administraci\u00f3n"},"content":{"rendered":"<div class=\"wpb-content-wrapper\"><div id=\"modal-ready\"><p>[vc_row][vc_column][vc_column_text]<strong>Campo Ocupacional:<\/strong> Esta Carrera prepara al profesional para prestar asesoramiento y asistencia t\u00e9cnica en las funciones directivas de organizaciones p\u00fablicas o privadas. Tambi\u00e9n lo habilita para participar en el estudio, planeamiento e implementaci\u00f3n de las pol\u00edticas de Administraci\u00f3n en cuanto a las funciones de: Administraci\u00f3n de Personal, Producci\u00f3n, Comercializaci\u00f3n, Administraci\u00f3n de Finanzas, Planeamiento, Gesti\u00f3n y Control. Tambi\u00e9n prepara para la participaci\u00f3n en la elaboraci\u00f3n y evaluaci\u00f3n de proyectos de inversi\u00f3n, liquidaci\u00f3n de sociedades y asociaciones.<\/p>\n<p>&nbsp;<\/p>\n<p><strong>Duraci\u00f3n:<\/strong> 5 A\u00d1OS.<br \/>\n<strong>Titulo:<\/strong> Licenciado en Administraci\u00f3n. [\/vc_column_text][\/vc_column][\/vc_row][vc_row][\/vc_row][vc_column][\/vc_column][vc_btn title=&#8221;Lic. Administraci\u00f3n &#8211; Plan 90&#8243; i_icon_fontawesome=&#8221;&#8221; add_icon=&#8221;true&#8221; link=&#8221;url:http%3A%2F%2Fweb.sistemasfce.com.ar%2Fwordpress%2Fwp-content%2Fuploads%2F2020%2F02%2Fplan-LicAdmin-TW.pdf|title:Plan%20Licenciatura%20en%20Administraci%C3%B3n|target:%20_blank|&#8221;][vc_btn title=&#8221;Lic. Administraci\u00f3n &#8211; Plan 2025&#8243; i_icon_fontawesome=&#8221;&#8221; add_icon=&#8221;true&#8221; link=&#8221;url:http%3A%2F%2Fweb.sistemasfce.com.ar%2Fwordpress%2Fwp-content%2Fuploads%2F2024%2F12%2FEstructura-Curricular.pdf|title:Plan%20Licenciatura%20en%20Administraci%C3%B3n|target:%20_blank|&#8221;][vc_row][vc_column][vc_separator css=&#8221;&#8221;][vc_btn title=&#8221;Estructura Curricular del Programa de la Carrera Licenctura en Administraci\u00f3n &#8211; Plan 90&#8243; css=&#8221;&#8221; link=&#8221;url:http%3A%2F%2Ftahio.sistemasfce.com.ar%2Fplanes%2Findex.html%3F3_3|target:_blank&#8221;][\/vc_column][\/vc_row]<\/p>\n<\/div><\/div>","protected":false},"excerpt":{"rendered":"<p>[vc_row][vc_column][vc_column_text]Campo Ocupacional: Esta Carrera prepara al profesional para prestar asesoramiento y asistencia t\u00e9cnica en las &hellip; <\/p>\n","protected":false},"author":4,"featured_media":0,"parent":8171,"menu_order":3,"comment_status":"closed","ping_status":"closed","template":"","meta":{"pmpro_default_level":"","footnotes":""},"class_list":["post-9139","page","type-page","status-publish","hentry","pmpro-has-access"],"_links":{"self":[{"href":"https:\/\/web.sistemasfce.com.ar\/wordpress\/index.php\/wp-json\/wp\/v2\/pages\/9139","targetHints":{"allow":["GET"]}}],"collection":[{"href":"https:\/\/web.sistemasfce.com.ar\/wordpress\/index.php\/wp-json\/wp\/v2\/pages"}],"about":[{"href":"https:\/\/web.sistemasfce.com.ar\/wordpress\/index.php\/wp-json\/wp\/v2\/types\/page"}],"author":[{"embeddable":true,"href":"https:\/\/web.sistemasfce.com.ar\/wordpress\/index.php\/wp-json\/wp\/v2\/users\/4"}],"replies":[{"embeddable":true,"href":"https:\/\/web.sistemasfce.com.ar\/wordpress\/index.php\/wp-json\/wp\/v2\/comments?post=9139"}],"version-history":[{"count":15,"href":"https:\/\/web.sistemasfce.com.ar\/wordpress\/index.php\/wp-json\/wp\/v2\/pages\/9139\/revisions"}],"predecessor-version":[{"id":14964,"href":"https:\/\/web.sistemasfce.com.ar\/wordpress\/index.php\/wp-json\/wp\/v2\/pages\/9139\/revisions\/14964"}],"up":[{"embeddable":true,"href":"https:\/\/web.sistemasfce.com.ar\/wordpress\/index.php\/wp-json\/wp\/v2\/pages\/8171"}],"wp:attachment":[{"href":"https:\/\/web.sistemasfce.com.ar\/wordpress\/index.php\/wp-json\/wp\/v2\/media?parent=9139"}],"curies":[{"name":"wp","href":"https:\/\/api.w.org\/{rel}","templated":true}]}}