{"id":9036,"date":"2019-07-29T20:49:05","date_gmt":"2019-07-29T20:49:05","guid":{"rendered":"https:\/\/web.sistemasfce.com.ar\/wordpress\/?page_id=9036"},"modified":"2025-05-28T09:58:11","modified_gmt":"2025-05-28T12:58:11","slug":"normativa-docentes","status":"publish","type":"page","link":"https:\/\/web.sistemasfce.com.ar\/wordpress\/index.php\/docentes\/normativa-docentes\/","title":{"rendered":"Normativa Docentes"},"content":{"rendered":"<div class=\"wpb-content-wrapper\"><div id=\"modal-ready\"><p>[vc_row][vc_column][vc_column_text css=&#8221;&#8221;]<\/p>\n<ul style=\"list-style-type: square;\">\n<li><strong>CONVENIO COLECTIVO PARA DOCENTES UNIVERSITARIOS<\/strong>\u00a0\u00a0 <a href=\"http:\/\/aulas.sistemasfce.com.ar\/wordpress\/wp-content\/uploads\/2019\/07\/CCT_DOCENTES_UNIVERSITARIOS.pdf\" target=\"_blank\" rel=\"noopener noreferrer\"><i class=\"fa fa-download\"><span style=\"color: transparent; display: none;\">icon-download<\/span><\/i><\/a> <a href=\"https:\/\/web.sistemasfce.com.ar\/wordpress\/wp-content\/uploads\/2019\/07\/CCT_DOCENTES_UNIVERSITARIOS.pdf\" target=\"_blank\" rel=\"noopener noreferrer\">Descargar<\/a><\/li>\n<\/ul>\n<p>93<\/p>\n<ul style=\"list-style-type: square;\">\n<li><strong>REGLAMENTO CONCURSOS PROFESOR REGULAR<\/strong>\u00a0\u00a0<a href=\"https:\/\/web.sistemasfce.com.ar\/wordpress\/wp-content\/uploads\/2025\/05\/Disp.-002-2021-CD-Reglamento-concursos-docentes-FCE_compressed-1.pdf\">\u00a0Descargar Disp. 002\/21 CDFCE\u00a0<\/a> &#8211; <a href=\"https:\/\/drive.google.com\/file\/d\/12ysGCK-7DHLFMpCScNoMKDW8aSeBC3_S\/view?usp=sharing\" target=\"_blank\" rel=\"noopener\">Descargar ORD. &#8220;C.S.&#8221; N\u00ba 193<\/a><\/li>\n<\/ul>\n<p>&nbsp;<\/p>\n<ul style=\"list-style-type: square;\">\n<li><strong>PROCEDIMIENTO PARA SELECCI\u00d3N DE DOCENTES INTERINOS<\/strong>\u00a0\u00a0\u00a0\u00a0 <i class=\"fa fa-download\"><\/i> <a href=\"https:\/\/drive.google.com\/file\/d\/1jdFEmeGIuhEKFWMtsvgmYaIB897GUyAi\/view?usp=sharing\" target=\"_blank\" rel=\"noopener\">Descargar Disp. 002\/21<\/a><\/li>\n<\/ul>\n<p>&nbsp;<\/p>\n<ul style=\"list-style-type: square;\">\n<li><strong>R\u00c9GIMEN DE INCOMPATIBILIDAD<\/strong>\u00a0 \u00a0 <a href=\"http:\/\/aulas.sistemasfce.com.ar\/wordpress\/wp-content\/uploads\/2019\/07\/ORD._CS_121_REGIMEN_DE_INCOMPATIBILIDAD.pdf\" target=\"_blank\" rel=\"noopener noreferrer\"><i class=\"fa fa-download\"><span style=\"color: transparent; display: none;\">icon-download<\/span><\/i><\/a> <a href=\"https:\/\/web.sistemasfce.com.ar\/wordpress\/wp-content\/uploads\/2019\/07\/ORD._CS_121_REGIMEN_DE_INCOMPATIBILIDAD.pdf\" target=\"_blank\" rel=\"noopener noreferrer\">Descargar<\/a><\/li>\n<\/ul>\n<p>&nbsp;<\/p>\n<ul style=\"list-style-type: square;\">\n<li><strong>R\u00c9GIMEN DE LICENCIAS, JUSTIFICACIONES Y FRANQUICIAS PARA PERSONAL DOCENTE<\/strong>\u00a0\u00a0\u00a0 <a href=\"http:\/\/aulas.sistemasfce.com.ar\/wordpress\/wp-content\/uploads\/2019\/07\/ORD._CS_151_Regimen_Licencias_Docentes.pdf\" target=\"_blank\" rel=\"noopener noreferrer\"><i class=\"fa fa-download\"><span style=\"color: transparent; display: none;\">icon-download<\/span><\/i><\/a> <a href=\"https:\/\/web.sistemasfce.com.ar\/wordpress\/wp-content\/uploads\/2019\/07\/ORD._CS_151_Regimen_Licencias_Docentes.pdf\" target=\"_blank\" rel=\"noopener noreferrer\">Descargar<\/a><\/li>\n<\/ul>\n<p>&nbsp;<\/p>\n<ul style=\"list-style-type: square;\">\n<li><strong>REGLAMENTO PROFESORES VIAJEROS<\/strong>\u00a0\u00a0\u00a0\u00a0 <a href=\"http:\/\/aulas.sistemasfce.com.ar\/wordpress\/wp-content\/uploads\/2019\/07\/Disp._001-11_REGL._PROF._VIAJEROS.pdf\" target=\"_blank\" rel=\"noopener noreferrer\"><i class=\"fa fa-download\"><span style=\"color: transparent; display: none;\">icon-download<\/span><\/i><\/a> <a href=\"https:\/\/web.sistemasfce.com.ar\/wordpress\/wp-content\/uploads\/2019\/07\/Disp._001-11_REGL._PROF._VIAJEROS.pdf\" target=\"_blank\" rel=\"noopener noreferrer\">Descargar<\/a><\/li>\n<\/ul>\n<p>&nbsp;<\/p>\n<h3><span style=\"text-decoration: underline; color: #800080;\"><strong>CARRERA ACAD\u00c9MICA<\/strong><\/span><\/h3>\n<ul style=\"list-style-type: square;\">\n<li><strong>R\u00c9GIMEN DE CARRERA ACAD\u00c9MICA<\/strong> &#8211; Ord. CS 145\u00a0\u00a0\u00a0\u00a0 <a href=\"http:\/\/aulas.sistemasfce.com.ar\/wordpress\/wp-content\/uploads\/2019\/07\/3-_ordenanza145.pdf\" target=\"_blank\" rel=\"noopener noreferrer\"><i class=\"fa fa-download\"><span style=\"color: transparent; display: none;\">icon-download<\/span><\/i><\/a> <a href=\"https:\/\/web.sistemasfce.com.ar\/wordpress\/wp-content\/uploads\/2019\/07\/3-_ordenanza145.pdf\" target=\"_blank\" rel=\"noopener noreferrer\">Descargar<\/a><\/li>\n<\/ul>\n<p>&nbsp;<\/p>\n<ul style=\"list-style-type: square;\">\n<li><strong>INSCRIPCI\u00d3N AL R\u00c9GIMEN DE CARRERA ACAD\u00c9MICA<\/strong> &#8211; Res. CS 077\u00a0\u00a0\u00a0\u00a0 <a href=\"http:\/\/aulas.sistemasfce.com.ar\/wordpress\/wp-content\/uploads\/2019\/07\/5-_reso77.pdf\" target=\"_blank\" rel=\"noopener noreferrer\"><i class=\"fa fa-download\"><span style=\"color: transparent; display: none;\">icon-download<\/span><\/i><\/a> <a href=\"https:\/\/web.sistemasfce.com.ar\/wordpress\/wp-content\/uploads\/2019\/07\/5-_reso77.pdf\" target=\"_blank\" rel=\"noopener noreferrer\">Descargar<\/a><\/li>\n<\/ul>\n<p>[\/vc_column_text][\/vc_column][\/vc_row]<\/p>\n<\/div><\/div>","protected":false},"excerpt":{"rendered":"<p>[vc_row][vc_column][vc_column_text css=&#8221;&#8221;] CONVENIO COLECTIVO PARA DOCENTES UNIVERSITARIOS\u00a0\u00a0 icon-download Descargar 93 REGLAMENTO CONCURSOS PROFESOR REGULAR\u00a0\u00a0\u00a0Descargar Disp. &hellip; <\/p>\n","protected":false},"author":6,"featured_media":0,"parent":8366,"menu_order":0,"comment_status":"closed","ping_status":"closed","template":"","meta":{"pmpro_default_level":"","footnotes":""},"class_list":["post-9036","page","type-page","status-publish","hentry","pmpro-has-access"],"_links":{"self":[{"href":"https:\/\/web.sistemasfce.com.ar\/wordpress\/index.php\/wp-json\/wp\/v2\/pages\/9036","targetHints":{"allow":["GET"]}}],"collection":[{"href":"https:\/\/web.sistemasfce.com.ar\/wordpress\/index.php\/wp-json\/wp\/v2\/pages"}],"about":[{"href":"https:\/\/web.sistemasfce.com.ar\/wordpress\/index.php\/wp-json\/wp\/v2\/types\/page"}],"author":[{"embeddable":true,"href":"https:\/\/web.sistemasfce.com.ar\/wordpress\/index.php\/wp-json\/wp\/v2\/users\/6"}],"replies":[{"embeddable":true,"href":"https:\/\/web.sistemasfce.com.ar\/wordpress\/index.php\/wp-json\/wp\/v2\/comments?post=9036"}],"version-history":[{"count":23,"href":"https:\/\/web.sistemasfce.com.ar\/wordpress\/index.php\/wp-json\/wp\/v2\/pages\/9036\/revisions"}],"predecessor-version":[{"id":15291,"href":"https:\/\/web.sistemasfce.com.ar\/wordpress\/index.php\/wp-json\/wp\/v2\/pages\/9036\/revisions\/15291"}],"up":[{"embeddable":true,"href":"https:\/\/web.sistemasfce.com.ar\/wordpress\/index.php\/wp-json\/wp\/v2\/pages\/8366"}],"wp:attachment":[{"href":"https:\/\/web.sistemasfce.com.ar\/wordpress\/index.php\/wp-json\/wp\/v2\/media?parent=9036"}],"curies":[{"name":"wp","href":"https:\/\/api.w.org\/{rel}","templated":true}]}}