{"id":9011,"date":"2019-07-03T20:11:52","date_gmt":"2019-07-03T20:11:52","guid":{"rendered":"https:\/\/web.sistemasfce.com.ar\/wordpress\/?page_id=9011"},"modified":"2020-02-26T21:05:18","modified_gmt":"2020-02-26T21:05:18","slug":"ficha-del-docente","status":"publish","type":"page","link":"https:\/\/web.sistemasfce.com.ar\/wordpress\/index.php\/docentes\/ficha-del-docente\/","title":{"rendered":"Ficha del Docente"},"content":{"rendered":"<div class=\"wpb-content-wrapper\"><div id=\"modal-ready\"><p>[vc_row][vc_column][vc_column_text]<\/p>\n<table style=\"width: 100%; height: 2929px;\">\n<tbody>\n<tr style=\"height: 168px;\">\n<td style=\"height: 168px;\">\n<div><span style=\"color: #000000;\">\u00a0Archivo de instalaci\u00f3n del software mediante el cual se deber\u00e1 completar la Ficha Docente.\u00a0 <a href=\"http:\/\/www.coneau.gob.ar\/archivos\/fd\/InstalarFDCI.exe\">Descargar e Instalar<\/a>.<\/span><\/div>\n<div><\/div>\n<div><span style=\"color: #000000;\">\u00a0Gu\u00eda de instalaci\u00f3n y manejo de la Ficha Docente.\u00a0 \u00a0<a href=\"http:\/\/aulas.sistemasfce.com.ar\/wordpress\/wp-content\/uploads\/2020\/02\/guia_instalacion_ficha_coneau_2018_.pdf\" target=\"_blank\" rel=\"noopener noreferrer\">Descargar<\/a><\/span><\/div>\n<div><\/div>\n<div><\/div>\n<div><\/div>\n<div><\/div>\n<div><span style=\"color: #000000;\">En la secci\u00f3n siguiente podr\u00e1 encontrar mucha m\u00e1s informaci\u00f3n detallada, im\u00e1genes y tutoriales que le guiar\u00e1n en c\u00f3mo completar paso a paso cada punto de la Ficha Docente.<\/span><\/div>\n<\/td>\n<\/tr>\n<tr style=\"height: 24px;\">\n<td style=\"height: 24px;\"><\/td>\n<\/tr>\n<tr style=\"height: 2737px;\">\n<td style=\"height: 2737px;\">\n<h3 class=\"yiv0719603602gmail-title yiv0719603602gmail-style-scope yiv0719603602gmail-ytd-video-primary-info-renderer\"><span style=\"color: #000000; font-size: 14pt;\">Acreditaci\u00f3n Contador P\u00fablico &#8211; Cantidad de semanas dedicadas por a\u00f1o &#8211; punto 4_1 y 5 (descarga)<\/span><\/h3>\n<h3><iframe loading=\"lazy\" src=\"https:\/\/www.youtube.com\/embed\/NsHhDJUkt2k?rel=0\" width=\"560\" height=\"315\" frameborder=\"0\" allowfullscreen=\"allowfullscreen\" data-mce-fragment=\"1\"><\/iframe><\/h3>\n<h3><span style=\"color: #000000; font-size: 14pt;\">Acreditaci\u00f3n Contador P\u00fablico &#8211; Servicios a Terceros, Actividades y Proyectos de Extensi\u00f3n (descarga)<\/span><\/h3>\n<h3><iframe loading=\"lazy\" src=\"https:\/\/www.youtube.com\/embed\/pt7cRasAjdM?rel=0\" width=\"560\" height=\"315\" frameborder=\"0\" allowfullscreen=\"allowfullscreen\" data-mce-fragment=\"1\"><\/iframe><\/h3>\n<h3 class=\"yiv0719603602gmail-title yiv0719603602gmail-style-scope yiv0719603602gmail-ytd-video-primary-info-renderer\"><span style=\"color: #000000; font-size: 14pt;\">Acreditaci\u00f3n Contador P\u00fablico &#8211; Cursos de Posgrado y Carreras de Posgrado incompletas (descarga)<\/span><\/h3>\n<p><iframe loading=\"lazy\" src=\"https:\/\/www.youtube.com\/embed\/fCzd5AUZpPA?rel=0\" width=\"560\" height=\"315\" frameborder=\"0\" allowfullscreen=\"allowfullscreen\" data-mce-fragment=\"1\"><\/iframe><\/p>\n<h3 class=\"yiv0719603602gmail-title yiv0719603602gmail-style-scope yiv0719603602gmail-ytd-video-primary-info-renderer\"><span style=\"color: #000000;\">Acreditaci\u00f3n Contador P\u00fablico- L\u00edmites puntos 7_2 7_3 8 y 9_1 (descarga)<\/span><\/h3>\n<p><iframe loading=\"lazy\" src=\"https:\/\/www.youtube.com\/embed\/ChRAPaR4UvI?rel=0\" width=\"560\" height=\"315\" frameborder=\"0\" allowfullscreen=\"allowfullscreen\" data-mce-fragment=\"1\"><\/iframe><\/p>\n<h3 class=\"yiv0719603602gmail-title yiv0719603602gmail-style-scope yiv0719603602gmail-ytd-video-primary-info-renderer\">Acreditaci\u00f3n Contador P\u00fablico- Punto 5 Dedicaci\u00f3n en horas reloj semanales (descarga)<\/h3>\n<p><iframe loading=\"lazy\" src=\"https:\/\/www.youtube.com\/embed\/DKZoGLfOokQ?rel=0\" width=\"560\" height=\"315\" frameborder=\"0\" allowfullscreen=\"allowfullscreen\" data-mce-fragment=\"1\"><\/iframe><\/p>\n<h3 class=\"yiv0719603602gmail-title yiv0719603602gmail-style-scope yiv0719603602gmail-ytd-video-primary-info-renderer\"><span style=\"color: #000000;\">Acreditaci\u00f3n Contador P\u00fablico- Aspectos Formales de la FD (descarga)<\/span><\/h3>\n<p><iframe loading=\"lazy\" src=\"https:\/\/www.youtube.com\/embed\/nGH024IxTvY?rel=0\" width=\"560\" height=\"315\" frameborder=\"0\" allowfullscreen=\"allowfullscreen\" data-mce-fragment=\"1\"><\/iframe><\/p>\n<h3 class=\"yiv0719603602gmail-title yiv0719603602gmail-style-scope yiv0719603602gmail-ytd-video-primary-info-renderer\"><span style=\"color: #000000;\">Acreditaci\u00f3n Contador P\u00fablico &#8211; Como denominar los archivos (descarga)<\/span><\/h3>\n<p><iframe loading=\"lazy\" src=\"https:\/\/www.youtube.com\/embed\/IBbWmj2ewW8?rel=0\" width=\"560\" height=\"315\" frameborder=\"0\" allowfullscreen=\"allowfullscreen\" data-mce-fragment=\"1\"><\/iframe><\/td>\n<\/tr>\n<\/tbody>\n<\/table>\n<p>&nbsp;[\/vc_column_text][\/vc_column][\/vc_row]<\/p>\n<\/div><\/div>","protected":false},"excerpt":{"rendered":"<p>[vc_row][vc_column][vc_column_text] \u00a0Archivo de instalaci\u00f3n del software mediante el cual se deber\u00e1 completar la Ficha Docente.\u00a0 &hellip; <\/p>\n","protected":false},"author":6,"featured_media":0,"parent":8366,"menu_order":0,"comment_status":"closed","ping_status":"closed","template":"","meta":{"pmpro_default_level":"","footnotes":""},"class_list":["post-9011","page","type-page","status-publish","hentry","pmpro-has-access"],"_links":{"self":[{"href":"https:\/\/web.sistemasfce.com.ar\/wordpress\/index.php\/wp-json\/wp\/v2\/pages\/9011","targetHints":{"allow":["GET"]}}],"collection":[{"href":"https:\/\/web.sistemasfce.com.ar\/wordpress\/index.php\/wp-json\/wp\/v2\/pages"}],"about":[{"href":"https:\/\/web.sistemasfce.com.ar\/wordpress\/index.php\/wp-json\/wp\/v2\/types\/page"}],"author":[{"embeddable":true,"href":"https:\/\/web.sistemasfce.com.ar\/wordpress\/index.php\/wp-json\/wp\/v2\/users\/6"}],"replies":[{"embeddable":true,"href":"https:\/\/web.sistemasfce.com.ar\/wordpress\/index.php\/wp-json\/wp\/v2\/comments?post=9011"}],"version-history":[{"count":9,"href":"https:\/\/web.sistemasfce.com.ar\/wordpress\/index.php\/wp-json\/wp\/v2\/pages\/9011\/revisions"}],"predecessor-version":[{"id":9547,"href":"https:\/\/web.sistemasfce.com.ar\/wordpress\/index.php\/wp-json\/wp\/v2\/pages\/9011\/revisions\/9547"}],"up":[{"embeddable":true,"href":"https:\/\/web.sistemasfce.com.ar\/wordpress\/index.php\/wp-json\/wp\/v2\/pages\/8366"}],"wp:attachment":[{"href":"https:\/\/web.sistemasfce.com.ar\/wordpress\/index.php\/wp-json\/wp\/v2\/media?parent=9011"}],"curies":[{"name":"wp","href":"https:\/\/api.w.org\/{rel}","templated":true}]}}