{"id":8997,"date":"2019-06-24T21:41:19","date_gmt":"2019-06-24T21:41:19","guid":{"rendered":"https:\/\/web.sistemasfce.com.ar\/wordpress\/?page_id=8997"},"modified":"2023-05-11T19:48:48","modified_gmt":"2023-05-11T19:48:48","slug":"departamentos-academicos","status":"publish","type":"page","link":"https:\/\/web.sistemasfce.com.ar\/wordpress\/index.php\/docentes\/departamentos-academicos\/","title":{"rendered":"Departamentos Acad\u00e9micos"},"content":{"rendered":"<div class=\"wpb-content-wrapper\"><div id=\"modal-ready\"><p>[vc_row][vc_column][vc_column_text]<\/p>\n<h3 style=\"text-align: center;\"><span style=\"color: #800080; font-size: 18pt;\"><strong>COORDINADORES DE DEPARTAMENTO<\/strong><\/span><\/h3>\n<p>[\/vc_column_text][vc_column_text]<span style=\"font-size: 18pt; color: #333333;\"><strong>Convocatoria Coordinador Departamento ESQUEL<\/strong><\/span>[\/vc_column_text][vc_btn title=&#8221;Reglamento de Jefaturas y Coordinaciones de Departamentos Acad\u00e9micos de la FCE&#8221; style=&#8221;gradient&#8221; gradient_color_1=&#8221;sky&#8221; size=&#8221;lg&#8221; align=&#8221;left&#8221; i_type=&#8221;monosocial&#8221; i_icon_monosocial=&#8221;vc-mono vc-mono-stackoverflow&#8221; button_block=&#8221;true&#8221; add_icon=&#8221;true&#8221; link=&#8221;url:http%3A%2F%2Fweb.sistemasfce.com.ar%2Fwordpress%2Fwp-content%2Fuploads%2F2023%2F04%2FDisp.-004-22-CD-Reglamento-Jefes-y-Coordinadores-Deptos-FCE.pdf|target:_blank&#8221;][vc_btn title=&#8221;Convocatoria a Coordinador de Departamento Acad\u00e9mico Administraci\u00f3n&#8221; style=&#8221;gradient&#8221; gradient_color_1=&#8221;sky&#8221; size=&#8221;lg&#8221; align=&#8221;left&#8221; i_type=&#8221;monosocial&#8221; i_icon_monosocial=&#8221;vc-mono vc-mono-stackoverflow&#8221; button_block=&#8221;true&#8221; add_icon=&#8221;true&#8221; link=&#8221;url:http%3A%2F%2Fweb.sistemasfce.com.ar%2Fwordpress%2Fwp-content%2Fuploads%2F2023%2F04%2FRes.-289-2023-D-Convocatoria-Coord.-Depto.-Adm.-Esquel.pdf|target:_blank&#8221;][vc_btn title=&#8221;Rectificaci\u00f3n Resoluci\u00f3n Convocatoria a Coordinador de Departamento Acad\u00e9mico Administraci\u00f3n&#8221; style=&#8221;gradient&#8221; gradient_color_1=&#8221;sky&#8221; size=&#8221;lg&#8221; align=&#8221;left&#8221; i_type=&#8221;monosocial&#8221; i_icon_monosocial=&#8221;vc-mono vc-mono-stackoverflow&#8221; button_block=&#8221;true&#8221; add_icon=&#8221;true&#8221; link=&#8221;url:http%3A%2F%2Fweb.sistemasfce.com.ar%2Fwordpress%2Fwp-content%2Fuploads%2F2023%2F05%2FRes.-322-2023-D-Rectif.-Anexo-II-Res-289-23.pdf|target:_blank&#8221;][vc_btn title=&#8221;Formulario Solicitud de Inscripci\u00f3n Coordinador Departamento Acad\u00e9mico&#8221; style=&#8221;gradient&#8221; gradient_color_1=&#8221;sky&#8221; size=&#8221;lg&#8221; align=&#8221;left&#8221; i_type=&#8221;monosocial&#8221; i_icon_monosocial=&#8221;vc-mono vc-mono-stackoverflow&#8221; button_block=&#8221;true&#8221; add_icon=&#8221;true&#8221; link=&#8221;url:http%3A%2F%2Fweb.sistemasfce.com.ar%2Fwordpress%2Fwp-content%2Fuploads%2F2023%2F04%2FNOTA-066-23-SA-Anexo-III-_FORMULARIO-INSCRIPCION-Coord-depto.docx|target:_blank&#8221;][vc_btn title=&#8221;Docentes Departamento ADMINISTRACION&#8221; style=&#8221;3d&#8221; color=&#8221;violet&#8221; align=&#8221;left&#8221; link=&#8221;url:http%3A%2F%2Fweb.sistemasfce.com.ar%2Fwordpress%2Fwp-content%2Fuploads%2F2023%2F05%2FPADRON-ADM-ESQUEL.pdf|target:_blank&#8221;][vc_empty_space height=&#8221;50 px&#8221;][vc_column_text]<span style=\"font-size: 18pt; color: #000000;\"><strong>Postulantes a cubrir el cargo de Coordinador Departamento Administraci\u00f3n<\/strong><\/span>[\/vc_column_text][vc_btn title=&#8221;Listado postulantes&#8221; style=&#8221;gradient&#8221; gradient_color_1=&#8221;pink&#8221; gradient_color_2=&#8221;juicy-pink&#8221; size=&#8221;lg&#8221; align=&#8221;left&#8221; i_type=&#8221;monosocial&#8221; i_icon_monosocial=&#8221;vc-mono vc-mono-stackoverflow&#8221; button_block=&#8221;true&#8221; add_icon=&#8221;true&#8221; link=&#8221;url:http%3A%2F%2Fweb.sistemasfce.com.ar%2Fwordpress%2Fwp-content%2Fuploads%2F2023%2F05%2FActa-Postulantes-Inscriptos-Coordinador-de-Departamento-Administracion.pdf|target:_blank&#8221;][vc_empty_space height=&#8221;42px&#8221;][vc_column_text]<span style=\"color: #800080; font-size: 14pt;\"><em><span style=\"text-decoration: underline;\"><strong>Correo de contacto:<\/strong><\/span>\u00a0 <\/em><\/span><a href=\"mailto:departamentodte.fcetw@gmail.com\"><span style=\"font-size: 14pt;\"><em>departamentodte.fceesq@gmail.com<\/em><\/span><\/a>[\/vc_column_text][vc_row_inner][vc_column_inner][vc_empty_space height=&#8221;42px&#8221;][vc_empty_space height=&#8221;42px&#8221;][\/vc_column_inner][\/vc_row_inner][vc_column_text]<\/p>\n<h3 style=\"text-align: center;\"><span style=\"color: #800080; font-size: 18pt;\"><strong>JEFES DE DEPARTAMENTO<\/strong><\/span><\/h3>\n<p>[\/vc_column_text][\/vc_column][\/vc_row][vc_row][vc_column][vc_column_text]<span style=\"font-size: 18pt; color: #333333;\"><strong>Convocatoria<\/strong><\/span>[\/vc_column_text][vc_btn title=&#8221;Reglamento de Jefaturas y Coordinaciones de Departamentos Acad\u00e9micos de la FCE&#8221; style=&#8221;gradient&#8221; gradient_color_1=&#8221;sky&#8221; size=&#8221;lg&#8221; align=&#8221;left&#8221; i_type=&#8221;monosocial&#8221; i_icon_monosocial=&#8221;vc-mono vc-mono-stackoverflow&#8221; button_block=&#8221;true&#8221; add_icon=&#8221;true&#8221; link=&#8221;url:http%3A%2F%2Fweb.sistemasfce.com.ar%2Fwordpress%2Fwp-content%2Fuploads%2F2022%2F08%2FDisp.-002-22-CD-Reglamento-jefes-y-coord-depto..pdf|target:_blank&#8221;][vc_btn title=&#8221;Convocatoria a Jefaturas de Departamentos Acad\u00e9micos de la FCE&#8221; style=&#8221;gradient&#8221; gradient_color_1=&#8221;sky&#8221; size=&#8221;lg&#8221; align=&#8221;left&#8221; i_type=&#8221;monosocial&#8221; i_icon_monosocial=&#8221;vc-mono vc-mono-stackoverflow&#8221; button_block=&#8221;true&#8221; add_icon=&#8221;true&#8221; link=&#8221;url:http%3A%2F%2Fweb.sistemasfce.com.ar%2Fwordpress%2Fwp-content%2Fuploads%2F2022%2F08%2FRes.-657-2022-D-Convocatoria-Jefes-Depto..pdf|target:_blank&#8221;][vc_btn title=&#8221;Formulario Solicitud de Inscripci\u00f3n Jefe Departamento Acad\u00e9mico de la FCE&#8221; style=&#8221;gradient&#8221; gradient_color_1=&#8221;sky&#8221; size=&#8221;lg&#8221; align=&#8221;left&#8221; i_type=&#8221;monosocial&#8221; i_icon_monosocial=&#8221;vc-mono vc-mono-stackoverflow&#8221; button_block=&#8221;true&#8221; add_icon=&#8221;true&#8221; link=&#8221;url:http%3A%2F%2Fweb.sistemasfce.com.ar%2Fwordpress%2Fwp-content%2Fuploads%2F2022%2F08%2FFORMULARIO-INSCRIPCION-Jefes-depto..docx|target:_blank&#8221;][vc_empty_space height=&#8221;42px&#8221;][vc_empty_space height=&#8221;42px&#8221;][vc_column_text]<span style=\"font-size: 18pt; color: #333333;\"><strong>Registro de Docentes por Departamento &#8211; Sede Trelew<\/strong><\/span>[\/vc_column_text][\/vc_column][\/vc_row][vc_row][vc_column width=&#8221;1\/4&#8243;][vc_btn title=&#8221;Departamento Derecho&#8221; style=&#8221;3d&#8221; color=&#8221;violet&#8221; align=&#8221;center&#8221; link=&#8221;url:http%3A%2F%2Fweb.sistemasfce.com.ar%2Fwordpress%2Fwp-content%2Fuploads%2F2022%2F08%2FRegistro-docente-Derecho-Trelew.pdf|target:_blank&#8221;][vc_btn title=&#8221;Departamento Humanidades&#8221; style=&#8221;3d&#8221; color=&#8221;violet&#8221; align=&#8221;center&#8221; link=&#8221;url:http%3A%2F%2Fweb.sistemasfce.com.ar%2Fwordpress%2Fwp-content%2Fuploads%2F2022%2F08%2FRegistro-docente-Humanidades-Trelew.pdf|target:_blank&#8221;][vc_btn title=&#8221;Departamento Administraci\u00f3n&#8221; style=&#8221;3d&#8221; color=&#8221;violet&#8221; align=&#8221;center&#8221; link=&#8221;url:http%3A%2F%2Fweb.sistemasfce.com.ar%2Fwordpress%2Fwp-content%2Fuploads%2F2022%2F08%2FRegistro-docente-Administracion-Trelew.pdf|target:_blank&#8221;][\/vc_column][vc_column width=&#8221;1\/4&#8243;][\/vc_column][vc_column width=&#8221;1\/4&#8243;][vc_btn title=&#8221;Departamento Contable&#8221; style=&#8221;3d&#8221; color=&#8221;violet&#8221; align=&#8221;center&#8221; link=&#8221;url:http%3A%2F%2Fweb.sistemasfce.com.ar%2Fwordpress%2Fwp-content%2Fuploads%2F2022%2F09%2FRegistro-docente-Contable2-Trelew.pdf|target:_blank&#8221;][vc_btn title=&#8221;Departamento Econom\u00eda&#8221; style=&#8221;3d&#8221; color=&#8221;violet&#8221; align=&#8221;center&#8221; link=&#8221;url:http%3A%2F%2Fweb.sistemasfce.com.ar%2Fwordpress%2Fwp-content%2Fuploads%2F2022%2F08%2FRegistro-docente-Economia-Trelew.pdf|target:_blank&#8221;][vc_btn title=&#8221;Departamento Matem\u00e1tica&#8221; style=&#8221;3d&#8221; color=&#8221;violet&#8221; align=&#8221;center&#8221; link=&#8221;url:http%3A%2F%2Fweb.sistemasfce.com.ar%2Fwordpress%2Fwp-content%2Fuploads%2F2022%2F08%2FRegistro-docente-Matematica-Trelew.pdf|target:_blank&#8221;][\/vc_column][\/vc_row][vc_row][vc_column][vc_empty_space height=&#8221;102px&#8221;][vc_column_text]<span style=\"font-size: 18pt; color: #000000;\"><strong>Postulantes a cubrir cargos Jefe Departamento &#8211; Sede Trelew<\/strong><\/span>[\/vc_column_text][vc_btn title=&#8221;Listado postulantes&#8221; style=&#8221;gradient&#8221; gradient_color_1=&#8221;sky&#8221; size=&#8221;lg&#8221; align=&#8221;left&#8221; i_type=&#8221;monosocial&#8221; i_icon_monosocial=&#8221;vc-mono vc-mono-stackoverflow&#8221; button_block=&#8221;true&#8221; add_icon=&#8221;true&#8221; link=&#8221;url:http%3A%2F%2Fweb.sistemasfce.com.ar%2Fwordpress%2Fwp-content%2Fuploads%2F2022%2F09%2FActa-postulantes-Jefaturas-depto.-FCE.pdf|target:_blank&#8221;][vc_btn title=&#8221;Acta Proclamaci\u00f3n Jefes Departamentos FCE 2022&#8243; style=&#8221;gradient&#8221; gradient_color_1=&#8221;purple&#8221; gradient_color_2=&#8221;violet&#8221; size=&#8221;lg&#8221; align=&#8221;left&#8221; i_type=&#8221;monosocial&#8221; i_icon_monosocial=&#8221;vc-mono vc-mono-stackoverflow&#8221; button_block=&#8221;true&#8221; add_icon=&#8221;true&#8221; link=&#8221;url:http%3A%2F%2Fweb.sistemasfce.com.ar%2Fwordpress%2Fwp-content%2Fuploads%2F2022%2F09%2FActa-proclamacion-Jefes-depto.-FCE-Tw-2022.pdf|target:_blank&#8221;][vc_empty_space height=&#8221;42px&#8221;][vc_column_text]<span style=\"color: #800080; font-size: 14pt;\"><em><span style=\"text-decoration: underline;\"><strong>Correo de contacto:<\/strong><\/span>\u00a0 <\/em><\/span><a href=\"mailto:departamentodte.fcetw@gmail.com\"><span style=\"font-size: 14pt;\"><em>departamentodte.fcetw@gmail.com<\/em><\/span><\/a>[\/vc_column_text][\/vc_column][\/vc_row]<\/p>\n<\/div><\/div>","protected":false},"excerpt":{"rendered":"<p>[vc_row][vc_column][vc_column_text] COORDINADORES DE DEPARTAMENTO [\/vc_column_text][vc_column_text]Convocatoria Coordinador Departamento ESQUEL[\/vc_column_text][vc_btn title=&#8221;Reglamento de Jefaturas y Coordinaciones de Departamentos &hellip; <\/p>\n","protected":false},"author":6,"featured_media":0,"parent":8366,"menu_order":0,"comment_status":"closed","ping_status":"closed","template":"","meta":{"pmpro_default_level":"","footnotes":""},"class_list":["post-8997","page","type-page","status-publish","hentry","pmpro-has-access"],"_links":{"self":[{"href":"https:\/\/web.sistemasfce.com.ar\/wordpress\/index.php\/wp-json\/wp\/v2\/pages\/8997","targetHints":{"allow":["GET"]}}],"collection":[{"href":"https:\/\/web.sistemasfce.com.ar\/wordpress\/index.php\/wp-json\/wp\/v2\/pages"}],"about":[{"href":"https:\/\/web.sistemasfce.com.ar\/wordpress\/index.php\/wp-json\/wp\/v2\/types\/page"}],"author":[{"embeddable":true,"href":"https:\/\/web.sistemasfce.com.ar\/wordpress\/index.php\/wp-json\/wp\/v2\/users\/6"}],"replies":[{"embeddable":true,"href":"https:\/\/web.sistemasfce.com.ar\/wordpress\/index.php\/wp-json\/wp\/v2\/comments?post=8997"}],"version-history":[{"count":32,"href":"https:\/\/web.sistemasfce.com.ar\/wordpress\/index.php\/wp-json\/wp\/v2\/pages\/8997\/revisions"}],"predecessor-version":[{"id":13854,"href":"https:\/\/web.sistemasfce.com.ar\/wordpress\/index.php\/wp-json\/wp\/v2\/pages\/8997\/revisions\/13854"}],"up":[{"embeddable":true,"href":"https:\/\/web.sistemasfce.com.ar\/wordpress\/index.php\/wp-json\/wp\/v2\/pages\/8366"}],"wp:attachment":[{"href":"https:\/\/web.sistemasfce.com.ar\/wordpress\/index.php\/wp-json\/wp\/v2\/media?parent=8997"}],"curies":[{"name":"wp","href":"https:\/\/api.w.org\/{rel}","templated":true}]}}