{"id":8340,"date":"2019-05-20T19:59:37","date_gmt":"2019-05-20T19:59:37","guid":{"rendered":"https:\/\/web.sistemasfce.com.ar\/wordpress\/?page_id=8340"},"modified":"2023-12-14T16:44:42","modified_gmt":"2023-12-14T16:44:42","slug":"contactos","status":"publish","type":"page","link":"https:\/\/web.sistemasfce.com.ar\/wordpress\/index.php\/contactos\/","title":{"rendered":"Contactos"},"content":{"rendered":"<div id=\"modal-ready\"><p>&nbsp;<\/p>\n<ul>\n<li><span style=\"color: #000000;\"><strong>San Martin 407 &#8211; Trelew &#8211; Chubut<br \/>\n<\/strong><\/span><\/li>\n<li><span style=\"color: #000000;\"><strong>Tel. 0280 &#8211; 4423084<\/strong><\/span><\/li>\n<li><span style=\"color: #000000;\"><strong>Interno 112: Fax<\/strong><\/span><\/li>\n<\/ul>\n<table class=\"tablelist\" style=\"width: 101.575%; height: 826px;\">\n<tbody>\n<tr style=\"height: 24px;\">\n<th id=\"Name\" class=\"sectiontableheader\" style=\"width: 42.8442%; height: 24px;\"><span style=\"color: #000000;\"><a style=\"color: #000000;\" title=\"Haga clic para ordenar esta columna\">Contacto<\/a><\/span><\/th>\n<th id=\"Mail\" class=\"sectiontableheader\" style=\"width: 40.3956%; height: 24px;\">Correo<\/th>\n<th id=\"Phone\" class=\"sectiontableheader\" style=\"width: 17.1205%; height: 24px;\"><span style=\"color: #000000;\">Tel\u00e9fono<\/span><\/th>\n<\/tr>\n<tr class=\"sectiontableentry\" style=\"height: 48px;\">\n<td class=\"sectiontableentry\" style=\"width: 42.8442%; height: 48px;\" headers=\"Name\" height=\"20\"><span style=\"color: #000000;\">Departamento Alumnos<\/span><\/td>\n<td class=\"sectiontableentry0\" style=\"width: 40.3956%; height: 48px;\" headers=\"Mail\"><a href=\"mailto:alumnostw@economicasunp.edu.ar\">alumnostw@economicasunp.edu.ar<\/a><\/td>\n<td class=\"sectiontableentry\" style=\"width: 17.1205%; height: 48px;\" headers=\"Phone\"><span style=\"color: #000000;\">Interno 110\/111<\/span><\/td>\n<\/tr>\n<tr class=\"sectiontableentry\" style=\"height: 24px;\">\n<td class=\"sectiontableentry\" style=\"width: 42.8442%; height: 24px;\" headers=\"Name\" height=\"20\"><span style=\"color: #000000;\">Despacho<\/span><\/td>\n<td class=\"sectiontableentry1\" style=\"width: 40.3956%; height: 24px;\" headers=\"Mail\"><a href=\"mailto:despachotw@gmail.com\">despachotw@gmail.com<\/a><\/td>\n<td class=\"sectiontableentry\" style=\"width: 17.1205%; height: 24px;\" headers=\"Phone\"><span style=\"color: #000000;\">Interno 101<\/span><\/td>\n<\/tr>\n<tr class=\"sectiontableentry\" style=\"height: 24px;\">\n<td class=\"sectiontableentry\" style=\"width: 42.8442%; height: 24px;\" headers=\"Name\" height=\"20\"><span style=\"color: #000000;\">Direcci\u00f3n de Comunicaci\u00f3n y Log\u00edstica<\/span><\/td>\n<td class=\"sectiontableentry0\" style=\"width: 40.3956%; height: 24px;\" headers=\"Mail\"><a href=\"mailto:comunicacioneconomicasunp@gmail.com\" target=\"_blank\" rel=\"noopener\">comunicacioneconomicasunp@gmail.com<\/a><\/td>\n<td class=\"sectiontableentry\" style=\"width: 17.1205%; height: 24px;\" headers=\"Phone\"><span style=\"color: #000000;\">Interno 109<\/span><\/td>\n<\/tr>\n<tr class=\"sectiontableentry\" style=\"height: 24px;\">\n<td class=\"sectiontableentry\" style=\"width: 42.8442%; height: 24px;\" headers=\"Name\" height=\"20\"><span style=\"color: #000000;\">Direcci\u00f3n de Departamento Docente<\/span><\/td>\n<td class=\"sectiontableentry1\" style=\"width: 40.3956%; height: 24px;\" headers=\"Mail\"><a href=\"mailto:departamentostw@economicasunp.edu.ar\">departamentostw@economicasunp.edu.ar<\/a><\/td>\n<td class=\"sectiontableentry\" style=\"width: 17.1205%; height: 24px;\" headers=\"Phone\"><span style=\"color: #000000;\">Interno 106<\/span><\/td>\n<\/tr>\n<tr class=\"sectiontableentry\" style=\"height: 24px;\">\n<td class=\"sectiontableentry\" style=\"width: 42.8442%; height: 24px;\" headers=\"Name\" height=\"20\"><span style=\"color: #000000;\">Direcci\u00f3n de Pasant\u00edas y Becas<\/span><\/td>\n<td class=\"sectiontableentry0\" style=\"width: 40.3956%; height: 24px;\" headers=\"Mail\"><a href=\"mailto:tutorespasantiasfce@gmail.com\" target=\"_blank\" rel=\"noopener\">tutorespasantiasfce@gmail.com<\/a><\/td>\n<td class=\"sectiontableentry\" style=\"width: 17.1205%; height: 24px;\" headers=\"Phone\"><\/td>\n<\/tr>\n<tr class=\"sectiontableentry\" style=\"height: 48px;\">\n<td class=\"sectiontableentry\" style=\"width: 42.8442%; height: 48px;\" headers=\"Name\" height=\"20\"><span style=\"color: #000000;\">Secretar\u00eda de Posgrados<\/span><\/td>\n<td class=\"sectiontableentry1\" style=\"width: 40.3956%; height: 48px;\" headers=\"Mail\"><a href=\"mailto:posgradostw@gmail.com\">posgradostw@gmail.com<\/a><\/td>\n<td class=\"sectiontableentry\" style=\"width: 17.1205%; height: 48px;\" headers=\"Phone\"><span style=\"color: #000000;\">Interno 115\/116<\/span><\/td>\n<\/tr>\n<tr class=\"sectiontableentry\" style=\"height: 24px;\">\n<td class=\"sectiontableentry\" style=\"width: 42.8442%; height: 24px;\" headers=\"Name\" height=\"20\"><span style=\"color: #000000;\">Direcci\u00f3n de Transferencia y Difusi\u00f3n<\/span><\/td>\n<td class=\"sectiontableentry0\" style=\"width: 40.3956%; height: 24px;\" headers=\"Mail\"><a href=\"mailto:transferenciafce@economicasunp.edu.ar\">transferenciafce@economicasunp.edu.ar<\/a><\/td>\n<td class=\"sectiontableentry\" style=\"width: 17.1205%; height: 24px;\" headers=\"Phone\"><\/td>\n<\/tr>\n<tr class=\"sectiontableentry\" style=\"height: 24px;\">\n<td class=\"sectiontableentry\" style=\"width: 42.8442%; height: 24px;\" headers=\"Name\" height=\"20\"><span style=\"color: #000000;\">Institutos de Investigaci\u00f3n<\/span><\/td>\n<td class=\"sectiontableentry1\" style=\"width: 40.3956%; height: 24px;\" headers=\"Mail\"><a href=\"mailto:getace@economicasunp.edu.ar\">getace@economicasunp.edu.ar<\/a><\/td>\n<td class=\"sectiontableentry\" style=\"width: 17.1205%; height: 24px;\" headers=\"Phone\"><span style=\"color: #000000;\">Interno 113<\/span><\/td>\n<\/tr>\n<tr class=\"sectiontableentry\" style=\"height: 24px;\">\n<td class=\"sectiontableentry\" style=\"width: 42.8442%; height: 24px;\" headers=\"Name\" height=\"20\"><span style=\"color: #000000;\">Institutos de Investigaci\u00f3n<\/span><\/td>\n<td class=\"sectiontableentry0\" style=\"width: 40.3956%; height: 24px;\" headers=\"Mail\"><a href=\"mailto:gidmatw@economicasunp.edu.ar\">gidmatw@economicasunp.edu.ar<\/a><\/td>\n<td class=\"sectiontableentry\" style=\"width: 17.1205%; height: 24px;\" headers=\"Phone\"><span style=\"color: #000000;\">Interno 113<\/span><\/td>\n<\/tr>\n<tr class=\"sectiontableentry\" style=\"height: 24px;\">\n<td class=\"sectiontableentry\" style=\"width: 42.8442%; height: 24px;\" headers=\"Name\" height=\"20\"><span style=\"color: #000000;\">Investigaci\u00f3n<\/span><\/td>\n<td class=\"sectiontableentry1\" style=\"width: 40.3956%; height: 24px;\" headers=\"Mail\"><a href=\"mailto:cyt@economicasunp.edu.ar\">cyt@economicasunp.edu.ar<\/a><\/td>\n<td class=\"sectiontableentry\" style=\"width: 17.1205%; height: 24px;\" headers=\"Phone\"><\/td>\n<\/tr>\n<tr class=\"sectiontableentry\" style=\"height: 24px;\">\n<td class=\"sectiontableentry\" style=\"width: 42.8442%; height: 24px;\" headers=\"Name\" height=\"20\"><span style=\"color: #000000;\">Secretar\u00eda Acad\u00e9mica<\/span><\/td>\n<td class=\"sectiontableentry0\" style=\"width: 40.3956%; height: 24px;\" headers=\"Mail\"><a href=\"mailto:secretariaacademica@economicasunp.edu.ar\">secretariaacademica@economicasunp.edu.ar<\/a><\/td>\n<td class=\"sectiontableentry\" style=\"width: 17.1205%; height: 24px;\" headers=\"Phone\"><span style=\"color: #000000;\">Interno 107<\/span><\/td>\n<\/tr>\n<tr class=\"sectiontableentry\" style=\"height: 48px;\">\n<td class=\"sectiontableentry\" style=\"width: 42.8442%; height: 48px;\" headers=\"Name\" height=\"20\"><span style=\"color: #000000;\">Secretar\u00eda de Extensi\u00f3n<\/span><\/td>\n<td class=\"sectiontableentry1\" style=\"width: 40.3956%; height: 48px;\" headers=\"Mail\"><a href=\"mailto:extension.fce.unpsjb@gmail.com\" target=\"_blank\" rel=\"noopener\"><span class=\"\">extension.fce.unpsjb@gmail.com<\/span><\/a><\/td>\n<td class=\"sectiontableentry\" style=\"width: 17.1205%; height: 48px;\" headers=\"Phone\"><span style=\"color: #000000;\">Interno 108\/109<\/span><\/td>\n<\/tr>\n<tr class=\"sectiontableentry\" style=\"height: 24px;\">\n<td class=\"sectiontableentry\" style=\"width: 42.8442%; height: 24px;\" headers=\"Name\" height=\"20\"><span style=\"color: #000000;\">Secretar\u00eda de Investigaci\u00f3n<\/span><\/td>\n<td class=\"sectiontableentry0\" style=\"width: 40.3956%; height: 24px;\" headers=\"Mail\"><a href=\"mailto:secinvestigacion.fce@gmail.com\" target=\"_blank\" rel=\"noopener\">secinvestigacion.fce@gmail.com<\/a><\/td>\n<td class=\"sectiontableentry\" style=\"width: 17.1205%; height: 24px;\" headers=\"Phone\"><span style=\"color: #000000;\">Interno 113<\/span><\/td>\n<\/tr>\n<tr class=\"sectiontableentry\" style=\"height: 24px;\">\n<td class=\"sectiontableentry\" style=\"width: 42.8442%; height: 24px;\" headers=\"Name\" height=\"20\"><span style=\"color: #000000;\">&#8211; Director de Carrera Contador P\u00fablico<\/span><\/td>\n<td class=\"sectiontableentry1\" style=\"width: 40.3956%; height: 24px;\" headers=\"Mail\"><\/td>\n<td class=\"sectiontableentry\" style=\"width: 17.1205%; height: 24px;\" headers=\"Phone\"><\/td>\n<\/tr>\n<tr class=\"sectiontableentry\" style=\"height: 24px;\">\n<td class=\"sectiontableentry\" style=\"width: 42.8442%; height: 24px;\" headers=\"Name\" height=\"20\"><span style=\"color: #000000;\">&#8211; Director de Carrera Lic. en Administraci\u00f3n<\/span><\/td>\n<td class=\"sectiontableentry0\" style=\"width: 40.3956%; height: 24px;\" headers=\"Mail\"><\/td>\n<td class=\"sectiontableentry\" style=\"width: 17.1205%; height: 24px;\" headers=\"Phone\"><\/td>\n<\/tr>\n<tr class=\"sectiontableentry\" style=\"height: 24px;\">\n<td class=\"sectiontableentry\" style=\"width: 42.8442%; height: 24px;\" headers=\"Name\" height=\"20\"><span style=\"color: #000000;\">&#8211; Director de Carrera Lic. en Econom\u00eda<\/span><\/td>\n<td class=\"sectiontableentry1\" style=\"width: 40.3956%; height: 24px;\" headers=\"Mail\"><\/td>\n<td class=\"sectiontableentry\" style=\"width: 17.1205%; height: 24px;\" headers=\"Phone\"><\/td>\n<\/tr>\n<tr class=\"sectiontableentry\" style=\"height: 48px;\">\n<td class=\"sectiontableentry\" style=\"width: 42.8442%; height: 48px;\" headers=\"Name\" height=\"20\"><span style=\"color: #000000;\">&#8211; Director de Carrera Lic. en Administraci\u00f3n en Empresas Tur\u00edsticas<\/span><\/td>\n<td class=\"sectiontableentry0\" style=\"width: 40.3956%; height: 48px;\" headers=\"Mail\"><\/td>\n<td class=\"sectiontableentry\" style=\"width: 17.1205%; height: 48px;\" headers=\"Phone\"><\/td>\n<\/tr>\n<tr class=\"sectiontableentry\" style=\"height: 24px;\">\n<td class=\"sectiontableentry\" style=\"width: 42.8442%; height: 24px;\" headers=\"Name\" height=\"20\"><span style=\"color: #000000;\">&#8211; Director Dpto. Acad\u00e9mico Contabilidad<\/span><\/td>\n<td class=\"sectiontableentry1\" style=\"width: 40.3956%; height: 24px;\" headers=\"Mail\"><\/td>\n<td class=\"sectiontableentry\" style=\"width: 17.1205%; height: 24px;\" headers=\"Phone\"><\/td>\n<\/tr>\n<tr class=\"sectiontableentry\" style=\"height: 24px;\">\n<td class=\"sectiontableentry\" style=\"width: 42.8442%; height: 24px;\" headers=\"Name\" height=\"20\"><span style=\"color: #000000;\">\u00a0&#8211; Director Dpto. Acad\u00e9mico Matem\u00e1tica<\/span><\/td>\n<td class=\"sectiontableentry0\" style=\"width: 40.3956%; height: 24px;\" headers=\"Mail\"><\/td>\n<td class=\"sectiontableentry\" style=\"width: 17.1205%; height: 24px;\" headers=\"Phone\"><\/td>\n<\/tr>\n<tr class=\"sectiontableentry\" style=\"height: 24px;\">\n<td class=\"sectiontableentry\" style=\"width: 42.8442%; height: 24px;\" headers=\"Name\" height=\"20\"><span style=\"color: #000000;\">&#8211; Director Dpto. Acad\u00e9mico Econom\u00eda<\/span><\/td>\n<td class=\"sectiontableentry1\" style=\"width: 40.3956%; height: 24px;\" headers=\"Mail\"><\/td>\n<td class=\"sectiontableentry\" style=\"width: 17.1205%; height: 24px;\" headers=\"Phone\"><\/td>\n<\/tr>\n<tr class=\"sectiontableentry\" style=\"height: 24px;\">\n<td class=\"sectiontableentry\" style=\"width: 42.8442%; height: 24px;\" headers=\"Name\" height=\"20\"><span style=\"color: #000000;\">&#8211; Director Dpto. Acad\u00e9mico Administraci\u00f3n<\/span><\/td>\n<td class=\"sectiontableentry0\" style=\"width: 40.3956%; height: 24px;\" headers=\"Mail\"><\/td>\n<td class=\"sectiontableentry\" style=\"width: 17.1205%; height: 24px;\" headers=\"Phone\"><\/td>\n<\/tr>\n<tr class=\"sectiontableentry\" style=\"height: 24px;\">\n<td class=\"sectiontableentry\" style=\"width: 42.8442%; height: 24px;\" headers=\"Name\" height=\"20\"><span style=\"color: #000000;\">&#8211; Director Dpto. Acad\u00e9mico Derecho<\/span><\/td>\n<td class=\"sectiontableentry1\" style=\"width: 40.3956%; height: 24px;\" headers=\"Mail\"><\/td>\n<td class=\"sectiontableentry\" style=\"width: 17.1205%; height: 24px;\" headers=\"Phone\"><\/td>\n<\/tr>\n<tr class=\"sectiontableentry\" style=\"height: 24px;\">\n<td class=\"sectiontableentry\" style=\"width: 42.8442%; height: 24px;\" headers=\"Name\" height=\"20\"><span style=\"color: #000000;\">&#8211; Director Dpto. Acad\u00e9mico Humanidades<\/span><\/td>\n<td class=\"sectiontableentry0\" style=\"width: 40.3956%; height: 24px;\" headers=\"Mail\"><\/td>\n<td class=\"sectiontableentry\" style=\"width: 17.1205%; height: 24px;\" headers=\"Phone\"><\/td>\n<\/tr>\n<tr class=\"sectiontableentry\" style=\"height: 24px;\">\n<td class=\"sectiontableentry\" style=\"width: 42.8442%; height: 24px;\" headers=\"Name\" height=\"20\"><span style=\"color: #000000;\">Fax<\/span><\/td>\n<td class=\"sectiontableentry1\" style=\"width: 40.3956%; height: 24px;\" headers=\"Mail\"><\/td>\n<td class=\"sectiontableentry\" style=\"width: 17.1205%; height: 24px;\" headers=\"Phone\"><span style=\"color: #000000;\">Interno 102<\/span><\/td>\n<\/tr>\n<tr class=\"sectiontableentry\" style=\"height: 24px;\">\n<td class=\"sectiontableentry\" style=\"width: 42.8442%; height: 24px;\" headers=\"Name\" height=\"20\"><span style=\"color: #000000;\">Tesorer\u00eda<\/span><\/td>\n<td class=\"sectiontableentry0\" style=\"width: 40.3956%; height: 24px;\" headers=\"Mail\"><\/td>\n<td class=\"sectiontableentry\" style=\"width: 17.1205%; height: 24px;\" headers=\"Phone\"><span style=\"color: #000000;\">Interno 103<\/span><\/td>\n<\/tr>\n<tr class=\"sectiontableentry\" style=\"height: 10px;\">\n<td class=\"sectiontableentry\" style=\"width: 42.8442%; height: 10px;\" headers=\"Name\" height=\"20\"><span style=\"color: #000000;\">Decano<\/span><\/td>\n<td class=\"sectiontableentry1\" style=\"width: 40.3956%; height: 10px;\" headers=\"Mail\"><a href=\"mailto:decano@economicasunp.edu.ar\">decano@economicasunp.edu.ar<\/a><\/td>\n<td class=\"sectiontableentry\" style=\"width: 17.1205%; height: 10px;\" headers=\"Phone\"><span style=\"color: #000000;\">Interno 105<\/span><\/td>\n<\/tr>\n<tr class=\"sectiontableentry\" style=\"height: 24px;\">\n<td class=\"sectiontableentry\" style=\"width: 42.8442%; height: 24px;\" headers=\"Name\" height=\"20\"><span style=\"color: #000000;\">Vice-Decano<\/span><\/td>\n<td class=\"sectiontableentry0\" style=\"width: 40.3956%; height: 24px;\" headers=\"Mail\"><a href=\"mailto:vicedecano.fce@gmail.com\">vicedecano.fce@gmail.com<\/a><\/td>\n<td class=\"sectiontableentry\" style=\"width: 17.1205%; height: 24px;\" headers=\"Phone\"><span style=\"color: #000000;\">Interno 104<\/span><\/td>\n<\/tr>\n<tr class=\"sectiontableentry\" style=\"height: 24px;\">\n<td class=\"sectiontableentry\" style=\"width: 42.8442%; height: 24px;\" headers=\"Name\" height=\"20\"><span style=\"color: #000000;\">Departamento Alumnos, Delegaci\u00f3n Esquel<\/span><\/td>\n<td class=\"sectiontableentry1\" style=\"width: 40.3956%; height: 24px;\" headers=\"Mail\"><a href=\"mailto:fceesquel@economicasunp.edu.ar\">fceesquel@economicasunp.edu.ar<\/a><\/td>\n<td class=\"sectiontableentry\" style=\"width: 17.1205%; height: 24px;\" headers=\"Phone\"><\/td>\n<\/tr>\n<tr class=\"sectiontableentry\" style=\"height: 48px;\">\n<td class=\"sectiontableentry\" style=\"width: 42.8442%; height: 48px;\" headers=\"Name\" height=\"20\"><span style=\"color: #000000;\">Departamento Alumnos, Delegaci\u00f3n Comodoro Rivadavia<\/span><\/td>\n<td class=\"sectiontableentry0\" style=\"width: 40.3956%; height: 48px;\" headers=\"Mail\"><a href=\"mailto:alumnfce@unpata.edu.ar\">alumnfce@unpata.edu.ar<\/a><\/td>\n<td style=\"width: 17.1205%; height: 48px;\"><\/td>\n<\/tr>\n<\/tbody>\n<\/table>\n<p>&nbsp;<\/p>\n<\/div>","protected":false},"excerpt":{"rendered":"<p>&nbsp; San Martin 407 &#8211; Trelew &#8211; Chubut Tel. 0280 &#8211; 4423084 Interno 112: Fax &hellip; <\/p>\n","protected":false},"author":6,"featured_media":0,"parent":0,"menu_order":0,"comment_status":"closed","ping_status":"closed","template":"","meta":{"pmpro_default_level":"","footnotes":""},"class_list":["post-8340","page","type-page","status-publish","hentry","pmpro-has-access"],"_links":{"self":[{"href":"https:\/\/web.sistemasfce.com.ar\/wordpress\/index.php\/wp-json\/wp\/v2\/pages\/8340","targetHints":{"allow":["GET"]}}],"collection":[{"href":"https:\/\/web.sistemasfce.com.ar\/wordpress\/index.php\/wp-json\/wp\/v2\/pages"}],"about":[{"href":"https:\/\/web.sistemasfce.com.ar\/wordpress\/index.php\/wp-json\/wp\/v2\/types\/page"}],"author":[{"embeddable":true,"href":"https:\/\/web.sistemasfce.com.ar\/wordpress\/index.php\/wp-json\/wp\/v2\/users\/6"}],"replies":[{"embeddable":true,"href":"https:\/\/web.sistemasfce.com.ar\/wordpress\/index.php\/wp-json\/wp\/v2\/comments?post=8340"}],"version-history":[{"count":13,"href":"https:\/\/web.sistemasfce.com.ar\/wordpress\/index.php\/wp-json\/wp\/v2\/pages\/8340\/revisions"}],"predecessor-version":[{"id":14390,"href":"https:\/\/web.sistemasfce.com.ar\/wordpress\/index.php\/wp-json\/wp\/v2\/pages\/8340\/revisions\/14390"}],"wp:attachment":[{"href":"https:\/\/web.sistemasfce.com.ar\/wordpress\/index.php\/wp-json\/wp\/v2\/media?parent=8340"}],"curies":[{"name":"wp","href":"https:\/\/api.w.org\/{rel}","templated":true}]}}