{"id":8327,"date":"2019-05-13T19:40:03","date_gmt":"2019-05-13T19:40:03","guid":{"rendered":"https:\/\/web.sistemasfce.com.ar\/wordpress\/?page_id=8327"},"modified":"2025-08-09T10:07:41","modified_gmt":"2025-08-09T13:07:41","slug":"posgrados-menu","status":"publish","type":"page","link":"https:\/\/web.sistemasfce.com.ar\/wordpress\/index.php\/posgrados-menu\/","title":{"rendered":"Posgrados"},"content":{"rendered":"<div class=\"wpb-content-wrapper\"><div id=\"modal-ready\"><p>[vc_row][vc_column][vc_column_text]<span style=\"font-size: 14pt;\">La Facultad de Ciencias Econ\u00f3micas de la UNPSJB dicta estudios de posgrados a trav\u00e9s de actividades y carreras de posgrado promoviendo la formaci\u00f3n continua de docentes, investigadores y graduados.<\/span><\/p>\n<p><span style=\"font-size: 14pt; color: #800080;\"><strong>Nuestros objetivos:<\/strong><\/span><\/p>\n<ul>\n<li>\u00a0Fortalecer las competencias acad\u00e9micas y profesionales de graduados, docentes e investigadores de nuestra comunidad universitaria.<\/li>\n<li>\u00a0Promover la formaci\u00f3n en ciencias sociales en general y ciencias econ\u00f3micas en particular de profesionales de los distintos sectores econ\u00f3micos y sociales de la regi\u00f3n.<\/li>\n<li>\u00a0Promover la formaci\u00f3n interdisciplinaria a partir de la articulaci\u00f3n acad\u00e9mica presencial, semipresencial o a distancias, con otros centros de posgrados de universidades argentinas y extranjeras.<\/li>\n<\/ul>\n<p>&nbsp;<\/p>\n<p><strong><span style=\"font-size: 14pt; color: #800080;\">Actividades de formaci\u00f3n<\/span><\/strong><\/p>\n<ul style=\"list-style-type: square;\">\n<li><strong><span style=\"color: #993366;\"><span style=\"color: #800080;\">DOCTORADOS<\/span>:<\/span><\/strong> tendr\u00e1n como objeto la formaci\u00f3n de posgraduados que produzcan aportes originales en el \u00e1rea de conocimientos de las Ciencias Econ\u00f3micas, cuya universalidad de procurar en un marco de nivel de excelencia acad\u00e9mica.<\/li>\n<\/ul>\n<p>&nbsp;<\/p>\n<ul style=\"list-style-type: square;\">\n<li><span style=\"color: #800080;\"><strong>MAESTRIAS<\/strong><\/span>: tendr\u00e1n por objeto proporcionar formaci\u00f3n acad\u00e9mica y\/o profesional en disciplinas del campo social y econ\u00f3mico, profundizando la formaci\u00f3n en el desarrollo te\u00f3rico, tecnol\u00f3gico, profesional, metodol\u00f3gico, de gesti\u00f3n o art\u00edstico en funci\u00f3n al estado de desarrollo correspondiente a una disciplina, \u00e1rea interdisciplinar o campo de aplicaci\u00f3n de una o m\u00e1s profesiones. Podr\u00e1n ser acad\u00e9micas o profesionales.<\/li>\n<\/ul>\n<p>&nbsp;<\/p>\n<ul style=\"list-style-type: square;\">\n<li><span style=\"color: #800080;\"><strong>ESPECIALIZACIONES<\/strong><\/span>: tendr\u00e1n por objeto profundizar el dominio de un tema o \u00e1rea determinada dentro de las profesiones vinculadas a las Ciencias Sociales y Econ\u00f3micas.<\/li>\n<\/ul>\n<p>&nbsp;<\/p>\n<ul style=\"list-style-type: square;\">\n<li><span style=\"color: #800080;\"><strong>CURSOS DE POSGRADO:<\/strong><\/span> se dictar\u00e1n cumpliendo con los requisitos de admisi\u00f3n estipulados en la reglamentaci\u00f3n de posgrados vigente de la Universidad. Podr\u00e1n dictarse bajo la modalidad de cursos, m\u00f3dulos, seminarios, talleres y otros espacios acad\u00e9micos.<\/li>\n<\/ul>\n<p>[\/vc_column_text][\/vc_column][\/vc_row]<\/p>\n<\/div><\/div>","protected":false},"excerpt":{"rendered":"<p>[vc_row][vc_column][vc_column_text]La Facultad de Ciencias Econ\u00f3micas de la UNPSJB dicta estudios de posgrados a trav\u00e9s de &hellip; <\/p>\n","protected":false},"author":6,"featured_media":0,"parent":0,"menu_order":0,"comment_status":"closed","ping_status":"closed","template":"","meta":{"pmpro_default_level":"","footnotes":""},"class_list":["post-8327","page","type-page","status-publish","hentry","pmpro-has-access"],"_links":{"self":[{"href":"https:\/\/web.sistemasfce.com.ar\/wordpress\/index.php\/wp-json\/wp\/v2\/pages\/8327","targetHints":{"allow":["GET"]}}],"collection":[{"href":"https:\/\/web.sistemasfce.com.ar\/wordpress\/index.php\/wp-json\/wp\/v2\/pages"}],"about":[{"href":"https:\/\/web.sistemasfce.com.ar\/wordpress\/index.php\/wp-json\/wp\/v2\/types\/page"}],"author":[{"embeddable":true,"href":"https:\/\/web.sistemasfce.com.ar\/wordpress\/index.php\/wp-json\/wp\/v2\/users\/6"}],"replies":[{"embeddable":true,"href":"https:\/\/web.sistemasfce.com.ar\/wordpress\/index.php\/wp-json\/wp\/v2\/comments?post=8327"}],"version-history":[{"count":5,"href":"https:\/\/web.sistemasfce.com.ar\/wordpress\/index.php\/wp-json\/wp\/v2\/pages\/8327\/revisions"}],"predecessor-version":[{"id":15385,"href":"https:\/\/web.sistemasfce.com.ar\/wordpress\/index.php\/wp-json\/wp\/v2\/pages\/8327\/revisions\/15385"}],"wp:attachment":[{"href":"https:\/\/web.sistemasfce.com.ar\/wordpress\/index.php\/wp-json\/wp\/v2\/media?parent=8327"}],"curies":[{"name":"wp","href":"https:\/\/api.w.org\/{rel}","templated":true}]}}