{"id":8276,"date":"2019-05-14T10:21:21","date_gmt":"2019-05-14T10:21:21","guid":{"rendered":"https:\/\/web.sistemasfce.com.ar\/wordpress\/?page_id=8276"},"modified":"2020-02-06T13:36:38","modified_gmt":"2020-02-06T13:36:38","slug":"alumnos-tus-derechos-y-obligaciones","status":"publish","type":"page","link":"https:\/\/web.sistemasfce.com.ar\/wordpress\/index.php\/alumnos-2\/alumnos-tus-derechos-y-obligaciones\/","title":{"rendered":"Alumnos: Tus derechos y obligaciones"},"content":{"rendered":"<div id=\"modal-ready\"><p style=\"text-align: justify;\"><strong>Estimado alumno:<\/strong><\/p>\n<p style=\"text-align: justify;\">Te comentamos algunas cuestiones de art\u00edculos del Reglamento General de la Actividad Acad\u00e9mica, que son de\u00a0<strong>VITAL IMPORTANCIA\u00a0<\/strong>y para tener en cuenta:<\/p>\n<p style=\"text-align: justify;\">\u00bfQu\u00e9 es el\u00a0<strong>Reglamento General de la Actividad Acad\u00e9mica<\/strong>?<\/p>\n<p style=\"text-align: justify;\">Es precisamente un conjunto de reglas que establecen todos tus\u00a0<strong>Derechos y Obligaciones.<\/strong><\/p>\n<p style=\"text-align: justify;\">Del CAP\u00cdTULO VI nos interesa que tengas claros los siguientes conceptos\u2026<\/p>\n<p style=\"text-align: justify;\"><strong>ALUMNOS:\u00a0<\/strong>ART\u00cdCULO N\u00ba 35: Son alumnos de la Facultad de Ciencias Econ\u00f3micas quienes por las v\u00edas alternativas de inscripci\u00f3n hayan dado cumplimiento a los requisitos establecidos en este Art\u00edculo.<\/p>\n<p style=\"text-align: justify;\">IMPORTANTE se deben \u201cPre \u2013 inscribir\u201d por la p\u00e1gina Web de la Universidad\u00a0<a href=\"http:\/\/www.unp.edu.ar\"><strong>www.unp.edu.ar<\/strong><\/a>\u00a0y presentar la constancia en el Departamento Alumnos al momento de registrar la inscripci\u00f3n con la presentaci\u00f3n de todos los requisitos.<\/p>\n<p style=\"text-align: justify;\"><strong>ALUMNOS CONDICIONALES:<\/strong>\u00a0ART\u00cdCULO N\u00ba 36: Son aquellos que deben como m\u00e1ximo 2 (dos) materias del Nivel Medio.\u00a0<strong>El \u00daLTIMO PLAZO<\/strong>\u00a0y\u00a0<strong>\u201cDEFINITIVO\u201d\u00a0<\/strong>para presentar las constancias de Estudios Secundarios Completos, vence el\u00a0<strong>31 DE AGOSTO DE CADA A\u00d1O.<\/strong><\/p>\n<p style=\"text-align: justify;\">El \u00faltimo y definitivo plazo para presentar el\u00a0<strong>Certificado de Estudios Completo \u201cLegalizado\u201d es el PRIMER d\u00eda h\u00e1bil de Diciembre del a\u00f1o de ingreso a la Facultad.<\/strong><\/p>\n<p style=\"text-align: justify;\"><strong>ALUMNOS ACTIVOS:\u00a0<\/strong>ARTICULO N\u00ba 47: Mantendr\u00e1n su\u00a0<strong>CONDICI\u00d3N DE ALUMNOS ACTIVOS<\/strong>\u00a0al\u00a0<strong>01 DE FEBRERO DE CADA A\u00d1O:<\/strong><\/p>\n<ul style=\"text-align: justify;\">\n<li>Los alumnos ingresantes de\u00a0<strong>ESE A\u00d1O,<\/strong><\/li>\n<li>Los alumnos ingresantes del\u00a0<strong>A\u00d1O ANTERIOR,<\/strong><\/li>\n<li>Los alumnos que\u00a0<strong>APROBARON 2 (Dos) EX\u00c1MENES FINALES<\/strong>\u00a0en los 2 (Dos) a\u00f1os inmediatos anteriores.<\/li>\n<\/ul>\n<p style=\"text-align: justify;\"><strong>REINCORPORACI\u00d3N COMO ALUMNO ACTIVO:<\/strong>\u00a0ART\u00cdCULO N\u00ba 48: Estas solicitudes se reciben en Atenci\u00f3n al P\u00fablico en Departamento Alumnos, sin excepci\u00f3n, en las fechas programadas en el Calendario Acad\u00e9mico de la Facultad, por a\u00f1o:<\/p>\n<p style=\"text-align: justify;\">* Para el Primer Cuatrimestre &#8211; 1\u00ba quincena de Febrero.<\/p>\n<p style=\"text-align: justify;\">* Para el Segundo Cuatrimestre &#8211; se fijar\u00e1 un s\u00f3lo d\u00eda despu\u00e9s de la fecha de inscripci\u00f3n para cursar. Consultar en Departamento Alumnos.<\/p>\n<p style=\"text-align: justify;\">En el Primer cuatrimestre, se fijar\u00e1 en el Calendario Acad\u00e9mico un s\u00f3lo d\u00eda &#8220;fuera de t\u00e9rmino&#8221; para recibir solicitudes de Reincorporaciones.<\/p>\n<p style=\"text-align: justify;\"><strong>SOLICITUDES DE CURSADOS SIMULT\u00c1NEOS O CAMBIOS DE CARRERAS:\u00a0<\/strong>ARTI\u00cdCULO N\u00ba 49: Las solicitudes se reciben en atenci\u00f3n al p\u00fablico del Departamento Alumnos sin excepci\u00f3n, en las fechas programadas en el Calendario Acad\u00e9mico de la Facultad, por a\u00f1o:<\/p>\n<p style=\"text-align: justify;\">* Para el Primer Cuatrimestre &#8211; 1\u00ba quincena de Febrero.<\/p>\n<p style=\"text-align: justify;\">* Para el Segundo Cuatrimestre &#8211; se fijar\u00e1 un s\u00f3lo d\u00eda despu\u00e9s de la fecha de inscripci\u00f3n para cursar. Consultar en Departamento Alumnos.<\/p>\n<p style=\"text-align: justify;\"><strong>\u00a0<\/strong><\/p>\n<p style=\"text-align: justify;\"><strong>PASES INTERDELEGACIONES Y\/O SEDE:\u00a0<\/strong>las solicitudes se reciben en el Departamento Alumnos\u00a0<strong>DURANTE LA 1\u00ba PRIMERA QUINCENA DE FEBRERO DE CADA CICLO LECTIVO, sin excepci\u00f3n, conforme Calendario Acad\u00e9mico de la Facultad.<br \/>\n<\/strong><\/p>\n<p style=\"text-align: justify;\"><strong>DE LAS INSCRIPCIONES:\u00a0<\/strong>CAPITULO IX, ART\u00cdCULO N\u00ba 56: Los per\u00edodos de inscripci\u00f3n se determinan para cada A\u00f1o Lectivo en el \u201cCalendario Acad\u00e9mico de la Facultad\u201d.<\/p>\n<p style=\"text-align: justify;\">La Inscripci\u00f3n se realiza por el SIU GUARANI, desde tu casa o en las Computadoras que se encuentran en el Dpto. de Alumnos.<\/p>\n<p style=\"text-align: justify;\"><strong>MUY IMPORTANTE\u2026<\/strong><\/p>\n<p style=\"text-align: justify;\">Cuando finaliza cada Cuatrimestre constituye norma verificar si cada Docente incorpor\u00f3 tu nombre en el listado de RESULTADO DE CURSADOS, en caso de omisi\u00f3n debes hacer el reclamo en Tiempo y Forma (Tienen 30 (treinta) d\u00edas h\u00e1biles para reclamar)<\/p>\n<p style=\"text-align: justify;\">Del CAP\u00cdTULO IX, consideremos algunas cuestiones importantes\u2026<\/p>\n<p style=\"text-align: justify;\"><strong>INSCRIPCI\u00d3N EXAMEN FINAL:\u00a0<\/strong>Estas inscripciones son personales y se concretan hasta 2 (dos) d\u00edas\u00a0<strong>h\u00e1biles antes<\/strong>\u00a0de la fecha programada para el final.<\/p>\n<p style=\"text-align: justify;\"><strong>TURNO DE EXAMEN:<\/strong>\u00a0ART\u00cdCULO N\u00ba 69:<\/p>\n<ul style=\"text-align: justify;\">\n<li>Para las mesas de Marzo, Agosto y Diciembre se habilitan 2 (dos) Turnos de ex\u00e1menes en el mes.<\/li>\n<li>Para las mesas de Febrero, Abril, Junio y Septiembre se habilitara 1 (uno) Turno de examen por mes<\/li>\n<li>El cronograma anual de ex\u00e1menes finales se encuentra en cartelera y en la pagina Web de la Facultad, el Turno de Examen del mes que se trate, incluye fecha de Apertura de inscripci\u00f3n y cierre y se encuentra publicado en la cartelera de la Facultad<\/li>\n<\/ul>\n<p style=\"text-align: justify;\"><strong>REQUISITOS PARA RENDIR UN FINAL:<\/strong><\/p>\n<ul style=\"text-align: justify;\">\n<li>Tener aprobada\/s la\/s correlativa\/s (Examen Final)<\/li>\n<li>La no presentaci\u00f3n en un examen final conforme el ARTICULO N\u00ba 80 del Reglamento General de la Actividad Acad\u00e9mica los inhabilita para rendir en el siguiente turno, de no mediar causa justificada dentro de las 48hs de la fecha del examen final.<\/li>\n<\/ul>\n<p style=\"text-align: justify;\"><strong>DESAPROBADO POR TERCERA Y QUINTA VEZ:\u00a0<\/strong>ARTICULO N\u00ba 85: Cuando el alumno desaprueba por tercera vez una asignatura, deber\u00e1 contactarse con el Docente para coordinar un trabajo, cuando apruebe el mismo, podr\u00e1 inscribirse nuevamente para rendir. Si desaprueba por quinta vez, pierde el cursado de la materia.<\/p>\n<p style=\"text-align: justify;\">\n<\/div>","protected":false},"excerpt":{"rendered":"<p>Estimado alumno: Te comentamos algunas cuestiones de art\u00edculos del Reglamento General de la Actividad Acad\u00e9mica, &hellip; <\/p>\n","protected":false},"author":6,"featured_media":0,"parent":8175,"menu_order":0,"comment_status":"closed","ping_status":"closed","template":"","meta":{"pmpro_default_level":"","footnotes":""},"class_list":["post-8276","page","type-page","status-publish","hentry","pmpro-has-access"],"_links":{"self":[{"href":"https:\/\/web.sistemasfce.com.ar\/wordpress\/index.php\/wp-json\/wp\/v2\/pages\/8276","targetHints":{"allow":["GET"]}}],"collection":[{"href":"https:\/\/web.sistemasfce.com.ar\/wordpress\/index.php\/wp-json\/wp\/v2\/pages"}],"about":[{"href":"https:\/\/web.sistemasfce.com.ar\/wordpress\/index.php\/wp-json\/wp\/v2\/types\/page"}],"author":[{"embeddable":true,"href":"https:\/\/web.sistemasfce.com.ar\/wordpress\/index.php\/wp-json\/wp\/v2\/users\/6"}],"replies":[{"embeddable":true,"href":"https:\/\/web.sistemasfce.com.ar\/wordpress\/index.php\/wp-json\/wp\/v2\/comments?post=8276"}],"version-history":[{"count":9,"href":"https:\/\/web.sistemasfce.com.ar\/wordpress\/index.php\/wp-json\/wp\/v2\/pages\/8276\/revisions"}],"predecessor-version":[{"id":9108,"href":"https:\/\/web.sistemasfce.com.ar\/wordpress\/index.php\/wp-json\/wp\/v2\/pages\/8276\/revisions\/9108"}],"up":[{"embeddable":true,"href":"https:\/\/web.sistemasfce.com.ar\/wordpress\/index.php\/wp-json\/wp\/v2\/pages\/8175"}],"wp:attachment":[{"href":"https:\/\/web.sistemasfce.com.ar\/wordpress\/index.php\/wp-json\/wp\/v2\/media?parent=8276"}],"curies":[{"name":"wp","href":"https:\/\/api.w.org\/{rel}","templated":true}]}}