{"id":8171,"date":"2019-04-30T19:12:24","date_gmt":"2019-04-30T19:12:24","guid":{"rendered":"https:\/\/web.sistemasfce.com.ar\/wordpress\/?page_id=8171"},"modified":"2025-11-11T18:07:10","modified_gmt":"2025-11-11T21:07:10","slug":"carreras","status":"publish","type":"page","link":"https:\/\/web.sistemasfce.com.ar\/wordpress\/index.php\/alumnos-2\/carreras\/","title":{"rendered":"Programa por asignatura"},"content":{"rendered":"<div class=\"wpb-content-wrapper\"><div id=\"modal-ready\"><p>[vc_section css=&#8221;.vc_custom_1580927127270{background-position: center !important;background-repeat: no-repeat !important;background-size: cover !important;}&#8221;][vc_row][vc_column offset=&#8221;vc_col-lg-12&#8243;][vc_column_text]Las carreras tienen los mismos planes de estudio en todas sus sedes. La implementaci\u00f3n de los mismos, es decir, conformaci\u00f3n de c\u00e1tedras y programas son propias de cada sede.[\/vc_column_text][vc_cta h2=&#8221;&#8221; txt_align=&#8221;justify&#8221; css_animation=&#8221;zoomIn&#8221;]<\/p>\n<p style=\"text-align: center;\">El ciclo b\u00e1sico es com\u00fan a todas las carreras. El mismo est\u00e1 constituido por las 12 primeras materias de todos los planes de estudio.<\/p>\n<p>[\/vc_cta][vc_column_text css=&#8221;&#8221;]<\/p>\n<table class=\" aligncenter\" style=\"height: 196px; width: 125.081%;\" border=\"0\" width=\"1100\" cellspacing=\"0\" cellpadding=\"0\">\n<thead>\n<tr style=\"height: 24px; background-color: #904099; border-color: #807a7a; border-style: solid;\">\n<th class=\"xl71\" style=\"height: 22px; width: 31.6632%;\" height=\"20\">\n<h5><strong><span style=\"color: #ffffff;\">Carrera<\/span><\/strong><\/h5>\n<\/th>\n<th class=\"xl72\" style=\"height: 22px; width: 14.3585%;\">\n<h5><strong><span style=\"color: #ffffff;\">Grado \/ Pregrado<\/span><\/strong><\/h5>\n<\/th>\n<th class=\"xl72\" style=\"height: 22px; width: 9.17459%;\">\n<h5><strong><span style=\"color: #ffffff;\">T\u00edtulo<\/span><\/strong><\/h5>\n<\/th>\n<th class=\"xl72\" style=\"height: 22px; width: 8.2275%;\">\n<h5><strong><span style=\"color: #ffffff;\">Duraci\u00f3n<\/span><\/strong><\/h5>\n<\/th>\n<th class=\"xl72\" style=\"height: 22px; width: 8.89289%;\">\n<h5><strong><span style=\"color: #ffffff;\">C. Rivadavia<\/span><\/strong><\/h5>\n<\/th>\n<th class=\"xl72\" style=\"height: 22px; width: 8.42597%;\">\n<h5><strong><span style=\"color: #ffffff;\">Trelew<\/span><\/strong><\/h5>\n<\/th>\n<th class=\"xl72\" style=\"height: 22px; width: 7.0058%;\">\n<h5><strong><span style=\"color: #ffffff;\">Esquel<\/span><\/strong><\/h5>\n<\/th>\n<\/tr>\n<\/thead>\n<colgroup>\n<col width=\"433\" \/>\n<col width=\"128\" \/>\n<col width=\"72\" \/>\n<col width=\"77\" \/>\n<col width=\"96\" \/>\n<col width=\"65\" \/>\n<col width=\"63\" \/>\n<col width=\"64\" \/><\/colgroup>\n<tbody>\n<tr style=\"height: 24px;\">\n<td class=\"xl69\" style=\"height: 23px; width: 31.6632%;\" height=\"20\">Contador P\u00fablico<\/td>\n<td class=\"xl66\" style=\"height: 23px; width: 14.3585%;\">Grado<\/td>\n<td class=\"xl66\" style=\"height: 23px; width: 9.17459%;\">Contador<\/td>\n<td class=\"xl66\" style=\"height: 23px; width: 8.2275%;\">5 a\u00f1os<\/td>\n<td class=\"xl67\" style=\"text-align: center; height: 23px; width: 8.89289%;\"><a href=\"https:\/\/web.sistemasfce.com.ar\/wordpress\/index.php\/alumnos-2\/carreras\/contador-publico-cr\/\"><i class=\"fa fa-arrow-circle-right\" style=\"font-size: inherit;\"><\/i><span style=\"font-family: inherit; font-size: inherit;\">\u00a0<\/span><\/a><\/td>\n<td class=\"xl67\" style=\"height: 23px; width: 8.42597%; text-align: center;\"><a href=\"https:\/\/web.sistemasfce.com.ar\/wordpress\/index.php\/alumnos-2\/carrera\/carrera_contador_tw\/\"><i class=\"fa fa-arrow-circle-right\" style=\"font-size: inherit;\"><\/i><span style=\"font-family: inherit; font-size: inherit;\">\u00a0<\/span><\/a><\/td>\n<td class=\"xl67\" style=\"height: 23px; width: 7.0058%; text-align: center;\"><a href=\"https:\/\/web.sistemasfce.com.ar\/wordpress\/index.php\/alumnos-2\/carreras\/contador-publico-esquel\/\"><i class=\"fa fa-arrow-circle-right\" style=\"font-size: inherit;\"><\/i><span style=\"font-family: inherit; font-size: inherit;\">\u00a0<\/span><\/a><\/td>\n<\/tr>\n<tr style=\"height: 24px;\">\n<td class=\"xl69\" style=\"height: 24px; width: 31.6632%;\" height=\"20\">Licenciatura en Administraci\u00f3n<\/td>\n<td class=\"xl66\" style=\"height: 24px; width: 14.3585%;\">Grado<\/td>\n<td class=\"xl66\" style=\"height: 24px; width: 9.17459%;\">Licenciado<\/td>\n<td class=\"xl66\" style=\"height: 24px; width: 8.2275%;\">5 a\u00f1os<\/td>\n<td class=\"xl67\" style=\"text-align: center; height: 24px; width: 8.89289%;\"><a href=\"https:\/\/web.sistemasfce.com.ar\/wordpress\/index.php\/alumnos-2\/carreras\/licenciatura-administracion-cr\/\"><i class=\"fa fa-arrow-circle-right\" style=\"font-size: inherit;\"><\/i><span style=\"font-family: inherit; font-size: inherit;\">\u00a0<\/span><\/a><\/td>\n<td class=\"xl67\" style=\"text-align: center; height: 24px; width: 8.42597%;\"><a href=\"https:\/\/web.sistemasfce.com.ar\/wordpress\/index.php\/alumnos-2\/carreras\/carrera_licadmin_tw\/\"><i class=\"fa fa-arrow-circle-right\" style=\"font-size: inherit;\"><\/i><span style=\"font-family: inherit; font-size: inherit;\">\u00a0<\/span><\/a><\/td>\n<td class=\"xl67\" style=\"height: 24px; width: 7.0058%;\"><\/td>\n<\/tr>\n<tr style=\"height: 24px;\">\n<td class=\"xl69\" style=\"height: 24px; width: 31.6632%;\" height=\"20\">Licenciatura en Econom\u00eda<\/td>\n<td class=\"xl66\" style=\"height: 24px; width: 14.3585%;\">Grado<\/td>\n<td class=\"xl66\" style=\"height: 24px; width: 9.17459%;\">Licenciado<\/td>\n<td class=\"xl66\" style=\"height: 24px; width: 8.2275%;\">5 a\u00f1os<\/td>\n<td class=\"xl67\" style=\"height: 24px; width: 8.89289%;\"><\/td>\n<td class=\"xl67\" style=\"width: 8.42597%; height: 24px; text-align: center; vertical-align: middle;\"><a href=\"https:\/\/web.sistemasfce.com.ar\/wordpress\/index.php\/alumnos-2\/carreras\/carrera_liceconomia_tw\/\"><i class=\"fa fa-arrow-circle-right\"><\/i>\u00a0<\/a><\/td>\n<td class=\"xl67\" style=\"height: 24px; width: 7.0058%;\"><\/td>\n<\/tr>\n<tr style=\"height: 24px;\">\n<td class=\"xl69\" style=\"height: 24px; width: 31.6632%;\" height=\"20\">Licenciatura en Administraci\u00f3n de Empresas Tur\u00edsticas<\/td>\n<td class=\"xl66\" style=\"height: 24px; width: 14.3585%;\">Grado<\/td>\n<td class=\"xl66\" style=\"height: 24px; width: 9.17459%;\">Licenciado<\/td>\n<td class=\"xl66\" style=\"height: 24px; width: 8.2275%;\">5 a\u00f1os<\/td>\n<td class=\"xl67\" style=\"height: 24px; width: 8.89289%;\"><\/td>\n<td class=\"xl67\" style=\"height: 24px; width: 8.42597%; padding-left: 40px;\"><\/td>\n<td class=\"xl67\" style=\"height: 24px; width: 7.0058%; text-align: center;\"><a href=\"https:\/\/web.sistemasfce.com.ar\/wordpress\/index.php\/alumnos-2\/carreras\/carrera_licadmemptur_esq\/\"><i class=\"fa fa-arrow-circle-right\" style=\"font-size: inherit;\"><\/i><span style=\"font-family: inherit; font-size: inherit;\">\u00a0<\/span><\/a><\/td>\n<\/tr>\n<tr style=\"height: 24px;\">\n<td class=\"xl69\" style=\"height: 24px; width: 31.6632%;\" height=\"20\">T\u00e9cnico Universitario Contable<\/td>\n<td class=\"xl66\" style=\"height: 24px; width: 14.3585%;\">Pregrado<\/td>\n<td class=\"xl66\" style=\"height: 24px; width: 9.17459%;\">T\u00e9cnico<\/td>\n<td class=\"xl66\" style=\"height: 24px; width: 8.2275%;\">3 a\u00f1os<\/td>\n<td class=\"xl67\" style=\"text-align: center; height: 24px; width: 8.89289%;\"><\/td>\n<td class=\"xl67\" style=\"text-align: center; height: 24px; width: 8.42597%;\"><\/td>\n<td class=\"xl67\" style=\"height: 24px; width: 7.0058%; text-align: center;\"><a href=\"https:\/\/web.sistemasfce.com.ar\/wordpress\/index.php\/tecnico-universitario-contable-esquel\/\"><i class=\"fa fa-arrow-circle-right\" style=\"font-size: inherit;\"><\/i><span style=\"font-family: inherit; font-size: inherit;\">\u00a0<\/span><\/a><\/td>\n<\/tr>\n<tr style=\"height: 24px;\">\n<td class=\"xl69\" style=\"height: 24px; width: 31.6632%;\" height=\"20\">T\u00e9cnico Universitario en Administraci\u00f3n P\u00fablica<\/td>\n<td class=\"xl66\" style=\"height: 24px; width: 14.3585%;\">Pregrado<\/td>\n<td class=\"xl66\" style=\"height: 24px; width: 9.17459%;\">T\u00e9cnico<\/td>\n<td class=\"xl66\" style=\"height: 24px; width: 8.2275%;\">3 a\u00f1os<\/td>\n<td class=\"xl67\" style=\"text-align: center; height: 24px; width: 8.89289%;\"><a href=\"https:\/\/web.sistemasfce.com.ar\/wordpress\/index.php\/alumnos-2\/carreras\/tecnico-univ-adm-publica-cr\/\"><i class=\"fa fa-arrow-circle-right\" style=\"font-size: inherit;\"><\/i><span style=\"font-family: inherit; font-size: inherit;\">\u00a0<\/span><\/a><\/td>\n<td class=\"xl67\" style=\"text-align: center; height: 24px; width: 8.42597%;\"><a href=\"https:\/\/web.sistemasfce.com.ar\/wordpress\/index.php\/tecnico-univ-adm-publica-tw\/\"><i class=\"fa fa-arrow-circle-right\" style=\"font-size: inherit;\"><\/i><span style=\"font-family: inherit; font-size: inherit;\">\u00a0<\/span><\/a><\/td>\n<td class=\"xl66\" style=\"height: 24px; width: 7.0058%;\"><\/td>\n<\/tr>\n<tr style=\"height: 24px;\">\n<td class=\"xl69\" style=\"height: 31px; width: 31.6632%;\" height=\"20\">T\u00e9cnico Universitario en Administraci\u00f3n Bancaria<\/td>\n<td class=\"xl66\" style=\"height: 31px; width: 14.3585%;\">Pregrado<\/td>\n<td class=\"xl66\" style=\"height: 31px; width: 9.17459%;\">T\u00e9cnico<\/td>\n<td class=\"xl66\" style=\"height: 31px; width: 8.2275%;\">3 a\u00f1os<\/td>\n<td class=\"xl67\" style=\"text-align: center; height: 31px; width: 8.89289%;\"><a href=\"https:\/\/web.sistemasfce.com.ar\/wordpress\/index.php\/alumnos-2\/carreras\/tecnico-univ-adm-bancaria-cr\/\"><i class=\"fa fa-arrow-circle-right\" style=\"font-size: inherit;\"><\/i><span style=\"font-family: inherit; font-size: inherit;\">\u00a0<\/span><\/a><\/td>\n<td class=\"xl67\" style=\"text-align: center; height: 31px; width: 8.42597%;\"><a href=\"https:\/\/web.sistemasfce.com.ar\/wordpress\/index.php\/alumnos-2\/carreras\/tecnico-univ-adm-bancaria-tw\/\"><i class=\"fa fa-arrow-circle-right\" style=\"font-size: inherit;\"><\/i><span style=\"font-family: inherit; font-size: inherit;\">\u00a0<\/span><\/a><\/td>\n<td class=\"xl66\" style=\"height: 31px; width: 7.0058%;\"><\/td>\n<\/tr>\n<\/tbody>\n<\/table>\n<p>&nbsp;<\/p>\n<p>[\/vc_column_text][\/vc_column][\/vc_row][\/vc_section]<\/p>\n<\/div><\/div>","protected":false},"excerpt":{"rendered":"<p>[vc_section css=&#8221;.vc_custom_1580927127270{background-position: center !important;background-repeat: no-repeat !important;background-size: cover !important;}&#8221;][vc_row][vc_column offset=&#8221;vc_col-lg-12&#8243;][vc_column_text]Las carreras tienen los mismos planes de &hellip; <\/p>\n","protected":false},"author":6,"featured_media":0,"parent":8175,"menu_order":0,"comment_status":"closed","ping_status":"closed","template":"","meta":{"pmpro_default_level":"","footnotes":""},"class_list":["post-8171","page","type-page","status-publish","hentry","pmpro-has-access"],"_links":{"self":[{"href":"https:\/\/web.sistemasfce.com.ar\/wordpress\/index.php\/wp-json\/wp\/v2\/pages\/8171","targetHints":{"allow":["GET"]}}],"collection":[{"href":"https:\/\/web.sistemasfce.com.ar\/wordpress\/index.php\/wp-json\/wp\/v2\/pages"}],"about":[{"href":"https:\/\/web.sistemasfce.com.ar\/wordpress\/index.php\/wp-json\/wp\/v2\/types\/page"}],"author":[{"embeddable":true,"href":"https:\/\/web.sistemasfce.com.ar\/wordpress\/index.php\/wp-json\/wp\/v2\/users\/6"}],"replies":[{"embeddable":true,"href":"https:\/\/web.sistemasfce.com.ar\/wordpress\/index.php\/wp-json\/wp\/v2\/comments?post=8171"}],"version-history":[{"count":47,"href":"https:\/\/web.sistemasfce.com.ar\/wordpress\/index.php\/wp-json\/wp\/v2\/pages\/8171\/revisions"}],"predecessor-version":[{"id":15869,"href":"https:\/\/web.sistemasfce.com.ar\/wordpress\/index.php\/wp-json\/wp\/v2\/pages\/8171\/revisions\/15869"}],"up":[{"embeddable":true,"href":"https:\/\/web.sistemasfce.com.ar\/wordpress\/index.php\/wp-json\/wp\/v2\/pages\/8175"}],"wp:attachment":[{"href":"https:\/\/web.sistemasfce.com.ar\/wordpress\/index.php\/wp-json\/wp\/v2\/media?parent=8171"}],"curies":[{"name":"wp","href":"https:\/\/api.w.org\/{rel}","templated":true}]}}