{"id":518,"date":"2018-04-20T18:40:34","date_gmt":"2018-04-20T18:40:34","guid":{"rendered":"https:\/\/web.sistemasfce.com.ar\/wordpress\/?page_id=518"},"modified":"2021-09-11T13:20:27","modified_gmt":"2021-09-11T13:20:27","slug":"nuevas-actividades-y-proyectos","status":"publish","type":"page","link":"https:\/\/web.sistemasfce.com.ar\/wordpress\/index.php\/extension\/nuevas-actividades-y-proyectos\/","title":{"rendered":"Nuevos Proyectos de Extensi\u00f3n"},"content":{"rendered":"<div class=\"wpb-content-wrapper\"><div id=\"modal-ready\"><p>[vc_row][vc_column][vc_column_text]<\/p>\n<p style=\"text-align: justify;\"><span style=\"color: #000000; font-family: georgia, palatino, serif; font-size: 12pt;\">Se entiende por extensi\u00f3n en t\u00e9rminos gen\u00e9ricos a la vinculaci\u00f3n con el medio m\u00e1s all\u00e1 de las actividades inherentes a la investigaci\u00f3n y a la docencia tanto de pregrado, grado como las de posgrado, cuyo prop\u00f3sito es abordar fen\u00f3menos, problem\u00e1ticas, necesidades y expectativas sociales; a partir del conocimiento cient\u00edfico, tecnol\u00f3gico y cultural generado y\/o acumulado en la Instituci\u00f3n.<\/span><\/p>\n<h4><span style=\"color: #333333; font-family: georgia, palatino, serif; font-size: 12pt;\">Normativa sobre proyectos y actividades de Extensi\u00f3n:<\/span><\/h4>\n<p><span style=\"color: #000000; font-family: georgia, palatino, serif; font-size: 12pt;\">Los tipos de Extensi\u00f3n que existen en la FCE est\u00e1n regulados por la Disposici\u00f3n 001\/20 CDFCE.<\/span>[\/vc_column_text][vc_video link=&#8221;https:\/\/youtu.be\/vs9erPkYXeM&#8221; el_width=&#8221;60&#8243; align=&#8221;center&#8221;][vc_column_text]<\/p>\n<p style=\"text-align: justify;\"><span style=\"color: #000000; font-size: 12pt; font-family: georgia, palatino, serif;\">La Secretar\u00eda de Extensi\u00f3n pone a disposici\u00f3n de los docentes, investigadores, profesionales y especialistas formularios dise\u00f1ados para completar con la informaci\u00f3n que ata\u00f1e al Proyecto de Extensi\u00f3n, o Charlas y Cursos en los que participar\u00e1 como Coordinador o Disertante.<\/span><\/p>\n<h4><\/h4>\n<h4><span style=\"color: #333333; font-size: 14pt; font-family: georgia, palatino, serif;\">Formularios para descargar:<\/span><\/h4>\n<p>[\/vc_column_text][vc_btn title=&#8221;Solicitud PROYECTO de Extensi\u00f3n&#8221; style=&#8221;3d&#8221; shape=&#8221;round&#8221; color=&#8221;primary&#8221; align=&#8221;left&#8221; i_type=&#8221;typicons&#8221; i_icon_typicons=&#8221;typcn typcn-download-outline&#8221; add_icon=&#8221;true&#8221; link=&#8221;url:http%3A%2F%2Fweb.sistemasfce.com.ar%2Fwordpress%2Fwp-content%2Fuploads%2F2019%2F04%2FFormulario_nuevo_PROYECTOS_de_extension.docx|title:Solicitud%20Actividad%20Nueva|target:%20_blank|&#8221; css=&#8221;.vc_custom_1631364431245{padding-left: 2px !important;border-radius: 10px !important;}&#8221;][vc_btn title=&#8221;Solicitud ACTIVIDAD de Extensi\u00f3n&#8221; style=&#8221;3d&#8221; shape=&#8221;round&#8221; color=&#8221;primary&#8221; align=&#8221;left&#8221; i_type=&#8221;typicons&#8221; i_icon_typicons=&#8221;typcn typcn-download-outline&#8221; add_icon=&#8221;true&#8221; link=&#8221;url:http%3A%2F%2Fweb.sistemasfce.com.ar%2Fwordpress%2Fwp-content%2Fuploads%2F2019%2F04%2FFormulario_nuevo_ACTIVIDADES_de_extensi%C3%B3n.docx|title:Solicitud%20Actividad%20Nueva|target:%20_blank|&#8221; css=&#8221;.vc_custom_1631364524328{border-left-width: 2px !important;}&#8221;][vc_btn title=&#8221;Solicitud PROYECTO de Extensi\u00f3n de C\u00c1TEDRA&#8221; style=&#8221;3d&#8221; shape=&#8221;round&#8221; color=&#8221;primary&#8221; align=&#8221;left&#8221; i_type=&#8221;typicons&#8221; i_icon_typicons=&#8221;typcn typcn-download-outline&#8221; add_icon=&#8221;true&#8221; link=&#8221;url:http%3A%2F%2Fweb.sistemasfce.com.ar%2Fwordpress%2Fwp-content%2Fuploads%2F2019%2F04%2FFormulario_Proyecto_Extensi%C3%B3n_de_C%C3%A1tedra_-_2019.docx|title:Solicitud%20Proyecto%20de%20C%C3%A1tedra%20Nuevo|target:%20_blank|&#8221;][vc_btn title=&#8221;Solicitud PROPUESTA de Extensi\u00f3n de C\u00c1TEDRA&#8221; style=&#8221;3d&#8221; shape=&#8221;round&#8221; color=&#8221;primary&#8221; align=&#8221;left&#8221; i_type=&#8221;typicons&#8221; i_icon_typicons=&#8221;typcn typcn-download-outline&#8221; add_icon=&#8221;true&#8221; link=&#8221;url:http%3A%2F%2Fweb.sistemasfce.com.ar%2Fwordpress%2Fwp-content%2Fuploads%2F2019%2F04%2FFormulario_Propuestas_de_Extensi%C3%B3n_-_2019.docx|title:Propuesta%20de%20Extensi%C3%B3n%20de%20C%C3%A1tedra|target:%20_blank|&#8221;][vc_btn title=&#8221;Tareas del COORDINADOR\/A de Actividades\/Proyectos&#8221; style=&#8221;3d&#8221; shape=&#8221;round&#8221; color=&#8221;primary&#8221; align=&#8221;left&#8221; i_type=&#8221;typicons&#8221; i_icon_typicons=&#8221;typcn typcn-download-outline&#8221; add_icon=&#8221;true&#8221; link=&#8221;url:http%3A%2F%2Fweb.sistemasfce.com.ar%2Fwordpress%2Fwp-content%2Fuploads%2F2019%2F04%2FTareas_de_quien_coordine_ACTIVIDADES_yo__PROYECTOS_de_extension.docx|title:Actividades%20del%20Coordinador|target:%20_blank|&#8221;][\/vc_column][\/vc_row][vc_row][vc_column][vc_column_text]<\/p>\n<h4><\/h4>\n<h4><span style=\"font-size: 14pt;\">\u00bfTen\u00e9s nuevos temas para actividades de Extensi\u00f3n?<\/span><\/h4>\n<p style=\"text-align: justify;\"><span style=\"font-family: georgia, palatino, serif; font-size: 12pt; color: #000000;\">Estimados Miembros de nuestra comunidad y zona de influencia de la Universidad Nacional de la Patagonia San Juan Bosco:<\/span><br \/>\n<span style=\"font-family: georgia, palatino, serif; font-size: 12pt; color: #000000;\">La Secretar\u00eda de Extensi\u00f3n pone a su disposici\u00f3n el siguiente Formulario Virtual para que sugiera tem\u00e1ticas de inter\u00e9s para que sean abordadas y organizadas por la Secretar\u00eda de Extensi\u00f3n de la Facultad de Ciencias Econ\u00f3micas.<\/span><\/p>\n<p>[\/vc_column_text][vc_btn title=&#8221;Formulario de PROPUESTA DE TEMAS para Actividades de Extensi\u00f3n&#8221; style=&#8221;3d&#8221; shape=&#8221;round&#8221; color=&#8221;pink&#8221; align=&#8221;center&#8221; i_type=&#8221;typicons&#8221; i_icon_typicons=&#8221;typcn typcn-download-outline&#8221; add_icon=&#8221;true&#8221; link=&#8221;url:https%3A%2F%2Fdocs.google.com%2Fforms%2Fd%2Fe%2F1FAIpQLSdrhF50fVON5V00czvcasnWvoLsfZsnigIdbYjBCtETgtZ14w%2Fviewform|title:Propuestas%20de%20Extensi%C3%B3n|target:%20_blank|&#8221;][\/vc_column][\/vc_row]<\/p>\n<\/div><\/div>","protected":false},"excerpt":{"rendered":"<p>[vc_row][vc_column][vc_column_text] Se entiende por extensi\u00f3n en t\u00e9rminos gen\u00e9ricos a la vinculaci\u00f3n con el medio m\u00e1s &hellip; <\/p>\n","protected":false},"author":6,"featured_media":0,"parent":516,"menu_order":0,"comment_status":"closed","ping_status":"closed","template":"","meta":{"pmpro_default_level":"","footnotes":""},"class_list":["post-518","page","type-page","status-publish","hentry","pmpro-has-access"],"_links":{"self":[{"href":"https:\/\/web.sistemasfce.com.ar\/wordpress\/index.php\/wp-json\/wp\/v2\/pages\/518","targetHints":{"allow":["GET"]}}],"collection":[{"href":"https:\/\/web.sistemasfce.com.ar\/wordpress\/index.php\/wp-json\/wp\/v2\/pages"}],"about":[{"href":"https:\/\/web.sistemasfce.com.ar\/wordpress\/index.php\/wp-json\/wp\/v2\/types\/page"}],"author":[{"embeddable":true,"href":"https:\/\/web.sistemasfce.com.ar\/wordpress\/index.php\/wp-json\/wp\/v2\/users\/6"}],"replies":[{"embeddable":true,"href":"https:\/\/web.sistemasfce.com.ar\/wordpress\/index.php\/wp-json\/wp\/v2\/comments?post=518"}],"version-history":[{"count":24,"href":"https:\/\/web.sistemasfce.com.ar\/wordpress\/index.php\/wp-json\/wp\/v2\/pages\/518\/revisions"}],"predecessor-version":[{"id":11673,"href":"https:\/\/web.sistemasfce.com.ar\/wordpress\/index.php\/wp-json\/wp\/v2\/pages\/518\/revisions\/11673"}],"up":[{"embeddable":true,"href":"https:\/\/web.sistemasfce.com.ar\/wordpress\/index.php\/wp-json\/wp\/v2\/pages\/516"}],"wp:attachment":[{"href":"https:\/\/web.sistemasfce.com.ar\/wordpress\/index.php\/wp-json\/wp\/v2\/media?parent=518"}],"curies":[{"name":"wp","href":"https:\/\/api.w.org\/{rel}","templated":true}]}}