{"id":516,"date":"2018-04-20T18:40:23","date_gmt":"2018-04-20T18:40:23","guid":{"rendered":"https:\/\/web.sistemasfce.com.ar\/wordpress\/?page_id=516"},"modified":"2023-03-31T21:21:30","modified_gmt":"2023-03-31T21:21:30","slug":"extension","status":"publish","type":"page","link":"https:\/\/web.sistemasfce.com.ar\/wordpress\/index.php\/extension\/","title":{"rendered":"Extensi\u00f3n"},"content":{"rendered":"<div class=\"wpb-content-wrapper\"><div id=\"modal-ready\"><p>[vc_row][vc_column][vc_video link=&#8221;https:\/\/youtu.be\/spnSfkP1RF0&#8243; el_width=&#8221;70&#8243; align=&#8221;center&#8221;][\/vc_column][\/vc_row][vc_row][vc_column parallax=&#8221;content-moving-fade&#8221; css_animation=&#8221;bounceInLeft&#8221;][vc_column_text]<\/p>\n<div class=\"wp-block-image\">\n<figure class=\"aligncenter is-resized\">\n<h3 style=\"text-align: left;\"><span style=\"font-size: 18pt;\"><strong><span style=\"color: #993366;\">\u00bfQu\u00e9 hacemos?<\/span><\/strong><\/span><\/h3>\n<\/figure>\n<\/div>\n<p style=\"text-align: left;\">En primer lugar, nuestra tarea consiste en coordinar todos aquellos asuntos relacionados a la inserci\u00f3n de nuestra Facultad con el medio. Para poder as\u00ed, desarrollar y promover una relaci\u00f3n interactiva entre alumnos, docentes, investigadores y sociedad, permitiendo la transferencia de conocimientos y experiencias.<\/p>\n<p style=\"text-align: left;\">A tal fin, coordinamos por medio de actividades de extensi\u00f3n, todas las relaciones de nuestra Facultad con las distintas organizaciones locales, regionales, provinciales, nacionales e internacionales.<\/p>\n<p><img loading=\"lazy\" decoding=\"async\" class=\"size-medium wp-image-13658 alignright\" src=\"https:\/\/web.sistemasfce.com.ar\/wordpress\/wp-content\/uploads\/2023\/03\/espana-800x445-1-300x170.png\" alt=\"\" width=\"300\" height=\"170\" srcset=\"https:\/\/web.sistemasfce.com.ar\/wordpress\/wp-content\/uploads\/2023\/03\/espana-800x445-1-300x170.png 300w, https:\/\/web.sistemasfce.com.ar\/wordpress\/wp-content\/uploads\/2023\/03\/espana-800x445-1-320x181.png 320w, https:\/\/web.sistemasfce.com.ar\/wordpress\/wp-content\/uploads\/2023\/03\/espana-800x445-1-480x272.png 480w, https:\/\/web.sistemasfce.com.ar\/wordpress\/wp-content\/uploads\/2023\/03\/espana-800x445-1-600x340.png 600w, https:\/\/web.sistemasfce.com.ar\/wordpress\/wp-content\/uploads\/2023\/03\/espana-800x445-1.png 742w\" sizes=\"auto, (max-width: 300px) 100vw, 300px\" \/><\/p>\n<p>El objetivo de la extensi\u00f3n universitaria es proyectar el quehacer universitario y cultural m\u00e1s all\u00e1 de las aulas.<\/p>\n<p><strong><em>\u00bfA qui\u00e9nes nos dirigimos?<\/em><\/strong><\/p>\n<p>A todos los integrantes de la sociedad en general, que exigen acciones de transferencia y difusi\u00f3n.<\/p>\n<figure class=\"wp-block-image is-resized\"><\/figure>\n<h3><span style=\"font-size: 12pt; color: #333399;\">Unidad de Apoyo Administrativo<\/span><\/h3>\n<p>Supervisa y coordina actividades administrativas de las delegaciones en las \u00e1reas de extensi\u00f3n.<\/p>\n<p>El objetivo de esta unidad, es la realizaci\u00f3n de tareas administrativas para el seguimiento y control de pagos de las diferentes actividades; adicionalmente, lleva a cabo la gesti\u00f3n de archivos y documentaci\u00f3n.<\/p>\n<h3><a href=\"https:\/\/web.sistemasfce.com.ar\/wordpress\/index.php\/extension\/nuevas-actividades-y-proyectos\/\" target=\"_blank\" rel=\"noopener\"><span style=\"color: #333399; font-size: 12pt;\">Actividades y Proyectos de Extensi\u00f3n<\/span><\/a><\/h3>\n<p>Se ocupa de la gesti\u00f3n de las actividades y proyectos de extensi\u00f3n, proponiendo acciones de corto, mediano y largo plazo con el objetivo de dar cumplimiento a las pol\u00edticas institucionales.<\/p>\n<p>A su vez, asesora a docentes y funcionarios de la Facultad sobre el marco normativo para llevar a cabo las diversas propuestas.<\/p>\n<p><!-- \/wp:post-content --><br \/><!-- wp:image {\"id\":8055,\"width\":444,\"height\":69} \/--><span style=\"font-family: georgia, palatino, serif; font-size: 12pt; color: #000000;\"><!-- \/wp:list --><\/span><\/p>\n<!-- wp:image {\"id\":8057,\"width\":409,\"height\":82} -->\n<figure class=\"wp-block-image is-resized\" style=\"text-align: justify;\"><\/figure>\n<h3><span style=\"color: #333399; font-size: 12pt;\">Comunicaci\u00f3n y Difusi\u00f3n<\/span><\/h3>\n<p><span style=\"color: #000000;\"><!-- \/wp:image --><\/span><\/p>\n<p><!-- wp:list -->Somos los encargados de gestionar, supervisar, coordinar e integrar las actividades de comunicaci\u00f3n interna y externa de nuestra Facultad, evaluando peri\u00f3dicamente su efectividad.<\/p>\n<p>Por otro lado, tenemos como objetivo dentro de esta funci\u00f3n, el desarrollo y reforzamiento de bases de datos de contactos con entidades externas a nuestra Instituci\u00f3n.<\/p>\n<p><span style=\"color: #000000;\"><!-- \/wp:list --><\/span><\/p>\n<!-- wp:image {\"id\":8059,\"width\":467,\"height\":81} -->\n<figure class=\"wp-block-image is-resized\"><\/figure>\n<h3><a href=\"https:\/\/web.sistemasfce.com.ar\/wordpress\/index.php\/extension\/servicios-a-terceros\/\" target=\"_blank\" rel=\"noopener\"><span style=\"color: #333399; font-size: 12pt;\">Servicios a Terceros y Vinculaci\u00f3n T\u00e9cnica<\/span><\/a><\/h3>\n<p><!-- \/wp:image -->Servicios a terceros promueve acciones y proyectos de asistencia t\u00e9cnica de la Facultad de Ciencias Econ\u00f3micas con asociaciones, organismos p\u00fablicos, organizaciones no gubernamentales y grupos sociales.<\/p>\n<p>Esta \u00e1rea es la encargada de mantener contactos sistem\u00e1ticos con instituciones p\u00fablicas, nacionales, provinciales y locales con el fin de detectar, dise\u00f1ar e implementar posibles servicios a terceros.<!-- wp:list --><\/p>\n<!-- wp:image {\"id\":8061,\"width\":212,\"height\":99} -->\n<figure class=\"wp-block-image is-resized\"><\/figure>\n<h3><a href=\"https:\/\/web.sistemasfce.com.ar\/wordpress\/index.php\/extension\/pasantias\/\" target=\"_blank\" rel=\"noopener\"><span style=\"color: #333399; font-size: 12pt;\">Pasant\u00edas<\/span><\/a><\/h3>\n<p><!-- \/wp:image --><br \/><!-- wp:list -->Nuestro Sistema de Pasant\u00edas tiene como objetivo la difusi\u00f3n de nuestro programa entre organizaciones e indagar sobre las necesidades de las mismas para promover la cooperaci\u00f3n entre la Facultad y la comunidad, para el fortalecimiento de la formaci\u00f3n de nuestros futuros profesionales.<\/p>\n<p>Dicha comunicaci\u00f3n es difundida permanentemente entre los estudiantes ya que entendemos que significa un aprendizaje experiencial para ellos.<\/p>\n<!-- wp:image {\"id\":8062,\"width\":606,\"height\":369} -->\n<figure class=\"wp-block-image is-resized\"><\/figure>\n<p><!-- \/wp:image -->\u00a0<\/p>\n<p>[\/vc_column_text][vc_text_separator title=&#8221;\u00a1Enterate de todas las novedades!&#8221; i_icon_fontawesome=&#8221;far fa-hand-point-right&#8221; add_icon=&#8221;true&#8221;][\/vc_column][\/vc_row][vc_row][vc_column][vc_btn title=&#8221;\u00a1Seguinos en Instagram!&#8221; style=&#8221;3d&#8221; color=&#8221;purple&#8221; align=&#8221;center&#8221; i_type=&#8221;monosocial&#8221; i_icon_monosocial=&#8221;vc-mono vc-mono-instagram&#8221; css_animation=&#8221;fadeInLeft&#8221; add_icon=&#8221;true&#8221; custom_onclick=&#8221;true&#8221; link=&#8221;url:https%3A%2F%2Finstagram.com%2Ffce.unpsjb%3Figshid%3DYmMyMTA2M2Y%3D|title:Instagram|target:_blank&#8221;][vc_btn title=&#8221;\u00a1Seguinos en Facebook!&#8221; style=&#8221;3d&#8221; color=&#8221;primary&#8221; align=&#8221;center&#8221; i_type=&#8221;monosocial&#8221; i_icon_monosocial=&#8221;vc-mono vc-mono-facebook&#8221; css_animation=&#8221;fadeInLeft&#8221; add_icon=&#8221;true&#8221; custom_onclick=&#8221;true&#8221; link=&#8221;url:https%3A%2F%2Fwww.facebook.com%2Ffce.unpsjb.oficial|title:Facebook|target:_blank&#8221;][vc_btn title=&#8221;\u00a1Seguinos en YouTube!&#8221; style=&#8221;3d&#8221; color=&#8221;danger&#8221; align=&#8221;center&#8221; i_type=&#8221;monosocial&#8221; i_icon_monosocial=&#8221;vc-mono vc-mono-youtube&#8221; css_animation=&#8221;fadeInLeft&#8221; add_icon=&#8221;true&#8221; custom_onclick=&#8221;true&#8221; link=&#8221;url:https%3A%2F%2Fyoutube.com%2F%40comunicacionfceunpsjb4387|title:YouTube|target:_blank&#8221;][\/vc_column][\/vc_row][vc_row][vc_column][\/vc_column][\/vc_row]<\/p>\n<\/div><\/div>","protected":false},"excerpt":{"rendered":"<p>[vc_row][vc_column][vc_video link=&#8221;https:\/\/youtu.be\/spnSfkP1RF0&#8243; el_width=&#8221;70&#8243; align=&#8221;center&#8221;][\/vc_column][\/vc_row][vc_row][vc_column parallax=&#8221;content-moving-fade&#8221; css_animation=&#8221;bounceInLeft&#8221;][vc_column_text] \u00bfQu\u00e9 hacemos? En primer lugar, nuestra tarea consiste en &hellip; <\/p>\n","protected":false},"author":6,"featured_media":0,"parent":0,"menu_order":0,"comment_status":"closed","ping_status":"closed","template":"","meta":{"pmpro_default_level":"","footnotes":""},"class_list":["post-516","page","type-page","status-publish","hentry","pmpro-has-access"],"_links":{"self":[{"href":"https:\/\/web.sistemasfce.com.ar\/wordpress\/index.php\/wp-json\/wp\/v2\/pages\/516","targetHints":{"allow":["GET"]}}],"collection":[{"href":"https:\/\/web.sistemasfce.com.ar\/wordpress\/index.php\/wp-json\/wp\/v2\/pages"}],"about":[{"href":"https:\/\/web.sistemasfce.com.ar\/wordpress\/index.php\/wp-json\/wp\/v2\/types\/page"}],"author":[{"embeddable":true,"href":"https:\/\/web.sistemasfce.com.ar\/wordpress\/index.php\/wp-json\/wp\/v2\/users\/6"}],"replies":[{"embeddable":true,"href":"https:\/\/web.sistemasfce.com.ar\/wordpress\/index.php\/wp-json\/wp\/v2\/comments?post=516"}],"version-history":[{"count":8,"href":"https:\/\/web.sistemasfce.com.ar\/wordpress\/index.php\/wp-json\/wp\/v2\/pages\/516\/revisions"}],"predecessor-version":[{"id":13680,"href":"https:\/\/web.sistemasfce.com.ar\/wordpress\/index.php\/wp-json\/wp\/v2\/pages\/516\/revisions\/13680"}],"wp:attachment":[{"href":"https:\/\/web.sistemasfce.com.ar\/wordpress\/index.php\/wp-json\/wp\/v2\/media?parent=516"}],"curies":[{"name":"wp","href":"https:\/\/api.w.org\/{rel}","templated":true}]}}