{"id":330,"date":"2018-04-17T13:58:36","date_gmt":"2018-04-17T13:58:36","guid":{"rendered":"https:\/\/web.sistemasfce.com.ar\/wordpress\/?page_id=330"},"modified":"2024-02-28T12:39:14","modified_gmt":"2024-02-28T15:39:14","slug":"investigadores","status":"publish","type":"page","link":"https:\/\/web.sistemasfce.com.ar\/wordpress\/index.php\/investigadores\/investigadores\/","title":{"rendered":"Investigadores"},"content":{"rendered":"<div class=\"wpb-content-wrapper\"><div id=\"modal-ready\"><p>[vc_row][vc_column][vc_column_text]<\/p>\n<h3><strong>INVESTIGADORES DE LA FACULTAD DE CIENCIAS ECON\u00d3MICAS<\/strong><\/h3>\n<p>&nbsp;<\/p>\n<p>Listado de Investigadores categorizados en el Sistema de Ciencia yT\u00e9cnica de la UNPSJB.[\/vc_column_text][\/vc_column][\/vc_row][vc_row][vc_column][vc_tta_accordion][vc_tta_section title=&#8221;INVESTIGADORES CATEGOR\u00cdA 1&#8243; tab_id=&#8221;1583350453385-6b38a8a5-6427&#8243;][vc_column_text]<\/p>\n<table style=\"height: 72px; width: 100%; border-collapse: collapse; border-color: #c9c1c1;\">\n<tbody>\n<tr style=\"height: 24px;\">\n<td style=\"width: 50%; height: 24px; background-color: #c9bbbb;\"><\/td>\n<td style=\"width: 50%; height: 24px; background-color: #c9bbbb;\"><span style=\"color: #000080;\"><strong>DISCIPLINA<\/strong><\/span><\/td>\n<\/tr>\n<tr style=\"height: 24px;\">\n<td style=\"width: 50%; height: 24px;\">KENT, \u00a0 Patricia<\/td>\n<td style=\"width: 50%; height: 24px;\">\u00a0\u00a0Econom\u00eda &#8211; Administraci\u00f3n &#8211; Contabilidad<\/td>\n<\/tr>\n<\/tbody>\n<\/table>\n<p>[\/vc_column_text][\/vc_tta_section][vc_tta_section title=&#8221;INVESTIGADORES\u00a0 CATEGOR\u00cdA 2&#8243; tab_id=&#8221;1583350453387-ea29f89c-78ad&#8221;][vc_column_text]<\/p>\n<table style=\"height: 72px; width: 100%; border-collapse: collapse; border-color: #c9c1c1;\">\n<tbody>\n<tr style=\"height: 24px;\">\n<td style=\"width: 50%; height: 24px; background-color: #c9bbbb;\"><\/td>\n<td style=\"width: 50%; height: 24px; background-color: #c9bbbb;\"><span style=\"color: #000080;\"><strong>DISCIPLINA<\/strong><\/span><\/td>\n<\/tr>\n<tr style=\"height: 24px;\">\n<td style=\"width: 50%; height: 24px;\">GIL, \u00a0 Jorge Manuel<\/td>\n<td style=\"width: 50%; height: 24px;\">Contabilidad<\/td>\n<\/tr>\n<tr style=\"height: 24px;\">\n<td style=\"width: 50%; height: 24px;\">LOSANO, \u00a0 Piedad Mar\u00eda<\/td>\n<td style=\"width: 50%; height: 24px;\">\u00a0Econom\u00eda &#8211; Administraci\u00f3n &#8211; Contabilidad<\/td>\n<\/tr>\n<\/tbody>\n<\/table>\n<p>[\/vc_column_text][\/vc_tta_section][vc_tta_section title=&#8221;INVESTIGADORES\u00a0 CATEGOR\u00cdA 3&#8243; tab_id=&#8221;1583350533019-7a0e5534-872a&#8221;][vc_column_text]<\/p>\n<table style=\"height: 360px; width: 100%; border-collapse: collapse; border-color: #c9c1c1;\">\n<tbody>\n<tr style=\"height: 24px;\">\n<td style=\"width: 50%; height: 24px; background-color: #c9bbbb;\"><\/td>\n<td style=\"width: 50%; height: 24px; background-color: #c9bbbb;\"><span style=\"color: #000080;\"><strong>DISCIPLINA<\/strong><\/span><\/td>\n<\/tr>\n<tr style=\"height: 24px;\">\n<td style=\"width: 50%; height: 24px;\">BALL, Facundo Ramiro<\/td>\n<td style=\"width: 50%; height: 24px;\">Econom\u00eda<\/td>\n<\/tr>\n<tr style=\"height: 24px;\">\n<td style=\"width: 50%; height: 24px;\">CARRIZO, \u00a0 Walter<\/td>\n<td style=\"width: 50%; height: 24px;\">\u00a0Econom\u00eda &#8211; Administraci\u00f3n &#8211; Contabilidad<\/td>\n<\/tr>\n<tr style=\"height: 24px;\">\n<td style=\"width: 50%; height: 24px;\">DANS, \u00a0 Marta Isabel<\/td>\n<td style=\"width: 50%; height: 24px;\">Inform\u00e1tica Educativa<\/td>\n<\/tr>\n<tr style=\"height: 24px;\">\n<td style=\"width: 50%; height: 24px;\">DEMARCHI, GabrielA<\/td>\n<td style=\"width: 50%; height: 24px;\">Antropolog\u00eda &#8211; Sociolog\u00eda &#8211; Ciencias Pol\u00edticas<\/td>\n<\/tr>\n<tr style=\"height: 24px;\">\n<td style=\"width: 50%; height: 24px;\">FANTINI, Adriana Claudia<\/td>\n<td style=\"width: 50%; height: 24px;\">Inform\u00e1tica Educativa<\/td>\n<\/tr>\n<tr style=\"height: 24px;\">\n<td style=\"width: 50%; height: 24px;\">FINKELSTEIN, \u00a0 Graciela D\u00e9bora<\/td>\n<td style=\"width: 50%; height: 24px;\">Historia &#8211; Geograf\u00eda<\/td>\n<\/tr>\n<tr style=\"height: 24px;\">\n<td style=\"width: 50%; height: 24px;\">GARC\u00cdA, \u00a0 Silvia Esther<\/td>\n<td style=\"width: 50%; height: 24px;\">Matem\u00e1tica Econ\u00f3mica<\/td>\n<\/tr>\n<tr style=\"height: 24px;\">\n<td style=\"width: 50%; height: 24px;\">GOMEZ, \u00a0 Ana Mar\u00eda<\/td>\n<td style=\"width: 50%; height: 24px;\">Historia y Geograf\u00eda<\/td>\n<\/tr>\n<tr style=\"height: 24px;\">\n<td style=\"width: 50%; height: 24px;\">IBA\u00d1EZ, Julio<\/td>\n<td style=\"width: 50%; height: 24px;\">Econom\u00eda &#8211; Econom\u00eda Regional<\/td>\n<\/tr>\n<tr style=\"height: 24px;\">\n<td style=\"width: 50%; height: 24px;\">LOPEZ, Silvia Mabel<\/td>\n<td style=\"width: 50%; height: 24px;\">Agronom\u00eda<\/td>\n<\/tr>\n<tr style=\"height: 24px;\">\n<td style=\"width: 50%; height: 24px;\">MAS, \u00a0 Mirta Noem\u00ed<\/td>\n<td style=\"width: 50%; height: 24px;\">Econom\u00eda &#8211; Administraci\u00f3n &#8211; Contabilidad<\/td>\n<\/tr>\n<tr style=\"height: 24px;\">\n<td style=\"width: 50%; height: 24px;\">SENDIN, \u00a0 Mar\u00eda Elena<\/td>\n<td style=\"width: 50%; height: 24px;\">Econom\u00eda &#8211; Administraci\u00f3n &#8211; Contabilidad<\/td>\n<\/tr>\n<tr style=\"height: 24px;\">\n<td style=\"width: 50%; height: 24px;\">TRIFAR\u00d3, \u00a0 Nora Beatr\u00edz<\/td>\n<td style=\"width: 50%; height: 24px;\">Econom\u00eda &#8211; Administraci\u00f3n &#8211; Contabilidad<\/td>\n<\/tr>\n<tr style=\"height: 24px;\">\n<td style=\"width: 50%; height: 24px;\">URIE, Daniel Enrique<\/td>\n<td style=\"width: 50%; height: 24px;\">Administraci\u00f3n<\/td>\n<\/tr>\n<tr style=\"height: 24px;\">\n<td style=\"width: 50%; height: 24px;\">USACH, Natalia<\/td>\n<td style=\"width: 50%; height: 24px;\">Historia &#8211; Geograf\u00eda<\/td>\n<\/tr>\n<\/tbody>\n<\/table>\n<p>[\/vc_column_text][\/vc_tta_section][vc_tta_section title=&#8221;INVESTIGADORES\u00a0 CATEGOR\u00cdA 4&#8243; tab_id=&#8221;1583350536821-cff39298-aa45&#8243;][vc_column_text]<\/p>\n<table style=\"height: 432px; width: 100%; border-collapse: collapse; border-color: #c9c1c1;\">\n<tbody>\n<tr style=\"height: 24px;\">\n<td style=\"width: 50%; height: 24px; background-color: #c9bbbb;\"><\/td>\n<td style=\"width: 50%; height: 24px; background-color: #c9bbbb;\"><span style=\"color: #000080;\"><strong>DISCIPLINA<\/strong><\/span><\/td>\n<\/tr>\n<tr style=\"height: 24px;\">\n<td style=\"width: 50%; height: 24px;\">ALMEIRA, Adriana Sandra<\/td>\n<td style=\"width: 50%; height: 24px;\">Econom\u00eda &#8211; Administraci\u00f3n &#8211; Contabilidad<\/td>\n<\/tr>\n<tr style=\"height: 24px;\">\n<td style=\"width: 50%; height: 24px;\">BARRERA, Ricardo<\/td>\n<td style=\"width: 50%; height: 24px;\">Sist\u00e9mica &#8211; Administraci\u00f3n<\/td>\n<\/tr>\n<tr style=\"height: 24px;\">\n<td style=\"width: 50%; height: 24px;\">BUSTOS, Alejandro<\/td>\n<td style=\"width: 50%; height: 24px;\">Econom\u00eda &#8211; Administraci\u00f3n &#8211; Contabilidad<\/td>\n<\/tr>\n<tr style=\"height: 24px;\">\n<td style=\"width: 50%; height: 24px;\">CESETTI ROSCINI, Mauro<\/td>\n<td style=\"width: 50%; height: 24px;\">Historia y Geograf\u00eda<\/td>\n<\/tr>\n<tr style=\"height: 24px;\">\n<td style=\"width: 50%; height: 24px;\">DUFOUR, \u00a0 Gabriela Mar\u00eda<\/td>\n<td style=\"width: 50%; height: 24px;\">Econom\u00eda &#8211; Econom\u00eda P\u00fablica<\/td>\n<\/tr>\n<tr style=\"height: 24px;\">\n<td style=\"width: 50%; height: 24px;\">FERNANDEZ, Mar\u00eda Victoria<\/td>\n<td style=\"width: 50%; height: 24px;\">Econom\u00eda &#8211; Administraci\u00f3n &#8211; Contabilidad<\/td>\n<\/tr>\n<tr style=\"height: 24px;\">\n<td style=\"width: 50%; height: 24px;\">GALLEGO LIVIGNI, Nicol\u00e1s<\/td>\n<td style=\"width: 50%; height: 24px;\">Humanidades<\/td>\n<\/tr>\n<tr style=\"height: 24px;\">\n<td style=\"width: 50%; height: 24px;\">LAVEGLIA, Fernando Horacio<\/td>\n<td style=\"width: 50%; height: 24px;\">Econom\u00eda &#8211; Econom\u00eda P\u00fablica<\/td>\n<\/tr>\n<tr style=\"height: 24px;\">\n<td style=\"width: 50%; height: 24px;\">MANSILLA, \u00a0 Marina Yolanda<\/td>\n<td style=\"width: 50%; height: 24px;\">Sociolog\u00eda &#8211; Representaciones Sociales<\/td>\n<\/tr>\n<tr style=\"height: 24px;\">\n<td style=\"width: 50%; height: 24px;\">MARTINEZ, Ana Karina<\/td>\n<td style=\"width: 50%; height: 24px;\">Historia y Geograf\u00eda<\/td>\n<\/tr>\n<tr style=\"height: 24px;\">\n<td style=\"width: 50%; height: 24px;\">RAMON, Jos\u00e9 Mar\u00eda<\/td>\n<td style=\"width: 50%; height: 24px;\">Sociolog\u00eda<\/td>\n<\/tr>\n<tr style=\"height: 24px;\">\n<td style=\"width: 50%; height: 24px;\">R\u00cdOS, \u00a0 \u00a0Martha Alicia<\/td>\n<td style=\"width: 50%; height: 24px;\">Matem\u00e1ticas<\/td>\n<\/tr>\n<tr style=\"height: 24px;\">\n<td style=\"width: 50%; height: 24px;\">RIUS, Pia Valeria<\/td>\n<td style=\"width: 50%; height: 24px;\">Antropolog\u00eda, Sociolog\u00eda, Ciencias Pol\u00edticas<\/td>\n<\/tr>\n<tr>\n<td style=\"width: 50%;\">TOCCHETTI, \u00a0 Yanina<\/td>\n<td style=\"width: 50%;\">Econom\u00eda &#8211; Administraci\u00f3n &#8211; Contabilidad<\/td>\n<\/tr>\n<tr>\n<td style=\"width: 50%;\">TORRES, Alejandro Javier<\/td>\n<td style=\"width: 50%;\">Administraci\u00f3n &#8211; Organizaciones<\/td>\n<\/tr>\n<tr>\n<td style=\"width: 50%;\">TRUCCO, Gabriel Gustavo<\/td>\n<td style=\"width: 50%;\">Econom\u00eda &#8211; Administraci\u00f3n &#8211; Contabilidad<\/td>\n<\/tr>\n<\/tbody>\n<\/table>\n<p>[\/vc_column_text][\/vc_tta_section][vc_tta_section title=&#8221;INVESTIGADORES\u00a0 CATEGOR\u00cdA 5&#8243; tab_id=&#8221;1583351329104-0cc82d90-bca2&#8243;][vc_column_text]<\/p>\n<table style=\"height: 816px; width: 100%; border-collapse: collapse; border-color: #c9c1c1;\">\n<tbody>\n<tr style=\"height: 24px;\">\n<td style=\"width: 50%; height: 24px; background-color: #c9bbbb;\"><\/td>\n<td style=\"width: 50%; height: 24px; background-color: #c9bbbb;\"><span style=\"color: #000080;\"><strong>DISCIPLINA<\/strong><\/span><\/td>\n<\/tr>\n<tr style=\"height: 24px;\">\n<td style=\"width: 50%; height: 24px;\">ALBERTOLI, Fernando Sebasti\u00e1n<\/td>\n<td style=\"width: 50%; height: 24px;\">Econom\u00eda &#8211; Administraci\u00f3n &#8211; Contabilidad<\/td>\n<\/tr>\n<tr style=\"height: 24px;\">\n<td style=\"width: 50%; height: 24px;\">ALONSO, Andrea Silvina<\/td>\n<td style=\"width: 50%; height: 24px;\">Econom\u00eda &#8211; Administraci\u00f3n &#8211; Contabilidad<\/td>\n<\/tr>\n<tr style=\"height: 24px;\">\n<td style=\"width: 50%; height: 24px;\">ARCE, Adriana Josefina<\/td>\n<td style=\"width: 50%; height: 24px;\">Econom\u00eda &#8211; Administraci\u00f3n &#8211; Contabilidad<\/td>\n<\/tr>\n<tr style=\"height: 24px;\">\n<td style=\"width: 50%; height: 24px;\">BALOCCHI, \u00a0 Alicia Lilian<\/td>\n<td style=\"width: 50%; height: 24px;\">Matem\u00e1ticas<\/td>\n<\/tr>\n<tr style=\"height: 24px;\">\n<td style=\"width: 50%; height: 24px;\">BARRERA, Dalder Hip\u00f3lito<\/td>\n<td style=\"width: 50%; height: 24px;\">Contabilidad<\/td>\n<\/tr>\n<tr style=\"height: 24px;\">\n<td style=\"width: 50%; height: 24px;\">BELCASTRO, Nilda Esther<\/td>\n<td style=\"width: 50%; height: 24px;\">Ingenier\u00eda<\/td>\n<\/tr>\n<tr style=\"height: 24px;\">\n<td style=\"width: 50%; height: 24px;\">BOCA, Franco Gianni<\/td>\n<td style=\"width: 50%; height: 24px;\">Humanidades<\/td>\n<\/tr>\n<tr style=\"height: 24px;\">\n<td style=\"width: 50%; height: 24px;\">BOGONI, \u00a0 Gladys Susana<\/td>\n<td style=\"width: 50%; height: 24px;\">Econom\u00eda &#8211; Administraci\u00f3n &#8211; Contabilidad<\/td>\n<\/tr>\n<tr style=\"height: 24px;\">\n<td style=\"width: 50%; height: 24px;\">BOTTARO, \u00a0 Hugo Santiago<\/td>\n<td style=\"width: 50%; height: 24px;\">Agronom\u00eda<\/td>\n<\/tr>\n<tr style=\"height: 24px;\">\n<td style=\"width: 50%; height: 24px;\">BRESSAN, \u00a0Alberto<\/td>\n<td style=\"width: 50%; height: 24px;\">Matem\u00e1tica<\/td>\n<\/tr>\n<tr style=\"height: 24px;\">\n<td style=\"width: 50%; height: 24px;\">BUCCI, \u00a0 Silvia Amale<\/td>\n<td style=\"width: 50%; height: 24px;\">Econom\u00eda &#8211; Administraci\u00f3n &#8211; Contabilidad<\/td>\n<\/tr>\n<tr style=\"height: 24px;\">\n<td style=\"width: 50%; height: 24px;\">CABALEIRO, Nora Cecilia<\/td>\n<td style=\"width: 50%; height: 24px;\">Econom\u00eda &#8211; Administraci\u00f3n &#8211; Contabilidad<\/td>\n<\/tr>\n<tr style=\"height: 24px;\">\n<td style=\"width: 50%; height: 24px;\">CIFUENTES VALENZUELA, Araceli<\/td>\n<td style=\"width: 50%; height: 24px;\">Econom\u00eda &#8211; Administraci\u00f3n &#8211; Contabilidad<\/td>\n<\/tr>\n<tr style=\"height: 24px;\">\n<td style=\"width: 50%; height: 24px;\">FELGUERAS, Julieta<\/td>\n<td style=\"width: 50%; height: 24px;\">Educaci\u00f3n<\/td>\n<\/tr>\n<tr style=\"height: 24px;\">\n<td style=\"width: 50%; height: 24px;\">FERRO, M\u00f3nica Beatriz<\/td>\n<td style=\"width: 50%; height: 24px;\">Econom\u00eda &#8211; Administraci\u00f3n &#8211; Contabilidad<\/td>\n<\/tr>\n<tr style=\"height: 24px;\">\n<td style=\"width: 50%; height: 24px;\">GIRI, Mirta Noem\u00ed<\/td>\n<td style=\"width: 50%; height: 24px;\">Econom\u00eda &#8211; Administraci\u00f3n &#8211; Contabilidad<\/td>\n<\/tr>\n<tr style=\"height: 24px;\">\n<td style=\"width: 50%; height: 24px;\">GONZ\u00c1LEZ, Fabiana Andrea<\/td>\n<td style=\"width: 50%; height: 24px;\">Educaci\u00f3n<\/td>\n<\/tr>\n<tr style=\"height: 24px;\">\n<td style=\"width: 50%; height: 24px;\">GUTIERREZ AZPARREN, Mariano Enrique<\/td>\n<td style=\"width: 50%; height: 24px;\">Derecho<\/td>\n<\/tr>\n<tr style=\"height: 24px;\">\n<td style=\"width: 50%; height: 24px;\">HELT, Estela<\/td>\n<td style=\"width: 50%; height: 24px;\">Educaci\u00f3n<\/td>\n<\/tr>\n<tr style=\"height: 24px;\">\n<td style=\"width: 50%; height: 24px;\">HERRERA, C\u00e9sar Vicente<\/td>\n<td style=\"width: 50%; height: 24px;\">Econom\u00eda &#8211; Finanzas P\u00fablicas &#8211; Recursos Naturales<\/td>\n<\/tr>\n<tr style=\"height: 24px;\">\n<td style=\"width: 50%; height: 24px;\">HUICHAQUEO MILLALEO, Alejandro Julian<\/td>\n<td style=\"width: 50%; height: 24px;\">Matem\u00e1ticas<\/td>\n<\/tr>\n<tr style=\"height: 24px;\">\n<td style=\"width: 50%; height: 24px;\">JONES, Alejandro Milton<\/td>\n<td style=\"width: 50%;\">Econom\u00eda &#8211; Finanzas P\u00fablicas &#8211; Recursos Naturales<\/td>\n<\/tr>\n<tr style=\"height: 24px;\">\n<td style=\"width: 50%; height: 24px;\">MARCH, Ver\u00f3nica Cristina<\/td>\n<td style=\"width: 50%;\">Administraci\u00f3n<\/td>\n<\/tr>\n<tr style=\"height: 24px;\">\n<td style=\"width: 50%; height: 24px;\">MUNAFO, Lidia Estela<\/td>\n<td style=\"width: 50%;\">Matem\u00e1tica<\/td>\n<\/tr>\n<tr style=\"height: 24px;\">\n<td style=\"width: 50%; height: 24px;\">PAZOS, Sebasti\u00e1n Andr\u00e9s<\/td>\n<td style=\"width: 50%;\">Econom\u00eda &#8211; Administraci\u00f3n &#8211; Contabilidad<\/td>\n<\/tr>\n<tr style=\"height: 24px;\">\n<td style=\"width: 50%; height: 24px;\">PEIRETTI, Daniel Adrian<\/td>\n<td style=\"width: 50%;\">Econom\u00eda<\/td>\n<\/tr>\n<tr style=\"height: 24px;\">\n<td style=\"width: 50%; height: 24px;\">PEREZ, Zulema<\/td>\n<td style=\"width: 50%;\">Econom\u00eda &#8211; Administraci\u00f3n &#8211; Contabilidad<\/td>\n<\/tr>\n<tr style=\"height: 24px;\">\n<td style=\"width: 50%; height: 24px;\">RAMIREZ, Irma Gladys<\/td>\n<td style=\"width: 50%;\">Administraci\u00f3n<\/td>\n<\/tr>\n<tr style=\"height: 24px;\">\n<td style=\"width: 50%; height: 24px;\">RAMIREZ, Mar\u00eda Celeste<\/td>\n<td style=\"width: 50%;\">Econom\u00eda &#8211; Administraci\u00f3n &#8211; Contabilidad<\/td>\n<\/tr>\n<tr style=\"height: 24px;\">\n<td style=\"width: 50%; height: 24px;\">RUSS, Andrea Mar\u00eda<\/td>\n<td style=\"width: 50%;\">Humanidades<\/td>\n<\/tr>\n<tr style=\"height: 24px;\">\n<td style=\"width: 50%; height: 24px;\">TORRES, \u00a0 Mar\u00eda Adriana<\/td>\n<td style=\"width: 50%;\">Econom\u00eda &#8211; Administraci\u00f3n &#8211; Contabilidad<\/td>\n<\/tr>\n<tr style=\"height: 24px;\">\n<td style=\"width: 50%; height: 24px;\">VERNIERI, Esteban<\/td>\n<td style=\"width: 50%; height: 24px;\">Sociolog\u00eda &#8211; Pol\u00edticas Sociales &#8211; Desarrollo Social<\/td>\n<\/tr>\n<\/tbody>\n<\/table>\n<p>[\/vc_column_text][\/vc_tta_section][\/vc_tta_accordion][\/vc_column][\/vc_row]<\/p>\n<\/div><\/div>","protected":false},"excerpt":{"rendered":"<p>[vc_row][vc_column][vc_column_text] INVESTIGADORES DE LA FACULTAD DE CIENCIAS ECON\u00d3MICAS &nbsp; Listado de Investigadores categorizados en el &hellip; <\/p>\n","protected":false},"author":6,"featured_media":0,"parent":324,"menu_order":0,"comment_status":"closed","ping_status":"closed","template":"","meta":{"pmpro_default_level":"","footnotes":""},"class_list":["post-330","page","type-page","status-publish","hentry","pmpro-has-access"],"_links":{"self":[{"href":"https:\/\/web.sistemasfce.com.ar\/wordpress\/index.php\/wp-json\/wp\/v2\/pages\/330","targetHints":{"allow":["GET"]}}],"collection":[{"href":"https:\/\/web.sistemasfce.com.ar\/wordpress\/index.php\/wp-json\/wp\/v2\/pages"}],"about":[{"href":"https:\/\/web.sistemasfce.com.ar\/wordpress\/index.php\/wp-json\/wp\/v2\/types\/page"}],"author":[{"embeddable":true,"href":"https:\/\/web.sistemasfce.com.ar\/wordpress\/index.php\/wp-json\/wp\/v2\/users\/6"}],"replies":[{"embeddable":true,"href":"https:\/\/web.sistemasfce.com.ar\/wordpress\/index.php\/wp-json\/wp\/v2\/comments?post=330"}],"version-history":[{"count":9,"href":"https:\/\/web.sistemasfce.com.ar\/wordpress\/index.php\/wp-json\/wp\/v2\/pages\/330\/revisions"}],"predecessor-version":[{"id":14497,"href":"https:\/\/web.sistemasfce.com.ar\/wordpress\/index.php\/wp-json\/wp\/v2\/pages\/330\/revisions\/14497"}],"up":[{"embeddable":true,"href":"https:\/\/web.sistemasfce.com.ar\/wordpress\/index.php\/wp-json\/wp\/v2\/pages\/324"}],"wp:attachment":[{"href":"https:\/\/web.sistemasfce.com.ar\/wordpress\/index.php\/wp-json\/wp\/v2\/media?parent=330"}],"curies":[{"name":"wp","href":"https:\/\/api.w.org\/{rel}","templated":true}]}}