{"id":328,"date":"2018-04-17T13:58:13","date_gmt":"2018-04-17T13:58:13","guid":{"rendered":"https:\/\/web.sistemasfce.com.ar\/wordpress\/?page_id=328"},"modified":"2023-05-06T12:33:01","modified_gmt":"2023-05-06T12:33:01","slug":"observatoriooeyat","status":"publish","type":"page","link":"https:\/\/web.sistemasfce.com.ar\/wordpress\/index.php\/investigadores\/observatoriooeyat\/","title":{"rendered":"Observatorio OEYAT"},"content":{"rendered":"<div class=\"wpb-content-wrapper\"><div id=\"modal-ready\"><p>[vc_row][vc_column][vc_column_text]<\/p>\n<h1 style=\"text-align: justify;\"><span style=\"color: #800080;\"><strong>Observatorio de Econom\u00eda y Administraci\u00f3n del Turismo (OEYAT)<\/strong><\/span><\/h1>\n<p>&nbsp;<\/p>\n<p style=\"text-align: justify;\"><span style=\"text-decoration: underline;\"><strong><em>Nombre de fantas\u00eda:<\/em><\/strong><\/span>\u00a0 Obsecatur<\/p>\n<p style=\"text-align: justify;\"><em><span style=\"text-decoration: underline;\"><strong>Director<\/strong><\/span><\/em>:\u00a0 Mg Piedad Losano<\/p>\n<p style=\"text-align: justify;\"><em><span style=\"text-decoration: underline;\"><strong>Mail<\/strong><\/span><\/em>: obsecatur@gmail.com<\/p>\n<p style=\"text-align: justify;\"><em><span style=\"text-decoration: underline;\"><strong>Dependencia Acad\u00e9mica<\/strong><\/span><\/em>: UNPSJB, Facultad de Ciencias Econ\u00f3micas, Sede Trelew, Dpto. Econom\u00eda.<\/p>\n<p style=\"text-align: justify;\"><em><strong><span style=\"text-decoration: underline;\">Dependencia Institucional<\/span><\/strong><\/em>: Instituto de Responsabilidad Social para el Desarrollo Sustentable (GETACE)<\/p>\n<p style=\"text-align: justify;\"><em><strong><span style=\"text-decoration: underline;\">Miembros del consejo asesor<\/span><\/strong><\/em>: Mg. Piedad Losano<\/p>\n<p>&nbsp;<\/p>\n<p style=\"text-align: justify;\"><span style=\"font-size: 14pt;\"><strong>Objetivos y l\u00edneas de estudio:<\/strong><\/span><\/p>\n<ul style=\"list-style-type: circle; text-align: justify;\">\n<li>Generar sistemas articulados de informaci\u00f3n que permitan formalizar bases de datos adecuadas para facilitar el an\u00e1lisis de la evoluci\u00f3n de la actividad tur\u00edstica y evaluar su importancia socioecon\u00f3mica, en las principales localidades de la regi\u00f3n.<\/li>\n<li>Promover conexiones con organismos p\u00fablicos, privados y de la\u00a0 sociedad civil vinculados a la actividad, a efectos de generar intercambios rec\u00edprocos de informaci\u00f3n y evaluar futuras necesidades de investigaci\u00f3n, de capacitaci\u00f3n y de asistencia t\u00e9cnica.<\/li>\n<li>Completar vac\u00edos de informaci\u00f3n relativa al conocimiento del mercado tur\u00edstico, la inserci\u00f3n de nuevos productos, la generaci\u00f3n de indicadores y el empleo de \u00edndices, entre otras actividades.<\/li>\n<li>Impulsar instancias de cooperaci\u00f3n, capacitaci\u00f3n, asesoramiento profesional y b\u00fasqueda de fuentes de financiamiento alternativas para alcanzar los objetivos propuestos.<\/li>\n<\/ul>\n<p>&nbsp;<\/p>\n<p style=\"text-align: justify;\"><span style=\"font-size: 14pt;\"><strong>Resumen de actividades realizadas:<\/strong><\/span><\/p>\n<ul style=\"text-align: justify;\">\n<li>Proyecto de investigaci\u00f3n SCYT 1503: Identificaci\u00f3n de la cadena de valor del turismo en la Provincia del Chubut. Unidad Ejecutora:\u00a0 Mg. Piedad Losano; Esp. Gladys Bogoni; Ing. Nilda Belcastro; Lic. Miguel Ubiria;\u00a0 Lic. Fiorella Polotto.<\/li>\n<\/ul>\n<p style=\"padding-left: 40px; text-align: justify;\">Aproximaci\u00f3n al relevamiento de datos que apunten a penetrar en las distintas capas que integran la composici\u00f3n de la cadena de valor tanto inter como intra empresas del sector tur\u00edstico provincial. Se solicitaron unos pocos rubros que, a juicio de los investigadores, fueran homog\u00e9neos a todos los subsectores, y estimaciones generales de la incidencia de cada uno. Por supuesto existen particularidades que afectan en mayor o menor grado a cada empresa; tampoco se solicit\u00f3 la tasa de beneficios.<\/p>\n<p style=\"padding-left: 40px; text-align: justify;\">Los rubros consultados fueron: Insumos, Salarios y honorarios, Mantenimiento y reparaciones, Publicidad \/ promoci\u00f3n, Renovaci\u00f3n equipamiento, Impuestos y cargas varias, y Otros costos. En el caso de EVTs., se hizo una clasificaci\u00f3n m\u00e1s reducida.<\/p>\n<p style=\"padding-left: 40px; text-align: justify;\">El relevamiento se realiz\u00f3 en las ciudades de Puerto Madryn, Trelew, Esquel y Comodoro Rivadavia.<\/p>\n<ul style=\"text-align: justify;\">\n<li>Proyecto de desarrollo del Turismo Comunitario en las aldeas rurales de la Meseta Central del Chubut. En colaboraci\u00f3n con el Instituto Patag\u00f3nico de Desarrollo Social (INPADES)<\/li>\n<\/ul>\n<p>&nbsp;<\/p>\n<p style=\"text-align: justify;\"><span style=\"font-size: 14pt;\"><strong>Actividades del proyecto:<\/strong><\/span><\/p>\n<p style=\"padding-left: 40px; text-align: justify;\">o\u00a0\u00a0 Jornada de extensi\u00f3n en Trelew<\/p>\n<p style=\"padding-left: 40px; text-align: justify;\">o\u00a0\u00a0 Declaratoria de inter\u00e9s legislativo mediante Resoluci\u00f3n N\u00b0 072\/17 HL<\/p>\n<p style=\"padding-left: 40px; text-align: justify;\">o\u00a0\u00a0 Talleres con estudiantes secundarios de la modalidad turismo en Las Plumas y en Gaiman<\/p>\n<p style=\"padding-left: 40px; text-align: justify;\">o\u00a0\u00a0 Presentaci\u00f3n en organismos de financiamiento: CFI, ASETUR (Apoyo Tecnol\u00f3gico Sector Tur\u00edstico)<\/p>\n<p style=\"text-align: justify;\">Fondo de Cooperaci\u00f3n de la Embajada Suiza, Convocatoria de Proyectos de Desarrollo Arm\u00f3nico con Equilibrio Territorial, Visita a las localidades.<\/p>\n<p>&nbsp;<\/p>\n<p style=\"text-align: justify;\"><span style=\"font-size: 14pt;\"><strong>Actividades programadas del proyecto:<\/strong><\/span><\/p>\n<ul style=\"list-style-type: circle;\">\n<li style=\"text-align: justify;\">Relevamiento integral del territorio: poblaci\u00f3n, caracter\u00edsticas sociales y de h\u00e1bitat, actividades econ\u00f3micas, medio f\u00edsico, infraestructura y servicios existentes y necesarios, potencialidad tur\u00edstica, recursos, etc. Estar\u00e1 a cargo de estudiantes de la Maestr\u00eda en Gesti\u00f3n de Espacios Litorales, FHyCS, UNPSJB<\/li>\n<li style=\"text-align: justify;\">Talleres con los pobladores y autoridades pol\u00edticas, acad\u00e9micas y civiles de la Provincia<\/li>\n<li style=\"text-align: justify;\">Capacitaciones varias a los pobladores<\/li>\n<li style=\"text-align: justify;\">Estudio de Demanda Potencial<\/li>\n<\/ul>\n<p>[\/vc_column_text][\/vc_column][\/vc_row]<\/p>\n<\/div><\/div>","protected":false},"excerpt":{"rendered":"<p>[vc_row][vc_column][vc_column_text] Observatorio de Econom\u00eda y Administraci\u00f3n del Turismo (OEYAT) &nbsp; Nombre de fantas\u00eda:\u00a0 Obsecatur Director:\u00a0 &hellip; <\/p>\n","protected":false},"author":6,"featured_media":0,"parent":324,"menu_order":0,"comment_status":"closed","ping_status":"closed","template":"","meta":{"pmpro_default_level":"","footnotes":""},"class_list":["post-328","page","type-page","status-publish","hentry","pmpro-has-access"],"_links":{"self":[{"href":"https:\/\/web.sistemasfce.com.ar\/wordpress\/index.php\/wp-json\/wp\/v2\/pages\/328","targetHints":{"allow":["GET"]}}],"collection":[{"href":"https:\/\/web.sistemasfce.com.ar\/wordpress\/index.php\/wp-json\/wp\/v2\/pages"}],"about":[{"href":"https:\/\/web.sistemasfce.com.ar\/wordpress\/index.php\/wp-json\/wp\/v2\/types\/page"}],"author":[{"embeddable":true,"href":"https:\/\/web.sistemasfce.com.ar\/wordpress\/index.php\/wp-json\/wp\/v2\/users\/6"}],"replies":[{"embeddable":true,"href":"https:\/\/web.sistemasfce.com.ar\/wordpress\/index.php\/wp-json\/wp\/v2\/comments?post=328"}],"version-history":[{"count":6,"href":"https:\/\/web.sistemasfce.com.ar\/wordpress\/index.php\/wp-json\/wp\/v2\/pages\/328\/revisions"}],"predecessor-version":[{"id":13806,"href":"https:\/\/web.sistemasfce.com.ar\/wordpress\/index.php\/wp-json\/wp\/v2\/pages\/328\/revisions\/13806"}],"up":[{"embeddable":true,"href":"https:\/\/web.sistemasfce.com.ar\/wordpress\/index.php\/wp-json\/wp\/v2\/pages\/324"}],"wp:attachment":[{"href":"https:\/\/web.sistemasfce.com.ar\/wordpress\/index.php\/wp-json\/wp\/v2\/media?parent=328"}],"curies":[{"name":"wp","href":"https:\/\/api.w.org\/{rel}","templated":true}]}}