{"id":316,"date":"2018-04-17T13:51:40","date_gmt":"2018-04-17T13:51:40","guid":{"rendered":"https:\/\/web.sistemasfce.com.ar\/wordpress\/?page_id=316"},"modified":"2020-02-27T18:33:20","modified_gmt":"2020-02-27T18:33:20","slug":"contacto-posgrados","status":"publish","type":"page","link":"https:\/\/web.sistemasfce.com.ar\/wordpress\/index.php\/posgrados-menu\/contacto-posgrados\/","title":{"rendered":"Contacto de Posgrados"},"content":{"rendered":"<div class=\"wpb-content-wrapper\"><div id=\"modal-ready\"><p>[vc_row][vc_column][vc_tta_tour style=&#8221;modern&#8221; controls_size=&#8221;md&#8221; active_section=&#8221;1&#8243; title=&#8221;INFORMES&#8221;][vc_tta_section title=&#8221;Sede Trelew&#8221; tab_id=&#8221;1582827024226-d1ff937c-e393&#8243;][vc_column_text]<\/p>\n<div>\n<p><strong>Sede Trelew<\/strong><\/p>\n<p>Pellegrini 420, 1\u00ba Piso. Trelew<\/p>\n<p>Tel\u00e9fono 0280-4423084 Op. 7<\/p>\n<p><a href=\"mailto:posgradostw@gmail.com\">posgradostw@gmail.com<\/a><\/p>\n<\/div>\n<p>[\/vc_column_text][vc_gmaps link=&#8221;#E-8_JTNDaWZyYW1lJTIwc3JjJTNEJTIyaHR0cHMlM0ElMkYlMkZ3d3cuZ29vZ2xlLmNvbSUyRm1hcHMlMkZlbWJlZCUzRnBiJTNEJTIxMW0xOCUyMTFtMTIlMjExbTMlMjExZDI5MDUuODU0NDc4MTcyMTUwMyUyMTJkLTY1LjMxMzA2OTI4NDk2NTIlMjEzZC00My4yNTQ0NzE1NzkxMzY5NyUyMTJtMyUyMTFmMCUyMTJmMCUyMTNmMCUyMTNtMiUyMTFpMTAyNCUyMTJpNzY4JTIxNGYxMy4xJTIxM20zJTIxMW0yJTIxMXMweGJlMDE0NGM3NzBiMjc3M2IlMjUzQTB4Y2YwZTZkOTA3MWZjZDczZiUyMTJzMSUyNUMyJTI1QkElMjUyMFBpc28lMjUyQyUyNTIwUGVsbGVncmluaSUyNTIwNDIwJTI1MkMlMjUyMFRyZWxldyUyNTJDJTI1MjBDaHVidXQlMjE1ZTAlMjEzbTIlMjExc2VzLTQxOSUyMTJzYXIlMjE0djE1ODI4Mjc2MjQ5NDclMjE1bTIlMjExc2VzLTQxOSUyMTJzYXIlMjIlMjB3aWR0aCUzRCUyMjYwMCUyMiUyMGhlaWdodCUzRCUyMjQ1MCUyMiUyMGZyYW1lYm9yZGVyJTNEJTIyMCUyMiUyMHN0eWxlJTNEJTIyYm9yZGVyJTNBMCUzQiUyMiUyMGFsbG93ZnVsbHNjcmVlbiUzRCUyMiUyMiUzRSUzQyUyRmlmcmFtZSUzRQ==&#8221; title=&#8221;Sede Trelew&#8221;][\/vc_tta_section][vc_tta_section title=&#8221;Delegaci\u00f3n Comodoro Rivadavia&#8221; tab_id=&#8221;1582827024228-98ae7058-11ca&#8221;][vc_column_text]<strong>Delegaci\u00f3n Acad\u00e9mica Comodoro Rivadavia<\/strong><\/p>\n<p>Km. 4 Universidad, 3er. Piso, Comodoro Rivadavia<\/p>\n<p>Tel\u00e9fono 0297-4550212<\/p>\n<p><a href=\"mailto:postgfce@unpata.edu.ar\">postgfce@unpata.edu.ar<\/a><\/p>\n<p>&nbsp;[\/vc_column_text][vc_gmaps link=&#8221;#E-8_JTNDaWZyYW1lJTIwc3JjJTNEJTIyaHR0cHMlM0ElMkYlMkZ3d3cuZ29vZ2xlLmNvbSUyRm1hcHMlMkZlbWJlZCUzRnBiJTNEJTIxMW0xOCUyMTFtMTIlMjExbTMlMjExZDI3ODAuMzM0NDMyNDUzODAxJTIxMmQtNjcuNDY1OTYxMDg0ODYxMDklMjEzZC00NS44MjQ1ODYzNzkxMDY5MDQlMjEybTMlMjExZjAlMjEyZjAlMjEzZjAlMjEzbTIlMjExaTEwMjQlMjEyaTc2OCUyMTRmMTMuMSUyMTNtMyUyMTFtMiUyMTFzMHhiZGU0NTYwOWRlMzVmOTMxJTI1M0EweGNmZTFhMTkyZGYzNzg5YjIlMjEyc1VuaXZlcnNpZGFkJTI1MjBOYWNpb25hbCUyNTIwZGUlMjUyMGxhJTI1MjBQYXRhZ29uaWElMjUyMFNhbiUyNTIwSnVhbiUyNTIwQm9zY28lMjUyMC0lMjUyMFNlZGUlMjUyMENvbW9kb3JvJTI1MjBSaXZhZGF2aWElMjE1ZTAlMjEzbTIlMjExc2VzLTQxOSUyMTJzYXIlMjE0djE1ODI4MjgxNTIwMjAlMjE1bTIlMjExc2VzLTQxOSUyMTJzYXIlMjIlMjB3aWR0aCUzRCUyMjYwMCUyMiUyMGhlaWdodCUzRCUyMjQ1MCUyMiUyMGZyYW1lYm9yZGVyJTNEJTIyMCUyMiUyMHN0eWxlJTNEJTIyYm9yZGVyJTNBMCUzQiUyMiUyMGFsbG93ZnVsbHNjcmVlbiUzRCUyMiUyMiUzRSUzQyUyRmlmcmFtZSUzRQ==&#8221; title=&#8221;Delegaci\u00f3n FCE- CR&#8221;][\/vc_tta_section][vc_tta_section title=&#8221;Delegacion Esquel&#8221; tab_id=&#8221;1582827211290-b5351eea-d661&#8243;][vc_column_text]<strong>Delegaci\u00f3n Acad\u00e9mica Esquel\u00a0<\/strong><\/p>\n<p>Ruta 259 S\/N , CP:9200 &#8211;\u00a0 Esquel<\/p>\n<p>Tel\u00e9fono (02945)45-0792<\/p>\n<p><a href=\"mailto:posgradosesquel@gmail.com\">posgradosesquel@gmail.com<\/a>[\/vc_column_text][vc_gmaps link=&#8221;#E-8_JTNDaWZyYW1lJTIwc3JjJTNEJTIyaHR0cHMlM0ElMkYlMkZ3d3cuZ29vZ2xlLmNvbSUyRm1hcHMlMkZlbWJlZCUzRnBiJTNEJTIxMW0xOCUyMTFtMTIlMjExbTMlMjExZDI5MTUuNDU3ODgwNTU4MDgxJTIxMmQtNzEuNDU5NDYzMzg0OTczMjUlMjEzZC00My4wNTI4MzY1NzkxNDY0MiUyMTJtMyUyMTFmMCUyMTJmMCUyMTNmMCUyMTNtMiUyMTFpMTAyNCUyMTJpNzY4JTIxNGYxMy4xJTIxM20zJTIxMW0yJTIxMXMweDk2MWRhOTcyM2UzMzAzODElMjUzQTB4MWM1YmRlNGVjNzI4M2U4NCUyMTJzUk4yNTklMjUyQyUyNTIwQ2h1YnV0JTIxNWUwJTIxM20yJTIxMXNlcy00MTklMjEyc2FyJTIxNHYxNTgyODI4MjU4MTEzJTIxNW0yJTIxMXNlcy00MTklMjEyc2FyJTIyJTIwd2lkdGglM0QlMjI2MDAlMjIlMjBoZWlnaHQlM0QlMjI0NTAlMjIlMjBmcmFtZWJvcmRlciUzRCUyMjAlMjIlMjBzdHlsZSUzRCUyMmJvcmRlciUzQTAlM0IlMjIlMjBhbGxvd2Z1bGxzY3JlZW4lM0QlMjIlMjIlM0UlM0MlMkZpZnJhbWUlM0U=&#8221; title=&#8221;Delegaci\u00f3n Esquel&#8221;][\/vc_tta_section][\/vc_tta_tour][\/vc_column][\/vc_row]<\/p>\n<\/div><\/div>","protected":false},"excerpt":{"rendered":"<p>[vc_row][vc_column][vc_tta_tour style=&#8221;modern&#8221; controls_size=&#8221;md&#8221; active_section=&#8221;1&#8243; title=&#8221;INFORMES&#8221;][vc_tta_section title=&#8221;Sede Trelew&#8221; tab_id=&#8221;1582827024226-d1ff937c-e393&#8243;][vc_column_text] Sede Trelew Pellegrini 420, 1\u00ba Piso. Trelew &hellip; <\/p>\n","protected":false},"author":6,"featured_media":0,"parent":8327,"menu_order":0,"comment_status":"closed","ping_status":"closed","template":"","meta":{"pmpro_default_level":"","footnotes":""},"class_list":["post-316","page","type-page","status-publish","hentry","pmpro-has-access"],"_links":{"self":[{"href":"https:\/\/web.sistemasfce.com.ar\/wordpress\/index.php\/wp-json\/wp\/v2\/pages\/316","targetHints":{"allow":["GET"]}}],"collection":[{"href":"https:\/\/web.sistemasfce.com.ar\/wordpress\/index.php\/wp-json\/wp\/v2\/pages"}],"about":[{"href":"https:\/\/web.sistemasfce.com.ar\/wordpress\/index.php\/wp-json\/wp\/v2\/types\/page"}],"author":[{"embeddable":true,"href":"https:\/\/web.sistemasfce.com.ar\/wordpress\/index.php\/wp-json\/wp\/v2\/users\/6"}],"replies":[{"embeddable":true,"href":"https:\/\/web.sistemasfce.com.ar\/wordpress\/index.php\/wp-json\/wp\/v2\/comments?post=316"}],"version-history":[{"count":21,"href":"https:\/\/web.sistemasfce.com.ar\/wordpress\/index.php\/wp-json\/wp\/v2\/pages\/316\/revisions"}],"predecessor-version":[{"id":9572,"href":"https:\/\/web.sistemasfce.com.ar\/wordpress\/index.php\/wp-json\/wp\/v2\/pages\/316\/revisions\/9572"}],"up":[{"embeddable":true,"href":"https:\/\/web.sistemasfce.com.ar\/wordpress\/index.php\/wp-json\/wp\/v2\/pages\/8327"}],"wp:attachment":[{"href":"https:\/\/web.sistemasfce.com.ar\/wordpress\/index.php\/wp-json\/wp\/v2\/media?parent=316"}],"curies":[{"name":"wp","href":"https:\/\/api.w.org\/{rel}","templated":true}]}}