{"id":293,"date":"2020-03-17T12:00:00","date_gmt":"2020-03-17T12:00:00","guid":{"rendered":"https:\/\/web.sistemasfce.com.ar\/wordpress\/?page_id=293"},"modified":"2022-09-14T19:49:12","modified_gmt":"2022-09-14T19:49:12","slug":"recursos-programa-educacion-sin-distancias","status":"publish","type":"page","link":"https:\/\/web.sistemasfce.com.ar\/wordpress\/index.php\/programa-educacion-sin-distancias\/recursos-programa-educacion-sin-distancias\/","title":{"rendered":"Programa Educaci\u00f3n sin Distancias Recursos para Docentes"},"content":{"rendered":"<div class=\"wpb-content-wrapper\"><div id=\"modal-ready\"><p>[vc_row][vc_column][vc_column_text]<\/p>\n<h2>Recursos Disponibles del PEsD<\/h2>\n<h5>En este espacio encontrar\u00e1s las indicaciones y ayuda para poder acceder y trabajar en el campus virtual.<\/h5>\n<p>[\/vc_column_text][\/vc_column][\/vc_row][vc_row][vc_column][vc_column_text]<\/p>\n<p style=\"text-align: justify;\"><span style=\"color: #000000;\">Desde el PEsD ponemos a disposici\u00f3n distintas herramientas con algunas orientaciones sobre la estructura y dise\u00f1o de un aula virtual. <\/span><span style=\"color: #000000;\">Tomamos como referencia los documentos y materiales que elabora regularmente el programa para la asistencia y orientaci\u00f3n a docentes que desarrollan cursos o asignaturas en forma virtual y la documentaci\u00f3n enviada por el SIED (Sistema Institucional de Educaci\u00f3n a Distancia) de la Universidad<\/span><\/p>\n<p>[\/vc_column_text][vc_btn title=&#8221;Nuevo Entorno de Ense\u00f1anza: Nuevos Aprendizajes&#8221; style=&#8221;custom&#8221; custom_background=&#8221;#8224e3&#8243; custom_text=&#8221;#e3f6f7&#8243; i_icon_fontawesome=&#8221;far fa-hand-point-right&#8221; add_icon=&#8221;true&#8221; link=&#8221;url:https%3A%2F%2Fview.genial.ly%2F5e7cfafb3eb3280e67a76bf1%2Fvertical-infographic-marco-de-estudio-virtual|||&#8221;][\/vc_column][\/vc_row][vc_row full_height=&#8221;yes&#8221; equal_height=&#8221;yes&#8221;][vc_column][vc_video link=&#8221;https:\/\/youtu.be\/L7d0p7nwHkw&#8221; title=&#8221;Recursos para Docentes&#8221; css=&#8221;.vc_custom_1585168594115{margin-top: 0px !important;border-top-width: 0px !important;padding-top: 0px !important;}&#8221;][vc_column_text]<span style=\"color: #000000;\">Desde el Programa hemos confeccionado una colecci\u00f3n de videos para proporcionarle al docente herramientas visuales que los acerque a la virtualidad a trav\u00e9s de las aulas del Campus Virtual de la Facultad de Ciencias Econ\u00f3micas.<br \/>\n<\/span>[\/vc_column_text][\/vc_column][\/vc_row][vc_row][vc_column width=&#8221;1\/3&#8243;]<div class=\"cq-cards-container top\" data-imageposition=\"top\" data-minheight=\"150\" data-smallheight=\"100\" data-backgroundcolor=\"#efefef\" data-captioncolor=\"\" data-autoplayspeed=\"4000\" data-buttonbg=\"\" data-buttonhoverbg=\"\" data-titlesize=\"\"><div class=\"card-image-container top\"><div class=\"card-image\"><div><a href=\"https:\/\/youtu.be\/8C_IAwGweqI\" title=\"\" target=\"\"><img decoding=\"async\" src=\"https:\/\/web.sistemasfce.com.ar\/wordpress\/wp-content\/uploads\/2020\/03\/1videotutorial-480x300.jpg\" \/><\/a><\/div><\/div><\/div><div class=\"card-caption-container top\"><div class=\"caption-content\"><h3>Matricular un Alumno en el Aula Virtual<\/h3><p class=\"caption\">Se\u00f1ala los pasos a seguir por el docente para matricular un estudiante\/alumno (es necesario que el alumno\/estudiante tenga usuario en el campus virtual).<\/p><\/div><\/div><\/div><div class=\"cq-cards-container top\" data-imageposition=\"top\" data-minheight=\"150\" data-smallheight=\"100\" data-backgroundcolor=\"#efefef\" data-captioncolor=\"\" data-autoplayspeed=\"4000\" data-buttonbg=\"\" data-buttonhoverbg=\"\" data-titlesize=\"\"><div class=\"card-image-container top\"><div class=\"card-image\"><div><a href=\"https:\/\/youtu.be\/-irb1xH1HQs\" title=\"\" target=\"\"><img decoding=\"async\" src=\"https:\/\/web.sistemasfce.com.ar\/wordpress\/wp-content\/uploads\/2020\/03\/2videotutorial-480x300.jpg\" \/><\/a><\/div><\/div><\/div><div class=\"card-caption-container top\"><div class=\"caption-content\"><h3>Copia de Seguridad<\/h3><p class=\"caption\">Tutorial para realizar una copia de seguridad del aula virtual y descargarla en la computadora personal.<\/p><\/div><\/div><\/div>[\/vc_column][vc_column width=&#8221;1\/3&#8243;]<div class=\"cq-cards-container top\" data-imageposition=\"top\" data-minheight=\"150\" data-smallheight=\"100\" data-backgroundcolor=\"#efefef\" data-captioncolor=\"\" data-autoplayspeed=\"4000\" data-buttonbg=\"\" data-buttonhoverbg=\"\" data-titlesize=\"\"><div class=\"card-image-container top\"><div class=\"card-image\"><div><a href=\"https:\/\/youtu.be\/L5B56CHtSHk\" title=\"\" target=\"\"><img decoding=\"async\" src=\"https:\/\/web.sistemasfce.com.ar\/wordpress\/wp-content\/uploads\/2020\/03\/2videotutorial-480x300.jpg\" \/><\/a><\/div><\/div><\/div><div class=\"card-caption-container top\"><div class=\"caption-content\"><h3>M\u00e9todos de Matriculaci\u00f3n<\/h3><p class=\"caption\">Gu\u00eda para asignar\/cambiar la clave de matriculaci\u00f3n de alumnos al aula virtual. Asignar una clave permite que los alumnos se auto-matriculen o que ingresen como invitados para bajar material.<\/p><\/div><\/div><\/div><div class=\"cq-cards-container top\" data-imageposition=\"top\" data-minheight=\"150\" data-smallheight=\"100\" data-backgroundcolor=\"#efefef\" data-captioncolor=\"\" data-autoplayspeed=\"4000\" data-buttonbg=\"\" data-buttonhoverbg=\"\" data-titlesize=\"\"><div class=\"card-image-container top\"><div class=\"card-image\"><div><a href=\"https:\/\/youtu.be\/BSrnDSA5MNU\" title=\"\" target=\"\"><img decoding=\"async\" src=\"https:\/\/web.sistemasfce.com.ar\/wordpress\/wp-content\/uploads\/2020\/03\/1videotutorial-480x300.jpg\" \/><\/a><\/div><\/div><\/div><div class=\"card-caption-container top\"><div class=\"caption-content\"><h3>Agregar Botones<\/h3><p class=\"caption\">Muestra los pasos a seguir para agregar botones en alguno de los m\u00e1rgenes (izquierdo\/derecho) del aula virtual. Estos botones generalmente son un medio para acceder a informaci\u00f3n de inter\u00e9s, por ejemplo el Programa de la asignatura, el Cronograma, etc..<\/p><\/div><\/div><\/div>[\/vc_column][vc_column width=&#8221;1\/3&#8243;]<div class=\"cq-cards-container top\" data-imageposition=\"top\" data-minheight=\"150\" data-smallheight=\"100\" data-backgroundcolor=\"#efefef\" data-captioncolor=\"\" data-autoplayspeed=\"4000\" data-buttonbg=\"\" data-buttonhoverbg=\"\" data-titlesize=\"\"><div class=\"card-image-container top\"><div class=\"card-image\"><div><a href=\"https:\/\/youtu.be\/V0eonZ8Niv0\" title=\"\" target=\"\"><img decoding=\"async\" src=\"https:\/\/web.sistemasfce.com.ar\/wordpress\/wp-content\/uploads\/2020\/03\/1videotutorial-480x300.jpg\" \/><\/a><\/div><\/div><\/div><div class=\"card-caption-container top\"><div class=\"caption-content\"><h3>Reiniciar el Aula Virtual<\/h3><p class=\"caption\">Gu\u00eda para vaciar el aula de datos de estudiantes\/alumnos, conservando los recursos y actividades. Esta operaci\u00f3n tambi\u00e9n permite eliminar todas sus participaciones en foros, tareas, cuestionarios, etc.<\/p><\/div><\/div><\/div><div class=\"cq-cards-container top\" data-imageposition=\"top\" data-minheight=\"150\" data-smallheight=\"100\" data-backgroundcolor=\"#efefef\" data-captioncolor=\"\" data-autoplayspeed=\"4000\" data-buttonbg=\"\" data-buttonhoverbg=\"\" data-titlesize=\"\"><div class=\"card-image-container top\"><div class=\"card-image\"><div><a href=\"https:\/\/youtu.be\/hRJoMwXVJe8\" title=\"\" target=\"\"><img decoding=\"async\" src=\"https:\/\/web.sistemasfce.com.ar\/wordpress\/wp-content\/uploads\/2020\/03\/2videotutorial-480x300.jpg\" \/><\/a><\/div><\/div><\/div><div class=\"card-caption-container top\"><div class=\"caption-content\"><h3>Publicar Etiquetas<\/h3><p class=\"caption\">Tutorial para publicar una etiqueta (texto o imagen) en el aula virtual.<\/p><\/div><\/div><\/div>[\/vc_column][\/vc_row][vc_row][vc_column][vc_tta_accordion active_section=&#8221;1&#8243; title=&#8221;Herramientas para realizar encuentros sicr\u00f3nicos &#8211; Videoconferencias&#8221;][vc_tta_section title=&#8221;Jitsi&#8221; tab_id=&#8221;1585778127213-7c083dfd-00c2&#8243;][vc_column_text]<span style=\"color: #000000;\"><strong>Jitsi <\/strong>es una p<\/span><span style=\"color: #000000;\">lataforma que proporciona videoconferencias de c\u00f3digo Abierto es decir Totalmente Gratuitas<\/span><\/p>\n<p>&nbsp;<\/p>\n<p>&nbsp;<\/p>\n<ul>\n<li><span style=\"color: #000000;\">El servicio puede utilizarse directamente desde el navegador sin instalar nada en la PC.<\/span><\/li>\n<li><span style=\"color: #000000;\">No se requiere contar con ninguna cuenta extra<\/span><\/li>\n<li><span style=\"color: #000000;\">Es una herramienta segura ya que todas las conversaciones son cifradas, es decir que cada reuni\u00f3n es totalmente encriptada.<\/span><\/li>\n<li><span style=\"color: #000000;\">Se puede utilizar todos los d\u00edas sin l\u00edmite de tiempo y sin restricci\u00f3n de cantidad de participantes.<\/span><\/li>\n<li><span style=\"color: #000000;\">Permite compartir la pantalla por lo que se puede hacer uso de presentaciones digitales, textos, im\u00e1genes, etc.<\/span><\/li>\n<li><span style=\"color: #000000;\">Posee un chat paralelo para intercambio de mensajes y emoticones<\/span><\/li>\n<\/ul>\n<p>[\/vc_column_text][\/vc_tta_section][vc_tta_section title=&#8221;Zoom&#8221; tab_id=&#8221;1585175286945-c15fc820-3898&#8243;][vc_column_text]Zoom es una plataforma que permite realizar videoconferencias, chatear e impartir webinars de forma r\u00e1pida y sencilla. Con esta herramienta podr\u00e1s hacer videollamadas y concertar reuniones con pares, alumnos y amigos.<\/p>\n<ul>\n<li>Disponible para escritorio o celulares.<\/li>\n<li>Al utilizar su versi\u00f3n gratuita se debe crear una cuenta en: <a href=\"https:\/\/zoom.us\/\">https:\/\/zoom.us\/<\/a><\/li>\n<li>su licencia Basic (gratuita), puede aceptar hasta 100 participantes, pero si hay m\u00e1s de 3 conectados, la duraci\u00f3n de la reuni\u00f3n es de 40 minutos.<\/li>\n<li>Permite programar la reuni\u00f3n con anterioridad,<\/li>\n<li>Permite grabar la reuni\u00f3n o clase.<\/li>\n<li>Permite compartir la pantalla.<\/li>\n<li>Permite utilizar una pizarra Virtual.<\/li>\n<li>Permite un chat paralelo<\/li>\n<\/ul>\n<p>[\/vc_column_text][\/vc_tta_section][vc_tta_section title=&#8221;Hangouts&#8221; tab_id=&#8221;1585175286945-2a7019e7-4cf7&#8243;][vc_column_text]Hangouts Chat permite que los equipos puedan trabajar f\u00e1cilmente en un solo lugar.<\/p>\n<ul>\n<li>Requiere de una cuenta de Gmail<\/li>\n<li>Es gratuito<\/li>\n<li>Puede utilizarse tando desde una m\u00e1quina de escritorio como desde el celular<\/li>\n<li>Permite desde mensajes directos hasta conversaciones de grupo<\/li>\n<li>Permite tanto Chat como Videollamadas<\/li>\n<li>No tiene restricci\u00f3n de tiempo<\/li>\n<\/ul>\n<p>[\/vc_column_text][\/vc_tta_section][vc_tta_section title=&#8221;YouTube&#8221; tab_id=&#8221;1585228653333-06fec538-7038&#8243;][vc_column_text]Permite transimitir en vivo, grabar una clase o video, e incluso subir clases pregrabadas<\/p>\n<ul>\n<li>Para empezar a realizar transmisiones (streaming) en vivo sobre esta plataforma, lo primero que debemos hacer es ingresar con una cuenta de Gmail (en caso de no tener, debe crearse una).<\/li>\n<li>Todas las transmisiones que realicemos quedar\u00e1n guardadas para que luego decidamos qu\u00e9 hacer con ellas.<\/li>\n<li>Requiere de c\u00e1mara, microfono y parlante para trasmitir.<\/li>\n<li>Las transmisiones pueden ser p\u00fablicas o acotadas a un grupo de personas.<\/li>\n<\/ul>\n<p>[\/vc_column_text][\/vc_tta_section][\/vc_tta_accordion][\/vc_column][\/vc_row][vc_row][vc_column][vc_tta_accordion active_section=&#8221;1&#8243; title=&#8221;Herramientas para Realizar Presentaciones&#8221;][vc_tta_section title=&#8221;Genially&#8221; tab_id=&#8221;1585229639027-f4a1f5a1-6d80&#8243;][vc_row_inner][vc_column_inner width=&#8221;1\/4&#8243;][vc_single_image image=&#8221;10039&#8243;][\/vc_column_inner][vc_column_inner width=&#8221;3\/4&#8243;][vc_column_text]Genially es una herramienta para creaciones de recursos digitales muy f\u00e1cil de usar. Con ella podr\u00e1s dise\u00f1ar infograf\u00edas, animaciones, recursos interactivos y presentaciones para tu curso virtual<\/p>\n<ul>\n<li>Es gratuito y muy intuitivo<\/li>\n<li>Permite cambiar el tama\u00f1o y forma de las letras, los colores del fondo, as\u00ed como insertar videos, im\u00e1genes y m\u00fasica.<\/li>\n<\/ul>\n<p>[\/vc_column_text][\/vc_column_inner][\/vc_row_inner][\/vc_tta_section][vc_tta_section title=&#8221;Prezzi&#8221; tab_id=&#8221;1585229639094-301127b0-2a88&#8243;][vc_row_inner][vc_column_inner width=&#8221;1\/4&#8243;][vc_single_image image=&#8221;10041&#8243;][\/vc_column_inner][vc_column_inner width=&#8221;3\/4&#8243;][vc_column_text]<span class=\"ILfuVd NA6bn\"><span class=\"e24Kjd\"><b>Prezi<\/b> es una aplicaci\u00f3n de presentaciones en l\u00ednea y una herramienta narrativa <b>que<\/b> usa un solo lienzo en vez de diapositivas tradicionales y separadas.<\/span><\/span><\/p>\n<ul>\n<li>Lo primero que tendr\u00e1s que hacer es crear una cuenta de Prezi<\/li>\n<li>Tiene una versi\u00f3n gratuita<\/li>\n<li><span class=\"ILfuVd NA6bn\"><span class=\"e24Kjd\">Permite crear presentaciones originales no lineales, donde pueden usar zoom en un mapa visual.<\/span><\/span><\/li>\n<li>Permite incrustar, texto animados , imagenes, videos, y audios<\/li>\n<\/ul>\n<p>[\/vc_column_text][\/vc_column_inner][\/vc_row_inner][\/vc_tta_section][vc_tta_section title=&#8221;PowerPoint&#8221; tab_id=&#8221;1585229753025-ad781028-5f10&#8243;][vc_row_inner][vc_column_inner width=&#8221;1\/4&#8243;][vc_single_image image=&#8221;10045&#8243;][\/vc_column_inner][vc_column_inner width=&#8221;3\/4&#8243;][vc_column_text]<span class=\"ILfuVd NA6bn\"><span class=\"e24Kjd\"><b>Power Point<\/b> o <b>PowerPoint es<\/b> el nombre de uno de los programas m\u00e1s populares creados por Microsoft. Se trata de un software que permite realizar presentaciones a trav\u00e9s de diapositivas. El programa contempla la posibilidad de utilizar texto, im\u00e1genes, m\u00fasica y animaciones.<\/span><\/span>[\/vc_column_text][\/vc_column_inner][\/vc_row_inner][\/vc_tta_section][vc_tta_section title=&#8221;Powtoon&#8221; tab_id=&#8221;1585230085973-09910342-e3f0&#8243;][vc_row_inner][vc_column_inner width=&#8221;1\/4&#8243;][vc_single_image image=&#8221;10043&#8243;][\/vc_column_inner][vc_column_inner width=&#8221;3\/4&#8243;][vc_column_text]<span class=\"ILfuVd NA6bn\"><span class=\"e24Kjd\"><b>PowToon<\/b> es una plataforma online para la creaci\u00f3n de animaciones y todo tipo de presentaciones en video.<\/span><\/span><\/p>\n<ul>\n<li><span class=\"ILfuVd NA6bn\"><span class=\"e24Kjd\"> Tiene una interfaz en ingl\u00e9s f\u00e1cil e intuitiva, cuenta con todas las herramientas necesarias para comenzar a crear presentaciones y v\u00eddeos animados <\/span><\/span><\/li>\n<li class=\"TrT0Xe\">Permite crear presentaciones y videos animados.<\/li>\n<li class=\"TrT0Xe\">Favorece la edici\u00f3n de videos.<\/li>\n<li class=\"TrT0Xe\">Permite didactizar un concepto, una idea o una situaci\u00f3n.<\/li>\n<li class=\"TrT0Xe\">Requiere conexi\u00f3n a internet.<\/li>\n<li class=\"TrT0Xe\">Puedes hacer una presentaci\u00f3n en el menor tiempo posible.<\/li>\n<li class=\"TrT0Xe\">Favorece la exportaci\u00f3n a Youtube.<\/li>\n<\/ul>\n<p>[\/vc_column_text][\/vc_column_inner][\/vc_row_inner][\/vc_tta_section][\/vc_tta_accordion][\/vc_column][\/vc_row]<\/p>\n<\/div><\/div>","protected":false},"excerpt":{"rendered":"<p>[vc_row][vc_column][vc_column_text] Recursos Disponibles del PEsD En este espacio encontrar\u00e1s las indicaciones y ayuda para poder &hellip; <\/p>\n","protected":false},"author":4,"featured_media":0,"parent":289,"menu_order":0,"comment_status":"closed","ping_status":"closed","template":"","meta":{"pmpro_default_level":"","footnotes":""},"class_list":["post-293","page","type-page","status-publish","hentry","pmpro-has-access"],"_links":{"self":[{"href":"https:\/\/web.sistemasfce.com.ar\/wordpress\/index.php\/wp-json\/wp\/v2\/pages\/293","targetHints":{"allow":["GET"]}}],"collection":[{"href":"https:\/\/web.sistemasfce.com.ar\/wordpress\/index.php\/wp-json\/wp\/v2\/pages"}],"about":[{"href":"https:\/\/web.sistemasfce.com.ar\/wordpress\/index.php\/wp-json\/wp\/v2\/types\/page"}],"author":[{"embeddable":true,"href":"https:\/\/web.sistemasfce.com.ar\/wordpress\/index.php\/wp-json\/wp\/v2\/users\/4"}],"replies":[{"embeddable":true,"href":"https:\/\/web.sistemasfce.com.ar\/wordpress\/index.php\/wp-json\/wp\/v2\/comments?post=293"}],"version-history":[{"count":36,"href":"https:\/\/web.sistemasfce.com.ar\/wordpress\/index.php\/wp-json\/wp\/v2\/pages\/293\/revisions"}],"predecessor-version":[{"id":11091,"href":"https:\/\/web.sistemasfce.com.ar\/wordpress\/index.php\/wp-json\/wp\/v2\/pages\/293\/revisions\/11091"}],"up":[{"embeddable":true,"href":"https:\/\/web.sistemasfce.com.ar\/wordpress\/index.php\/wp-json\/wp\/v2\/pages\/289"}],"wp:attachment":[{"href":"https:\/\/web.sistemasfce.com.ar\/wordpress\/index.php\/wp-json\/wp\/v2\/media?parent=293"}],"curies":[{"name":"wp","href":"https:\/\/api.w.org\/{rel}","templated":true}]}}