{"id":291,"date":"2020-03-28T13:44:26","date_gmt":"2020-03-28T13:44:26","guid":{"rendered":"https:\/\/web.sistemasfce.com.ar\/wordpress\/?page_id=291"},"modified":"2022-09-14T19:47:22","modified_gmt":"2022-09-14T19:47:22","slug":"recursos-para-alumnos-programa-educacion-sin-distancias","status":"publish","type":"page","link":"https:\/\/web.sistemasfce.com.ar\/wordpress\/index.php\/programa-educacion-sin-distancias\/recursos-para-alumnos-programa-educacion-sin-distancias\/","title":{"rendered":"Programa Educaci\u00f3n si Distancias Recursos para Alumnos"},"content":{"rendered":"<div class=\"wpb-content-wrapper\"><div id=\"modal-ready\"><p>[vc_row][vc_column][vc_custom_heading text=&#8221;Examenes en Tiempos de Aislamiento Social Preventivo y Obligatorio&#8221;]<div class=\"thim-widget-video template-video\">\n<div class=\"thim-video-box\">\n\t<div class=\"video-container\">\n\t\t<div class=\"video\"><iframe loading=\"lazy\" id=\"thim-video\" width=\"100%\" height=\"100%\" src=\"https:\/\/player.vimeo.com\/video\/431934121?portrait=0&title=0&byline=0&badge=0\" webkitallowfullscreen mozallowfullscreen allowfullscreen style=\"border: 0px;\"><\/iframe><\/div>\t<\/div>\n<\/div>\n<\/div>[\/vc_column][\/vc_row][vc_row][vc_column][vc_column_text]<\/p>\n<h3 style=\"text-align: center;\"><span style=\"font-size: 14pt;\">Respuestas a Preguntas Frecuentes<\/span><\/h3>\n<p>Desde El Programa Educaci\u00f3n sin Distancias (PEsD) hemos recopilado una serie de preguntas que realizan a diario los alumnos de la facultad a la hora de empezar a incursionar en el Campus Virtual. Aqu\u00ed les compartimos algunas respuestas\u00a0 a estas\u00a0 preguntas frecuentes.[\/vc_column_text][\/vc_column][\/vc_row][vc_row][vc_column][vc_toggle title=&#8221;\u00bfC\u00f3mo es la Plataforma Virtual ?&#8221;]<span style=\"color: #000000;\">Te sugerimos conozcas el entorno viendo el siguiente video:<a href=\"https:\/\/drive.google.com\/file\/d\/1CeY7jT0MOT40FCAUZuZrbte9uqkWQDJJ\/view?usp=sharing\"><img loading=\"lazy\" decoding=\"async\" class=\"aligncenter wp-image-10020\" src=\"http:\/\/aulas.sistemasfce.com.ar\/wordpress\/wp-content\/uploads\/2020\/03\/1videotutorial.jpg\" alt=\"\" width=\"143\" height=\"89\" srcset=\"https:\/\/web.sistemasfce.com.ar\/wordpress\/wp-content\/uploads\/2020\/03\/1videotutorial.jpg 638w, https:\/\/web.sistemasfce.com.ar\/wordpress\/wp-content\/uploads\/2020\/03\/1videotutorial-600x375.jpg 600w, https:\/\/web.sistemasfce.com.ar\/wordpress\/wp-content\/uploads\/2020\/03\/1videotutorial-300x188.jpg 300w, https:\/\/web.sistemasfce.com.ar\/wordpress\/wp-content\/uploads\/2020\/03\/1videotutorial-400x250.jpg 400w\" sizes=\"auto, (max-width: 143px) 100vw, 143px\" \/><\/a><\/span>[\/vc_toggle][vc_toggle title=&#8221;\u00bfC\u00f3mo me matriculo en el aula virtual?&#8221;]<span style=\"color: #000000;\">En primer lugar es importante que cuentes con un usuario y contrase\u00f1a. Luego deber\u00e1s seguir los pasos que se indican en el siguiente video:<\/span><\/p>\n<h2><a href=\"https:\/\/drive.google.com\/open?id=14H0iixeBl8veTRpzyHQBVkeWofYVTn5J\"><img loading=\"lazy\" decoding=\"async\" class=\"aligncenter wp-image-10023\" src=\"http:\/\/aulas.sistemasfce.com.ar\/wordpress\/wp-content\/uploads\/2020\/03\/2videotutorial.jpg\" alt=\"Tutorial: Auto-matricularme en un Aula Virtual\" width=\"148\" height=\"93\" srcset=\"https:\/\/web.sistemasfce.com.ar\/wordpress\/wp-content\/uploads\/2020\/03\/2videotutorial.jpg 638w, https:\/\/web.sistemasfce.com.ar\/wordpress\/wp-content\/uploads\/2020\/03\/2videotutorial-600x375.jpg 600w, https:\/\/web.sistemasfce.com.ar\/wordpress\/wp-content\/uploads\/2020\/03\/2videotutorial-300x188.jpg 300w, https:\/\/web.sistemasfce.com.ar\/wordpress\/wp-content\/uploads\/2020\/03\/2videotutorial-400x250.jpg 400w\" sizes=\"auto, (max-width: 148px) 100vw, 148px\" \/><\/a><\/h2>\n<p>[\/vc_toggle][vc_toggle title=&#8221;\u00bfQu\u00e9 sucede si olvid\u00e9 o no tengo mi usuario y contrase\u00f1a?&#8221;]<span style=\"color: #000000;\">Escribe al mail<\/span> <a href=\"mailto:educacionsindistancias.tw@gmail.com\">educacionsindistancias.tw@gmail.com<\/a> <span style=\"color: #000000;\">indicando<\/span><\/p>\n<ul>\n<li><span style=\"color: #000000;\">Nombre y Apellido completo,<\/span><\/li>\n<li><span style=\"color: #000000;\">DNI,<\/span><\/li>\n<li><span style=\"color: #000000;\">Localidad.<\/span><\/li>\n<li><span style=\"color: #000000;\">Sede\/Delegaci\u00f3n<\/span><\/li>\n<\/ul>\n<p>[\/vc_toggle][vc_toggle title=&#8221;Ingres\u00e9 al Campus Virtual pero no tengo la clave del aula virtual de la materia que estoy cursando \u00bfC\u00f3mo hago?&#8221;]<span style=\"color: #000000;\">Escribe al mail<\/span> <a href=\"mailto:educacionsindistancias.tw@gmail.com\">educacionsindistancias.tw@gmail.com<\/a> <span style=\"color: #000000;\">indicando:<\/span><\/p>\n<ul>\n<li><span style=\"color: #000000;\">Nombre y Apellido completo,<\/span><\/li>\n<li><span style=\"color: #000000;\">DNI,<\/span><\/li>\n<li><span style=\"color: #000000;\">Sede\/Delegaci\u00f3n donde cursas<\/span><\/li>\n<li><span style=\"color: #000000;\">y Materias en las que deseas ingresar.<\/span><\/li>\n<\/ul>\n<p>[\/vc_toggle][vc_toggle title=&#8221;\u00bfC\u00f3mo es la metodolog\u00eda de estudio en una propuesta virtual?&#8221;]<span style=\"color: #000000;\">Desde cada c\u00e1tedra se\u00a0 subir\u00e1n materiales para ver, escuchar o leer, se propondr\u00e1n actividades a desarrollar virtualmente, un cronograma de trabajo; encuentros por videoconferencias, por chat, resoluci\u00f3n de actividades en forma conjunta con el grupo de participantes, actividades individuales, etc.<\/span>[\/vc_toggle][vc_toggle title=&#8221;\u00bfDebo cumplir los mismos horarios de las clases presenciales?&#8221;]<span style=\"color: #000000;\">Los materiales estar\u00e1n disponibles en el aula virtual, por lo cual podr\u00e1s acceder a ellos en cualquier momento.\u00a0 El equipo de c\u00e1tedra podr\u00e1 proponer alg\u00fan encuentro sincr\u00f3nico en d\u00eda y horario\u00a0 a convenir. Si las condiciones externas como conectividad y recursos t\u00e9cnicos te lo permiten ser\u00eda conveniente que puedas participar.<\/span>[\/vc_toggle][vc_toggle title=&#8221;\u00bfC\u00f3mo es la metodolog\u00eda de estudio en una propuesta virtual?&#8221;]<span style=\"color: #000000;\">Desde cada c\u00e1tedra se\u00a0 subir\u00e1n materiales para ver, escuchar o leer, se propondr\u00e1n actividades a desarrollar virtualmente, un cronograma de trabajo; encuentros por videoconferencias, por chat, resoluci\u00f3n de actividades en forma conjunta con el grupo de participantes, actividades individuales, etc.<\/span>[\/vc_toggle][vc_toggle title=&#8221;\u00bfCu\u00e1ntas horas debo dedicar al desarrollo de mis asignaturas?&#8221;]<span style=\"color: #000000;\">Cada estudiante podr\u00e1 avanzar seg\u00fan su propio ritmo, la cantidad de horas en la plataforma virtual depender\u00e1 del ritmo en que avance, sin embargo es recomendable que por lo menos le dediques\u00a0 dos horas diarias a las lecturas, revisi\u00f3n del material y realizaci\u00f3n de tareas.<\/span>[\/vc_toggle][vc_toggle title=&#8221;\u00bfC\u00f3mo se estudia en la virtualidad?&#8221;]<span style=\"color: #000000;\">La modalidad educaci\u00f3n virtual no es m\u00e1s f\u00e1cil que\u00a0 la modalidad presencial. Se aborda el mismo contenido y se dedica la misma carga horaria. En vez de asistir a la clase presencial, se cursa\u00a0 desde tu casa a trav\u00e9s de dispositivos que tengan acceso a internet. Si tu acceso a internet es limitado, sugerimos la descarga de los materiales.<\/span>[\/vc_toggle][vc_toggle title=&#8221;\u00bfC\u00f3mo me comunico con los docentes y mis compa\u00f1eros dentro del aula virtual?&#8221;]<span style=\"color: #000000;\"><b>Las\u00a0 herramientas m\u00e1s frecuentes son : <\/b><\/span><\/p>\n<ul>\n<li><span style=\"color: #000000;\">Correo electr\u00f3nico: es una herramienta de comunicaci\u00f3n asincr\u00f3nica (se establece en distinto espacio de tiempo) que permite enviar mensajes a los participantes del curso. Estos mensajes pueden ser le\u00eddos en cualquier momento y funcionan exactamente igual que en cualquier programa de correo.<\/span><\/li>\n<li><span style=\"color: #000000;\">Foro: es una herramienta de comunicaci\u00f3n asincr\u00f3nica, al igual que el correo electr\u00f3nico. A trav\u00e9s de esta herramienta, el equipo de c\u00e1tedra\u00a0 puede organizar debates, comunicar, resolver dudas, etc. La ventaja que posee el foro, es que las consultas enviadas son compartidas y pueden ser resueltas no s\u00f3lo por el equipo de profesores, sino tambi\u00e9n por los propios compa\u00f1eros de curso, y lo que es muy importante, la respuesta a tu consulta puede serle \u00fatil a varios de tus compa\u00f1eros.<\/span><\/li>\n<\/ul>\n<p>[\/vc_toggle][vc_toggle title=&#8221;\u00bfTodas las dudas o preguntas las realizo al equipo de c\u00e1tedra?&#8221;]<span style=\"color: #000000;\">No. solo aquellas que se relacionan con el contenido o actividades propuestas por los docentes. Las preguntas relacionadas a cuestiones administrativas o t\u00e9cnicas,\u00a0 deber\u00e1n ser\u00a0 dirigidas\u00a0 a la direcci\u00f3n de mail:<\/span> <a href=\"mailto:educacionsindistancias.tw@gmail.com\">educacionsindistancias.tw@gmail.com<\/a>[\/vc_toggle][vc_toggle title=&#8221;\u00bfCu\u00e1l ser\u00e1 la forma de evaluaci\u00f3n?&#8221;]<span style=\"color: #000000;\">Se utilizan las mismas instancias de evaluaci\u00f3n que en la modalidad presencial tales como: trabajos individuales, trabajos grupales, participaci\u00f3n en foros, examen parcial o final por asignatura, desarrollo de investigaciones, entre otras. Cada c\u00e1tedra ir\u00e1 indicando c\u00f3mo se desarrollar\u00e1 la evaluaci\u00f3n.<\/span>[\/vc_toggle][\/vc_column][\/vc_row]<\/p>\n<\/div><\/div>","protected":false},"excerpt":{"rendered":"<p>[vc_row][vc_column][vc_custom_heading text=&#8221;Examenes en Tiempos de Aislamiento Social Preventivo y Obligatorio&#8221;][\/vc_column][\/vc_row][vc_row][vc_column][vc_column_text] Respuestas a Preguntas Frecuentes Desde &hellip; <\/p>\n","protected":false},"author":4,"featured_media":0,"parent":289,"menu_order":0,"comment_status":"closed","ping_status":"closed","template":"","meta":{"pmpro_default_level":"","footnotes":""},"class_list":["post-291","page","type-page","status-publish","hentry","pmpro-has-access"],"_links":{"self":[{"href":"https:\/\/web.sistemasfce.com.ar\/wordpress\/index.php\/wp-json\/wp\/v2\/pages\/291","targetHints":{"allow":["GET"]}}],"collection":[{"href":"https:\/\/web.sistemasfce.com.ar\/wordpress\/index.php\/wp-json\/wp\/v2\/pages"}],"about":[{"href":"https:\/\/web.sistemasfce.com.ar\/wordpress\/index.php\/wp-json\/wp\/v2\/types\/page"}],"author":[{"embeddable":true,"href":"https:\/\/web.sistemasfce.com.ar\/wordpress\/index.php\/wp-json\/wp\/v2\/users\/4"}],"replies":[{"embeddable":true,"href":"https:\/\/web.sistemasfce.com.ar\/wordpress\/index.php\/wp-json\/wp\/v2\/comments?post=291"}],"version-history":[{"count":15,"href":"https:\/\/web.sistemasfce.com.ar\/wordpress\/index.php\/wp-json\/wp\/v2\/pages\/291\/revisions"}],"predecessor-version":[{"id":10246,"href":"https:\/\/web.sistemasfce.com.ar\/wordpress\/index.php\/wp-json\/wp\/v2\/pages\/291\/revisions\/10246"}],"up":[{"embeddable":true,"href":"https:\/\/web.sistemasfce.com.ar\/wordpress\/index.php\/wp-json\/wp\/v2\/pages\/289"}],"wp:attachment":[{"href":"https:\/\/web.sistemasfce.com.ar\/wordpress\/index.php\/wp-json\/wp\/v2\/media?parent=291"}],"curies":[{"name":"wp","href":"https:\/\/api.w.org\/{rel}","templated":true}]}}