{"id":265,"date":"2018-04-17T13:34:03","date_gmt":"2018-04-17T13:34:03","guid":{"rendered":"https:\/\/web.sistemasfce.com.ar\/wordpress\/?page_id=265"},"modified":"2025-07-29T14:19:15","modified_gmt":"2025-07-29T17:19:15","slug":"pasantias","status":"publish","type":"page","link":"https:\/\/web.sistemasfce.com.ar\/wordpress\/index.php\/extension\/pasantias\/","title":{"rendered":"Pasant\u00edas"},"content":{"rendered":"<div class=\"wpb-content-wrapper\"><div id=\"modal-ready\"><p>[vc_row][vc_column][vc_btn title=&#8221;Formulario de Inscripci\u00f3n a Postulantes de Pasant\u00edas&#8221; style=&#8221;3d&#8221; color=&#8221;pink&#8221; size=&#8221;lg&#8221; align=&#8221;center&#8221; i_icon_fontawesome=&#8221;fas fa-angle-double-right&#8221; add_icon=&#8221;true&#8221; link=&#8221;url:https%3A%2F%2Fforms.gle%2F5stJPDvaLz7HRdRW8|target:_blank&#8221;][vc_empty_space][vc_column_text]<\/p>\n<h3 style=\"text-align: justify;\"><span style=\"color: #000000;\">\u00bfQu\u00e9 es una Pasant\u00eda Educativa?<\/span><\/h3>\n<p style=\"text-align: justify;\"><span style=\"color: #000000;\">Se entiende como \u201cpasant\u00eda educativa\u201d al conjunto de actividades formativas que realicen los estudiantes en organismos p\u00fablicos, empresas privadas, Instituciones sin fines de lucro, etc., sustantivamente relacionadas con la propuesta curricular de los estudios cursados en unidades educativas, que se reconoce como experiencia de alto valor pedag\u00f3gico, sin car\u00e1cter obligatorio.<\/span><\/p>\n<p>[\/vc_column_text][vc_single_image image=&#8221;12491&#8243; img_size=&#8221;full&#8221; add_caption=&#8221;yes&#8221; alignment=&#8221;center&#8221; title=&#8221;Instrumento de difusi\u00f3n de Pasant\u00edas&#8221;][vc_btn title=&#8221;Descargar&#8221; color=&#8221;primary&#8221; size=&#8221;xs&#8221; align=&#8221;center&#8221; link=&#8221;url:http%3A%2F%2Fweb.sistemasfce.com.ar%2Fwordpress%2Fwp-content%2Fuploads%2F2022%2F06%2Finstrumento-de-DIFUSION-DE-PASANTIAS-EDUCATIVAS.pdf|target:_blank&#8221;][vc_column_text css=&#8221;&#8221;]<\/p>\n<h3 style=\"text-align: justify;\"><span style=\"color: #000000; font-size: 16px;\">Objetivos del sistema de pasant\u00edas educativas<\/span><\/h3>\n<p style=\"text-align: justify;\"><span style=\"color: #000000;\">\u00a0 Los objetivos son lograr que los pasantes:<\/span><\/p>\n<ol style=\"text-align: justify;\">\n<li><span style=\"color: #000000;\">Profundicen la valoraci\u00f3n del trabajo como elemento indispensable y dignificador para la vida, desde una concepci\u00f3n cultural y no meramente utilitaria;\u00a0<\/span><\/li>\n<li><span style=\"color: #000000;\">Realicen pr\u00e1cticas complementarias a su formaci\u00f3n acad\u00e9mica, que enriquezcan la propuesta curricular de los estudios que cursan;<\/span><\/li>\n<li><span style=\"color: #000000;\">Incorporen saberes, habilidades y actitudes vinculados a situaciones reales del mundo del trabajo;<\/span><\/li>\n<li><span style=\"color: #000000;\">Adquieran conocimientos que contribuyan a mejorar sus posibilidades de inserci\u00f3n en el \u00e1mbito laboral;<\/span><\/li>\n<li><span style=\"color: #000000;\">Aumenten el conocimiento y manejo de tecnolog\u00edas vigentes;<\/span><\/li>\n<li><span style=\"color: #000000;\">Cuenten con herramientas que contribuyan a una correcta elecci\u00f3n u orientaci\u00f3n profesional futura;<\/span><\/li>\n<li><span style=\"color: #000000;\">Se beneficien con el mejoramiento de la propuesta formativa, a partir del v\u00ednculo entre las instituciones educativas y los organismos y empresas referidos en el art\u00edculo 1\u00ba de la ley de pasant\u00edas 26427\/08;<\/span><\/li>\n<li><span style=\"color: #000000;\">Progresen en el proceso de orientaci\u00f3n respecto de los posibles campos espec\u00edficos de desempe\u00f1o laboral.<\/span><\/li>\n<\/ol>\n<p style=\"text-align: justify;\"><span style=\"color: #000000;\">\u00a0 Los objetivos del sistema de pasant\u00edas apuntar\u00e1n, adem\u00e1s, a generar mecanismos fluidos de conexi\u00f3n entre la producci\u00f3n y la educaci\u00f3n, a los efectos de interactuar rec\u00edprocamente entre los objetivos de los contenidos educativos y los procesos tecnol\u00f3gicos y productivos.<\/span><\/p>\n<p>\u00a0[\/vc_column_text][vc_column_text css=&#8221;&#8221;]<\/p>\n<h3 style=\"text-align: justify;\"><span style=\"color: #000000; font-size: 16px;\"><a style=\"color: #000000;\" href=\"http:\/\/aulas.sistemasfce.com.ar\/wordpress\/wp-content\/uploads\/2019\/04\/instructivo_2018.pdf\" target=\"_blank\" rel=\"noopener noreferrer\">\u00bfQu\u00e9 significa ser pasante en la FCE &#8211; UNPSJB?<\/a><\/span><\/h3>\n<p style=\"font-weight: 400; text-align: justify;\"><span style=\"color: #000000;\">A los estudiantes les recordamos que para poder inscribirse en el Registro de Pasantes deber\u00e1n tener el <span style=\"text-decoration: underline;\"><em><strong>Primer A\u00f1o de la Carrera\u00a0 Aprobado.<\/strong><\/em><\/span><\/span><\/p>\n<p>[\/vc_column_text][vc_video link=&#8221;https:\/\/youtu.be\/KETkbS2gylk&#8221; el_width=&#8221;60&#8243; align=&#8221;center&#8221;][\/vc_column][vc_column][vc_column_text css=&#8221;&#8221;]<\/p>\n<h4><\/h4>\n<h3 style=\"text-align: justify;\"><span style=\"color: #000000;\"><strong>Normativas y Formularios<\/strong><\/span><\/h3>\n<p>&nbsp;<\/p>\n<table style=\"border-collapse: collapse; width: 101.284%; height: 200px;\">\n<tbody>\n<tr style=\"height: 24px;\">\n<td style=\"width: 33.1774%; text-align: center; height: 24px;\"><em><strong><span style=\"color: #000000;\">Normativa Nacional<\/span><\/strong><\/em><\/td>\n<td style=\"width: 22.038%; text-align: center; height: 24px;\"><em><span style=\"color: #000000;\"><strong>Normativa Universitaria<\/strong><\/span><\/em><\/td>\n<td style=\"width: 21.834%; text-align: center; height: 24px;\"><em><strong><span style=\"color: #000000;\">Docentes Gu\u00eda<\/span><\/strong><\/em><\/td>\n<td style=\"width: 21.6996%; text-align: center; height: 24px;\"><em><strong><span style=\"color: #000000;\">Formularios Modelos<\/span><\/strong><\/em><\/td>\n<\/tr>\n<tr style=\"height: 48px;\">\n<td style=\"width: 33.1774%; text-align: center; height: 48px;\"><span style=\"font-family: georgia, palatino, serif; font-size: 12pt;\"><a style=\"color: #000000;\" href=\"https:\/\/web.sistemasfce.com.ar\/wordpress\/wp-content\/uploads\/2019\/04\/ley_26427.pdf\" target=\"_blank\" rel=\"noopener noreferrer\">Ley 26427. Educaci\u00f3n. Seguridad Social. Pasant\u00edas<\/a><\/span><\/td>\n<td style=\"width: 22.038%; text-align: center; height: 48px;\"><span style=\"font-family: georgia, palatino, serif; font-size: 12pt;\"><a style=\"color: #000000;\" href=\"https:\/\/web.sistemasfce.com.ar\/wordpress\/wp-content\/uploads\/2019\/04\/Ordenanza_Consejo_Superior_125.pdf\" target=\"_blank\" rel=\"noopener noreferrer\">Ordenanza CS 125\/09<\/a><\/span><\/td>\n<td style=\"width: 21.834%; text-align: center; height: 48px;\"><span style=\"font-family: georgia, palatino, serif; font-size: 12pt;\"><a style=\"color: #000000;\" href=\"https:\/\/web.sistemasfce.com.ar\/wordpress\/wp-content\/uploads\/2019\/04\/003-14_Disp_DFCE.pdf\" target=\"_blank\" rel=\"noopener noreferrer\">Disposici\u00f3n 003-14 DFCE<\/a><\/span><\/td>\n<td style=\"width: 21.6996%; text-align: center; height: 48px;\"><a href=\"https:\/\/web.sistemasfce.com.ar\/wordpress\/wp-content\/uploads\/2022\/02\/CONVENIO_PASANTIAS_FCE.doc\" target=\"_blank\" rel=\"noopener\"><span style=\"font-family: georgia, palatino, serif; font-size: 12pt;\">Convenio Marco<\/span><\/a><\/td>\n<\/tr>\n<tr style=\"height: 48px;\">\n<td style=\"width: 33.1774%; text-align: center; height: 48px;\"><span style=\"font-family: georgia, palatino, serif; font-size: 12pt;\"><a style=\"color: #000000;\" href=\"https:\/\/web.sistemasfce.com.ar\/wordpress\/wp-content\/uploads\/2019\/04\/ley_26427_resolucion_conjunta_n_825338.pdf\" target=\"_blank\" rel=\"noopener noreferrer\">Resoluci\u00f3n Conjunta 825-09 MTESS y 338-09 ME<\/a><\/span><\/td>\n<td style=\"width: 22.038%; text-align: center; height: 48px;\"><span style=\"font-family: georgia, palatino, serif; font-size: 12pt;\"><a style=\"color: #000000;\" href=\"https:\/\/web.sistemasfce.com.ar\/wordpress\/wp-content\/uploads\/2019\/04\/Ordenanza_Consejo_Superior_129.pdf\" target=\"_blank\" rel=\"noopener noreferrer\">Ordenanza CS 129\/09<\/a><\/span><\/td>\n<td style=\"width: 21.834%; text-align: center; height: 48px;\"><span style=\"font-family: georgia, palatino, serif; font-size: 12pt;\"><a style=\"color: #000000;\" href=\"https:\/\/web.sistemasfce.com.ar\/wordpress\/wp-content\/uploads\/2019\/04\/INFORME_DEL_DOCENTE_GUIA.docx\" target=\"_blank\" rel=\"noopener noreferrer\">Informe Docente Gu\u00eda<\/a><\/span><\/td>\n<td style=\"width: 21.6996%; text-align: center; height: 48px;\"><span style=\"font-family: georgia, palatino, serif; font-size: 12pt;\"><a href=\"https:\/\/web.sistemasfce.com.ar\/wordpress\/wp-content\/uploads\/2022\/02\/Acuerdo_Individual_FCE.doc\" target=\"_blank\" rel=\"noopener\">Acuerdo Individual<\/a><\/span><\/td>\n<\/tr>\n<tr style=\"height: 24px;\">\n<td style=\"width: 33.1774%; text-align: center; height: 39px;\"><span style=\"font-family: georgia, palatino, serif; font-size: 12pt;\"><a style=\"color: #000000;\" href=\"https:\/\/web.sistemasfce.com.ar\/wordpress\/wp-content\/uploads\/2019\/04\/Resolucion_1225-09_SSS.pdf\" target=\"_blank\" rel=\"noopener noreferrer\">Resoluci\u00f3n 1225-09 SSS<\/a><\/span><\/td>\n<td style=\"width: 22.038%; text-align: center; height: 39px;\"><span style=\"font-family: georgia, palatino, serif; font-size: 12pt;\"><a style=\"color: #000000; text-decoration: underline;\" href=\"https:\/\/web.sistemasfce.com.ar\/wordpress\/wp-content\/uploads\/2020\/05\/REGLAMENTO-DE-PASANTIAS.pdf\" target=\"_blank\" rel=\"noopener noreferrer\">Reglamento de Pasant\u00edas FCE<\/a><\/span><\/td>\n<td style=\"width: 21.834%; text-align: center; height: 39px;\"><span style=\"font-family: georgia, palatino, serif; font-size: 12pt;\"><a style=\"color: #000000;\" href=\"https:\/\/web.sistemasfce.com.ar\/wordpress\/wp-content\/uploads\/2019\/04\/INFORME_DEL_PASANTE.docx\" target=\"_blank\" rel=\"noopener noreferrer\">Informe del Pasante<\/a><\/span><\/td>\n<td style=\"width: 21.6996%; text-align: center; height: 39px;\"><span style=\"font-family: georgia, palatino, serif; font-size: 12pt;\"><a style=\"color: #000000;\" href=\"https:\/\/web.sistemasfce.com.ar\/wordpress\/wp-content\/uploads\/2019\/04\/MODELO_RECIBO_PASANTIAS.doc\" target=\"_blank\" rel=\"noopener noreferrer\">Recibo Asignaci\u00f3n Est\u00edmulo<\/a><\/span><\/td>\n<\/tr>\n<tr style=\"height: 24px;\">\n<td style=\"width: 33.1774%; text-align: center; height: 41px;\"><\/td>\n<td style=\"width: 22.038%; text-align: center; height: 41px;\"><\/td>\n<td style=\"width: 21.834%; text-align: center; height: 41px;\"><span style=\"font-family: georgia, palatino, serif; font-size: 12pt;\"><a style=\"color: #000000;\" href=\"https:\/\/web.sistemasfce.com.ar\/wordpress\/wp-content\/uploads\/2019\/04\/INFORME_DEL_TUTOR.docx\" target=\"_blank\" rel=\"noopener noreferrer\">Informe del Tutor<\/a><\/span><\/td>\n<td style=\"width: 21.6996%; text-align: center; height: 41px;\"><\/td>\n<\/tr>\n<\/tbody>\n<\/table>\n<h4 style=\"text-align: justify;\"><\/h4>\n<p>&nbsp;<\/p>\n<h3 style=\"text-align: justify;\"><span style=\"color: #000000;\">Organizaciones Demandantes de Pasant\u00edas<\/span><\/h3>\n<p><em><a href=\"https:\/\/forms.gle\/QcAT9LqAfQ3rwsm37\" target=\"_blank\" rel=\"noopener noreferrer\">&#8220;Formulario para Organizaciones solicitantes de Pasant\u00edas&#8221;\u00a0<\/a><\/em>[\/vc_column_text][vc_btn title=&#8221;Listado de convenios para descargar&#8221; color=&#8221;danger&#8221; css=&#8221;&#8221; link=&#8221;url:http%3A%2F%2Ftahio.sistemasfce.com.ar%2Fpasantias_convenios%2F|target:_blank&#8221;][vc_column_text css=&#8221;&#8221;]<\/p>\n<p style=\"text-align: justify;\"><strong><span style=\"color: #000000; font-size: 12pt;\">Convenios Activos<\/span><\/strong><\/p>\n<p style=\"text-align: justify;\"><iframe loading=\"lazy\" src=\"http:\/\/tahio.sistemasfce.com.ar\/pasantias_convenios\/\" width=\"100%\" height=\"1600\" frameborder=\"0\"><\/iframe><\/p>\n<p>[\/vc_column_text][\/vc_column][vc_column][vc_column_text css=&#8221;&#8221;]<\/p>\n<h4 style=\"text-align: justify;\"><strong>Consultas:<\/strong><\/h4>\n<p style=\"font-weight: 400; text-align: justify;\"><span style=\"color: #000000;\"><span style=\"text-decoration: underline;\"><em>Sede Trelew<\/em><\/span>: San Mart\u00edn 407\u00a0 \u2192 lunes, mi\u00e9rcoles y viernes de 16:00 a 19:00 horas.<\/span><\/p>\n<p style=\"font-weight: 400; text-align: justify;\"><span style=\"color: #000000;\"><em><span style=\"text-decoration: underline;\">Delegaci\u00f3n Acad\u00e9mica Comodoro Rivadavia<\/span><\/em>: Ciudad Universitaria KM. 4 \u2192 de lunes a viernes de 09:00 a 13:00 horas.<\/span><\/p>\n<p style=\"font-weight: 400; text-align: justify;\"><span style=\"color: #000000;\"><em><span style=\"text-decoration: underline;\">Delegaci\u00f3n Acad\u00e9mica Esquel<\/span><\/em>: Edificio de Aulas, Campus Universitario \u201cIng. Aldo L\u00f3pez Guidi\u201d, Ruta Nacional N\u00b0 259 km 16,41 \u2192 de lunes a viernes de 09:00 a 13:00 horas.<\/span><\/p>\n<p>[\/vc_column_text][\/vc_column][\/vc_row][vc_row][vc_column][\/vc_column][\/vc_row][vc_row][vc_column][\/vc_column][\/vc_row][vc_row][vc_column][vc_btn][\/vc_column][\/vc_row]<\/p>\n<\/div><\/div>","protected":false},"excerpt":{"rendered":"<p>[vc_row][vc_column][vc_btn title=&#8221;Formulario de Inscripci\u00f3n a Postulantes de Pasant\u00edas&#8221; style=&#8221;3d&#8221; color=&#8221;pink&#8221; size=&#8221;lg&#8221; align=&#8221;center&#8221; i_icon_fontawesome=&#8221;fas fa-angle-double-right&#8221; add_icon=&#8221;true&#8221; &hellip; <\/p>\n","protected":false},"author":6,"featured_media":0,"parent":516,"menu_order":0,"comment_status":"closed","ping_status":"closed","template":"","meta":{"pmpro_default_level":"","footnotes":""},"class_list":["post-265","page","type-page","status-publish","hentry","pmpro-has-access"],"_links":{"self":[{"href":"https:\/\/web.sistemasfce.com.ar\/wordpress\/index.php\/wp-json\/wp\/v2\/pages\/265","targetHints":{"allow":["GET"]}}],"collection":[{"href":"https:\/\/web.sistemasfce.com.ar\/wordpress\/index.php\/wp-json\/wp\/v2\/pages"}],"about":[{"href":"https:\/\/web.sistemasfce.com.ar\/wordpress\/index.php\/wp-json\/wp\/v2\/types\/page"}],"author":[{"embeddable":true,"href":"https:\/\/web.sistemasfce.com.ar\/wordpress\/index.php\/wp-json\/wp\/v2\/users\/6"}],"replies":[{"embeddable":true,"href":"https:\/\/web.sistemasfce.com.ar\/wordpress\/index.php\/wp-json\/wp\/v2\/comments?post=265"}],"version-history":[{"count":63,"href":"https:\/\/web.sistemasfce.com.ar\/wordpress\/index.php\/wp-json\/wp\/v2\/pages\/265\/revisions"}],"predecessor-version":[{"id":15337,"href":"https:\/\/web.sistemasfce.com.ar\/wordpress\/index.php\/wp-json\/wp\/v2\/pages\/265\/revisions\/15337"}],"up":[{"embeddable":true,"href":"https:\/\/web.sistemasfce.com.ar\/wordpress\/index.php\/wp-json\/wp\/v2\/pages\/516"}],"wp:attachment":[{"href":"https:\/\/web.sistemasfce.com.ar\/wordpress\/index.php\/wp-json\/wp\/v2\/media?parent=265"}],"curies":[{"name":"wp","href":"https:\/\/api.w.org\/{rel}","templated":true}]}}