{"id":16326,"date":"2026-04-07T16:17:57","date_gmt":"2026-04-07T19:17:57","guid":{"rendered":"https:\/\/web.sistemasfce.com.ar\/wordpress\/?page_id=16326"},"modified":"2026-04-08T16:05:18","modified_gmt":"2026-04-08T19:05:18","slug":"oferta-academica-carreras","status":"publish","type":"page","link":"https:\/\/web.sistemasfce.com.ar\/wordpress\/index.php\/oferta-academica-carreras\/","title":{"rendered":"Oferta Acad\u00e9mica"},"content":{"rendered":"<div class=\"wpb-content-wrapper\"><div id=\"modal-ready\"><p>[vc_row][vc_column][vc_custom_heading text=&#8221;Oferta Acad\u00e9mica&#8221; font_container=&#8221;tag:h2|text_align:center|color:%23003360&#8243; css=&#8221;&#8221;][vc_custom_heading text=&#8221;Descubr\u00ed nuestras carreras de grado y pregrado con opciones presenciales, a distancia y combinadas en nuestras sede y delegaciones.&#8221; font_container=&#8221;tag:h4|text_align:center|color:%23003360&#8243; google_fonts=&#8221;font_family:Acme%3Aregular|font_style:400%20regular%3A400%3Anormal&#8221; css=&#8221;&#8221;][\/vc_column][\/vc_row][vc_row][vc_column][vc_tta_tabs style=&#8221;modern&#8221; alignment=&#8221;center&#8221; active_section=&#8221;1&#8243; no_fill_content_area=&#8221;true&#8221;][vc_tta_section i_icon_fontawesome=&#8221;fa fa-solid fa-arrow-up-right-dots&#8221; add_icon=&#8221;true&#8221; title=&#8221;Carreras de Grado&#8221; tab_id=&#8221;1775588109140-48d69326-fe2d&#8221;][vc_empty_space][vc_row_inner][vc_column_inner width=&#8221;1\/4&#8243;][vc_cta h2=&#8221;Contador P\u00fablico&#8221; h2_font_container=&#8221;tag:h4|text_align:center|color:%230E416D&#8221; h4=&#8221;Presencial&#8221; h4_font_container=&#8221;tag:h6|text_align:center|color:%230E416D&#8221; txt_align=&#8221;justify&#8221; add_icon=&#8221;top&#8221; i_icon_fontawesome=&#8221;fa fa-solid fa-person-chalkboard&#8221; i_size=&#8221;xs&#8221; css=&#8221;.vc_custom_1775610034759{padding-right: 10px !important;padding-left: 10px !important;}&#8221; use_custom_fonts_h2=&#8221;true&#8221; use_custom_fonts_h4=&#8221;true&#8221; h2_link=&#8221;url:%20https%3A%2F%2Fweb.sistemasfce.com.ar%2Fwordpress%2Findex.php%2Fperfil-c-p%2F&#8221;]<span style=\"font-size: 14px;\"><img loading=\"lazy\" decoding=\"async\" class=\"\" src=\"https:\/\/cdn-icons-png.flaticon.com\/128\/3917\/3917267.png\" alt=\"reloj free interface icon\" width=\"18\" height=\"18\" \/> 5 a\u00f1os<\/span><\/p>\n<p><span style=\"font-size: 14px;\"><i class=\"fi fi-sr-marker\"><img loading=\"lazy\" decoding=\"async\" class=\"\" src=\"https:\/\/cdn-icons-png.flaticon.com\/128\/3916\/3916880.png\" alt=\"marcador free interface icon\" width=\"18\" height=\"18\" \/><\/i>Trelew-Esquel-Comodoro Rivadavia<\/span>[\/vc_cta][\/vc_column_inner][vc_column_inner width=&#8221;1\/4&#8243;][vc_cta h2=&#8221;Licenciatura en Administraci\u00f3n&#8221; h2_font_container=&#8221;tag:h4|text_align:center|color:%230E416D&#8221; h4=&#8221;Presencial&#8221; h4_font_container=&#8221;tag:h6|text_align:center|color:%230E416D&#8221; add_icon=&#8221;top&#8221; i_icon_fontawesome=&#8221;fa fa-solid fa-person-chalkboard&#8221; i_size=&#8221;xs&#8221; css=&#8221;.vc_custom_1775606318490{padding-right: 5px !important;padding-left: 5px !important;}&#8221; use_custom_fonts_h2=&#8221;true&#8221; use_custom_fonts_h4=&#8221;true&#8221; h2_link=&#8221;url:https%3A%2F%2Fweb.sistemasfce.com.ar%2Fwordpress%2Findex.php%2Fperfil-la%2F&#8221;]<span style=\"font-size: 14px;\"><img loading=\"lazy\" decoding=\"async\" class=\"\" src=\"https:\/\/cdn-icons-png.flaticon.com\/128\/3917\/3917267.png\" alt=\"reloj free interface icon\" width=\"18\" height=\"18\" \/> 4 a\u00f1os<\/span><\/p>\n<p><span style=\"font-size: 14px;\"><i class=\"fi fi-sr-marker\"><img loading=\"lazy\" decoding=\"async\" class=\"\" src=\"https:\/\/cdn-icons-png.flaticon.com\/128\/3916\/3916880.png\" alt=\"marcador free interface icon\" width=\"18\" height=\"18\" \/><\/i>Trelew &#8211; Comodoro Rivadavia<\/span>[\/vc_cta][\/vc_column_inner][vc_column_inner width=&#8221;1\/4&#8243;][vc_cta h2=&#8221;Licenciatura en Econom\u00eda&#8221; h2_font_container=&#8221;tag:h4|text_align:center&#8221; h4=&#8221;a Distancia&#8221; h4_font_container=&#8221;tag:h6|text_align:center|color:%233A6718&#8243; add_icon=&#8221;top&#8221; i_icon_fontawesome=&#8221;fa fa-solid fa-laptop-file&#8221; i_size=&#8221;xs&#8221; css=&#8221;&#8221; use_custom_fonts_h2=&#8221;true&#8221; use_custom_fonts_h4=&#8221;true&#8221; h2_link=&#8221;url:https%3A%2F%2Fweb.sistemasfce.com.ar%2Fwordpress%2Findex.php%2Flic-en-economia%2F&#8221;]<span style=\"font-size: 14px;\"><img loading=\"lazy\" decoding=\"async\" class=\"\" src=\"https:\/\/cdn-icons-png.flaticon.com\/128\/3917\/3917267.png\" alt=\"reloj free interface icon\" width=\"18\" height=\"18\" \/> 4 a\u00f1os<\/span><\/p>\n<p><span style=\"font-size: 14px;\"><i class=\"fi fi-sr-marker\"><img loading=\"lazy\" decoding=\"async\" class=\"\" src=\"https:\/\/cdn-icons-png.flaticon.com\/128\/3916\/3916880.png\" alt=\"marcador free interface icon\" width=\"18\" height=\"18\" \/><\/i>Trelew\u00a0<\/span>[\/vc_cta][\/vc_column_inner][vc_column_inner width=&#8221;1\/4&#8243;][vc_cta h2=&#8221;Lic. en Admin. de Empresas Tur\u00edsticas&#8221; h2_font_container=&#8221;tag:h4|text_align:center|color:%230E416D&#8221; h4=&#8221;Presencial&#8221; h4_font_container=&#8221;tag:h6|text_align:center|color:%230E416D&#8221; add_icon=&#8221;top&#8221; i_icon_fontawesome=&#8221;fa fa-solid fa-person-chalkboard&#8221; i_size=&#8221;xs&#8221; css=&#8221;&#8221; use_custom_fonts_h2=&#8221;true&#8221; use_custom_fonts_h4=&#8221;true&#8221; h2_link=&#8221;url:https%3A%2F%2Fweb.sistemasfce.com.ar%2Fwordpress%2Findex.php%2Flicenciatura-en-administracion-de-empresas-turisticas%2F&#8221;]<span style=\"font-size: 14px;\"><img loading=\"lazy\" decoding=\"async\" class=\"\" src=\"https:\/\/cdn-icons-png.flaticon.com\/128\/3917\/3917267.png\" alt=\"reloj free interface icon\" width=\"18\" height=\"18\" \/> 4 1\/2 a\u00f1os<\/span><\/p>\n<p><span style=\"font-size: 14px;\"><i class=\"fi fi-sr-marker\"><img loading=\"lazy\" decoding=\"async\" class=\"\" src=\"https:\/\/cdn-icons-png.flaticon.com\/128\/3916\/3916880.png\" alt=\"marcador free interface icon\" width=\"18\" height=\"18\" \/><\/i>Esquel<\/span>[\/vc_cta][\/vc_column_inner][\/vc_row_inner][\/vc_tta_section][vc_tta_section i_icon_fontawesome=&#8221;fa fa-solid fa-braille&#8221; add_icon=&#8221;true&#8221; title=&#8221;Carreras de Pregrado&#8221; tab_id=&#8221;1775588109141-4bbfa7c2-553f&#8221;][vc_row_inner][vc_column_inner width=&#8221;1\/3&#8243;][vc_cta h2=&#8221;Tecnicatura Universitaria Contable&#8221; h2_font_container=&#8221;tag:h4|text_align:center|color:%230E416D&#8221; h4=&#8221;Presencial&#8221; h4_font_container=&#8221;tag:h6|text_align:center|color:%230E416D&#8221; add_icon=&#8221;top&#8221; i_icon_fontawesome=&#8221;fa fa-solid fa-person-chalkboard&#8221; i_size=&#8221;xs&#8221; css=&#8221;.vc_custom_1775607577834{padding-right: 10px !important;padding-left: 10px !important;}&#8221; use_custom_fonts_h2=&#8221;true&#8221; use_custom_fonts_h4=&#8221;true&#8221; h2_link=&#8221;url:https%3A%2F%2Fweb.sistemasfce.com.ar%2Fwordpress%2Findex.php%2Ftuc%2F&#8221;]<span style=\"font-size: 14px;\"><img loading=\"lazy\" decoding=\"async\" class=\"\" src=\"https:\/\/cdn-icons-png.flaticon.com\/128\/3917\/3917267.png\" alt=\"reloj free interface icon\" width=\"18\" height=\"18\" \/> 3 a\u00f1os<\/span><\/p>\n<p><span style=\"font-size: 14px;\"><i class=\"fi fi-sr-marker\"><img loading=\"lazy\" decoding=\"async\" class=\"\" src=\"https:\/\/cdn-icons-png.flaticon.com\/128\/3916\/3916880.png\" alt=\"marcador free interface icon\" width=\"18\" height=\"18\" \/><\/i>\u00a0Esquel\u00a0<\/span>[\/vc_cta][\/vc_column_inner][vc_column_inner width=&#8221;1\/3&#8243;][vc_cta h2=&#8221;Tec. Univ. en Administraci\u00f3n&#8221; h2_font_container=&#8221;tag:h4|text_align:center|color:%230E416D&#8221; h4=&#8221;Presencial&#8221; h4_font_container=&#8221;tag:h6|text_align:center|color:%230E416D&#8221; add_icon=&#8221;top&#8221; i_icon_fontawesome=&#8221;fa fa-solid fa-person-chalkboard&#8221; i_size=&#8221;xs&#8221; css=&#8221;&#8221; use_custom_fonts_h2=&#8221;true&#8221; use_custom_fonts_h4=&#8221;true&#8221; h2_link=&#8221;url:https%3A%2F%2Fweb.sistemasfce.com.ar%2Fwordpress%2Findex.php%2Ftua2025%2F&#8221;]<img loading=\"lazy\" decoding=\"async\" class=\"lazy lazy-loaded\" src=\"https:\/\/cdn-icons-png.flaticon.com\/128\/3917\/3917267.png\" alt=\"reloj free interface icon\" width=\"18\" height=\"18\" data-lazy-type=\"image\" data-lazy-src=\"https:\/\/cdn-icons-png.flaticon.com\/128\/3917\/3917267.png\" \/> 2 1\/2 a\u00f1os<\/p>\n<p><i class=\"fi fi-sr-marker\"><img loading=\"lazy\" decoding=\"async\" class=\"lazy lazy-loaded\" src=\"https:\/\/cdn-icons-png.flaticon.com\/128\/3916\/3916880.png\" alt=\"marcador free interface icon\" width=\"18\" height=\"18\" data-lazy-type=\"image\" data-lazy-src=\"https:\/\/cdn-icons-png.flaticon.com\/128\/3916\/3916880.png\" \/><\/i>Trelew &#8211; Comodoro Rivadavia[\/vc_cta][\/vc_column_inner][vc_column_inner width=&#8221;1\/3&#8243;][vc_cta h2=&#8221;Tec. Univ. en Finanzas Empresariales&#8221; h2_font_container=&#8221;tag:h4|text_align:center|color:%230E416D&#8221; h4=&#8221;a Distancia&#8221; h4_font_container=&#8221;tag:h6|text_align:center|color:%234A7828&#8243; txt_align=&#8221;justify&#8221; add_icon=&#8221;top&#8221; i_icon_fontawesome=&#8221;fa fa-solid fa-laptop-file&#8221; i_size=&#8221;xs&#8221; css=&#8221;.vc_custom_1775609262662{padding-right: 5px !important;padding-left: 10px !important;}&#8221; use_custom_fonts_h2=&#8221;true&#8221; use_custom_fonts_h4=&#8221;true&#8221; h2_link=&#8221;url:https%3A%2F%2Fweb.sistemasfce.com.ar%2Fwordpress%2Findex.php%2Ftec-univ-en-finanzas-empresariales%2F&#8221;]<span style=\"font-size: 14px;\"><img loading=\"lazy\" decoding=\"async\" class=\"\" src=\"https:\/\/cdn-icons-png.flaticon.com\/128\/3917\/3917267.png\" alt=\"reloj free interface icon\" width=\"18\" height=\"18\" \/> 2 1\/2 a\u00f1os<\/span><\/p>\n<p><span style=\"font-size: 14px;\"><i class=\"fi fi-sr-marker\"><img loading=\"lazy\" decoding=\"async\" class=\"\" src=\"https:\/\/cdn-icons-png.flaticon.com\/128\/3916\/3916880.png\" alt=\"marcador free interface icon\" width=\"18\" height=\"18\" \/><\/i>Trelew\u00a0<\/span>[\/vc_cta][\/vc_column_inner][\/vc_row_inner][vc_row_inner][vc_column_inner width=&#8221;1\/4&#8243;][vc_cta h2=&#8221;Tec. Univ. Administrativa Contable&#8221; h2_font_container=&#8221;tag:h4|text_align:center|color:%230E416D&#8221; h4=&#8221;Presencial&#8221; h4_font_container=&#8221;tag:h4|text_align:center|color:%230E416D&#8221; add_icon=&#8221;top&#8221; i_icon_fontawesome=&#8221;fa fa-solid fa-person-chalkboard&#8221; i_size=&#8221;xs&#8221; css=&#8221;.vc_custom_1775675018767{padding-right: 1px !important;padding-left: 5px !important;}&#8221; use_custom_fonts_h2=&#8221;true&#8221; use_custom_fonts_h4=&#8221;true&#8221; h2_link=&#8221;url:https%3A%2F%2Fweb.sistemasfce.com.ar%2Fwordpress%2Findex.php%2Ftuacon23%2F&#8221;]<img loading=\"lazy\" decoding=\"async\" class=\"lazy lazy-loaded\" src=\"https:\/\/cdn-icons-png.flaticon.com\/128\/3917\/3917267.png\" alt=\"reloj free interface icon\" width=\"18\" height=\"18\" data-lazy-type=\"image\" data-lazy-src=\"https:\/\/cdn-icons-png.flaticon.com\/128\/3917\/3917267.png\" \/> 3 a\u00f1os<\/p>\n<p><i class=\"fi fi-sr-marker\"><img loading=\"lazy\" decoding=\"async\" class=\"lazy lazy-loaded\" src=\"https:\/\/cdn-icons-png.flaticon.com\/128\/3916\/3916880.png\" alt=\"marcador free interface icon\" width=\"18\" height=\"18\" data-lazy-type=\"image\" data-lazy-src=\"https:\/\/cdn-icons-png.flaticon.com\/128\/3916\/3916880.png\" \/><\/i>Trelew-Esquel-Comodoro Rivadavia[\/vc_cta][\/vc_column_inner][vc_column_inner width=&#8221;1\/4&#8243;][vc_cta h2=&#8221;Tec. Univ. Administraci\u00f3n P\u00fablica&#8221; h2_font_container=&#8221;tag:h4|text_align:center|color:%230E416D&#8221; h4=&#8221;Presencial&#8221; h4_font_container=&#8221;tag:h6|text_align:center|color:%230E416D&#8221; add_icon=&#8221;top&#8221; i_icon_fontawesome=&#8221;fa fa-solid fa-person-chalkboard&#8221; i_size=&#8221;xs&#8221; css=&#8221;.vc_custom_1775609371218{padding-right: 5px !important;padding-left: 10px !important;}&#8221; use_custom_fonts_h2=&#8221;true&#8221; use_custom_fonts_h4=&#8221;true&#8221; h2_link=&#8221;url:https%3A%2F%2Fweb.sistemasfce.com.ar%2Fwordpress%2Findex.php%2Ftuap%2F&#8221;]<img loading=\"lazy\" decoding=\"async\" class=\"lazy lazy-loaded\" src=\"https:\/\/cdn-icons-png.flaticon.com\/128\/3917\/3917267.png\" alt=\"reloj free interface icon\" width=\"18\" height=\"18\" data-lazy-type=\"image\" data-lazy-src=\"https:\/\/cdn-icons-png.flaticon.com\/128\/3917\/3917267.png\" \/> 3 a\u00f1os<\/p>\n<p><i class=\"fi fi-sr-marker\"><img loading=\"lazy\" decoding=\"async\" class=\"lazy lazy-loaded\" src=\"https:\/\/cdn-icons-png.flaticon.com\/128\/3916\/3916880.png\" alt=\"marcador free interface icon\" width=\"18\" height=\"18\" data-lazy-type=\"image\" data-lazy-src=\"https:\/\/cdn-icons-png.flaticon.com\/128\/3916\/3916880.png\" \/><\/i>Trelew -Comodoro Rivadavia[\/vc_cta][\/vc_column_inner][vc_column_inner width=&#8221;1\/4&#8243;][vc_cta h2=&#8221;Tec. Univ. en Finanzas Digitales&#8221; h2_font_container=&#8221;tag:h4|text_align:center|color:%230E416D&#8221; h4=&#8221;Presencialidad Combinada&#8221; h4_font_container=&#8221;tag:h6|text_align:center|color:%238224E3&#8243; add_icon=&#8221;top&#8221; i_icon_fontawesome=&#8221;fa fa-solid fa-house-laptop&#8221; i_size=&#8221;xs&#8221; css=&#8221;.vc_custom_1775675058936{padding-right: 1px !important;padding-left: 5px !important;}&#8221; use_custom_fonts_h2=&#8221;true&#8221; use_custom_fonts_h4=&#8221;true&#8221; h2_link=&#8221;url:https%3A%2F%2Fweb.sistemasfce.com.ar%2Fwordpress%2Findex.php%2Ftufd%2F&#8221;]<img loading=\"lazy\" decoding=\"async\" class=\"lazy lazy-loaded\" src=\"https:\/\/cdn-icons-png.flaticon.com\/128\/3917\/3917267.png\" alt=\"reloj free interface icon\" width=\"18\" height=\"18\" data-lazy-type=\"image\" data-lazy-src=\"https:\/\/cdn-icons-png.flaticon.com\/128\/3917\/3917267.png\" \/> 2 a\u00f1os<\/p>\n<p><i class=\"fi fi-sr-marker\"><img loading=\"lazy\" decoding=\"async\" class=\"lazy lazy-loaded\" src=\"https:\/\/cdn-icons-png.flaticon.com\/128\/3916\/3916880.png\" alt=\"marcador free interface icon\" width=\"18\" height=\"18\" data-lazy-type=\"image\" data-lazy-src=\"https:\/\/cdn-icons-png.flaticon.com\/128\/3916\/3916880.png\" \/><\/i>Trelew-Esquel-Comodoro Rivadavia[\/vc_cta][\/vc_column_inner][vc_column_inner width=&#8221;1\/4&#8243;][vc_cta h2=&#8221;Tec. Univ. en Administraci\u00f3n Bancaria&#8221; h2_font_container=&#8221;tag:h4|text_align:center|color:%230E416D&#8221; h4=&#8221;Presencialidad Combinada&#8221; h4_font_container=&#8221;tag:h6|text_align:center|color:%238224E3&#8243; add_icon=&#8221;top&#8221; i_icon_fontawesome=&#8221;fa fa-solid fa-house-laptop&#8221; i_size=&#8221;xs&#8221; css=&#8221;.vc_custom_1775609324243{padding-right: 5px !important;padding-left: 10px !important;}&#8221; use_custom_fonts_h2=&#8221;true&#8221; use_custom_fonts_h4=&#8221;true&#8221; h2_link=&#8221;url:https%3A%2F%2Fweb.sistemasfce.com.ar%2Fwordpress%2Findex.php%2Ftuab25%2F&#8221;]<img loading=\"lazy\" decoding=\"async\" class=\"lazy lazy-loaded\" src=\"https:\/\/cdn-icons-png.flaticon.com\/128\/3917\/3917267.png\" alt=\"reloj free interface icon\" width=\"18\" height=\"18\" data-lazy-type=\"image\" data-lazy-src=\"https:\/\/cdn-icons-png.flaticon.com\/128\/3917\/3917267.png\" \/> 2\u00a0 a\u00f1os<\/p>\n<p><i class=\"fi fi-sr-marker\"><img loading=\"lazy\" decoding=\"async\" class=\"lazy lazy-loaded\" src=\"https:\/\/cdn-icons-png.flaticon.com\/128\/3916\/3916880.png\" alt=\"marcador free interface icon\" width=\"18\" height=\"18\" data-lazy-type=\"image\" data-lazy-src=\"https:\/\/cdn-icons-png.flaticon.com\/128\/3916\/3916880.png\" \/><\/i>Trelew &#8211;\u00a0 Comodoro Rivadavia[\/vc_cta][\/vc_column_inner][\/vc_row_inner][vc_column_text css=&#8221;&#8221;]<\/p>\n<p class=\"text-sm text-muted-foreground leading-relaxed\"><span style=\"color: #000000;\"><strong>(*)<\/strong>\u00a0La Tecnicatura Universitaria en Finanzas Empresariales corresponde al t\u00edtulo intermedio de la carrera Licenciatura en Econom\u00eda.<\/span><\/p>\n<p class=\"text-sm text-muted-foreground leading-relaxed mt-2\"><span style=\"color: #000000;\"><strong>(**)<\/strong>\u00a0La Tecnicatura Universitaria en Administraci\u00f3n corresponde al t\u00edtulo intermedio de la carrera Licenciatura en Administraci\u00f3n.<\/span><\/p>\n<p>[\/vc_column_text][\/vc_tta_section][\/vc_tta_tabs][\/vc_column][\/vc_row][vc_row][vc_column css=&#8221;.vc_custom_1775589400819{background-color: #F4F6F8 !important;}&#8221;][\/vc_column][\/vc_row]<\/p>\n<\/div><\/div>","protected":false},"excerpt":{"rendered":"<p>[vc_row][vc_column][vc_custom_heading text=&#8221;Oferta Acad\u00e9mica&#8221; font_container=&#8221;tag:h2|text_align:center|color:%23003360&#8243; css=&#8221;&#8221;][vc_custom_heading text=&#8221;Descubr\u00ed nuestras carreras de grado y pregrado con opciones presenciales, &hellip; <\/p>\n","protected":false},"author":4,"featured_media":0,"parent":0,"menu_order":0,"comment_status":"closed","ping_status":"closed","template":"","meta":{"pmpro_default_level":"","footnotes":""},"class_list":["post-16326","page","type-page","status-publish","hentry","pmpro-has-access"],"_links":{"self":[{"href":"https:\/\/web.sistemasfce.com.ar\/wordpress\/index.php\/wp-json\/wp\/v2\/pages\/16326","targetHints":{"allow":["GET"]}}],"collection":[{"href":"https:\/\/web.sistemasfce.com.ar\/wordpress\/index.php\/wp-json\/wp\/v2\/pages"}],"about":[{"href":"https:\/\/web.sistemasfce.com.ar\/wordpress\/index.php\/wp-json\/wp\/v2\/types\/page"}],"author":[{"embeddable":true,"href":"https:\/\/web.sistemasfce.com.ar\/wordpress\/index.php\/wp-json\/wp\/v2\/users\/4"}],"replies":[{"embeddable":true,"href":"https:\/\/web.sistemasfce.com.ar\/wordpress\/index.php\/wp-json\/wp\/v2\/comments?post=16326"}],"version-history":[{"count":21,"href":"https:\/\/web.sistemasfce.com.ar\/wordpress\/index.php\/wp-json\/wp\/v2\/pages\/16326\/revisions"}],"predecessor-version":[{"id":16359,"href":"https:\/\/web.sistemasfce.com.ar\/wordpress\/index.php\/wp-json\/wp\/v2\/pages\/16326\/revisions\/16359"}],"wp:attachment":[{"href":"https:\/\/web.sistemasfce.com.ar\/wordpress\/index.php\/wp-json\/wp\/v2\/media?parent=16326"}],"curies":[{"name":"wp","href":"https:\/\/api.w.org\/{rel}","templated":true}]}}