{"id":16125,"date":"2026-02-26T21:03:07","date_gmt":"2026-02-27T00:03:07","guid":{"rendered":"https:\/\/web.sistemasfce.com.ar\/wordpress\/?page_id=16125"},"modified":"2026-02-26T21:04:52","modified_gmt":"2026-02-27T00:04:52","slug":"maestria-en-gerencia-publica","status":"publish","type":"page","link":"https:\/\/web.sistemasfce.com.ar\/wordpress\/index.php\/maestria-en-gerencia-publica\/","title":{"rendered":"Maestr\u00eda en Gerencia P\u00fablica"},"content":{"rendered":"<div class=\"wpb-content-wrapper\"><div id=\"modal-ready\"><p>[vc_row][vc_column width=&#8221;1\/3&#8243;][vc_single_image image=&#8221;16130&#8243; img_size=&#8221;full&#8221; css=&#8221;&#8221;][\/vc_column][vc_column width=&#8221;2\/3&#8243;][vc_column_text]<\/p>\n<p style=\"font-weight: 400;\">La Maestr\u00eda en Gerencia P\u00fablica\u00a0est\u00e1 dirigida a egresados universitarios con t\u00edtulos de grado de cuatro a\u00f1os de duraci\u00f3n como m\u00ednimo, que se desempe\u00f1en o aspiren a cumplir funciones de alta gerencia en el Estado, organizaciones de la sociedad civil o el \u00e1mbito acad\u00e9mico.<\/p>\n<p style=\"font-weight: 400;\">La<strong>\u00a0modalidad es<\/strong><strong>\u00a0h\u00edbrida<\/strong>\u00a0con presencialidad f\u00edsica en aula y\/o remota sincr\u00f3nica, con dos encuentros semanales los d\u00edas martes y jueves de 18 a 20hs.<\/p>\n<p style=\"font-weight: 400;\">Son 16 meses, divididos en 4 cuatrimestres. La\u00a0<strong>carga horaria total es\u00a0<\/strong>700 horas (560 horas de cursado y 140 horas destinadas al Trabajo Final).<\/p>\n<p style=\"font-weight: 400;\">El director de la carrera es el Dr. Mario Rejtman Farah y cuenta con un prestigioso Comit\u00e9 Acad\u00e9mico y docente. Entre los que se encuentran el Mg. Jorge Barja, Dr. Diego Pando, Dr. Jorge Depetris, el Dr. Alejandro Est\u00e9vez, el Dr. Javier Garc\u00eda Fronti, Cr. Marcos Mac\u00f3n, entre otros.<\/p>\n<p>[\/vc_column_text][\/vc_column][\/vc_row][vc_row][vc_column][vc_message]<b><span lang=\"ES\">La carrera est\u00e1 acreditada, por tercera vez, ante la Comisi\u00f3n Nacional de Evaluaci\u00f3n y Acreditaci\u00f3n Universitaria por ResFC-2025-521-APN-CONEAU#MCH.<\/span><\/b>[\/vc_message][vc_custom_heading text=&#8221;Plan de Dictado: Inicia en Abril de 2026&#8243; css=&#8221;&#8221;][\/vc_column][\/vc_row][vc_row][vc_column width=&#8221;1\/2&#8243;][vc_column_text css=&#8221;&#8221;]<\/p>\n<p style=\"font-weight: 400;\"><span style=\"color: #333399;\"><strong>Primer a\u00f1o:<\/strong><\/span><\/p>\n<ul style=\"list-style-type: disc;\">\n<li style=\"font-weight: 400;\">Estado, gobierno y administraci\u00f3n p\u00fablica 32hs<\/li>\n<li style=\"font-weight: 400;\">Pol\u00edticas p\u00fablicas 32hs<\/li>\n<li style=\"font-weight: 400;\">Derecho P\u00fablico: Regulaciones y desregulaciones inteligentes 32hs<\/li>\n<li style=\"font-weight: 400;\">Econom\u00eda del sector p\u00fablico 32hs<\/li>\n<li style=\"font-weight: 400;\">Sistema de Transparencia P\u00fablica gobernabilidad y control de corrupci\u00f3n 24hs<\/li>\n<li style=\"font-weight: 400;\">El ambiente econ\u00f3mico y social 32hs<\/li>\n<li style=\"font-weight: 400;\">Planificaci\u00f3n estrat\u00e9gica y operativa 32hs<\/li>\n<li style=\"font-weight: 400;\">Evaluaci\u00f3n de pol\u00edticas p\u00fablicas 32hs<\/li>\n<li style=\"font-weight: 400;\">Metodolog\u00eda de la investigaci\u00f3n 24hs<\/li>\n<\/ul>\n<p>[\/vc_column_text][\/vc_column][vc_column width=&#8221;1\/2&#8243;][vc_column_text css=&#8221;&#8221;]<\/p>\n<p style=\"font-weight: 400;\"><strong>Segundo a\u00f1o:<\/strong><\/p>\n<ul>\n<li style=\"font-weight: 400;\">Gerencia e Innovaci\u00f3n p\u00fablica y gesti\u00f3n de datos 32hs<\/li>\n<li style=\"font-weight: 400;\">T\u00e9cnicas de intervenci\u00f3n y desarrollo organizacional 24hs<\/li>\n<li style=\"font-weight: 400;\">Gesti\u00f3n de Personal 24hs<\/li>\n<li style=\"font-weight: 400;\">Gesti\u00f3n financiera y presupuestaria 32hs<\/li>\n<li style=\"font-weight: 400;\">Gesti\u00f3n de bienes, obras y servicios 24hs<\/li>\n<li style=\"font-weight: 400;\">Metodolog\u00eda de la investigaci\u00f3n II 24hs<\/li>\n<li style=\"font-weight: 400;\">G\u00e9nero y pol\u00edticas p\u00fablicas 16hs<\/li>\n<li style=\"font-weight: 400;\">Talleres de pr\u00e1cticas Profesionalizantes 112hs (Aplicaci\u00f3n de Tecnolog\u00edas\u00a0digitales y Gobierno abierto &#8211; Evaluaci\u00f3n de Propuestas de pol\u00edticas de infancia y adolescencia en la Provincia &#8211; Dise\u00f1o de programas\u00a0 vinculados a gesti\u00f3n de Pol\u00edticas de Seguridad &#8211; Propuestas de programas y proyectos en materia de econom\u00eda salud y educaci\u00f3n para reducir las desigualdades gen\u00e9ricas vigentes en materia de g\u00e9neros &#8211; Presupuesto y Gesti\u00f3n p\u00fablica por resultado)<\/li>\n<\/ul>\n<p>[\/vc_column_text][\/vc_column][\/vc_row][vc_row][vc_column][vc_custom_heading text=&#8221;Proceso de Inscripci\u00f3n&#8221; css=&#8221;&#8221;][vc_column_text css=&#8221;&#8221;]<\/p>\n<p style=\"font-weight: 400;\">El proceso se inicia con una\u00a0<strong>preinscripci\u00f3n<\/strong>\u00a0en el siguiente formulario:\u00a0<a href=\"https:\/\/forms.gle\/6ryfWfAqxh5nfTmD7\" data-saferedirecturl=\"https:\/\/www.google.com\/url?q=https:\/\/forms.gle\/6ryfWfAqxh5nfTmD7&amp;source=gmail&amp;ust=1772223894183000&amp;usg=AOvVaw3GZzuJkDHgVgH22P3KtGTg\">https:\/\/forms.gle\/6ryfWfAqxh5nfTmD7<\/a>.<\/p>\n<p style=\"font-weight: 400;\"><strong>Los aranceles son los siguientes:<\/strong><\/p>\n<p style=\"font-weight: 400; padding-left: 40px;\">Inscripci\u00f3n: $ 50.000 a realizarse por la plataforma desde el siguiente enlace:<\/p>\n<p style=\"font-weight: 400; padding-left: 40px;\"><a href=\"https:\/\/fcetw-posgrados-unpata.paypertic.com.ar\/formularios\/8675\/home-web\" data-saferedirecturl=\"https:\/\/www.google.com\/url?q=https:\/\/fcetw-posgrados-unpata.paypertic.com.ar\/formularios\/8675\/home-web&amp;source=gmail&amp;ust=1772223894183000&amp;usg=AOvVaw04wHhCp_R4J4I14GmEP4Ut\">https:\/\/fcetw-posgrados-unpata.paypertic.com.ar\/formularios\/8675\/home-web<\/a><\/p>\n<p style=\"font-weight: 400; padding-left: 40px;\">\u00a0el valor de los m\u00f3dulos es de: $ 200.00 (doscientos mil cada uno)<\/p>\n<p style=\"font-weight: 400;\">La inscripci\u00f3n est\u00e1 sujeta al cupo m\u00ednimo y quedar\u00e1 confirmada una vez realizado el pago de la misma, para lo cual deber\u00e1n enviar escaneados<strong>\u00a0los siguientes documentos DNI, copia del T\u00edtulo de Grado y 1 foto carnet, para su legajo a la casilla de correos:\u00a0<a href=\"mailto:posgradostw@gmail.com\">posgradostw@gmail.com<\/a>.<\/strong><\/p>\n<p>[\/vc_column_text][\/vc_column][\/vc_row][vc_row][vc_column width=&#8221;1\/3&#8243;][vc_single_image image=&#8221;16137&#8243; img_size=&#8221;full&#8221; alignment=&#8221;center&#8221; css=&#8221;&#8221;][\/vc_column][vc_column width=&#8221;1\/3&#8243;][vc_single_image image=&#8221;16138&#8243; img_size=&#8221;full&#8221; alignment=&#8221;center&#8221; css=&#8221;&#8221;][\/vc_column][vc_column width=&#8221;1\/3&#8243;][vc_single_image image=&#8221;16134&#8243; img_size=&#8221;full&#8221; css=&#8221;&#8221;][\/vc_column][\/vc_row][vc_section][\/vc_section]<\/p>\n<\/div><\/div>","protected":false},"excerpt":{"rendered":"<p>[vc_row][vc_column width=&#8221;1\/3&#8243;][vc_single_image image=&#8221;16130&#8243; img_size=&#8221;full&#8221; css=&#8221;&#8221;][\/vc_column][vc_column width=&#8221;2\/3&#8243;][vc_column_text] La Maestr\u00eda en Gerencia P\u00fablica\u00a0est\u00e1 dirigida a egresados universitarios &hellip; <\/p>\n","protected":false},"author":4,"featured_media":0,"parent":0,"menu_order":0,"comment_status":"closed","ping_status":"closed","template":"","meta":{"pmpro_default_level":"","footnotes":""},"class_list":["post-16125","page","type-page","status-publish","hentry","pmpro-has-access"],"_links":{"self":[{"href":"https:\/\/web.sistemasfce.com.ar\/wordpress\/index.php\/wp-json\/wp\/v2\/pages\/16125","targetHints":{"allow":["GET"]}}],"collection":[{"href":"https:\/\/web.sistemasfce.com.ar\/wordpress\/index.php\/wp-json\/wp\/v2\/pages"}],"about":[{"href":"https:\/\/web.sistemasfce.com.ar\/wordpress\/index.php\/wp-json\/wp\/v2\/types\/page"}],"author":[{"embeddable":true,"href":"https:\/\/web.sistemasfce.com.ar\/wordpress\/index.php\/wp-json\/wp\/v2\/users\/4"}],"replies":[{"embeddable":true,"href":"https:\/\/web.sistemasfce.com.ar\/wordpress\/index.php\/wp-json\/wp\/v2\/comments?post=16125"}],"version-history":[{"count":20,"href":"https:\/\/web.sistemasfce.com.ar\/wordpress\/index.php\/wp-json\/wp\/v2\/pages\/16125\/revisions"}],"predecessor-version":[{"id":16154,"href":"https:\/\/web.sistemasfce.com.ar\/wordpress\/index.php\/wp-json\/wp\/v2\/pages\/16125\/revisions\/16154"}],"wp:attachment":[{"href":"https:\/\/web.sistemasfce.com.ar\/wordpress\/index.php\/wp-json\/wp\/v2\/media?parent=16125"}],"curies":[{"name":"wp","href":"https:\/\/api.w.org\/{rel}","templated":true}]}}