{"id":16081,"date":"2026-02-15T16:37:16","date_gmt":"2026-02-15T19:37:16","guid":{"rendered":"https:\/\/web.sistemasfce.com.ar\/wordpress\/?page_id=16081"},"modified":"2026-04-08T17:01:54","modified_gmt":"2026-04-08T20:01:54","slug":"run-universitario","status":"publish","type":"page","link":"https:\/\/web.sistemasfce.com.ar\/wordpress\/index.php\/alumnos-2\/run-universitario\/","title":{"rendered":"Run universitario"},"content":{"rendered":"<div class=\"wpb-content-wrapper\"><div id=\"modal-ready\"><p>[vc_row][vc_column][vc_column_text css=&#8221;&#8221;]<\/p>\n<p style=\"text-align: center;\"><span style=\"font-size: 18pt; color: #800080;\"><strong><a href=\"https:\/\/web.sistemasfce.com.ar\/wordpress\/wp-content\/uploads\/2026\/02\/Logo-RUN.png\"><img loading=\"lazy\" decoding=\"async\" class=\"wp-image-16079 aligncenter\" src=\"https:\/\/web.sistemasfce.com.ar\/wordpress\/wp-content\/uploads\/2026\/02\/Logo-RUN.png\" alt=\"\" width=\"349\" height=\"98\" srcset=\"https:\/\/web.sistemasfce.com.ar\/wordpress\/wp-content\/uploads\/2026\/02\/Logo-RUN.png 1447w, https:\/\/web.sistemasfce.com.ar\/wordpress\/wp-content\/uploads\/2026\/02\/Logo-RUN-300x85.png 300w, https:\/\/web.sistemasfce.com.ar\/wordpress\/wp-content\/uploads\/2026\/02\/Logo-RUN-1024x289.png 1024w, https:\/\/web.sistemasfce.com.ar\/wordpress\/wp-content\/uploads\/2026\/02\/Logo-RUN-768x217.png 768w, https:\/\/web.sistemasfce.com.ar\/wordpress\/wp-content\/uploads\/2026\/02\/Logo-RUN-320x90.png 320w, https:\/\/web.sistemasfce.com.ar\/wordpress\/wp-content\/uploads\/2026\/02\/Logo-RUN-480x135.png 480w, https:\/\/web.sistemasfce.com.ar\/wordpress\/wp-content\/uploads\/2026\/02\/Logo-RUN-800x226.png 800w\" sizes=\"auto, (max-width: 349px) 100vw, 349px\" \/><\/a><\/strong><\/span><\/p>\n<p style=\"text-align: center;\"><span style=\"font-size: 18px;\"><strong><span style=\"color: #800080;\">Programa de Educaci\u00f3n a distancia de la Facultad de Ciencias Econ\u00f3micas. Curs\u00e1 el Ciclo Inicial 100% online desde cualquier localidad de la Provincia.<\/span><\/strong><\/span><\/p>\n<p><span style=\"color: #000000;\">El Rinc\u00f3n Universitario es un programa de educaci\u00f3n aprobado mediante\u00a0 a Resoluci\u00f3n Digital CDFCE N\u00ba 1\/25, que ofrece formaci\u00f3n universitaria en Ciencias Econ\u00f3micas mediante un formato din\u00e1mico y flexible, garantizando el acceso a una educaci\u00f3n p\u00fablica de calidad en municipios y comunas rurales de la provincia donde la Facultad a\u00fan no ha establecido la totalidad de sus carreras presenciales.<\/span><\/p>\n<div>\n<p><span style=\"color: #000000;\">A trav\u00e9s de este programa se <strong>dictan los siguientes seminarios correspondientes al Ciclo Inicial de las carreras de la Facultad de Ciencias Econ\u00f3micas<\/strong><\/span><\/p>\n<\/div>\n<div><\/div>\n<p>[\/vc_column_text][\/vc_column][\/vc_row][vc_row][vc_column width=&#8221;1\/4&#8243;][vc_cta h2=&#8221;&#8221; h4=&#8221;Introducci\u00f3n a la Administraci\u00f3n&#8221; add_icon=&#8221;top&#8221; i_icon_fontawesome=&#8221;fa fa-solid fa-building-user&#8221; css=&#8221;&#8221;]Fundamentos de gesti\u00f3n y organizaci\u00f3n empresarial[\/vc_cta][vc_cta h2=&#8221;&#8221; h4=&#8221;Introducci\u00f3n a la Econom\u00eda&#8221; add_icon=&#8221;top&#8221; i_icon_fontawesome=&#8221;fa fa-solid fa-chart-column&#8221; css=&#8221;&#8221;]Conceptos micro y macroecon\u00f3micos fundamentales[\/vc_cta][\/vc_column][vc_column width=&#8221;1\/4&#8243;][vc_cta h2=&#8221;&#8221; h4=&#8221;Introducci\u00f3n a las Ciencias Sociales&#8221; add_icon=&#8221;top&#8221; i_icon_fontawesome=&#8221;fa fa-solid fa-glasses&#8221; css=&#8221;&#8221;]An\u00e1lisis del contexto social, pol\u00edtico y cultural[\/vc_cta][vc_cta h2=&#8221;&#8221; h4=&#8221;Matem\u00e1tica I&#8221; add_icon=&#8221;top&#8221; i_icon_fontawesome=&#8221;fa fa-solid fa-calculator&#8221; css=&#8221;&#8221;]\u00c1lgebra, funciones y c\u00e1lculo introductorio[\/vc_cta][\/vc_column][vc_column width=&#8221;1\/4&#8243;][vc_cta h2=&#8221;&#8221; h4=&#8221;Introducci\u00f3n a la Contabilidad&#8221; add_icon=&#8221;top&#8221; i_icon_fontawesome=&#8221;fa fa-solid fa-chart-line&#8221; css=&#8221;.vc_custom_1771270525167{background-position: center !important;background-repeat: no-repeat !important;background-size: cover !important;}&#8221;]Principios contables y registraci\u00f3n[\/vc_cta][vc_cta h2=&#8221;&#8221; h4=&#8221;Tecnolog\u00eda de la Informaci\u00f3n&#8221; add_icon=&#8221;top&#8221; i_icon_fontawesome=&#8221;fa fa-solid fa-laptop-file&#8221; css=&#8221;&#8221;]Herramientas digitales y ofim\u00e1tica aplicada[\/vc_cta][\/vc_column][vc_column width=&#8221;1\/4&#8243;][vc_cta h2=&#8221;&#8221; h4=&#8221;\u00c1rea Proped\u00e9utica&#8221; add_icon=&#8221;top&#8221; i_icon_fontawesome=&#8221;fa fa-regular fa-pen-to-square&#8221; css=&#8221;&#8221;]Herramientas y t\u00e9cnicas de estudio<\/p>\n<p>Comprensi\u00f3n lectora.[\/vc_cta][vc_cta h2=&#8221;&#8221; h4=&#8221;Introducci\u00f3n al Derecho&#8221; add_icon=&#8221;top&#8221; i_icon_fontawesome=&#8221;fa fa-solid fa-scale-balanced&#8221; css=&#8221;&#8221;]Nociones jur\u00eddicas b\u00e1sicas para ciencias econ\u00f3micas[\/vc_cta][\/vc_column][\/vc_row][vc_row][vc_column][vc_btn title=&#8221;Tutorial del RUN Acad\u00e9mico&#8221; color=&#8221;violet&#8221; align=&#8221;center&#8221; i_icon_fontawesome=&#8221;fa fa-solid fa-person-chalkboard&#8221; css_animation=&#8221;appear&#8221; css=&#8221;&#8221; add_icon=&#8221;true&#8221; link=&#8221;url:https%3A%2F%2Fyoutu.be%2F-8N83FbAyoc|target:_blank&#8221;][vc_separator css=&#8221;&#8221;][vc_custom_heading text=&#8221;Calendario Acad\u00e9mico 2026&#8243; font_container=&#8221;tag:h2|text_align:left|color:%230F5390&#8243; use_theme_fonts=&#8221;yes&#8221; css=&#8221;&#8221; el_id=&#8221;opcion1&#8243;][vc_column_text css=&#8221;&#8221;]<a href=\"https:\/\/web.sistemasfce.com.ar\/wordpress\/wp-content\/uploads\/2026\/02\/run2026.jpeg\"><img loading=\"lazy\" decoding=\"async\" class=\"aligncenter wp-image-16091\" src=\"https:\/\/web.sistemasfce.com.ar\/wordpress\/wp-content\/uploads\/2026\/02\/run2026.jpeg\" alt=\"\" width=\"638\" height=\"451\" srcset=\"https:\/\/web.sistemasfce.com.ar\/wordpress\/wp-content\/uploads\/2026\/02\/run2026.jpeg 1024w, https:\/\/web.sistemasfce.com.ar\/wordpress\/wp-content\/uploads\/2026\/02\/run2026-300x212.jpeg 300w, https:\/\/web.sistemasfce.com.ar\/wordpress\/wp-content\/uploads\/2026\/02\/run2026-768x543.jpeg 768w, https:\/\/web.sistemasfce.com.ar\/wordpress\/wp-content\/uploads\/2026\/02\/run2026-320x226.jpeg 320w, https:\/\/web.sistemasfce.com.ar\/wordpress\/wp-content\/uploads\/2026\/02\/run2026-480x339.jpeg 480w, https:\/\/web.sistemasfce.com.ar\/wordpress\/wp-content\/uploads\/2026\/02\/run2026-800x566.jpeg 800w\" sizes=\"auto, (max-width: 638px) 100vw, 638px\" \/><\/a>[\/vc_column_text]<\/p>\n<table  class=\"ts-table ts-color-blue\">\n<tbody>\n<tr>\n<th class=\"ts-justify\">Etapa<\/th>\n<th>Fechas<\/th>\n<th><\/th>\n<\/tr>\n<tr>\n<td class=\"ts-justify\">Fechas de inscripci\u00f3n al Ciclo Inicial RUN Cohorte 2026<\/td>\n<td>Desde el 16\/02\/26 al 08\/03\/26<\/td>\n<td>\u2013<\/td>\n<\/tr>\n<tr>\n<td class=\"ts-justify\">Fecha de inscripci\u00f3n a los Seminarios del Primer Cuatrimestre<\/td>\n<td>Desde el 16\/03\/26 al 20\/03\/26 \u2013 a trav\u00e9s del SIU Guaran\u00ed<\/td>\n<td>\u2013<\/td>\n<\/tr>\n<tr>\n<td class=\"ts-justify\">Fecha de inicio de cursada de los seminarios:<\/td>\n<td>23\/03\/26<\/td>\n<td>\u2013<\/td>\n<\/tr>\n<tr>\n<td class=\"ts-justify\">Mesa de ex\u00e1menes finales de los seminarios del primer y segundo cuatrimestre:<\/td>\n<td>Abril, junio, agosto, octubre y diciembre (inscripciones a trav\u00e9s del SIU Guaran\u00ed)<\/td>\n<td><a style=\"display: inline-block; padding: 6px 16px; background-color: #6a0dad; color: #ffffff; border-radius: 5px; text-decoration: none; font-size: 13px; font-weight: 600; letter-spacing: 0.3px;\" href=\"https:\/\/docs.google.com\/spreadsheets\/d\/1M2i0N6cq3CGMH0zotdJ0DKlzXio2sCsL\/edit?usp=sharing&amp;ouid=108511479791181261387&amp;rtpof=true&amp;sd=true\" target=\"_blank\" rel=\"noopener noreferrer\"><br \/>\n\ud83d\udd17 Ver Fechas<br \/>\n<\/a><\/td>\n<\/tr>\n<\/tbody>\n<\/table>\n<p>[\/vc_column][\/vc_row][vc_section][vc_row][vc_column][vc_separator css=&#8221;&#8221;][vc_custom_heading text=&#8221;Sumate al Rinc\u00f3n Universitario&#8221; font_container=&#8221;tag:h2|text_align:left|color:%230F5390&#8243; use_theme_fonts=&#8221;yes&#8221; css=&#8221;&#8221; el_id=&#8221;opcion2&#8243;][vc_column_text css=&#8221;&#8221;]Per\u00edodo de inscripci\u00f3n:\u00a0<strong>16 de febrero al 8 de marzo de 2026<\/strong>.[\/vc_column_text][\/vc_column][\/vc_row][vc_row css=&#8221;.vc_custom_1771182426408{background-color: #E1DCE7 !important;}&#8221;][vc_column width=&#8221;1\/3&#8243; css=&#8221;.vc_custom_1771273236408{background-color: #E1DCE7 !important;}&#8221;][vc_column_text css=&#8221;&#8221;]<\/p>\n<div class=\"flex flex-col space-y-1.5 p-6\">\n<div>\n<h3 class=\"font-semibold tracking-tight flex items-center gap-2 text-lg\"><span style=\"color: #000080;\"><strong>Requisitos de ingreso<\/strong><\/span><\/h3>\n<\/div>\n<div>\n<ul class=\"space-y-3\" style=\"list-style-type: square;\">\n<li style=\"text-align: justify;\">Ser residente de la Provincia del Chubut.<br \/>\nSe excluye a los residentes de aquellas localidades y de sus respectivas \u00e1reas de influencia en las que la Facultad cuenta con Delegaciones donde se dictan las carreras en modalidad presencial.<\/li>\n<li style=\"text-align: justify;\">No ser alumnos regular de la Facultad de Ciencias Econ\u00f3micas- UNPSJB<\/li>\n<li class=\"flex gap-3 text-sm text-foreground leading-relaxed\" style=\"text-align: justify;\">Tener 18 a\u00f1os cumplidos o m\u00e1s al momento de la inscripci\u00f3n<\/li>\n<li class=\"flex gap-3 text-sm text-foreground leading-relaxed\" style=\"text-align: justify;\">Poseer t\u00edtulo secundario completo (o presentar constancia de t\u00edtulo en tr\u00e1mite)<\/li>\n<\/ul>\n<\/div>\n<\/div>\n<p>[\/vc_column_text][\/vc_column][vc_column width=&#8221;1\/6&#8243;][\/vc_column][vc_column width=&#8221;1\/3&#8243;][vc_column_text css=&#8221;&#8221;]<\/p>\n<div>\n<h3 class=\"font-semibold tracking-tight flex items-center gap-2 text-lg\"><span style=\"color: #000080;\">Documentaci\u00f3n requerida<strong style=\"font-size: 16px;\">:<\/strong><\/span><\/h3>\n<\/div>\n<ul style=\"list-style-type: square;\">\n<li style=\"text-align: justify;\">Fotocopia Documento Nacional de Identidad(frente y dorso)<\/li>\n<li style=\"text-align: justify;\">T\u00edtulo secundario o constancia de t\u00edtulo en tr\u00e1mite. Los t\u00edtulos emitidos en otras provincias antes del a\u00f1o 2010, deben estar LEGALIZADOS POR EL MINISTERIO DEL INTERIOR.-<\/li>\n<li style=\"text-align: justify;\">Certificado de domicilio extendido por Polic\u00eda o Juzgado de Paz, en caso de no figurar en el DNI el domicilio actual.<\/li>\n<\/ul>\n<p>[\/vc_column_text][\/vc_column][\/vc_row][vc_row][vc_column][vc_column_text css=&#8221;&#8221;]Para inscribirse debes enviar un correo electr\u00f3nico a la siguiente casilla:<span style=\"color: #000080;\"><strong> cicloinicialrunfce@gmail.com<\/strong><\/span><\/p>\n<p>En el tema del asunto debes indicar:<strong>\u00a0 \u201cINSCRIPCI\u00d3N 2026\u201d <\/strong>y adjuntar la documentaci\u00f3n requerida.[\/vc_column_text][\/vc_column][\/vc_row][\/vc_section][vc_row][vc_column][\/vc_column][\/vc_row][vc_row][vc_column][vc_separator css=&#8221;&#8221;][vc_custom_heading text=&#8221;Preguntas Frecuentes&#8221; font_container=&#8221;tag:h2|text_align:left|color:%230F5390&#8243; use_theme_fonts=&#8221;yes&#8221; css=&#8221;&#8221; el_id=&#8221;opcion5&#8243; link=&#8221;title:opcion5&#8243;][vc_toggle title=&#8221;\u00bfQu\u00e9 es el Programa de Educaci\u00f3n a Distancia \u201cRinc\u00f3n Universitario\u201d&#8221; css=&#8221;&#8221;]<\/p>\n<div class=\"rounded-xl border border-border bg-card px-6 data-[state=open]:shadow-md\" data-state=\"open\" data-orientation=\"vertical\">\n<div id=\"radix-_R_hnklrlb_\" class=\"overflow-hidden text-sm transition-all data-[state=closed]:animate-accordion-up data-[state=open]:animate-accordion-down\" role=\"region\" data-state=\"open\" aria-labelledby=\"radix-_R_1nklrlb_\" data-orientation=\"vertical\">\n<div class=\"pt-0 pb-5 text-sm leading-relaxed text-muted-foreground\">\n<p>A trav\u00e9s de la Resoluci\u00f3n Digital CDFCE N\u00ba 1\/25 (Fecha:28\/02\/25), se aprob\u00f3 el Programa de Educaci\u00f3n a Distancia \u201cRinc\u00f3n Universitario\u201d de la FCE- UNPSJB.<\/p>\n<p>El Rinc\u00f3n Universitario es un programa de educaci\u00f3n a distancia que ofrece formaci\u00f3n universitaria en Ciencias Econ\u00f3micas mediante un formato din\u00e1mico y flexible, garantizando el acceso a una educaci\u00f3n p\u00fablica de calidad en municipios y comunas rurales de la provincia donde la Facultad a\u00fan no ha establecido la totalidad de sus carreras presenciales. A trav\u00e9s de este programa se <strong>dictan seminarios correspondientes al Ciclo Inicial de las carreras de la Facultad de Ciencias Econ\u00f3micas<\/strong><\/p>\n<\/div>\n<\/div>\n<\/div>\n<p>[\/vc_toggle][vc_toggle title=&#8221;\u00bfCu\u00e1les son los seminarios que puedo cursar?&#8221; css=&#8221;&#8221;]<\/p>\n<div class=\"rounded-xl border border-border bg-card px-6 data-[state=open]:shadow-md\" data-state=\"open\" data-orientation=\"vertical\">\n<div id=\"radix-_R_hnklrlb_\" class=\"overflow-hidden text-sm transition-all data-[state=closed]:animate-accordion-up data-[state=open]:animate-accordion-down\" role=\"region\" data-state=\"open\" aria-labelledby=\"radix-_R_1nklrlb_\" data-orientation=\"vertical\">\n<div class=\"pt-0 pb-5 text-sm leading-relaxed text-muted-foreground\">\n<p>Los seminarios que constituyen la oferta del Ciclo Inicial de las carreras de la Facultad de Ciencias Econ\u00f3micas son los siguientes:<\/p>\n<ul>\n<li>Introducci\u00f3n a la Administraci\u00f3n<\/li>\n<li>Introducci\u00f3n a las Ciencias Sociales<\/li>\n<li>Introducci\u00f3n a la Contabilidad<\/li>\n<li>\u00c1rea Proped\u00e9utica<\/li>\n<li>Introducci\u00f3n a la Econom\u00eda<\/li>\n<li>Matem\u00e1tica I<\/li>\n<li>Tecnolog\u00eda de la Informaci\u00f3n<\/li>\n<li>Introducci\u00f3n al Derecho<\/li>\n<\/ul>\n<\/div>\n<\/div>\n<\/div>\n<p>[\/vc_toggle][vc_toggle title=&#8221;\u00bfCu\u00e1nto tiempo puedo permanecer como participante del Ciclo Inicial RUN?&#8221; css=&#8221;&#8221;]<\/p>\n<div class=\"rounded-xl border border-border bg-card px-6 data-[state=open]:shadow-md\" data-state=\"open\" data-orientation=\"vertical\">\n<div id=\"radix-_R_hnklrlb_\" class=\"overflow-hidden text-sm transition-all data-[state=closed]:animate-accordion-up data-[state=open]:animate-accordion-down\" role=\"region\" data-state=\"open\" aria-labelledby=\"radix-_R_1nklrlb_\" data-orientation=\"vertical\">\n<div class=\"pt-0 pb-5 text-sm leading-relaxed text-muted-foreground\">Los participantes podr\u00e1n formar parte del Programa por un per\u00edodo m\u00e1ximo de tres cohortes.<\/div>\n<\/div>\n<\/div>\n<p>[\/vc_toggle][vc_toggle title=&#8221;\u00bfLos seminarios se pueden promocionar?&#8221; css=&#8221;&#8221;]<\/p>\n<div class=\"rounded-xl border border-border bg-card px-6 data-[state=open]:shadow-md\" data-state=\"open\" data-orientation=\"vertical\">\n<div id=\"radix-_R_hnklrlb_\" class=\"overflow-hidden text-sm transition-all data-[state=closed]:animate-accordion-up data-[state=open]:animate-accordion-down\" role=\"region\" data-state=\"open\" aria-labelledby=\"radix-_R_1nklrlb_\" data-orientation=\"vertical\">\n<div class=\"pt-0 pb-5 text-sm leading-relaxed text-muted-foreground\">\n<p>NO. Todos los seminarios tienen examen final.<\/p>\n<\/div>\n<\/div>\n<\/div>\n<p>[\/vc_toggle][vc_toggle title=&#8221;Si curso los seminarios y no rindo los finales, \u00bfme pueden tomar como equivalencias los mismos una vez que me anote en una carrera?&#8221; css=&#8221;&#8221;]<\/p>\n<div class=\"rounded-xl border border-border bg-card px-6 data-[state=open]:shadow-md\" data-state=\"open\" data-orientation=\"vertical\">\n<div id=\"radix-_R_hnklrlb_\" class=\"overflow-hidden text-sm transition-all data-[state=closed]:animate-accordion-up data-[state=open]:animate-accordion-down\" role=\"region\" data-state=\"open\" aria-labelledby=\"radix-_R_1nklrlb_\" data-orientation=\"vertical\">\n<div class=\"pt-0 pb-5 text-sm leading-relaxed text-muted-foreground\">\n<p>No, Solo se tomar\u00e1n como equivalencias los seminarios que hayas cursado y APROBADO con el correspondiente examen final.<\/p>\n<\/div>\n<\/div>\n<\/div>\n<p>[\/vc_toggle][vc_toggle title=&#8221;Luego de cursar y aprobar los seminarios del Ciclo Inicial RUN, \u00bfqu\u00e9 carrera a distancia puedo continuar?&#8221; css=&#8221;&#8221;]<\/p>\n<div class=\"rounded-xl border border-border bg-card px-6 data-[state=open]:shadow-md\" data-state=\"open\" data-orientation=\"vertical\">\n<div id=\"radix-_R_hnklrlb_\" class=\"overflow-hidden text-sm transition-all data-[state=closed]:animate-accordion-up data-[state=open]:animate-accordion-down\" role=\"region\" data-state=\"open\" aria-labelledby=\"radix-_R_1nklrlb_\" data-orientation=\"vertical\">\n<div class=\"pt-0 pb-5 text-sm leading-relaxed text-muted-foreground\">\n<p>La Facultad de Ciencias Econ\u00f3micas posee dos opciones para que contin\u00faes una carrera universitaria bajo la modalidad distancia:<\/p>\n<ul>\n<li>Tecnicatura en Finanzas Digitales (<a href=\"https:\/\/web.sistemasfce.com.ar\/wordpress\/index.php\/tufd\/\">ver programa de estudios<\/a>)<\/li>\n<li>Licenciatura en Econom\u00eda (<a href=\"https:\/\/web.sistemasfce.com.ar\/wordpress\/wp-content\/uploads\/2024\/12\/ESTRUCTURA-CURRICULAR-LE.pdf\">ver programa de estudios<\/a>)<\/li>\n<li>Tecnicatura Universitaria en Finanzas Empresariales (<a href=\"https:\/\/web.sistemasfce.com.ar\/wordpress\/wp-content\/uploads\/2025\/10\/Estructura-Curricular-TUFD.pdf\">ver programa de estudios<\/a>)<\/li>\n<\/ul>\n<\/div>\n<\/div>\n<\/div>\n<p>[\/vc_toggle][vc_toggle title=&#8221;\u00bfDebo aprobar todos los seminarios del Ciclo Inicial RUN para poder anotarme en una carrera?&#8221; css=&#8221;&#8221;]<\/p>\n<div class=\"rounded-xl border border-border bg-card px-6 data-[state=open]:shadow-md\" data-state=\"open\" data-orientation=\"vertical\">\n<div id=\"radix-_R_hnklrlb_\" class=\"overflow-hidden text-sm transition-all data-[state=closed]:animate-accordion-up data-[state=open]:animate-accordion-down\" role=\"region\" data-state=\"open\" aria-labelledby=\"radix-_R_1nklrlb_\" data-orientation=\"vertical\">\n<div class=\"pt-0 pb-5 text-sm leading-relaxed text-muted-foreground\">\n<p>Puedes inscribirte a una carrera sin haber aprobado todos los seminarios del Ciclo Inicial RUN.<br \/>\nImportante \u2014&gt; Debes tener en cuenta que una vez que te inscribas a una carrera, ya no puedes continuar como participante del RUN y pasar\u00e1s a ser un ALUMNO REGULAR.\u00a0 Si tienes que cursar y aprobar una materia del Ciclo Inicial, deber\u00e1s hacerlo bajo las condiciones que indique el plan de estudios de la carrera que elegiste.<br \/>\nUn ejemplo:<\/p>\n<p style=\"padding-left: 40px;\">Pablo vive en la localidad de Gastre, se anot\u00f3 en el a\u00f1o 2025 al Programa Ciclo Inicial RUN y curs\u00f3 y aprob\u00f3 7 seminarios, pero no aprob\u00f3 Matem\u00e1tica I.<\/p>\n<p style=\"padding-left: 40px;\">Pablo se anot\u00f3 en el 2026 en la Licenciatura en Econom\u00eda (modalidad a distancia), lo primero que hace es solicitar al Dpto. Alumnos que le reconozcan las equivalencias de los seminarios realizados, el Dpto. de Alumnos confecciona una Resoluci\u00f3n donde se le reconocen los seminarios como MATERIAS. Ahora Pablo pasa a tener condici\u00f3n de \u201calumno regular\u201d y tiene 7 materias aprobadas.<\/p>\n<p>Seg\u00fan el r\u00e9gimen de correlatividades del plan de estudios de la Licenciatura en Econom\u00eda, Pablo puede cursar algunas materias, pero otras no, porque no tiene Matem\u00e1tica I. Pablo tendr\u00e1 que cursar la materia Matem\u00e1tica I como alumno regular bajo la modalidad presencial, dado que as\u00ed lo indica el plan de estudios, o puede rendirla libre. <strong>Ya no puede cursarla como participante del RUN a distancia.<\/strong><\/p>\n<\/div>\n<\/div>\n<\/div>\n<p>[\/vc_toggle][vc_toggle title=&#8221;Me inscrib\u00ed al Programa Ciclo Inicial RUN, pero no quiero continuar cursando. \u00bfC\u00f3mo hago para solicitar la baja?&#8221; css=&#8221;&#8221;]<\/p>\n<div class=\"rounded-xl border border-border bg-card px-6 data-[state=open]:shadow-md\" data-state=\"open\" data-orientation=\"vertical\">\n<div id=\"radix-_R_hnklrlb_\" class=\"overflow-hidden text-sm transition-all data-[state=closed]:animate-accordion-up data-[state=open]:animate-accordion-down\" role=\"region\" data-state=\"open\" aria-labelledby=\"radix-_R_1nklrlb_\" data-orientation=\"vertical\">\n<div class=\"pt-0 pb-5 text-sm leading-relaxed text-muted-foreground\">\n<p>Debes enviar un mail a:<br \/>\nEn el tema del asunto debes indicar: <strong>BAJA RUN<\/strong> y en el cuerpo del mail debes expresar tu solicitud de baja.<\/p>\n<\/div>\n<\/div>\n<\/div>\n<p>[\/vc_toggle][vc_toggle title=&#8221;\u00bfC\u00f3mo es la cursada de los Seminarios?&#8221; css=&#8221;&#8221;]<\/p>\n<div class=\"rounded-xl border border-border bg-card px-6 data-[state=open]:shadow-md\" data-state=\"open\" data-orientation=\"vertical\">\n<div id=\"radix-_R_hnklrlb_\" class=\"overflow-hidden text-sm transition-all data-[state=closed]:animate-accordion-up data-[state=open]:animate-accordion-down\" role=\"region\" data-state=\"open\" aria-labelledby=\"radix-_R_1nklrlb_\" data-orientation=\"vertical\">\n<div class=\"pt-0 pb-5 text-sm leading-relaxed text-muted-foreground\">\n<p>La cursada se realiza de manera <strong>completamente a distancia<\/strong>, a trav\u00e9s de aulas virtuales en la Plataforma Moodle de la Facultad de Ciencias Econ\u00f3micas. La Plataforma Moodle es un <strong>entorno virtual<\/strong> de aprendizaje al que se accede de manera remota a trav\u00e9s de internet.<br \/>\nLas \u00fanicas instancias virtuales SINCR\u00d3NICAS son los ex\u00e1menes parciales y finales.<\/p>\n<p>En el campus virtual se encuentran todos los <strong>recursos necesarios para el auto aprendizaje<\/strong>:<\/p>\n<\/div>\n<\/div>\n<\/div>\n<p>[\/vc_toggle][vc_toggle title=&#8221;\u00bfC\u00f3mo y cu\u00e1ndo solicito una constancia de examen?&#8221; css=&#8221;&#8221;]<\/p>\n<div class=\"rounded-xl border border-border bg-card px-6 data-[state=open]:shadow-md\" data-state=\"open\" data-orientation=\"vertical\">\n<div id=\"radix-_R_hnklrlb_\" class=\"overflow-hidden text-sm transition-all data-[state=closed]:animate-accordion-up data-[state=open]:animate-accordion-down\" role=\"region\" data-state=\"open\" aria-labelledby=\"radix-_R_1nklrlb_\" data-orientation=\"vertical\">\n<div class=\"pt-0 pb-5 text-sm leading-relaxed text-muted-foreground\">\n<p>Si necesit\u00e1s un certificado de asistencia para presentar en el trabajo, en la escuela o ante alguna otra instituci\u00f3n, al finalizar el examen, debes enviar un mail a <span style=\"color: #000080;\"><strong>cicloinicialrunfce@gmail.com<\/strong><\/span><\/p>\n<\/div>\n<\/div>\n<\/div>\n<p>[\/vc_toggle][\/vc_column][\/vc_row][vc_row][vc_column][vc_separator css=&#8221;&#8221;][vc_custom_heading text=&#8221;Datos de Contacto&#8221; font_container=&#8221;tag:h2|text_align:left|color:%230F5390&#8243; use_theme_fonts=&#8221;yes&#8221; css=&#8221;&#8221; link=&#8221;title:contacto&#8221;][\/vc_column][\/vc_row][vc_row css=&#8221;.vc_custom_1771182492180{background-color: #3A5772 !important;}&#8221;][vc_column width=&#8221;1\/2&#8243;][vc_pricing_table heading=&#8221;Rinc\u00f3n Universitario&#8221; heading_font_container=&#8221;tag:h3|text_align:center|color:%23FFFFFF&#8221; subheading=&#8221;&#8221; currency=&#8221;&#8221; price=&#8221;&#8221; period=&#8221;&#8221; markers_color=&#8221;#8224E3&#8243; add_button=&#8221;&#8221; css_animation=&#8221;none&#8221; css=&#8221;.vc_custom_1771274016418{background-color: #3A5772 !important;}&#8221; use_custom_fonts_heading=&#8221;true&#8221;]<\/p>\n<ul class=\"wpb-plan-features\">\n<li><span style=\"color: #ffffff;\">Programa de educaci\u00f3n a distancia de la Facultad de Ciencias Econ\u00f3micas \u2013 UNPSJB.<\/span><\/li>\n<\/ul>\n<p>[\/vc_pricing_table][\/vc_column][vc_column width=&#8221;1\/2&#8243;][vc_pricing_table heading=&#8221;Contacto&#8221; heading_font_container=&#8221;tag:h3|text_align:center|color:%23FFFFFF&#8221; subheading=&#8221;&#8221; currency=&#8221;&#8221; price=&#8221;&#8221; period=&#8221;&#8221; markers_color=&#8221;#8224E3&#8243; add_button=&#8221;&#8221; css_animation=&#8221;none&#8221; css=&#8221;.vc_custom_1771274034788{background-color: #3A5772 !important;}&#8221; use_custom_fonts_heading=&#8221;true&#8221;]<\/p>\n<ul class=\"wpb-plan-features\">\n<li><span style=\"color: #ffffff;\"><em><u>E<\/u><\/em><u>&#8211;<em>mail<\/em><\/u>: <a class=\"hover:text-accent transition-colors\" style=\"color: #ffffff;\" href=\"mailto:cicloinicialrunfce@gmail.com\">cicloinicialrunfce@gmail.com<\/a><\/span><\/li>\n<\/ul>\n<p>[\/vc_pricing_table][\/vc_column][\/vc_row]<\/p>\n<\/div><\/div>","protected":false},"excerpt":{"rendered":"<p>[vc_row][vc_column][vc_column_text css=&#8221;&#8221;] Programa de Educaci\u00f3n a distancia de la Facultad de Ciencias Econ\u00f3micas. Curs\u00e1 el &hellip; <\/p>\n","protected":false},"author":4,"featured_media":0,"parent":8175,"menu_order":0,"comment_status":"closed","ping_status":"closed","template":"","meta":{"pmpro_default_level":"","footnotes":""},"class_list":["post-16081","page","type-page","status-publish","hentry","pmpro-has-access"],"_links":{"self":[{"href":"https:\/\/web.sistemasfce.com.ar\/wordpress\/index.php\/wp-json\/wp\/v2\/pages\/16081","targetHints":{"allow":["GET"]}}],"collection":[{"href":"https:\/\/web.sistemasfce.com.ar\/wordpress\/index.php\/wp-json\/wp\/v2\/pages"}],"about":[{"href":"https:\/\/web.sistemasfce.com.ar\/wordpress\/index.php\/wp-json\/wp\/v2\/types\/page"}],"author":[{"embeddable":true,"href":"https:\/\/web.sistemasfce.com.ar\/wordpress\/index.php\/wp-json\/wp\/v2\/users\/4"}],"replies":[{"embeddable":true,"href":"https:\/\/web.sistemasfce.com.ar\/wordpress\/index.php\/wp-json\/wp\/v2\/comments?post=16081"}],"version-history":[{"count":18,"href":"https:\/\/web.sistemasfce.com.ar\/wordpress\/index.php\/wp-json\/wp\/v2\/pages\/16081\/revisions"}],"predecessor-version":[{"id":16363,"href":"https:\/\/web.sistemasfce.com.ar\/wordpress\/index.php\/wp-json\/wp\/v2\/pages\/16081\/revisions\/16363"}],"up":[{"embeddable":true,"href":"https:\/\/web.sistemasfce.com.ar\/wordpress\/index.php\/wp-json\/wp\/v2\/pages\/8175"}],"wp:attachment":[{"href":"https:\/\/web.sistemasfce.com.ar\/wordpress\/index.php\/wp-json\/wp\/v2\/media?parent=16081"}],"curies":[{"name":"wp","href":"https:\/\/api.w.org\/{rel}","templated":true}]}}