{"id":15831,"date":"2025-11-05T13:03:30","date_gmt":"2025-11-05T16:03:30","guid":{"rendered":"https:\/\/web.sistemasfce.com.ar\/wordpress\/?page_id=15831"},"modified":"2025-12-10T13:53:09","modified_gmt":"2025-12-10T16:53:09","slug":"tuap","status":"publish","type":"page","link":"https:\/\/web.sistemasfce.com.ar\/wordpress\/index.php\/tuap\/","title":{"rendered":"Tecnicatura Universitaria en Administraci\u00f3n P\u00fablica"},"content":{"rendered":"<div class=\"wpb-content-wrapper\"><div id=\"modal-ready\"><p>[vc_row][vc_column][vc_column_text css=&#8221;&#8221;]<\/p>\n<div class=\"vc_row wpb_row vc_row-fluid\">\n<div class=\"wpb_column vc_column_container vc_col-sm-12\">\n<div class=\"vc_column-inner\">\n<div class=\"wpb_wrapper\">\n<div class=\"wpb_text_column wpb_content_element\">\n<div class=\"wpb_wrapper\">\n<div><\/div>\n<div><span class=\"texto\" style=\"color: #000000;\"><strong>Campo Ocupacional<\/strong><\/span><\/div>\n<div><\/div>\n<div><span class=\"texto\" style=\"color: #000000;\">Es una Carrera corta de nivel universitario. Prevee la formaci\u00f3n de los funcionarios que se desempe\u00f1en en niveles intermedios de la administraci\u00f3n p\u00fablica nacional, provincial y municipal, tanto centralizada como descentralizada. Realizar el relevamiento de la informaci\u00f3n necesaria para la toma de decisiones, el planeamiento y control de la administraci\u00f3n p\u00fablica. Elaborar informes en base a relevamiento efectuado, para los niveles ejecutivo, legislativo y de control. Participar en la implementaci\u00f3n de pol\u00edticas, pocedimientos y reglas de funcionamiento del sector administrativo.<\/span><\/div>\n<div><\/div>\n<div><\/div>\n<div><span style=\"color: #000000;\"><strong>T\u00edtulo a expedir:<\/strong> T\u00e9cnico Universitario en Administraci\u00f3n P\u00fablica.<\/span><\/div>\n<div><\/div>\n<div><span style=\"color: #000000;\"><strong>Nivel de Titulaci\u00f3n:<\/strong> Pregrado.<\/span><\/div>\n<div><\/div>\n<div><span style=\"color: #000000;\"><strong>Duraci\u00f3n:<\/strong> 3 a\u00f1os.<\/span><\/div>\n<div><\/div>\n<div><span style=\"color: #000000;\"><strong>Dictado:<\/strong> Presencial<\/span><\/div>\n<div><\/div>\n<\/div>\n<\/div>\n<\/div>\n<\/div>\n<\/div>\n<\/div>\n<p>[\/vc_column_text][\/vc_column][\/vc_row][vc_row][vc_column][vc_custom_heading text=&#8221;Estructura Curricular&#8221; css=&#8221;&#8221;][\/vc_column][\/vc_row][vc_row][vc_column][vc_column_text css=&#8221;&#8221;]<\/p>\n<table style=\"height: 250px; border-collapse: collapse; border-color: #000000; width: 83.0843%;\">\n<tbody>\n<tr style=\"height: 24px;\">\n<td style=\"height: 24px; background-color: #a2b8e1; border-color: #000000; width: 7.53656%;\" colspan=\"6\"><span style=\"font-size: 14px;\"><strong>Primer a\u00f1o<\/strong><\/span><span style=\"font-size: 14px;\"><strong><br \/>\n<\/strong><\/span><\/td>\n<\/tr>\n<tr style=\"height: 24px;\">\n<td style=\"height: 24px; width: 7.53656%; text-align: center;\"><strong><span style=\"font-size: 14px;\">C\u00f3digo<\/span><\/strong><\/td>\n<td style=\"width: 29.3588%; height: 24px; text-align: center;\"><strong><span style=\"font-size: 14px;\"><em>Materia<\/em><\/span><\/strong><\/td>\n<td style=\"width: 15.6355%; height: 24px; text-align: center;\"><strong><span style=\"font-size: 14px;\"><em>Per\u00edodo<\/em><\/span><\/strong><\/td>\n<td style=\"width: 11.2486%; height: 24px; text-align: center;\"><strong><span style=\"font-size: 14px;\"><em>Carga Horaria<\/em><\/span><\/strong><\/td>\n<td style=\"width: 11.9235%; height: 24px; text-align: center;\"><strong><span style=\"font-size: 14px;\"><em>Trelew<\/em><\/span><\/strong><\/td>\n<td style=\"width: 11.1654%; height: 24px; text-align: center;\"><strong><span style=\"font-size: 14px;\"><em>C. Rivadavia<\/em><\/span><\/strong><\/td>\n<\/tr>\n<tr style=\"height: 24px;\">\n<td style=\"height: 10px; text-align: left; width: 7.53656%;\" colspan=\"6\"><span style=\"font-size: 14px; color: #800080;\"><em>Primer\u00a0 Cuatrimestre<\/em><\/span><span style=\"font-size: 14px; color: #800080;\"><em><br \/>\n<\/em><\/span><\/td>\n<\/tr>\n<tr style=\"height: 24px;\">\n<td style=\"width: 7.53656%; height: 24px; text-align: center;\"><span style=\"font-size: 14px; color: #000000;\">111<\/span><\/td>\n<td style=\"width: 29.3588%; height: 24px; text-align: left;\"><span style=\"font-size: 14px; color: #000000;\">Contabilidad I<\/span><\/td>\n<td style=\"width: 15.6355%; height: 24px; text-align: center;\"><span style=\"font-size: 14px; color: #000000;\">Anual<\/span><\/td>\n<td style=\"width: 11.2486%; height: 24px; text-align: center;\"><span style=\"font-size: 14px; color: #000000;\">128<\/span><\/td>\n<td style=\"width: 11.9235%; height: 24px; text-align: center;\"><a href=\"https:\/\/drive.google.com\/file\/d\/1DDm7TVI_i18NBPyCGzqQ68A4cyba49NM\/view?usp=drive_link\">\u21d2<\/a><\/td>\n<td style=\"width: 11.1654%; height: 24px; text-align: center;\"><span style=\"font-size: 14px;\"><a href=\"https:\/\/drive.google.com\/open?id=1I3BGcTRsDrzSpX1bZy5eSCDhGDHrJ7OR\" target=\"_blank\" rel=\"noopener\">Programa<\/a><\/span><\/td>\n<\/tr>\n<tr style=\"height: 24px;\">\n<td style=\"width: 7.53656%; height: 24px; text-align: center;\"><span style=\"font-size: 14px; color: #000000;\">151<\/span><\/td>\n<td style=\"width: 29.3588%; height: 24px; text-align: left;\"><span style=\"font-size: 14px; color: #000000;\">Matem\u00e1tica I<\/span><\/td>\n<td style=\"width: 15.6355%; height: 24px; text-align: center;\"><span style=\"font-size: 14px; color: #000000;\">Anual<\/span><\/td>\n<td style=\"width: 11.2486%; height: 24px; text-align: center;\"><span style=\"font-size: 14px; color: #000000;\">128<\/span><\/td>\n<td style=\"width: 11.9235%; height: 24px; text-align: center;\"><a href=\"https:\/\/drive.google.com\/file\/d\/1s6jViu5SG236st1OiaRLR6t6nTmpdjAH\/view?usp=drive_link\">\u21d2<\/a><\/td>\n<td style=\"width: 11.1654%; height: 24px; text-align: center;\"><span style=\"font-size: 14px;\"><a href=\"https:\/\/drive.google.com\/open?id=1sFRHo84cwGWFjScYK94D51QcDTqVoqj6\" target=\"_blank\" rel=\"noopener\">Programa<\/a><\/span><\/td>\n<\/tr>\n<tr style=\"height: 24px;\">\n<td style=\"width: 7.53656%; height: 24px; text-align: center;\"><span style=\"font-size: 14px; color: #000000;\">141<\/span><\/td>\n<td style=\"width: 29.3588%; height: 24px; text-align: left;\"><span style=\"font-size: 14px; color: #000000;\">Econom\u00eda I<\/span><\/td>\n<td style=\"width: 15.6355%; height: 24px; text-align: center;\"><span style=\"font-size: 14px; color: #000000;\">Cuatrimestral<\/span><\/td>\n<td style=\"width: 11.2486%; height: 24px; text-align: center;\"><span style=\"font-size: 14px; color: #000000;\">96<\/span><\/td>\n<td style=\"width: 11.9235%; height: 24px; text-align: center;\"><a href=\"https:\/\/drive.google.com\/file\/d\/10r4FFUgoTYaP5zqs1adMVwWn7zKehR1J\/view?usp=drive_link\">\u21d2<\/a><\/td>\n<td style=\"width: 11.1654%; height: 24px; text-align: center;\"><span style=\"font-size: 14px;\"><a href=\"https:\/\/drive.google.com\/open?id=1KewBzT4lXPBDBgWHpfV6dB8BzCQQWrCw\" target=\"_blank\" rel=\"noopener\">Programa<\/a><\/span><\/td>\n<\/tr>\n<tr style=\"height: 24px;\">\n<td style=\"width: 86.8683%; height: 24px;\" colspan=\"6\"><span style=\"font-size: 14px; color: #800080;\"><em>Segundo Cuatrimestre<\/em><\/span><\/td>\n<\/tr>\n<tr style=\"height: 24px;\">\n<td style=\"width: 7.53656%; height: 24px; text-align: center;\"><span style=\"font-size: 14px; color: #000000;\">121<\/span><\/td>\n<td style=\"width: 29.3588%; height: 24px; text-align: left;\"><span style=\"font-size: 14px; color: #000000;\">Derecho Civil<\/span><\/td>\n<td style=\"width: 15.6355%; height: 24px; text-align: center;\"><span style=\"font-size: 14px; color: #000000;\">Cuatrimestral<\/span><\/td>\n<td style=\"width: 11.2486%; height: 24px; text-align: center;\"><span style=\"font-size: 14px; color: #000000;\">96<\/span><\/td>\n<td style=\"width: 11.9235%; height: 24px; text-align: center;\"><a href=\"https:\/\/drive.google.com\/file\/d\/1pvAhisvIhxtBSaNiwGYZiaU8fAhIkLJL\/view?usp=drive_link\">\u21d2<\/a><\/td>\n<td style=\"width: 11.1654%; height: 24px; text-align: center;\"><span style=\"font-size: 14px;\"><a href=\"https:\/\/drive.google.com\/open?id=1ZeSlND4TPiM_OHqhvmniYzMklit857oM\" target=\"_blank\" rel=\"noopener\">Programa<\/a><\/span><\/td>\n<\/tr>\n<tr style=\"height: 24px;\">\n<td style=\"width: 7.53656%; height: 24px; text-align: center;\"><span style=\"font-size: 14px; color: #000000;\">131<\/span><\/td>\n<td style=\"width: 29.3588%; height: 24px; text-align: left;\"><span style=\"font-size: 14px; color: #000000;\">Procesamiento de Datos<\/span><\/td>\n<td style=\"width: 15.6355%; height: 24px; text-align: center;\"><span style=\"font-size: 14px; color: #000000;\">Cuatrimestral<\/span><\/td>\n<td style=\"width: 11.2486%; height: 24px; text-align: center;\"><span style=\"font-size: 14px; color: #000000;\">96<\/span><\/td>\n<td style=\"width: 11.9235%; height: 24px; text-align: center;\"><a href=\"https:\/\/drive.google.com\/file\/d\/1CaUOAX7yvjHhVPSbyls3Gp4RnM3xqZ6n\/view?usp=sharing\">\u21d2<\/a><\/td>\n<td style=\"width: 11.1654%; height: 24px; text-align: center;\"><span style=\"font-size: 14px;\"><a href=\"https:\/\/drive.google.com\/open?id=1UiBEHlE4tHgqjqMyI8qwigtOGfpfZuzo\" target=\"_blank\" rel=\"noopener\">Programa<\/a><\/span><\/td>\n<\/tr>\n<tr style=\"height: 24px;\">\n<td style=\"width: 7.53656%; height: 24px; text-align: center;\"><span style=\"font-size: 14px; color: #000000;\">161<\/span><\/td>\n<td style=\"width: 29.3588%; height: 24px; text-align: left;\"><span style=\"font-size: 14px; color: #000000;\">Introducci\u00f3n a la Filosof\u00eda<\/span><\/td>\n<td style=\"width: 15.6355%; height: 24px; text-align: center;\"><span style=\"font-size: 14px; color: #000000;\">Cuatrimestral<\/span><\/td>\n<td style=\"width: 11.2486%; height: 24px; text-align: center;\"><span style=\"font-size: 14px; color: #000000;\">64<\/span><\/td>\n<td style=\"width: 11.9235%; height: 24px; text-align: center;\"><a href=\"https:\/\/drive.google.com\/file\/d\/1YRpXrsEpSmOVLsNa54VFBeej8Dl8KPB1\/view?usp=drive_link\">\u21d2<\/a><\/td>\n<td style=\"width: 11.1654%; height: 24px; text-align: center;\"><span style=\"font-size: 14px;\"><a href=\"https:\/\/drive.google.com\/file\/d\/1nOYHu4Jma8RyrkXh-Qrr-uoNzCNcKsYA\/view?usp=drive_link\" target=\"_blank\" rel=\"noopener\">Programa<\/a><\/span><\/td>\n<\/tr>\n<\/tbody>\n<\/table>\n<table style=\"height: 10px; border-collapse: collapse; border-color: #000000; width: 83.182%;\">\n<tbody>\n<tr style=\"height: 24px;\">\n<td style=\"height: 10px; background-color: #a2b8e1; border-color: #000000; text-align: left; width: 36.2204%;\" colspan=\"6\"><span style=\"font-size: 14px;\"><strong>Segundo a\u00f1o<\/strong><\/span><span style=\"font-size: 14px;\"><strong><br \/>\n<\/strong><\/span><\/td>\n<\/tr>\n<\/tbody>\n<\/table>\n<table style=\"height: 85px; width: 83.2784%; border-collapse: collapse; border-color: #000000;\">\n<tbody>\n<tr style=\"height: 24px;\">\n<td style=\"height: 13px; width: 87.5142%;\" colspan=\"6\"><span style=\"font-size: 14px; color: #800080;\"><em>Primer\u00a0 Cuatrimestre<\/em><\/span><span style=\"font-size: 14px; color: #800080;\"><em><br \/>\n<\/em><\/span><\/td>\n<\/tr>\n<tr style=\"height: 24px;\">\n<td style=\"width: 10.5737%; height: 24px; text-align: center;\"><span style=\"font-size: 14px; color: #000000;\">212<\/span><\/td>\n<td style=\"width: 27.4466%; height: 24px; text-align: left;\"><span style=\"font-size: 14px; color: #000000;\">Contabilidad II<\/span><\/td>\n<td style=\"width: 15.5231%; height: 24px; text-align: center;\"><span style=\"font-size: 14px; color: #000000;\">Anual<\/span><\/td>\n<td style=\"width: 10.6862%; height: 24px; text-align: center;\"><span style=\"font-size: 14px; color: #000000;\">128<\/span><\/td>\n<td style=\"width: 12.1485%; height: 24px; text-align: center;\"><a href=\"https:\/\/drive.google.com\/file\/d\/1wL9SqUQH11BD0BRp4q7G5ZfZfZ9R1Vzh\/view?usp=drive_link\">\u21d2<\/a><\/td>\n<td style=\"width: 11.1361%; height: 24px; text-align: center;\"><span style=\"font-size: 14px;\"><a href=\"https:\/\/drive.google.com\/open?id=1URfKl3Dv5e4QzOor6lReDTnVndsP2Kkc\" target=\"_blank\" rel=\"noopener\">Programa<\/a><\/span><\/td>\n<\/tr>\n<tr style=\"height: 24px;\">\n<td style=\"width: 10.5737%; height: 24px; text-align: center;\"><span style=\"font-size: 14px; color: #000000;\">232<\/span><\/td>\n<td style=\"width: 27.4466%; height: 24px; text-align: left;\"><span style=\"font-size: 14px; color: #000000;\">Administraci\u00f3n General<\/span><\/td>\n<td style=\"width: 15.5231%; height: 24px; text-align: center;\"><span style=\"font-size: 14px; color: #000000;\">Cuatrimestral<\/span><\/td>\n<td style=\"width: 10.6862%; height: 24px; text-align: center;\"><span style=\"font-size: 14px; color: #000000;\">96<\/span><\/td>\n<td style=\"width: 12.1485%; height: 24px; text-align: center;\"><a href=\"https:\/\/drive.google.com\/file\/d\/1NQ9cpDVcbVSSrh3FHdIimYdWB5BWaCwZ\/view?usp=drive_link\">\u21d2<\/a><\/td>\n<td style=\"width: 11.1361%; height: 24px; text-align: center;\"><span style=\"font-size: 14px;\"><a href=\"https:\/\/drive.google.com\/open?id=1j6faxY12RpU2CYoxaepgyXmUbvdsluQ4\" target=\"_blank\" rel=\"noopener\">Programa<\/a><\/span><\/td>\n<\/tr>\n<tr style=\"height: 24px;\">\n<td style=\"width: 10.5737%; height: 24px; text-align: center;\"><span style=\"font-size: 14px; color: #000000;\">242<\/span><\/td>\n<td style=\"width: 27.4466%; height: 24px; text-align: left;\"><span style=\"font-size: 14px; color: #000000;\">Econom\u00eda II<\/span><\/td>\n<td style=\"width: 15.5231%; height: 24px; text-align: center;\"><span style=\"font-size: 14px; color: #000000;\">Cuatrimestral<\/span><\/td>\n<td style=\"width: 10.6862%; height: 24px; text-align: center;\"><span style=\"font-size: 14px; color: #000000;\">96<\/span><\/td>\n<td style=\"width: 12.1485%; height: 24px; text-align: center;\"><a href=\"https:\/\/drive.google.com\/file\/d\/1EPZvsF0eocnxSMpCC1wuBOh2Wb8CVCMn\/view?usp=drive_link\">\u21d2<\/a><\/td>\n<td style=\"width: 11.1361%; height: 24px; text-align: center;\"><span style=\"font-size: 14px;\"><a href=\"https:\/\/drive.google.com\/open?id=1OzpNPo0zPBJqVUGsIaGnZdmFY0IpU7YX\">Programa<\/a><\/span><\/td>\n<\/tr>\n<\/tbody>\n<\/table>\n<table style=\"height: 82px; width: 83.277%; border-collapse: collapse; border-color: #000000;\">\n<tbody>\n<tr style=\"height: 24px;\">\n<td style=\"height: 10px; width: 87.2839%;\" colspan=\"6\"><span style=\"font-size: 14px; color: #800080;\"><em>Segundo Cuatrimestre<\/em><\/span><span style=\"font-size: 14px; color: #800080;\"><em><br \/>\n<\/em><\/span><\/td>\n<\/tr>\n<tr style=\"height: 24px;\">\n<td style=\"width: 10.4612%; height: 24px; text-align: center;\"><span style=\"font-size: 14px; color: #000000;\">222<\/span><\/td>\n<td style=\"width: 27.784%; height: 24px; text-align: left;\"><span style=\"font-size: 14px; color: #000000;\">Derecho Comercial I<\/span><\/td>\n<td style=\"width: 15.298%; height: 24px; text-align: center;\"><span style=\"font-size: 14px; color: #000000;\">Cuatrimestral<\/span><\/td>\n<td style=\"width: 10.6863%; height: 24px; text-align: center;\"><span style=\"font-size: 14px; color: #000000;\">96<\/span><\/td>\n<td style=\"width: 12.036%; height: 24px; text-align: center;\"><a href=\"https:\/\/drive.google.com\/file\/d\/1GmIlwuimDLc7XQHtUzZGVB8t6acHX7fa\/view?usp=drive_link\">\u21d2<\/a><\/td>\n<td style=\"width: 11.0184%; height: 24px; text-align: center;\"><span style=\"font-size: 14px;\"><a href=\"https:\/\/drive.google.com\/open?id=1WB9WtKbnhsJD6cOwsF-aPQdS4UK_DjWA\">Programa<\/a><\/span><\/td>\n<\/tr>\n<tr style=\"height: 24px;\">\n<td style=\"width: 10.4612%; height: 24px; text-align: center;\"><span style=\"font-size: 14px; color: #000000;\">252<\/span><\/td>\n<td style=\"width: 27.784%; height: 24px; text-align: left;\"><span style=\"font-size: 14px; color: #000000;\">Matem\u00e1tica II<\/span><\/td>\n<td style=\"width: 15.298%; height: 24px; text-align: center;\"><span style=\"font-size: 14px; color: #000000;\">Cuatrimestral<\/span><\/td>\n<td style=\"width: 10.6863%; height: 24px; text-align: center;\"><span style=\"font-size: 14px; color: #000000;\">128<\/span><\/td>\n<td style=\"width: 12.036%; height: 24px; text-align: center;\"><a href=\"https:\/\/drive.google.com\/file\/d\/12imxWwJGaMPjfDp6XC7FmGk6QPAbqvJh\/view?usp=drive_link\">\u21d2<\/a><\/td>\n<td style=\"width: 11.0184%; height: 24px; text-align: center;\"><span style=\"font-size: 14px;\"><a href=\"https:\/\/drive.google.com\/open?id=1lf60vSvmhlWBPdYUFB8v7AzVuv3D0G4A\">Programa<\/a><\/span><\/td>\n<\/tr>\n<tr style=\"height: 24px;\">\n<td style=\"width: 10.4612%; height: 24px; text-align: center;\"><span style=\"font-size: 14px; color: #000000;\">262<\/span><\/td>\n<td style=\"width: 27.784%; height: 24px; text-align: left;\"><span style=\"font-size: 14px; color: #000000;\">L\u00f3gica y metodolog\u00eda de las Ciencias<\/span><\/td>\n<td style=\"width: 15.298%; height: 24px; text-align: center;\"><span style=\"font-size: 14px; color: #000000;\">Cuatrimestral<\/span><\/td>\n<td style=\"width: 10.6863%; height: 24px; text-align: center;\"><span style=\"font-size: 14px; color: #000000;\">64<\/span><\/td>\n<td style=\"width: 12.036%; height: 24px; text-align: center;\"><\/td>\n<td style=\"width: 11.0184%; height: 24px; text-align: center;\"><span style=\"font-size: 14px;\"><a href=\"https:\/\/drive.google.com\/open?id=1PuIw26A-t8ItbcHc_3hzWbL4-pnPqnOj\">Programa<\/a><\/span><\/td>\n<\/tr>\n<\/tbody>\n<\/table>\n<table style=\"height: 10px; border-collapse: collapse; border-color: #000000; width: 83.4685%;\">\n<tbody>\n<tr style=\"height: 24px;\">\n<td style=\"height: 10px; width: 1.3905%; background-color: #a2b8e1; border-color: #000000; text-align: left;\" colspan=\"7\"><span style=\"font-size: 14px;\"><strong>Tercer a\u00f1o<\/strong><\/span><\/td>\n<\/tr>\n<\/tbody>\n<\/table>\n<table style=\"height: 10px; width: 83.4712%; border-collapse: collapse; border-color: #000000;\">\n<tbody>\n<tr style=\"height: 24px;\">\n<td style=\"width: 1.12486%; height: 10px;\" colspan=\"7\"><span style=\"font-size: 14px; color: #800080;\"><em>Primer\u00a0 Cuatrimestre<\/em><\/span><\/td>\n<\/tr>\n<\/tbody>\n<\/table>\n<table style=\"height: 72px; width: 83.664%; border-collapse: collapse; border-color: #000000;\">\n<tbody>\n<tr style=\"height: 24px;\">\n<td style=\"width: 6.65213%; height: 24px; text-align: center;\"><span style=\"font-size: 14px; color: #000000;\">328<\/span><\/td>\n<td style=\"width: 34.367%; height: 24px; text-align: left;\"><span style=\"font-size: 14px; color: #000000;\">Marco Legal de los Procedimientos Administrativos<\/span><\/td>\n<td style=\"width: 12.5243%; height: 24px; text-align: center;\"><span style=\"font-size: 14px; color: #000000;\">Cuatrimestral<\/span><\/td>\n<td style=\"width: 10.6862%; height: 24px; text-align: center;\"><span style=\"font-size: 14px; color: #000000;\">128<\/span><\/td>\n<td style=\"width: 12.1485%; height: 24px; text-align: center;\"><a href=\"https:\/\/drive.google.com\/file\/d\/11tDbNJ2oUHpye3miqt3udKIJ6lZClqhe\/view?usp=drive_link\">\u21d2<\/a><\/td>\n<td style=\"width: 11.5996%; height: 24px; text-align: center;\"><a href=\"https:\/\/drive.google.com\/file\/d\/1Yv_hCb8KzzFOfZt5FSaN9biDM5MTdubb\/view?usp=drive_link\">\u21d2<\/a><\/td>\n<\/tr>\n<tr style=\"height: 24px;\">\n<td style=\"width: 6.65213%; height: 24px; text-align: center;\"><span style=\"color: #000000; font-size: 14px;\">3115<\/span><\/td>\n<td style=\"width: 34.367%; height: 24px; text-align: left;\"><span style=\"color: #000000; font-size: 14px;\">R\u00e9gimen Econ\u00f3mico Financiero del Estado<\/span><\/td>\n<td style=\"width: 12.5243%; height: 24px; text-align: center;\"><span style=\"font-size: 14px; color: #000000;\">Cuatrimestral<\/span><\/td>\n<td style=\"width: 10.6862%; height: 24px; text-align: center;\"><span style=\"font-size: 14px; color: #000000;\">128<\/span><\/td>\n<td style=\"width: 12.1485%; height: 24px; text-align: center;\"><a href=\"https:\/\/drive.google.com\/file\/d\/1VwA_BCVo3Ge-yN_IHLIQMErzV_9tXgHL\/view?usp=drive_link\">\u21d2<\/a><\/td>\n<td style=\"width: 11.5996%; height: 24px; text-align: center;\"><a href=\"https:\/\/drive.google.com\/file\/d\/1ZWcYccjxJBvMhPc52rNLDXGKhsS-VuX0\/view?usp=drive_link\">\u21d2<\/a><\/td>\n<\/tr>\n<tr style=\"height: 24px;\">\n<td style=\"width: 6.65213%; height: 24px; text-align: center;\"><span style=\"font-size: 14px; color: #000000;\">3318<\/span><\/td>\n<td style=\"width: 34.367%; height: 24px; text-align: left;\"><span style=\"font-size: 14px; color: #000000;\">Planeamiento y Control del Estado<\/span><\/td>\n<td style=\"width: 12.5243%; height: 24px; text-align: center;\"><span style=\"font-size: 14px; color: #000000;\">Cuatrimestral<\/span><\/td>\n<td style=\"width: 10.6862%; height: 24px; text-align: center;\"><span style=\"font-size: 14px; color: #000000;\">96<\/span><\/td>\n<td style=\"width: 12.1485%; height: 24px; text-align: center;\"><a href=\"https:\/\/drive.google.com\/file\/d\/1i2K5Gex70hR5XKM9Xt6DZOaCOMr1dAbB\/view?usp=drive_link\">\u21d2<\/a><\/td>\n<td style=\"width: 11.5996%; height: 24px; text-align: center;\"><a href=\"https:\/\/drive.google.com\/file\/d\/1-hh8qSrOmJTO5Q8vCOE9PkYBOHAQKynY\/view?usp=drive_link\">\u21d2<\/a><\/td>\n<\/tr>\n<\/tbody>\n<\/table>\n<table style=\"height: 82px; width: 83.277%; border-collapse: collapse; border-color: #000000;\">\n<tbody>\n<tr style=\"height: 24px;\">\n<td style=\"height: 10px; width: 87.2839%;\" colspan=\"6\"><span style=\"font-size: 14px; color: #800080;\"><em>Segundo Cuatrimestre<\/em><\/span><span style=\"font-size: 14px; color: #800080;\"><em><br \/>\n<\/em><\/span><\/td>\n<\/tr>\n<tr style=\"height: 24px;\">\n<td style=\"width: 6.63733%; height: 24px; text-align: center;\"><span style=\"font-size: 14px; color: #000000;\">333<\/span><\/td>\n<td style=\"width: 34.3889%; height: 24px; text-align: left;\"><span style=\"font-size: 14px; color: #000000;\">An\u00e1lisis de Sistemas I<\/span><\/td>\n<td style=\"width: 12.517%; height: 24px; text-align: center;\"><span style=\"font-size: 14px; color: #000000;\">Cuatrimestral<\/span><\/td>\n<td style=\"width: 10.6863%; height: 24px; text-align: center;\"><span style=\"font-size: 14px; color: #000000;\">96<\/span><\/td>\n<td style=\"width: 12.036%; height: 24px; text-align: center;\"><a href=\"https:\/\/drive.google.com\/file\/d\/1oghHCMXtkrjNCu73X18px8bYrRPYPhJo\/view?usp=drive_link\">\u21d2<\/a><\/td>\n<td style=\"width: 11.0184%; height: 24px; text-align: center;\"><a href=\"https:\/\/drive.google.com\/file\/d\/17PI47QzJ7MHJ1BPNaj_mGlnrOTgYyWXR\/view?usp=drive_link\">\u21d2<\/a><\/td>\n<\/tr>\n<tr style=\"height: 24px;\">\n<td style=\"width: 6.63733%; height: 24px; text-align: center;\"><span style=\"font-size: 14px; color: #000000;\">343<\/span><\/td>\n<td style=\"width: 34.3889%; height: 24px; text-align: left;\"><span style=\"font-size: 14px; color: #000000;\">Finanzas P\u00fablicas<\/span><\/td>\n<td style=\"width: 12.517%; height: 24px; text-align: center;\"><span style=\"font-size: 14px; color: #000000;\">Cuatrimestral<\/span><\/td>\n<td style=\"width: 10.6863%; height: 24px; text-align: center;\"><span style=\"font-size: 14px; color: #000000;\">96<\/span><\/td>\n<td style=\"width: 12.036%; height: 24px; text-align: center;\"><a href=\"https:\/\/drive.google.com\/file\/d\/1XnFw_hgNfdSFwQnEowLt5IQUW8GF9_1a\/view?usp=drive_link\">\u21d2<\/a><\/td>\n<td style=\"width: 11.0184%; height: 24px; text-align: center;\"><a href=\"https:\/\/drive.google.com\/file\/d\/1cryXBbGSaT3Xp53Py__g2efzczYh6U9o\/view?usp=drive_link\">\u21d2<\/a><\/td>\n<\/tr>\n<tr style=\"height: 24px;\">\n<td style=\"width: 6.63733%; height: 24px; text-align: center;\"><span style=\"font-size: 14px; color: #000000;\">363<\/span><\/td>\n<td style=\"width: 34.3889%; height: 24px; text-align: left;\"><span style=\"font-size: 14px; color: #000000;\">Sociolog\u00eda<\/span><\/td>\n<td style=\"width: 12.517%; height: 24px; text-align: center;\"><span style=\"font-size: 14px; color: #000000;\">Cuatrimestral<\/span><\/td>\n<td style=\"width: 10.6863%; height: 24px; text-align: center;\"><span style=\"font-size: 14px; color: #000000;\">96<\/span><\/td>\n<td style=\"width: 12.036%; height: 24px; text-align: center;\"><a href=\"https:\/\/drive.google.com\/file\/d\/1TCzT9BcMt3bU383hXss3ueVXeTRhDRtt\/view?usp=drive_link\">\u21d2<\/a><\/td>\n<td style=\"width: 11.0184%; height: 24px; text-align: center;\"><a href=\"https:\/\/drive.google.com\/file\/d\/1zVv9P846hIiwXQJsKUwEGV8Kcuc8Hfk2\/view?usp=drive_link\">\u21d2<\/a><\/td>\n<\/tr>\n<\/tbody>\n<\/table>\n<p>[\/vc_column_text][\/vc_column][\/vc_row][vc_row][vc_column][vc_btn title=&#8221;Plan de Estudio&#8221; color=&#8221;sky&#8221; i_type=&#8221;typicons&#8221; i_icon_typicons=&#8221;typcn typcn-download&#8221; css=&#8221;&#8221; add_icon=&#8221;true&#8221; link=&#8221;url:https%3A%2F%2Fweb.sistemasfce.com.ar%2Fwordpress%2Fwp-content%2Fuploads%2F2021%2F07%2FPLAN-TUAP.pdf|target:_blank&#8221;][\/vc_column][\/vc_row]<\/p>\n<\/div><\/div>","protected":false},"excerpt":{"rendered":"<p>[vc_row][vc_column][vc_column_text css=&#8221;&#8221;] Campo Ocupacional Es una Carrera corta de nivel universitario. Prevee la formaci\u00f3n de &hellip; <\/p>\n","protected":false},"author":6,"featured_media":0,"parent":0,"menu_order":0,"comment_status":"closed","ping_status":"closed","template":"","meta":{"pmpro_default_level":"","footnotes":""},"class_list":["post-15831","page","type-page","status-publish","hentry","pmpro-has-access"],"_links":{"self":[{"href":"https:\/\/web.sistemasfce.com.ar\/wordpress\/index.php\/wp-json\/wp\/v2\/pages\/15831","targetHints":{"allow":["GET"]}}],"collection":[{"href":"https:\/\/web.sistemasfce.com.ar\/wordpress\/index.php\/wp-json\/wp\/v2\/pages"}],"about":[{"href":"https:\/\/web.sistemasfce.com.ar\/wordpress\/index.php\/wp-json\/wp\/v2\/types\/page"}],"author":[{"embeddable":true,"href":"https:\/\/web.sistemasfce.com.ar\/wordpress\/index.php\/wp-json\/wp\/v2\/users\/6"}],"replies":[{"embeddable":true,"href":"https:\/\/web.sistemasfce.com.ar\/wordpress\/index.php\/wp-json\/wp\/v2\/comments?post=15831"}],"version-history":[{"count":2,"href":"https:\/\/web.sistemasfce.com.ar\/wordpress\/index.php\/wp-json\/wp\/v2\/pages\/15831\/revisions"}],"predecessor-version":[{"id":15955,"href":"https:\/\/web.sistemasfce.com.ar\/wordpress\/index.php\/wp-json\/wp\/v2\/pages\/15831\/revisions\/15955"}],"wp:attachment":[{"href":"https:\/\/web.sistemasfce.com.ar\/wordpress\/index.php\/wp-json\/wp\/v2\/media?parent=15831"}],"curies":[{"name":"wp","href":"https:\/\/api.w.org\/{rel}","templated":true}]}}