{"id":15815,"date":"2025-10-31T16:39:44","date_gmt":"2025-10-31T19:39:44","guid":{"rendered":"https:\/\/web.sistemasfce.com.ar\/wordpress\/?page_id=15815"},"modified":"2025-10-31T17:02:06","modified_gmt":"2025-10-31T20:02:06","slug":"oa-tuc","status":"publish","type":"page","link":"https:\/\/web.sistemasfce.com.ar\/wordpress\/index.php\/oa-tuc\/","title":{"rendered":"Tecnicatura Universitaria Contable"},"content":{"rendered":"<div class=\"wpb-content-wrapper\"><div id=\"modal-ready\"><p>[vc_row][vc_column][vc_column_text css=&#8221;&#8221;]<\/p>\n<div><\/div>\n<div><\/div>\n<div style=\"text-align: justify;\"><span class=\"texto\" style=\"color: #000000;\"><strong>Campo Ocupacional<\/strong><\/span><\/div>\n<div style=\"text-align: justify;\"><span class=\"texto\" style=\"color: #000000;\">Se trata de una carrera corta de nivel universitario. Consta de una completa preparaci\u00f3n en los aspectos Contable-Administrativo y Jur\u00eddico, logr\u00e1ndose una buena formaci\u00f3n en Matem\u00e1tica, Econom\u00eda, Administraci\u00f3n, Contabilidad y Derecho, capacitando de esta manera al egresado para ejercer funciones como colaborador inmediato en establecimientos comerciales, industriales y de servicios.<\/span><span class=\"texto\"><br \/>\n<\/span><\/div>\n<div><\/div>\n<div><\/div>\n<div><span style=\"color: #000000;\"><strong>Titulo:<\/strong> T\u00e9cnico\/a Universitario\/a Contable.<\/span><\/div>\n<div><span style=\"color: #000000;\"><strong>Nivel de titulaci\u00f3n:<\/strong> Pregrado<\/span><\/div>\n<div><span style=\"color: #000000;\"><strong>Duraci\u00f3n:<\/strong>\u00a03 A\u00f1os.<\/span><\/div>\n<p>[\/vc_column_text][\/vc_column][\/vc_row][vc_row][vc_column][vc_custom_heading text=&#8221;Estructura Curricular&#8221; css=&#8221;&#8221;][\/vc_column][\/vc_row][vc_row][vc_column][vc_column_text css=&#8221;&#8221;]<\/p>\n<table style=\"height: 204px; width: 71.4149%; border-collapse: collapse; border-color: #000000;\">\n<tbody>\n<tr style=\"height: 24px;\">\n<td style=\"height: 10px; background-color: #a2b8e1; border-color: #000000; width: 67.7706%;\" colspan=\"4\"><span style=\"font-size: 18px; color: #000000;\"><strong>Primer a\u00f1o<\/strong><\/span><span style=\"font-size: 18px; color: #000000;\"><strong>\u00a0<\/strong><\/span><\/td>\n<\/tr>\n<tr style=\"height: 45px;\">\n<td style=\"width: 9.93631%; text-align: center; height: 26px;\"><span style=\"color: #000000;\"><strong><span style=\"font-size: 14px;\">C\u00f3digo<\/span><\/strong><\/span><\/td>\n<td style=\"width: 32.9936%; text-align: center; height: 26px;\"><span style=\"color: #000000;\"><strong><span style=\"font-size: 14px;\"><em>Materia<\/em><\/span><\/strong><\/span><\/td>\n<td style=\"width: 14.2675%; text-align: center; height: 26px;\"><span style=\"color: #000000;\"><strong><span style=\"font-size: 14px;\"><em>Per\u00edodo<\/em><\/span><\/strong><\/span><\/td>\n<td style=\"width: 10.5732%; text-align: center; height: 26px;\"><span style=\"color: #000000;\"><strong><span style=\"font-size: 14px;\"><em>Carga Horaria<\/em><\/span><\/strong><\/span><\/td>\n<\/tr>\n<tr>\n<td style=\"width: 67.7706%; text-align: left;\" colspan=\"4\"><span style=\"color: #800080;\"><em><span style=\"font-size: 16px;\">Primer Cuatrimestre<\/span><\/em><\/span><\/td>\n<\/tr>\n<tr style=\"height: 24px;\">\n<td style=\"width: 9.93631%; height: 24px; text-align: center;\"><span style=\"color: #000000; font-size: 14px;\">111<\/span><\/td>\n<td style=\"width: 32.9936%; height: 24px; text-align: left;\"><span style=\"color: #000000; font-size: 14px;\">Contabilidad I<\/span><\/td>\n<td style=\"width: 14.2675%; height: 24px; text-align: center;\"><span style=\"color: #000000; font-size: 14px;\">Anual<\/span><\/td>\n<td style=\"width: 10.5732%; height: 24px; text-align: center;\"><span style=\"font-size: 14px; color: #000000;\">128<\/span><\/td>\n<\/tr>\n<tr style=\"height: 24px;\">\n<td style=\"width: 9.93631%; height: 24px; text-align: center;\"><span style=\"color: #000000; font-size: 14px;\">151<\/span><\/td>\n<td style=\"width: 32.9936%; height: 24px; text-align: left;\"><span style=\"color: #000000; font-size: 14px;\">Matem\u00e1tica I<\/span><\/td>\n<td style=\"width: 14.2675%; height: 24px; text-align: center;\"><span style=\"color: #000000; font-size: 14px;\">Anual<\/span><\/td>\n<td style=\"width: 10.5732%; height: 24px; text-align: center;\"><span style=\"font-size: 14px; color: #000000;\">128<\/span><\/td>\n<\/tr>\n<tr style=\"height: 24px;\">\n<td style=\"width: 9.93631%; height: 24px; text-align: center;\"><span style=\"color: #000000; font-size: 14px;\">141<\/span><\/td>\n<td style=\"width: 32.9936%; height: 24px; text-align: left;\"><span style=\"color: #000000; font-size: 14px;\">Econom\u00eda I<\/span><\/td>\n<td style=\"width: 14.2675%; height: 24px; text-align: center;\"><span style=\"color: #000000; font-size: 14px;\">Cuatrimestral<\/span><\/td>\n<td style=\"width: 10.5732%; height: 24px; text-align: center;\"><span style=\"font-size: 14px; color: #000000;\">96<\/span><\/td>\n<\/tr>\n<tr style=\"height: 24px;\">\n<td style=\"width: 67.7706%; height: 24px;\" colspan=\"4\"><em><span style=\"color: #800080;\">Segundo Cuatrimestre<\/span><\/em><\/td>\n<\/tr>\n<tr style=\"height: 24px;\">\n<td style=\"width: 9.93631%; height: 24px; text-align: center;\"><span style=\"color: #000000; font-size: 14px;\">121<\/span><\/td>\n<td style=\"width: 32.9936%; height: 24px; text-align: left;\"><span style=\"color: #000000; font-size: 14px;\">Derecho Civil<\/span><\/td>\n<td style=\"width: 14.2675%; height: 24px; text-align: center;\"><span style=\"color: #000000; font-size: 14px;\">Cuatrimestral<\/span><\/td>\n<td style=\"width: 10.5732%; height: 24px; text-align: center;\"><span style=\"font-size: 14px; color: #000000;\">96<\/span><\/td>\n<\/tr>\n<tr style=\"height: 24px;\">\n<td style=\"width: 9.93631%; height: 24px; text-align: center;\"><span style=\"color: #000000; font-size: 14px;\">131<\/span><\/td>\n<td style=\"width: 32.9936%; height: 24px; text-align: left;\"><span style=\"color: #000000; font-size: 14px;\">Procesamiento de Datos<\/span><\/td>\n<td style=\"width: 14.2675%; height: 24px; text-align: center;\"><span style=\"color: #000000; font-size: 14px;\">Cuatrimestral<\/span><\/td>\n<td style=\"width: 10.5732%; height: 24px; text-align: center;\"><span style=\"font-size: 14px; color: #000000;\">96<\/span><\/td>\n<\/tr>\n<tr style=\"height: 24px;\">\n<td style=\"width: 9.93631%; height: 24px; text-align: center;\"><span style=\"color: #000000; font-size: 14px;\">161<\/span><\/td>\n<td style=\"width: 32.9936%; height: 24px; text-align: left;\"><span style=\"color: #000000; font-size: 14px;\">Introducci\u00f3n a la Filosof\u00eda<\/span><\/td>\n<td style=\"width: 14.2675%; height: 24px; text-align: center;\"><span style=\"color: #000000; font-size: 14px;\">Cuatrimestral<\/span><\/td>\n<td style=\"width: 10.5732%; height: 24px; text-align: center;\"><span style=\"font-size: 14px; color: #000000;\">64<\/span><\/td>\n<\/tr>\n<\/tbody>\n<\/table>\n<table style=\"height: 226px; width: 71.4597%; border-collapse: collapse; border-color: #000000;\">\n<tbody>\n<tr style=\"height: 24px;\">\n<td style=\"height: 24px; background-color: #a2b8e1; border-color: #000000; width: 61.9434%;\" colspan=\"4\"><span style=\"font-size: 18px; color: #000000;\"><strong>Segundo a\u00f1o<\/strong><\/span><span style=\"font-size: 18px; color: #000000;\"><strong><br \/>\n<\/strong><\/span><\/td>\n<\/tr>\n<tr style=\"height: 10px;\">\n<td style=\"height: 10px; width: 8.50202%; text-align: center;\"><span style=\"font-size: 14px; color: #000000;\"><strong>C\u00f3digo<\/strong><\/span><\/td>\n<td style=\"height: 10px; width: 30.3644%; text-align: center;\"><span style=\"font-size: 14px; color: #000000;\"><strong>Materia<\/strong><\/span><\/td>\n<td style=\"height: 10px; width: 13.6302%; text-align: center;\"><span style=\"font-size: 14px; color: #000000;\"><strong>Per\u00edodo<\/strong><\/span><\/td>\n<td style=\"height: 10px; width: 9.44679%; text-align: center;\"><span style=\"font-size: 14px; color: #000000;\"><strong>Carga Horaria<\/strong><\/span><\/td>\n<\/tr>\n<tr style=\"height: 24px;\">\n<td style=\"height: 24px; width: 8.50202%;\" colspan=\"4\"><span style=\"color: #000000;\"><em>P<span style=\"color: #800080;\">rimer\u00a0 Cuatrimestre<\/span><\/em><\/span><span style=\"color: #000000;\"><em><br \/>\n<\/em><\/span><\/td>\n<\/tr>\n<tr style=\"height: 24px;\">\n<td style=\"width: 8.50202%; height: 24px; text-align: center;\"><span style=\"color: #000000; font-size: 14px;\">212<\/span><\/td>\n<td style=\"width: 30.3644%; height: 24px; text-align: left;\"><span style=\"color: #000000; font-size: 14px;\">Contabilidad II<\/span><\/td>\n<td style=\"width: 13.6302%; height: 24px; text-align: center;\"><span style=\"color: #000000; font-size: 14px;\">Anual<\/span><\/td>\n<td style=\"width: 9.44679%; height: 24px; text-align: center;\"><span style=\"font-size: 14px; color: #000000;\">128<\/span><\/td>\n<\/tr>\n<tr style=\"height: 24px;\">\n<td style=\"width: 8.50202%; height: 24px; text-align: center;\"><span style=\"color: #000000; font-size: 14px;\">232<\/span><\/td>\n<td style=\"width: 30.3644%; height: 24px; text-align: left;\"><span style=\"color: #000000; font-size: 14px;\">Administraci\u00f3n General<\/span><\/td>\n<td style=\"width: 13.6302%; height: 24px; text-align: center;\"><span style=\"color: #000000; font-size: 14px;\">Cuatrimestral<\/span><\/td>\n<td style=\"width: 9.44679%; height: 24px; text-align: center;\"><span style=\"font-size: 14px; color: #000000;\">96<\/span><\/td>\n<\/tr>\n<tr style=\"height: 24px;\">\n<td style=\"width: 8.50202%; height: 24px; text-align: center;\"><span style=\"color: #000000; font-size: 14px;\">242<\/span><\/td>\n<td style=\"width: 30.3644%; height: 24px; text-align: left;\"><span style=\"color: #000000; font-size: 14px;\">Econom\u00eda II<\/span><\/td>\n<td style=\"width: 13.6302%; height: 24px; text-align: center;\"><span style=\"color: #000000; font-size: 14px;\">Cuatrimestral<\/span><\/td>\n<td style=\"width: 9.44679%; height: 24px; text-align: center;\"><span style=\"font-size: 14px; color: #000000;\">96<\/span><\/td>\n<\/tr>\n<tr style=\"height: 24px;\">\n<td style=\"width: 61.9434%; height: 24px;\" colspan=\"4\"><span style=\"color: #800080;\"><em>Segundo Cuatrimestre<\/em><\/span><\/td>\n<\/tr>\n<tr style=\"height: 24px;\">\n<td style=\"width: 8.50202%; height: 24px; text-align: center;\"><span style=\"color: #000000; font-size: 14px;\">222<\/span><\/td>\n<td style=\"width: 30.3644%; height: 24px; text-align: left;\"><span style=\"color: #000000; font-size: 14px;\">Derecho Comercial I<\/span><\/td>\n<td style=\"width: 13.6302%; height: 24px; text-align: center;\"><span style=\"color: #000000; font-size: 14px;\">Cuatrimestral<\/span><\/td>\n<td style=\"width: 9.44679%; height: 24px; text-align: center;\"><span style=\"font-size: 14px; color: #000000;\">96<\/span><\/td>\n<\/tr>\n<tr style=\"height: 24px;\">\n<td style=\"width: 8.50202%; height: 24px; text-align: center;\"><span style=\"color: #000000; font-size: 14px;\">252<\/span><\/td>\n<td style=\"width: 30.3644%; height: 24px; text-align: left;\"><span style=\"color: #000000; font-size: 14px;\">Matem\u00e1tica II<\/span><\/td>\n<td style=\"width: 13.6302%; height: 24px; text-align: center;\"><span style=\"color: #000000; font-size: 14px;\">Cuatrimestral<\/span><\/td>\n<td style=\"width: 9.44679%; height: 24px; text-align: center;\"><span style=\"font-size: 14px; color: #000000;\">128<\/span><\/td>\n<\/tr>\n<tr style=\"height: 24px;\">\n<td style=\"width: 8.50202%; height: 24px; text-align: center;\"><span style=\"color: #000000; font-size: 14px;\">262<\/span><\/td>\n<td style=\"width: 30.3644%; height: 24px; text-align: left;\"><span style=\"color: #000000; font-size: 14px;\">L\u00f3gica y Metodolog\u00eda de las Ciencias<\/span><\/td>\n<td style=\"width: 13.6302%; height: 24px; text-align: center;\"><span style=\"color: #000000; font-size: 14px;\">Cuatrimestral<\/span><\/td>\n<td style=\"width: 9.44679%; height: 24px; text-align: center;\"><span style=\"font-size: 14px; color: #000000;\">64<\/span><\/td>\n<\/tr>\n<\/tbody>\n<\/table>\n<table style=\"height: 250px; width: 71.3614%; border-collapse: collapse; border-color: #000000;\">\n<tbody>\n<tr style=\"height: 24px;\">\n<td style=\"background-color: #a2b8e1; border-color: #000000; width: 98.5813%;\" colspan=\"4\"><span style=\"font-size: 18px; color: #000000;\"><strong>Tercer a\u00f1o<\/strong><\/span><span style=\"font-size: 18px; color: #000000;\"><strong><br \/>\n<\/strong><\/span><\/td>\n<\/tr>\n<tr style=\"height: 24px;\">\n<td style=\"width: 13.7271%; text-align: center;\"><span style=\"color: #000000;\"><strong style=\"text-align: center;\"><span style=\"font-size: 14px;\">C\u00f3digo<\/span><\/strong><\/span><\/td>\n<td style=\"width: 48.3632%; height: 24px; text-align: center;\"><span style=\"color: #000000;\"><strong style=\"text-align: center;\"><span style=\"font-size: 14px;\">Materia<\/span><\/strong><\/span><\/td>\n<td style=\"width: 21.4884%; height: 24px; text-align: center;\"><span style=\"color: #000000;\"><strong style=\"text-align: center;\"><span style=\"font-size: 14px;\">Per\u00edodo<\/span><\/strong><\/span><\/td>\n<td style=\"width: 15.0026%; height: 24px; text-align: center;\"><span style=\"color: #000000;\"><strong style=\"text-align: center;\"><span style=\"font-size: 14px;\">Carga Horaria<\/span><\/strong><\/span><\/td>\n<\/tr>\n<tr style=\"height: 24px;\">\n<td style=\"width: 13.7271%;\" colspan=\"4\"><span style=\"color: #800080;\"><em>Primer\u00a0 Cuatrimestre<\/em><\/span><span style=\"color: #800080;\"><em><br \/>\n<\/em><\/span><\/td>\n<\/tr>\n<tr style=\"height: 24px;\">\n<td style=\"width: 13.7271%; text-align: center;\"><span style=\"color: #000000; font-size: 14px;\">3112<\/span><\/td>\n<td style=\"width: 48.3632%; height: 24px;\"><span style=\"color: #000000; font-size: 14px;\">Contabilidad de Costos Aplicados<\/span><\/td>\n<td style=\"width: 21.4884%; height: 24px; text-align: center;\"><span style=\"color: #000000; font-size: 14px;\">Cuatrimestral<\/span><\/td>\n<td style=\"width: 15.0026%; height: 24px; text-align: center;\"><span style=\"font-size: 14px; color: #000000;\">96<\/span><\/td>\n<\/tr>\n<tr style=\"height: 24px;\">\n<td style=\"width: 13.7271%; text-align: center;\"><span style=\"color: #000000; font-size: 14px;\">3316<\/span><\/td>\n<td style=\"width: 48.3632%; height: 24px;\"><span style=\"color: #000000; font-size: 14px;\">Organizaci\u00f3n de la Producci\u00f3n y Comercializaci\u00f3n<\/span><\/td>\n<td style=\"width: 21.4884%; height: 24px; text-align: center;\"><span style=\"color: #000000; font-size: 14px;\">Cuatrimestral<\/span><\/td>\n<td style=\"width: 15.0026%; height: 24px; text-align: center;\"><span style=\"font-size: 14px; color: #000000;\">96<\/span><\/td>\n<\/tr>\n<tr style=\"height: 24px;\">\n<td style=\"width: 13.7271%; text-align: center;\"><span style=\"color: #000000; font-size: 14px;\">354<\/span><\/td>\n<td style=\"width: 48.3632%; height: 24px;\"><span style=\"color: #000000; font-size: 14px;\">Matem\u00e1tica Financiera<\/span><\/td>\n<td style=\"width: 21.4884%; height: 24px; text-align: center;\"><span style=\"color: #000000; font-size: 14px;\">Cuatrimestral<\/span><\/td>\n<td style=\"width: 15.0026%; height: 24px; text-align: center;\"><span style=\"font-size: 14px; color: #000000;\">96<\/span><\/td>\n<\/tr>\n<tr style=\"height: 24px;\">\n<td style=\"width: 13.7271%; text-align: left;\" colspan=\"4\"><span style=\"color: #800080;\"><em>Segundo Cuatrimestre<\/em><\/span><\/td>\n<\/tr>\n<tr style=\"height: 24px;\">\n<td style=\"width: 13.7271%; text-align: center;\"><span style=\"color: #000000; font-size: 14px;\">327<\/span><\/td>\n<td style=\"width: 48.3632%; height: 24px;\"><span style=\"color: #000000; font-size: 14px;\">Derecho Individual del Trabajo<\/span><\/td>\n<td style=\"width: 21.4884%; height: 24px; text-align: center;\"><span style=\"color: #000000; font-size: 14px;\">Cuatrimestral<\/span><\/td>\n<td style=\"width: 15.0026%; height: 24px; text-align: center;\"><span style=\"font-size: 14px; color: #000000;\">96<\/span><\/td>\n<\/tr>\n<tr style=\"height: 24px;\">\n<td style=\"width: 13.7271%; text-align: center;\"><span style=\"color: #000000; font-size: 14px;\">326<\/span><\/td>\n<td style=\"width: 48.3632%; height: 24px;\"><span style=\"color: #000000; font-size: 14px;\">Derecho Agrario y Forestal<\/span><\/td>\n<td style=\"width: 21.4884%; height: 24px; text-align: center;\"><span style=\"color: #000000; font-size: 14px;\">Cuatrimestral<\/span><\/td>\n<td style=\"width: 15.0026%; height: 24px; text-align: center;\"><span style=\"font-size: 14px; color: #000000;\">96<\/span><\/td>\n<\/tr>\n<tr style=\"height: 24px;\">\n<td style=\"width: 13.7271%; text-align: center;\"><span style=\"color: #000000; font-size: 14px;\">3111<\/span><\/td>\n<td style=\"width: 48.3632%; height: 24px;\"><span style=\"color: #000000; font-size: 14px;\">T\u00e9cnica y Pr\u00e1ctica Impositiva<\/span><\/td>\n<td style=\"width: 21.4884%; height: 24px; text-align: center;\"><span style=\"color: #000000; font-size: 14px;\">Cuatrimestral<\/span><\/td>\n<td style=\"width: 15.0026%; height: 24px; text-align: center;\"><span style=\"font-size: 14px; color: #000000;\">96<\/span><\/td>\n<\/tr>\n<tr style=\"height: 24px;\">\n<td style=\"width: 13.7271%; text-align: center;\"><span style=\"color: #000000; font-size: 14px;\">3113<\/span><\/td>\n<td style=\"width: 48.3632%; height: 24px;\"><span style=\"color: #000000; font-size: 14px;\">Seminario Taller Aplicado<\/span><\/td>\n<td style=\"width: 21.4884%; text-align: center; height: 24px;\"><span style=\"color: #000000; font-size: 14px;\">\u00a0<\/span><\/td>\n<td style=\"width: 15.0026%; text-align: center; height: 24px;\"><span style=\"font-size: 14px; color: #000000;\">\u00a0<\/span><\/td>\n<\/tr>\n<\/tbody>\n<\/table>\n<p>[\/vc_column_text][\/vc_column][\/vc_row][vc_row][vc_column][vc_btn title=&#8221;Plan de Estudio&#8221; color=&#8221;sky&#8221; i_type=&#8221;typicons&#8221; i_icon_typicons=&#8221;typcn typcn-download&#8221; css=&#8221;&#8221; add_icon=&#8221;true&#8221; link=&#8221;url:https%3A%2F%2Fweb.sistemasfce.com.ar%2Fwordpress%2Fwp-content%2Fuploads%2F2020%2F06%2FPlan_de_estudio-25.pdf&#8221;][\/vc_column][\/vc_row]<\/p>\n<\/div><\/div>","protected":false},"excerpt":{"rendered":"<p>[vc_row][vc_column][vc_column_text css=&#8221;&#8221;] Campo Ocupacional Se trata de una carrera corta de nivel universitario. Consta de &hellip; <\/p>\n","protected":false},"author":6,"featured_media":0,"parent":0,"menu_order":0,"comment_status":"closed","ping_status":"closed","template":"","meta":{"pmpro_default_level":"","footnotes":""},"class_list":["post-15815","page","type-page","status-publish","hentry","pmpro-has-access"],"_links":{"self":[{"href":"https:\/\/web.sistemasfce.com.ar\/wordpress\/index.php\/wp-json\/wp\/v2\/pages\/15815","targetHints":{"allow":["GET"]}}],"collection":[{"href":"https:\/\/web.sistemasfce.com.ar\/wordpress\/index.php\/wp-json\/wp\/v2\/pages"}],"about":[{"href":"https:\/\/web.sistemasfce.com.ar\/wordpress\/index.php\/wp-json\/wp\/v2\/types\/page"}],"author":[{"embeddable":true,"href":"https:\/\/web.sistemasfce.com.ar\/wordpress\/index.php\/wp-json\/wp\/v2\/users\/6"}],"replies":[{"embeddable":true,"href":"https:\/\/web.sistemasfce.com.ar\/wordpress\/index.php\/wp-json\/wp\/v2\/comments?post=15815"}],"version-history":[{"count":4,"href":"https:\/\/web.sistemasfce.com.ar\/wordpress\/index.php\/wp-json\/wp\/v2\/pages\/15815\/revisions"}],"predecessor-version":[{"id":15820,"href":"https:\/\/web.sistemasfce.com.ar\/wordpress\/index.php\/wp-json\/wp\/v2\/pages\/15815\/revisions\/15820"}],"wp:attachment":[{"href":"https:\/\/web.sistemasfce.com.ar\/wordpress\/index.php\/wp-json\/wp\/v2\/media?parent=15815"}],"curies":[{"name":"wp","href":"https:\/\/api.w.org\/{rel}","templated":true}]}}