{"id":15809,"date":"2025-10-31T12:54:12","date_gmt":"2025-10-31T15:54:12","guid":{"rendered":"https:\/\/web.sistemasfce.com.ar\/wordpress\/?page_id=15809"},"modified":"2025-10-31T12:54:12","modified_gmt":"2025-10-31T15:54:12","slug":"oa-le","status":"publish","type":"page","link":"https:\/\/web.sistemasfce.com.ar\/wordpress\/index.php\/oa-le\/","title":{"rendered":"Licenciatura en Econom\u00eda"},"content":{"rendered":"<div class=\"wpb-content-wrapper\"><div id=\"modal-ready\"><p>[vc_row css=&#8221;.vc_custom_1758302906515{background-color: #EAEDF100 !important;}&#8221;][vc_column width=&#8221;1\/6&#8243; css=&#8221;.vc_custom_1758303122047{background-color: #F5F1F1 !important;}&#8221;][vc_column_text css=&#8221;&#8221;]<\/p>\n<p><a href=\"https:\/\/web.sistemasfce.com.ar\/wordpress\/index.php\/estructura-curricular-le-2\/\" target=\"_blank\" rel=\"noopener\">Licenciatura en Econom\u00eda Plan 2025<\/a><\/p>\n<p>[\/vc_column_text][vc_column_text css=&#8221;&#8221;]<a href=\"https:\/\/web.sistemasfce.com.ar\/wordpress\/index.php\/oa-tufe\/\" target=\"_blank\" rel=\"noopener\">Tecnicatura Universitaria en Finanzas Empresariales<\/a>[\/vc_column_text][\/vc_column][vc_column width=&#8221;3\/4&#8243;][vc_column_text css=&#8221;&#8221;]<span style=\"color: #000000;\"><strong>Perfil Profesional del Licenciado\/a en Econom\u00eda<\/strong><\/span><\/p>\n<p style=\"padding-left: 40px;\"><span style=\"color: #000000;\">Quien \u00a0se grad\u00fae \u00a0como \u00a0licenciado\/a \u00a0en Econom\u00eda \u00a0tendr\u00e1 \u00a0competencias\u00a0 \u00a0y capacidades\u00a0 \u00a0para:<\/span><\/p>\n<ul>\n<li style=\"list-style-type: none;\">\n<ul style=\"list-style-type: disc;\">\n<li><span style=\"color: #000000;\">Analizar y evaluar rigurosamente los procesos de la realidad econ\u00f3mica, social y pol\u00edtica con base en los fundamentos te\u00f3ricos y el apoyo de elementos de la historia econ\u00f3mica.<\/span><\/li>\n<li><span style=\"color: #000000;\">Dominar las principales corrientes te\u00f3ricas y campos \u00a0de la econom\u00eda<\/span><\/li>\n<li><span style=\"color: #000000;\">Formular y evaluar proyectos de inversi\u00f3n privados y sociales.<\/span><\/li>\n<li><span style=\"color: #000000;\">Participar en el tratamiento de las finanzas corporativas y de la econom\u00eda del sector p\u00fablico.<\/span><\/li>\n<li><span style=\"color: #000000;\">Construir criterios \u00a0propios con capacidad de fundamentarlos y someterlos a las cr\u00edticas de sus pares<\/span><\/li>\n<li><span style=\"color: #000000;\">Abordar la investigaci\u00f3n cient\u00edfica vinculada a las ciencias econ\u00f3micas y sus principales interrogantes.<\/span><\/li>\n<li><span style=\"color: #000000;\">Redactar informes \u00a0de investigaci\u00f3n y trabajos acad\u00e9micos<\/span><\/li>\n<li><span style=\"color: #000000;\">Volcar en el marco regional sus conocimientos.<\/span><\/li>\n<li><span style=\"color: #000000;\">Desarrollar la actividad profesional con sensibilidad social, creatividad y racionalidad.<\/span><\/li>\n<li><span style=\"color: #000000;\">Actuar con compromiso \u00e9tico\u00a0 de respeto por las instituciones\u00a0 e intereses de la sociedad.<\/span><\/li>\n<\/ul>\n<\/li>\n<\/ul>\n<ul>\n<li style=\"list-style-type: none;\"><\/li>\n<\/ul>\n<p>&nbsp;<\/p>\n<p><span style=\"color: #000000;\"><strong>Alcances del T\u00edtulo de Licenciado\/a en Econom\u00eda<\/strong><\/span><\/p>\n<p><span style=\"color: #000000;\">Los \u00a0alcances \u00a0del t\u00edtulo \u00a0para Licenciado\/a en Econom\u00eda, \u00a0est\u00e1n fundamentados en el arto 11 de la ley 20.488,\u00a0 normas\u00a0 \u00a0referentes\u00a0 \u00a0al ejercicio \u00a0de \u00a0las \u00a0profesiones\u00a0 \u00a0relacionadas\u00a0 \u00a0con \u00a0las \u00a0Ciencias Econ\u00f3micas.<\/span><\/p>\n<p><span style=\"color: #000000;\">1.-\u00a0 Realizaci\u00f3n de estudios \u00a0y preparaci\u00f3n de dict\u00e1menes \u00a0o informes sobre los siguientes aspectos \u00a0macroecon\u00f3micos.<\/span><\/p>\n<ul>\n<li style=\"list-style-type: none;\">\n<ul style=\"list-style-type: disc;\">\n<li><span style=\"color: #000000;\">Metodolog\u00eda, c\u00e1lculo y an\u00e1lisis del producto bruto global, regional y sectorial.<\/span><\/li>\n<li><span style=\"color: #000000;\">Crecimiento, desarrollo y progreso econ\u00f3mico.<\/span><\/li>\n<li><span style=\"color: #000000;\">An\u00e1lisis de coyuntura global, regional y sectorial.<\/span><\/li>\n<li><span style=\"color: #000000;\">Otros estudios y an\u00e1lisis vinculados a la estructura de la econom\u00eda.<\/span><\/li>\n<\/ul>\n<\/li>\n<\/ul>\n<p><span style=\"color: #000000;\">2.-\u00a0 Realizaci\u00f3n de estudios y preparaci\u00f3n de dict\u00e1menes e informes sobre los siguientes aspectos microecon\u00f3micos.<\/span><\/p>\n<ul>\n<li style=\"list-style-type: none;\">\n<ul style=\"list-style-type: disc;\">\n<li><span style=\"color: #000000;\">Asignaci\u00f3n eficiente \u00a0de recursos \u00a0econ\u00f3micos.<\/span><\/li>\n<li><span style=\"color: #000000;\">Formaci\u00f3n de precios en distintos mercados y situaciones referidas a unidades econ\u00f3micas de producci\u00f3n y de consumo.<\/span><\/li>\n<li><span style=\"color: #000000;\">Formulaci\u00f3n y evaluaci\u00f3n econ\u00f3mica de proyectos de inversi\u00f3n.<\/span><\/li>\n<li><span style=\"color: #000000;\">Otros estudios y an\u00e1lisis vinculados al comportamiento de las unidades econ\u00f3micas.<\/span><\/li>\n<\/ul>\n<\/li>\n<\/ul>\n<p><span style=\"color: #000000;\">3.-\u00a0 \u00a0Dise\u00f1o de modelos de pol\u00edtica econ\u00f3mica.<\/span><\/p>\n<p><span style=\"color: #000000;\">4.-\u00a0 \u00a0Realizaci\u00f3n de estudios y preparaci\u00f3n de dict\u00e1menes o informes sobre comercio, finanzas, mercados y econom\u00eda internacional.<\/span><\/p>\n<p><span style=\"color: #000000;\">5.-\u00a0 \u00a0Realizaci\u00f3n de estudios y preparaci\u00f3n de dict\u00e1menes o informes econom\u00e9tricos.<\/span><\/p>\n<p><span style=\"color: #000000;\">6.-\u00a0 \u00a0Actuaci\u00f3n \u00a0judicial.<\/span><\/p>\n<ul>\n<li style=\"list-style-type: none;\">\n<ul style=\"list-style-type: disc;\">\n<li><span style=\"color: #000000;\">Perito en las incumbencias \u00a0se\u00f1aladas.<\/span><\/li>\n<\/ul>\n<\/li>\n<\/ul>\n<p>[\/vc_column_text][vc_column_text css=&#8221;&#8221;]<span style=\"color: #000000;\"><strong>Duraci\u00f3n de la carrera Licenciatura en Econom\u00eda:<\/strong> 4 a\u00f1os<\/span><\/p>\n<p><span style=\"color: #000000;\"><strong>Metodolog\u00eda de cursado:<\/strong> A Distancia<\/span><\/p>\n<p>[\/vc_column_text][\/vc_column][\/vc_row][vc_row][vc_column][\/vc_column][\/vc_row]<\/p>\n<\/div><\/div>","protected":false},"excerpt":{"rendered":"<p>[vc_row css=&#8221;.vc_custom_1758302906515{background-color: #EAEDF100 !important;}&#8221;][vc_column width=&#8221;1\/6&#8243; css=&#8221;.vc_custom_1758303122047{background-color: #F5F1F1 !important;}&#8221;][vc_column_text css=&#8221;&#8221;] Licenciatura en Econom\u00eda Plan 2025 [\/vc_column_text][vc_column_text &hellip; <\/p>\n","protected":false},"author":6,"featured_media":0,"parent":0,"menu_order":0,"comment_status":"closed","ping_status":"closed","template":"","meta":{"pmpro_default_level":"","footnotes":""},"class_list":["post-15809","page","type-page","status-publish","hentry","pmpro-has-access"],"_links":{"self":[{"href":"https:\/\/web.sistemasfce.com.ar\/wordpress\/index.php\/wp-json\/wp\/v2\/pages\/15809","targetHints":{"allow":["GET"]}}],"collection":[{"href":"https:\/\/web.sistemasfce.com.ar\/wordpress\/index.php\/wp-json\/wp\/v2\/pages"}],"about":[{"href":"https:\/\/web.sistemasfce.com.ar\/wordpress\/index.php\/wp-json\/wp\/v2\/types\/page"}],"author":[{"embeddable":true,"href":"https:\/\/web.sistemasfce.com.ar\/wordpress\/index.php\/wp-json\/wp\/v2\/users\/6"}],"replies":[{"embeddable":true,"href":"https:\/\/web.sistemasfce.com.ar\/wordpress\/index.php\/wp-json\/wp\/v2\/comments?post=15809"}],"version-history":[{"count":1,"href":"https:\/\/web.sistemasfce.com.ar\/wordpress\/index.php\/wp-json\/wp\/v2\/pages\/15809\/revisions"}],"predecessor-version":[{"id":15810,"href":"https:\/\/web.sistemasfce.com.ar\/wordpress\/index.php\/wp-json\/wp\/v2\/pages\/15809\/revisions\/15810"}],"wp:attachment":[{"href":"https:\/\/web.sistemasfce.com.ar\/wordpress\/index.php\/wp-json\/wp\/v2\/media?parent=15809"}],"curies":[{"name":"wp","href":"https:\/\/api.w.org\/{rel}","templated":true}]}}