{"id":15759,"date":"2025-10-21T15:11:55","date_gmt":"2025-10-21T18:11:55","guid":{"rendered":"https:\/\/web.sistemasfce.com.ar\/wordpress\/?page_id=15759"},"modified":"2025-11-14T13:24:19","modified_gmt":"2025-11-14T16:24:19","slug":"oferta-academica-2","status":"publish","type":"page","link":"https:\/\/web.sistemasfce.com.ar\/wordpress\/index.php\/oferta-academica-2\/","title":{"rendered":"Oferta Acad\u00e9mica &#8211; Carreras"},"content":{"rendered":"<div class=\"wpb-content-wrapper\"><div id=\"modal-ready\"><p>[vc_row][vc_column][vc_column_text css=&#8221;&#8221;]<\/p>\n<table style=\"height: 211px; width: 94.6057%; border-collapse: collapse;\">\n<tbody>\n<tr style=\"height: 26px;\">\n<td style=\"width: 40.9204%; height: 15px; text-align: center;\"><span style=\"color: #000000;\"><strong><span style=\"font-size: 16px;\">Carreras de grado<\/span><\/strong><\/span><\/td>\n<td style=\"width: 16.6003%; height: 15px; text-align: center;\"><span style=\"color: #000000;\"><strong><span style=\"font-size: 16px;\">Modalidad\u00a0\u00a0<\/span><\/strong><\/span><\/td>\n<td style=\"width: 5.7227%; height: 15px; text-align: center;\"><span style=\"color: #000000;\"><strong><span style=\"font-size: 16px;\">Duraci\u00f3n<\/span><\/strong><\/span><\/td>\n<td style=\"width: 31.2835%; height: 15px; text-align: center;\"><span style=\"color: #000000;\"><strong><span style=\"font-size: 16px;\">Sede\/Delegaci\u00f3n Acad\u00e9mica<\/span><\/strong><\/span><\/td>\n<\/tr>\n<tr style=\"height: 24px;\">\n<td style=\"width: 40.9204%; height: 24px;\"><a href=\"https:\/\/web.sistemasfce.com.ar\/wordpress\/index.php\/perfil-c-p\/\" target=\"_blank\" rel=\"noopener\">Contador P\u00fablico<\/a><\/td>\n<td style=\"width: 16.6003%; height: 24px; text-align: center;\"><span style=\"color: #000000;\">Presencial<\/span><\/td>\n<td style=\"width: 5.7227%; height: 24px; text-align: center;\"><span style=\"color: #000000;\">5 a\u00f1os<\/span><\/td>\n<td style=\"width: 31.2835%; height: 24px; text-align: center;\"><span style=\"color: #000000;\">Trelew &#8211; Esquel &#8211; Comodoro Rivadavia<\/span><\/td>\n<\/tr>\n<tr style=\"height: 24px;\">\n<td style=\"width: 40.9204%; height: 24px;\"><a href=\"https:\/\/web.sistemasfce.com.ar\/wordpress\/index.php\/oferacad-la\/\" target=\"_blank\" rel=\"noopener\">Licenciatura en Administraci\u00f3n<\/a>\u00a0 (**)<\/td>\n<td style=\"width: 16.6003%; height: 24px; text-align: center;\"><span style=\"color: #000000;\">Presencial<\/span><\/td>\n<td style=\"width: 5.7227%; height: 24px; text-align: center;\"><span style=\"color: #000000;\">5 a\u00f1os<\/span><\/td>\n<td style=\"width: 31.2835%; height: 24px; text-align: center;\"><span style=\"color: #000000;\">Trelew &#8211; Comodoro Rivadavia<\/span><\/td>\n<\/tr>\n<tr style=\"height: 24px;\">\n<td style=\"width: 40.9204%; height: 24px;\"><a href=\"https:\/\/web.sistemasfce.com.ar\/wordpress\/index.php\/oa-le\/\" target=\"_blank\" rel=\"noopener\">Licenciatura en Econom\u00eda<\/a>\u00a0 (*)<\/td>\n<td style=\"width: 16.6003%; height: 24px; text-align: center;\"><span style=\"color: #000000;\">A distancia<\/span><\/td>\n<td style=\"width: 5.7227%; height: 24px; text-align: center;\"><span style=\"color: #000000;\">4 a\u00f1os<\/span><\/td>\n<td style=\"width: 31.2835%; height: 24px; text-align: center;\"><span style=\"color: #000000;\">Trelew<\/span><\/td>\n<\/tr>\n<tr style=\"height: 24px;\">\n<td style=\"width: 40.9204%; height: 24px;\"><a href=\"https:\/\/web.sistemasfce.com.ar\/wordpress\/index.php\/licenciatura-en-administracion-de-empresas-turisticas\/\" target=\"_blank\" rel=\"noopener\">Licenciatura en Administraci\u00f3n de Empresas Tur\u00edsticas<\/a><\/td>\n<td style=\"width: 16.6003%; height: 24px; text-align: center;\"><span style=\"color: #000000;\">Presencial<\/span><\/td>\n<td style=\"width: 5.7227%; height: 24px; text-align: center;\"><span style=\"color: #000000;\">4\u00bd a\u00f1os<\/span><\/td>\n<td style=\"width: 31.2835%; height: 24px; text-align: center;\"><span style=\"color: #000000;\">Esquel<\/span><\/td>\n<\/tr>\n<\/tbody>\n<\/table>\n<p>&nbsp;<\/p>\n<p>&nbsp;<\/p>\n<table style=\"height: 305px; width: 94.6057%; border-collapse: collapse;\">\n<tbody>\n<tr style=\"height: 26px;\">\n<td style=\"width: 42.5554%; height: 37px; text-align: center;\"><span style=\"color: #000000;\"><strong><span style=\"font-size: 16px;\">Carreras de Pregrado<\/span><\/strong><\/span><\/td>\n<td style=\"width: 21.181%; height: 37px; text-align: center;\"><span style=\"color: #000000;\"><strong><span style=\"font-size: 16px;\">Modalidad\u00a0\u00a0<\/span><\/strong><\/span><\/td>\n<td style=\"width: 1.78364%; height: 37px; text-align: center;\"><span style=\"color: #000000;\"><strong><span style=\"font-size: 16px;\">Duraci\u00f3n<\/span><\/strong><\/span><\/td>\n<td style=\"width: 35.2119%; height: 37px; text-align: center;\"><span style=\"color: #000000;\"><strong><span style=\"font-size: 16px;\">Sede\/Delegaci\u00f3n Acad\u00e9mica<\/span><\/strong><\/span><\/td>\n<\/tr>\n<tr style=\"height: 24px;\">\n<td style=\"width: 42.5554%; height: 35px;\"><a href=\"https:\/\/web.sistemasfce.com.ar\/wordpress\/index.php\/oa-tuc\/\" target=\"_blank\" rel=\"noopener\">Tecnicatura Universitaria Contable<\/a><\/td>\n<td style=\"width: 21.181%; height: 35px; text-align: center;\"><span style=\"color: #000000;\">Presencial<\/span><\/td>\n<td style=\"width: 1.78364%; height: 35px; text-align: center;\"><span style=\"color: #000000;\">3 a\u00f1os<\/span><\/td>\n<td style=\"width: 35.2119%; height: 35px;\"><span style=\"color: #000000;\">Esquel<\/span><\/td>\n<\/tr>\n<tr style=\"height: 24px;\">\n<td style=\"width: 42.5554%; height: 38px;\"><a href=\"https:\/\/web.sistemasfce.com.ar\/wordpress\/index.php\/oa-tufe\/\" target=\"_blank\" rel=\"noopener\">Tecnicatura Universitaria en Finanzas Empresariales<\/a> (*)<\/td>\n<td style=\"width: 21.181%; height: 38px; text-align: center;\"><span style=\"color: #000000;\">A distancia<\/span><\/td>\n<td style=\"width: 1.78364%; height: 38px; text-align: center;\"><span style=\"color: #000000;\">2\u00bd a\u00f1os<\/span><\/td>\n<td style=\"width: 35.2119%; height: 38px;\"><span style=\"color: #000000;\">Trelew<\/span><\/td>\n<\/tr>\n<tr style=\"height: 24px;\">\n<td style=\"width: 42.5554%; height: 39px;\"><a href=\"https:\/\/web.sistemasfce.com.ar\/wordpress\/?page_id=15745&amp;preview=true\" target=\"_blank\" rel=\"noopener\">Tecnicatura Universitaria en Administraci\u00f3n Bancaria<\/a><\/td>\n<td style=\"width: 21.181%; height: 39px; text-align: center;\"><span style=\"color: #000000;\">Presencialidad Combinada<\/span><\/td>\n<td style=\"width: 1.78364%; height: 39px; text-align: center;\"><span style=\"color: #000000;\">2 a\u00f1os<\/span><\/td>\n<td style=\"width: 35.2119%; height: 39px;\"><span style=\"color: #000000;\">Trelew &#8211; Comodoro Rivadavia<\/span><\/td>\n<\/tr>\n<tr style=\"height: 24px;\">\n<td style=\"width: 42.5554%; height: 40px;\"><a href=\"https:\/\/web.sistemasfce.com.ar\/wordpress\/index.php\/tua2025\/\" target=\"_blank\" rel=\"noopener\">Tecnicatura Universitaria en Administraci\u00f3n<\/a>\u00a0 (**)<\/td>\n<td style=\"width: 21.181%; height: 40px; text-align: center;\"><span style=\"color: #000000;\">Presencial<\/span><\/td>\n<td style=\"width: 1.78364%; height: 40px; text-align: center;\"><span style=\"color: #000000;\">2\u00bd a\u00f1os<\/span><\/td>\n<td style=\"width: 35.2119%; height: 40px;\"><span style=\"color: #000000;\">Trelew &#8211; Comodoro Rivadavia<\/span><\/td>\n<\/tr>\n<tr style=\"height: 24px;\">\n<td style=\"width: 42.5554%; height: 41px;\"><a href=\"https:\/\/web.sistemasfce.com.ar\/wordpress\/index.php\/oa-tuap\/\" target=\"_blank\" rel=\"noopener\"><span style=\"color: #333333;\">Tecnicatura Universitaria en Administraci\u00f3n P\u00fablica<\/span><\/a><\/td>\n<td style=\"width: 21.181%; height: 41px; text-align: center;\"><span style=\"color: #000000;\">Presencial<\/span><\/td>\n<td style=\"width: 1.78364%; height: 41px; text-align: center;\"><span style=\"color: #000000;\">3 a\u00f1os<\/span><\/td>\n<td style=\"width: 35.2119%; height: 41px;\"><span style=\"color: #000000;\">Trelew &#8211; Comodoro Rivadavia<\/span><\/td>\n<\/tr>\n<tr style=\"height: 24px;\">\n<td style=\"width: 42.5554%; height: 38px;\"><a href=\"https:\/\/web.sistemasfce.com.ar\/wordpress\/index.php\/oa-tuacon\/\" target=\"_blank\" rel=\"noopener\">Tecnicatura Universitaria Administrativa Contable<\/a><\/td>\n<td style=\"width: 21.181%; height: 38px; text-align: center;\"><span style=\"color: #000000;\">Presencial<\/span><\/td>\n<td style=\"width: 1.78364%; height: 38px; text-align: center;\"><span style=\"color: #000000;\">3 a\u00f1os<\/span><\/td>\n<td style=\"width: 35.2119%; height: 38px;\"><span style=\"color: #000000;\">Trelew &#8211; Esquel &#8211; Comodoro Rivadavia<\/span><\/td>\n<\/tr>\n<tr style=\"height: 24px;\">\n<td style=\"width: 42.5554%; height: 37px;\"><a href=\"https:\/\/web.sistemasfce.com.ar\/wordpress\/index.php\/tufd\/\" target=\"_blank\" rel=\"noopener\">Tecnicatura Universitaria en Finanzas Digitales<\/a><\/td>\n<td style=\"width: 21.181%; height: 37px; text-align: center;\"><span style=\"color: #000000;\">Presencialidad Combinada<\/span><\/td>\n<td style=\"width: 1.78364%; height: 37px; text-align: center;\"><span style=\"color: #000000;\">2 a\u00f1os<\/span><\/td>\n<td style=\"width: 35.2119%; height: 37px;\"><span style=\"color: #000000;\">Trelew &#8211; Comodoro Rivadavia<\/span><\/td>\n<\/tr>\n<\/tbody>\n<\/table>\n<p>&nbsp;<\/p>\n<p><span style=\"color: #000000;\">(*) <span style=\"font-size: 14px;\"><em>La Tecnicatura Universitaria en Finanzas Empresariales corresponde al t\u00edtulo intermedio de la carrera Licenciatura en Econom\u00eda<\/em><\/span><\/span><\/p>\n<p><span style=\"color: #000000;\">(**) <span style=\"font-size: 14px;\"><em>La Tecnicatura Universitaria en Administraci\u00f3n corresponde al t\u00edtulo intermedio de la carrera Licenciatura en Administraci\u00f3n<\/em><\/span><\/span>[\/vc_column_text][\/vc_column][\/vc_row]<\/p>\n<\/div><\/div>","protected":false},"excerpt":{"rendered":"<p>[vc_row][vc_column][vc_column_text css=&#8221;&#8221;] Carreras de grado Modalidad\u00a0\u00a0 Duraci\u00f3n Sede\/Delegaci\u00f3n Acad\u00e9mica Contador P\u00fablico Presencial 5 a\u00f1os Trelew &hellip; <\/p>\n","protected":false},"author":6,"featured_media":0,"parent":0,"menu_order":0,"comment_status":"closed","ping_status":"closed","template":"","meta":{"pmpro_default_level":"","footnotes":""},"class_list":["post-15759","page","type-page","status-publish","hentry","pmpro-has-access"],"_links":{"self":[{"href":"https:\/\/web.sistemasfce.com.ar\/wordpress\/index.php\/wp-json\/wp\/v2\/pages\/15759","targetHints":{"allow":["GET"]}}],"collection":[{"href":"https:\/\/web.sistemasfce.com.ar\/wordpress\/index.php\/wp-json\/wp\/v2\/pages"}],"about":[{"href":"https:\/\/web.sistemasfce.com.ar\/wordpress\/index.php\/wp-json\/wp\/v2\/types\/page"}],"author":[{"embeddable":true,"href":"https:\/\/web.sistemasfce.com.ar\/wordpress\/index.php\/wp-json\/wp\/v2\/users\/6"}],"replies":[{"embeddable":true,"href":"https:\/\/web.sistemasfce.com.ar\/wordpress\/index.php\/wp-json\/wp\/v2\/comments?post=15759"}],"version-history":[{"count":10,"href":"https:\/\/web.sistemasfce.com.ar\/wordpress\/index.php\/wp-json\/wp\/v2\/pages\/15759\/revisions"}],"predecessor-version":[{"id":15885,"href":"https:\/\/web.sistemasfce.com.ar\/wordpress\/index.php\/wp-json\/wp\/v2\/pages\/15759\/revisions\/15885"}],"wp:attachment":[{"href":"https:\/\/web.sistemasfce.com.ar\/wordpress\/index.php\/wp-json\/wp\/v2\/media?parent=15759"}],"curies":[{"name":"wp","href":"https:\/\/api.w.org\/{rel}","templated":true}]}}