{"id":15748,"date":"2025-10-09T16:05:20","date_gmt":"2025-10-09T19:05:20","guid":{"rendered":"https:\/\/web.sistemasfce.com.ar\/wordpress\/?page_id=15748"},"modified":"2025-10-17T15:42:33","modified_gmt":"2025-10-17T18:42:33","slug":"tuab25-2","status":"publish","type":"page","link":"https:\/\/web.sistemasfce.com.ar\/wordpress\/index.php\/tuab25-2\/","title":{"rendered":"Tecnicatura Universitaria en Administraci\u00f3n Bancaria"},"content":{"rendered":"<div class=\"wpb-content-wrapper\"><div id=\"modal-ready\"><p>[vc_row][vc_column][vc_separator color=&#8221;white&#8221; css=&#8221;&#8221;][vc_custom_heading text=&#8221;Estructura Curricular&#8221; css=&#8221;&#8221;][vc_separator color=&#8221;white&#8221; css=&#8221;&#8221;][vc_column_text css=&#8221;&#8221;]<\/p>\n<table style=\"height: 665px; width: 68.0649%;\">\n<tbody>\n<tr style=\"height: 24px;\">\n<td style=\"height: 24px; width: 104.079%; background-color: #a2b8e1; border-color: #000000;\" colspan=\"6\" width=\"643\"><span style=\"color: #000000;\"><strong><span style=\"font-size: 14px;\"><span dir=\"auto\" style=\"vertical-align: inherit;\">CICLO INICIAL<\/span><\/span><\/strong><\/span><\/td>\n<\/tr>\n<tr style=\"height: 24px;\">\n<td style=\"height: 24px; width: 8.43727%; text-align: center;\"><span style=\"color: #000000;\"><strong><span style=\"font-size: 14px;\"><span style=\"text-align: center;\"><span dir=\"auto\" style=\"vertical-align: inherit;\">C\u00f3digo<\/span><\/span><\/span><\/strong><\/span><\/td>\n<td style=\"width: 45.1033%; height: 24px; text-align: center;\"><span style=\"color: #000000;\"><strong><span style=\"font-size: 14px;\"><span dir=\"auto\" style=\"vertical-align: inherit;\">Asignatura<\/span><\/span><\/strong><\/span><\/td>\n<td style=\"width: 16.9851%; height: 24px; text-align: center;\"><span style=\"color: #000000;\"><strong><span style=\"font-size: 14px;\"><span dir=\"auto\" style=\"vertical-align: inherit;\">Per\u00edodo<\/span><\/span><\/strong><\/span><\/td>\n<td style=\"width: 9.96027%; height: 24px; text-align: center;\"><strong><span style=\"font-size: 14px; color: #000000;\"><span dir=\"auto\" style=\"vertical-align: inherit;\">\u00a0hs. interacc pedag\u00f3g<\/span><\/span><\/strong><\/td>\n<td style=\"width: 10.721%; height: 24px; text-align: center;\"><strong><span style=\"font-size: 14px; color: #000000;\">hs. trabajo aut\u00f3nomo<\/span><\/strong><\/td>\n<td style=\"width: 12.8724%; height: 24px; text-align: center;\"><strong><span style=\"font-size: 14px; color: #000000;\">Total horas<\/span><\/strong><\/td>\n<\/tr>\n<tr style=\"height: 24px;\">\n<td style=\"height: 24px; width: 104.079%;\" colspan=\"6\"><span style=\"color: #800080;\"><em><span style=\"font-size: 14px;\"><span dir=\"auto\" style=\"vertical-align: inherit;\">Primer Cuatrimestre\u00a0<\/span><\/span><\/em><\/span><\/td>\n<\/tr>\n<tr style=\"height: 24px;\">\n<td style=\"height: 24px; width: 8.43727%; text-align: center;\"><span style=\"font-size: 14px; color: #000000;\"><span dir=\"auto\" style=\"vertical-align: inherit;\">111<\/span><\/span><\/td>\n<td style=\"height: 24px; width: 45.1033%;\"><span style=\"font-size: 14px; color: #000000;\"><span dir=\"auto\" style=\"vertical-align: inherit;\">Introducci\u00f3n a la Administraci\u00f3n<\/span><\/span><\/td>\n<td style=\"height: 24px; width: 16.9851%;\"><span style=\"font-size: 14px; color: #000000;\"><span dir=\"auto\" style=\"vertical-align: inherit;\">Cuatrimestral<\/span><\/span><\/td>\n<td style=\"height: 24px; width: 9.96027%; text-align: center;\"><span style=\"font-size: 14px; color: #000000;\"><span dir=\"auto\" style=\"vertical-align: inherit;\">96<\/span><\/span><\/td>\n<td style=\"height: 24px; width: 10.721%; text-align: center;\"><span style=\"font-size: 14px; color: #000000;\"><span dir=\"auto\" style=\"vertical-align: inherit;\">164<\/span><\/span><\/td>\n<td style=\"width: 12.8724%; height: 24px; text-align: center;\"><span style=\"font-size: 14px; color: #000000;\"><span dir=\"auto\" style=\"vertical-align: inherit;\">260<\/span><\/span><\/td>\n<\/tr>\n<tr style=\"height: 24px;\">\n<td style=\"height: 24px; width: 8.43727%; text-align: center;\"><span style=\"font-size: 14px; color: #000000;\"><span dir=\"auto\" style=\"vertical-align: inherit;\">112<\/span><\/span><\/td>\n<td style=\"height: 24px; width: 45.1033%;\"><span style=\"font-size: 14px; color: #000000;\"><span dir=\"auto\" style=\"vertical-align: inherit;\">Introcucci\u00f3n a las Ciencias Sociales<\/span><\/span><\/td>\n<td style=\"height: 24px; width: 16.9851%;\"><span style=\"font-size: 14px; color: #000000;\"><span dir=\"auto\" style=\"vertical-align: inherit;\">Cuatrimestral<\/span><\/span><\/td>\n<td style=\"height: 24px; width: 9.96027%; text-align: center;\"><span style=\"font-size: 14px; color: #000000;\"><span dir=\"auto\" style=\"vertical-align: inherit;\">48<\/span><\/span><\/td>\n<td style=\"width: 10.721%; height: 24px; text-align: center;\"><span style=\"font-size: 14px; color: #000000;\"><span dir=\"auto\" style=\"vertical-align: inherit;\">80<\/span><\/span><\/td>\n<td style=\"height: 24px; width: 12.8724%; text-align: center;\"><span style=\"font-size: 14px; color: #000000;\"><span dir=\"auto\" style=\"vertical-align: inherit;\">128<\/span><\/span><\/td>\n<\/tr>\n<tr style=\"height: 24px;\">\n<td style=\"height: 24px; width: 8.43727%; text-align: center;\"><span style=\"font-size: 14px; color: #000000;\"><span dir=\"auto\" style=\"vertical-align: inherit;\">113<\/span><\/span><\/td>\n<td style=\"height: 24px; width: 45.1033%;\"><span style=\"font-size: 14px; color: #000000;\"><span dir=\"auto\" style=\"vertical-align: inherit;\">Introducci\u00f3n a la Contabilidad<\/span><\/span><\/td>\n<td style=\"height: 24px; width: 16.9851%;\"><span style=\"font-size: 14px; color: #000000;\"><span dir=\"auto\" style=\"vertical-align: inherit;\">Cuatrimestral<\/span><\/span><\/td>\n<td style=\"height: 24px; width: 9.96027%; text-align: center;\"><span style=\"font-size: 14px; color: #000000;\"><span dir=\"auto\" style=\"vertical-align: inherit;\">96<\/span><\/span><\/td>\n<td style=\"width: 10.721%; height: 24px; text-align: center;\"><span style=\"font-size: 14px; color: #000000;\"><span dir=\"auto\" style=\"vertical-align: inherit;\">164<\/span><\/span><\/td>\n<td style=\"height: 24px; width: 12.8724%; text-align: center;\"><span style=\"font-size: 14px; color: #000000;\"><span dir=\"auto\" style=\"vertical-align: inherit;\">260<\/span><\/span><\/td>\n<\/tr>\n<tr style=\"height: 25px;\">\n<td style=\"width: 8.43727%; height: 25px; text-align: center;\"><span style=\"font-size: 14px; color: #000000;\"><span dir=\"auto\" style=\"vertical-align: inherit;\">114<\/span><\/span><\/td>\n<td style=\"width: 45.1033%; height: 25px;\"><span style=\"font-size: 14px; color: #000000;\"><span dir=\"auto\" style=\"vertical-align: inherit;\">\u00c1rea Proped\u00e9utica<\/span><\/span><\/td>\n<td style=\"width: 16.9851%; height: 25px;\"><span style=\"font-size: 14px; color: #000000;\"><span dir=\"auto\" style=\"vertical-align: inherit;\">Cuatrimestral<\/span><\/span><\/td>\n<td style=\"width: 9.96027%; height: 25px; text-align: center;\"><span style=\"font-size: 14px; color: #000000;\"><span dir=\"auto\" style=\"vertical-align: inherit;\">64<\/span><\/span><\/td>\n<td style=\"height: 25px; width: 10.721%; text-align: center;\"><span style=\"font-size: 14px; color: #000000;\"><span dir=\"auto\" style=\"vertical-align: inherit;\">109<\/span><\/span><\/td>\n<td style=\"width: 12.8724%; height: 25px; text-align: center;\"><span style=\"font-size: 14px; color: #000000;\"><span dir=\"auto\" style=\"vertical-align: inherit;\">173<\/span><\/span><\/td>\n<\/tr>\n<tr style=\"height: 24px;\">\n<td style=\"height: 24px; width: 104.079%;\" colspan=\"6\"><span style=\"color: #800080;\"><em><span style=\"font-size: 14px;\"><span dir=\"auto\" style=\"vertical-align: inherit;\">Segundo Cuatrimestre<\/span><\/span><\/em><\/span><\/td>\n<\/tr>\n<tr style=\"height: 24px;\">\n<td style=\"height: 24px; width: 8.43727%; text-align: center;\"><span style=\"font-size: 14px; color: #000000;\"><span dir=\"auto\" style=\"vertical-align: inherit;\">121<\/span><\/span><\/td>\n<td style=\"height: 24px; width: 45.1033%;\"><span style=\"font-size: 14px; color: #000000;\"><span dir=\"auto\" style=\"vertical-align: inherit;\">Introducci\u00f3n a la Econom\u00eda<\/span><\/span><\/td>\n<td style=\"height: 24px; width: 16.9851%; text-align: center;\"><span style=\"font-size: 14px; color: #000000;\"><span dir=\"auto\" style=\"vertical-align: inherit;\">Cuatrimestral<\/span><\/span><\/td>\n<td style=\"height: 24px; width: 9.96027%; text-align: center;\"><span style=\"font-size: 14px; color: #000000;\"><span dir=\"auto\" style=\"vertical-align: inherit;\">96<\/span><\/span><\/td>\n<td style=\"width: 10.721%; height: 24px; text-align: center;\"><span style=\"font-size: 14px; color: #000000;\"><span dir=\"auto\" style=\"vertical-align: inherit;\">160<\/span><\/span><\/td>\n<td style=\"height: 24px; width: 12.8724%; text-align: center;\"><span style=\"font-size: 14px; color: #000000;\"><span dir=\"auto\" style=\"vertical-align: inherit;\">256<\/span><\/span><\/td>\n<\/tr>\n<tr style=\"height: 24px;\">\n<td style=\"width: 8.43727%; height: 24px; text-align: center;\"><span style=\"font-size: 14px; color: #000000;\"><span dir=\"auto\" style=\"vertical-align: inherit;\">122<\/span><\/span><\/td>\n<td style=\"width: 45.1033%; height: 24px;\"><span style=\"font-size: 14px; color: #000000;\"><span dir=\"auto\" style=\"vertical-align: inherit;\">Matem\u00e1ticas I<\/span><\/span><\/td>\n<td style=\"width: 16.9851%; height: 24px; text-align: center;\"><span style=\"font-size: 14px; color: #000000;\"><span dir=\"auto\" style=\"vertical-align: inherit;\">Cuatrimestral<\/span><\/span><\/td>\n<td style=\"width: 9.96027%; height: 24px; text-align: center;\"><span style=\"font-size: 14px; color: #000000;\"><span dir=\"auto\" style=\"vertical-align: inherit;\">96<\/span><\/span><\/td>\n<td style=\"width: 10.721%; height: 24px; text-align: center;\"><span style=\"font-size: 14px; color: #000000;\"><span dir=\"auto\" style=\"vertical-align: inherit;\">164<\/span><\/span><\/td>\n<td style=\"width: 12.8724%; height: 24px; text-align: center;\"><span style=\"font-size: 14px; color: #000000;\"><span dir=\"auto\" style=\"vertical-align: inherit;\">260<\/span><\/span><\/td>\n<\/tr>\n<tr style=\"height: 24px;\">\n<td style=\"height: 24px; width: 8.43727%; text-align: center;\"><span style=\"font-size: 14px; color: #000000;\"><span dir=\"auto\" style=\"vertical-align: inherit;\">123<\/span><\/span><\/td>\n<td style=\"height: 24px; width: 45.1033%;\"><span style=\"font-size: 14px; color: #000000;\"><span dir=\"auto\" style=\"vertical-align: inherit;\">Tecnolog\u00eda de la Informaci\u00f3n<\/span><\/span><\/td>\n<td style=\"height: 24px; width: 16.9851%; text-align: center;\"><span style=\"font-size: 14px; color: #000000;\"><span dir=\"auto\" style=\"vertical-align: inherit;\">Cuatrimestral<\/span><\/span><\/td>\n<td style=\"height: 24px; width: 9.96027%; text-align: center;\"><span style=\"font-size: 14px; color: #000000;\"><span dir=\"auto\" style=\"vertical-align: inherit;\">64<\/span><\/span><\/td>\n<td style=\"width: 10.721%; height: 24px; text-align: center;\"><span style=\"font-size: 14px; color: #000000;\"><span dir=\"auto\" style=\"vertical-align: inherit;\">109<\/span><\/span><\/td>\n<td style=\"height: 24px; width: 12.8724%; text-align: center;\"><span style=\"font-size: 14px; color: #000000;\"><span dir=\"auto\" style=\"vertical-align: inherit;\">173<\/span><\/span><\/td>\n<\/tr>\n<tr style=\"height: 24px;\">\n<td style=\"height: 24px; width: 8.43727%; text-align: center;\"><span style=\"font-size: 14px; color: #000000;\"><span dir=\"auto\" style=\"vertical-align: inherit;\">124<\/span><\/span><\/td>\n<td style=\"height: 24px; width: 45.1033%;\"><span style=\"font-size: 14px; color: #000000;\"><span dir=\"auto\" style=\"vertical-align: inherit;\">Introducci\u00f3n al Derecho<\/span><\/span><\/td>\n<td style=\"height: 24px; width: 16.9851%; text-align: center;\"><span style=\"font-size: 14px; color: #000000;\"><span dir=\"auto\" style=\"vertical-align: inherit;\">Cuatrimestral<\/span><\/span><\/td>\n<td style=\"height: 24px; width: 9.96027%; text-align: center;\"><span style=\"font-size: 14px; color: #000000;\"><span dir=\"auto\" style=\"vertical-align: inherit;\">48<\/span><\/span><\/td>\n<td style=\"width: 10.721%; height: 24px; text-align: center;\"><span style=\"font-size: 14px; color: #000000;\"><span dir=\"auto\" style=\"vertical-align: inherit;\">82<\/span><\/span><\/td>\n<td style=\"height: 24px; width: 12.8724%; text-align: center;\"><span style=\"font-size: 14px; color: #000000;\"><span dir=\"auto\" style=\"vertical-align: inherit;\">130<\/span><\/span><\/td>\n<\/tr>\n<tr style=\"height: 22px;\">\n<td style=\"width: 104.079%; height: 22px;\" colspan=\"6\"><span style=\"font-size: 14px;\"><span dir=\"auto\" style=\"vertical-align: inherit;\">\u00a0<\/span><\/span><\/td>\n<\/tr>\n<tr style=\"height: 24px;\">\n<td style=\"height: 24px; width: 104.079%; background-color: #a2b8e1; border-color: #000000;\" colspan=\"6\" width=\"643\"><span style=\"color: #000000;\"><strong><span style=\"font-size: 14px;\"><span dir=\"auto\" style=\"vertical-align: inherit;\">CICLO T\u00c9CNICO<\/span><\/span><\/strong><\/span><\/td>\n<\/tr>\n<tr style=\"height: 24px;\">\n<td style=\"height: 24px; width: 104.079%;\" colspan=\"6\"><span style=\"color: #800080;\"><em><span style=\"font-size: 14px;\"><span dir=\"auto\" style=\"vertical-align: inherit;\">Primer Cuatrimestre<\/span><\/span><\/em><\/span><\/td>\n<\/tr>\n<tr style=\"height: 24px;\">\n<td style=\"height: 24px; width: 8.43727%; text-align: center;\"><span style=\"font-size: 14px; color: #000000;\"><span dir=\"auto\" style=\"vertical-align: inherit;\">211<\/span><\/span><\/td>\n<td style=\"height: 24px; width: 45.1033%;\"><span style=\"font-size: 14px; color: #000000;\"><span dir=\"auto\" style=\"vertical-align: inherit;\">Contabilidad B\u00e1sica<\/span><\/span><\/td>\n<td style=\"height: 24px; width: 16.9851%; text-align: center;\"><span style=\"font-size: 14px; color: #000000;\"><span dir=\"auto\" style=\"vertical-align: inherit;\">Cuatrimestral (*)<\/span><\/span><\/td>\n<td style=\"height: 24px; width: 9.96027%; text-align: center;\"><span style=\"font-size: 14px; color: #000000;\"><span dir=\"auto\" style=\"vertical-align: inherit;\">48<\/span><\/span><\/td>\n<td style=\"width: 10.721%; height: 24px; text-align: center;\"><span style=\"font-size: 14px; color: #000000;\">83<\/span><\/td>\n<td style=\"height: 24px; width: 12.8724%; text-align: center;\"><span style=\"font-size: 14px; color: #000000;\">131<\/span><\/td>\n<\/tr>\n<tr style=\"height: 24px;\">\n<td style=\"height: 24px; width: 8.43727%; text-align: center;\"><span style=\"font-size: 14px; color: #000000;\">TB212<\/span><\/td>\n<td style=\"height: 24px; width: 45.1033%;\"><span style=\"font-size: 14px; color: #000000;\">Introducci\u00f3n al Sistema Financiero<\/span><\/td>\n<td style=\"height: 24px; width: 16.9851%; text-align: center;\"><span style=\"font-size: 14px; color: #000000;\">Bimestral (**)<\/span><\/td>\n<td style=\"height: 24px; width: 9.96027%; text-align: center;\"><span style=\"font-size: 14px; color: #000000;\">32<\/span><\/td>\n<td style=\"width: 10.721%; height: 24px; text-align: center;\"><span style=\"font-size: 14px; color: #000000;\">56<\/span><\/td>\n<td style=\"height: 24px; width: 12.8724%; text-align: center;\"><span style=\"font-size: 14px; color: #000000;\">88<\/span><\/td>\n<\/tr>\n<tr style=\"height: 24px;\">\n<td style=\"height: 24px; width: 8.43727%; text-align: center;\"><span style=\"font-size: 14px; color: #000000;\">TB213<\/span><\/td>\n<td style=\"height: 24px; width: 45.1033%;\"><span style=\"font-size: 14px; color: #000000;\">Prevenci\u00f3n de Lavado de Dinero<\/span><\/td>\n<td style=\"height: 24px; width: 16.9851%; text-align: center;\"><span style=\"font-size: 14px; color: #000000;\">Bimestral (**)<\/span><\/td>\n<td style=\"height: 24px; width: 9.96027%; text-align: center;\"><span style=\"font-size: 14px; color: #000000;\">32<\/span><\/td>\n<td style=\"width: 10.721%; height: 24px; text-align: center;\"><span style=\"font-size: 14px; color: #000000;\">57<\/span><\/td>\n<td style=\"height: 24px; width: 12.8724%; text-align: center;\"><span style=\"font-size: 14px; color: #000000;\">89<\/span><\/td>\n<\/tr>\n<tr style=\"height: 27px;\">\n<td style=\"width: 8.43727%; text-align: center; height: 27px;\"><span style=\"font-size: 14px; color: #000000;\">214<\/span><\/td>\n<td style=\"width: 45.1033%; height: 27px;\"><span style=\"font-size: 14px; color: #000000;\">Los Procesos de la Administraci\u00f3n<\/span><\/td>\n<td style=\"width: 16.9851%; text-align: center; height: 27px;\"><span style=\"font-size: 14px; color: #000000;\">Cuatrimestral (*)<\/span><\/td>\n<td style=\"width: 9.96027%; text-align: center; height: 27px;\"><span style=\"font-size: 14px; color: #000000;\">64<\/span><\/td>\n<td style=\"width: 10.721%; height: 27px; text-align: center;\"><span style=\"font-size: 14px; color: #000000;\">110<\/span><\/td>\n<td style=\"width: 12.8724%; height: 27px; text-align: center;\"><span style=\"font-size: 14px; color: #000000;\">174<\/span><\/td>\n<\/tr>\n<tr style=\"height: 24px;\">\n<td style=\"width: 8.43727%; height: 24px; text-align: center;\"><span style=\"font-size: 14px; color: #000000;\"><span dir=\"auto\" style=\"vertical-align: inherit;\">TB215<\/span><\/span><\/td>\n<td style=\"width: 45.1033%; height: 24px;\"><span style=\"font-size: 14px; color: #000000;\"><span dir=\"auto\" style=\"vertical-align: inherit;\">Marco Normativo Financiero<\/span><\/span><\/td>\n<td style=\"width: 16.9851%; height: 24px; text-align: center;\"><span style=\"font-size: 14px; color: #000000;\"><span dir=\"auto\" style=\"vertical-align: inherit;\">Bimestral (**)<\/span><\/span><\/td>\n<td style=\"width: 9.96027%; height: 24px; text-align: center;\"><span style=\"font-size: 14px; color: #000000;\"><span dir=\"auto\" style=\"vertical-align: inherit;\">16<\/span><\/span><\/td>\n<td style=\"width: 10.721%; height: 24px; text-align: center;\"><span style=\"font-size: 14px; color: #000000;\">54<\/span><\/td>\n<td style=\"height: 24px; width: 12.8724%; text-align: center;\"><span style=\"font-size: 14px; color: #000000;\">70\u00a0<\/span><\/td>\n<\/tr>\n<tr style=\"height: 24px;\">\n<td style=\"width: 8.43727%; height: 15px; text-align: center;\"><span style=\"font-size: 14px; color: #000000;\"><span dir=\"auto\" style=\"vertical-align: inherit;\">TB216<\/span><\/span><\/td>\n<td style=\"width: 45.1033%; height: 15px;\"><span style=\"font-size: 14px; color: #000000;\"><span dir=\"auto\" style=\"vertical-align: inherit;\">Ciberseguridad<\/span><\/span><\/td>\n<td style=\"width: 16.9851%; height: 15px; text-align: center;\"><span style=\"font-size: 14px; color: #000000;\"><span dir=\"auto\" style=\"vertical-align: inherit;\">Bimestral (**)<\/span><\/span><\/td>\n<td style=\"width: 9.96027%; height: 15px; text-align: center;\"><span style=\"font-size: 14px; color: #000000;\"><span dir=\"auto\" style=\"vertical-align: inherit;\">32<\/span><\/span><\/td>\n<td style=\"width: 10.721%; height: 15px; text-align: center;\"><span style=\"font-size: 14px; color: #000000;\">54<\/span><\/td>\n<td style=\"height: 15px; width: 12.8724%; text-align: center;\"><span style=\"font-size: 14px; color: #000000;\">86<\/span><\/td>\n<\/tr>\n<tr style=\"height: 24px;\">\n<td style=\"height: 24px; width: 104.079%;\" colspan=\"6\"><span style=\"color: #800080;\"><em><span style=\"font-size: 14px;\"><span dir=\"auto\" style=\"vertical-align: inherit;\">Segundo Cuatrimestre<\/span><\/span><\/em><\/span><\/td>\n<\/tr>\n<tr style=\"height: 24px;\">\n<td style=\"height: 24px; width: 8.43727%; text-align: center;\"><span style=\"color: #000000; font-size: 14px;\">TB221<\/span><\/td>\n<td style=\"height: 24px; width: 45.1033%;\"><span style=\"color: #000000; font-size: 14px;\">Interpretaci\u00f3n de Informaci\u00f3n Contable y proyectos de Inversi\u00f3n<\/span><\/td>\n<td style=\"height: 24px; width: 16.9851%; text-align: center;\"><span style=\"font-size: 14px; color: #000000;\"><span dir=\"auto\" style=\"vertical-align: inherit;\">Cuatrimestral (**)<\/span><\/span><\/td>\n<td style=\"height: 24px; width: 9.96027%; text-align: center;\"><span style=\"color: #000000; font-size: 14px;\">48<\/span><\/td>\n<td style=\"width: 10.721%; height: 24px; text-align: center;\"><span style=\"color: #000000; font-size: 14px;\">83<\/span><\/td>\n<td style=\"height: 24px; width: 12.8724%; text-align: center;\"><span style=\"color: #000000; font-size: 14px;\">131<\/span><\/td>\n<\/tr>\n<tr style=\"height: 24px;\">\n<td style=\"height: 24px; width: 8.43727%; text-align: center;\"><span style=\"color: #000000; font-size: 14px;\">TB222<\/span><\/td>\n<td style=\"height: 24px; width: 45.1033%;\"><span style=\"color: #000000; font-size: 14px;\">Gesti\u00f3n Integral de Riesgos en Entidades Financieras<\/span><\/td>\n<td style=\"height: 24px; width: 16.9851%; text-align: center;\"><span style=\"font-size: 14px; color: #000000;\"><span dir=\"auto\" style=\"vertical-align: inherit;\">Bimestral (**)<\/span><\/span><\/td>\n<td style=\"height: 24px; width: 9.96027%; text-align: center;\"><span style=\"color: #000000; font-size: 14px;\">32<\/span><\/td>\n<td style=\"width: 10.721%; height: 24px; text-align: center;\"><span style=\"color: #000000; font-size: 14px;\">57<\/span><\/td>\n<td style=\"height: 24px; width: 12.8724%; text-align: center;\"><span style=\"color: #000000; font-size: 14px;\">89<\/span><\/td>\n<\/tr>\n<tr style=\"height: 24px;\">\n<td style=\"height: 24px; width: 8.43727%; text-align: center;\"><span style=\"color: #000000; font-size: 14px;\">TB223<\/span><\/td>\n<td style=\"height: 24px; width: 45.1033%;\"><span style=\"color: #000000; font-size: 14px;\">Procesos y Procedimientos Financieros<\/span><\/td>\n<td style=\"height: 24px; width: 16.9851%; text-align: center;\"><span style=\"font-size: 14px; color: #000000;\"><span dir=\"auto\" style=\"vertical-align: inherit;\">Bimestral (**)<\/span><\/span><\/td>\n<td style=\"height: 24px; width: 9.96027%; text-align: center;\"><span style=\"color: #000000; font-size: 14px;\">32<\/span><\/td>\n<td style=\"width: 10.721%; height: 24px; text-align: center;\"><span style=\"color: #000000; font-size: 14px;\">57<\/span><\/td>\n<td style=\"height: 24px; width: 12.8724%; text-align: center;\"><span style=\"color: #000000; font-size: 14px;\">89<\/span><\/td>\n<\/tr>\n<tr style=\"height: 24px;\">\n<td style=\"width: 8.43727%; height: 24px; text-align: center;\"><span style=\"color: #000000; font-size: 14px;\">TB224<\/span><\/td>\n<td style=\"width: 45.1033%; height: 24px;\"><span style=\"color: #000000; font-size: 14px;\">Administraci\u00f3n de Servicios<\/span><\/td>\n<td style=\"width: 16.9851%; height: 24px; text-align: center;\"><span style=\"font-size: 14px; color: #000000;\"><span dir=\"auto\" style=\"vertical-align: inherit;\">Cuatrimestral (**)<\/span><\/span><\/td>\n<td style=\"width: 9.96027%; height: 24px; text-align: center;\"><span style=\"color: #000000; font-size: 14px;\">48<\/span><\/td>\n<td style=\"width: 10.721%; height: 24px; text-align: center;\"><span style=\"color: #000000; font-size: 14px;\">90<\/span><\/td>\n<td style=\"width: 12.8724%; height: 24px; text-align: center;\"><span style=\"color: #000000; font-size: 14px;\">138<\/span><\/td>\n<\/tr>\n<tr style=\"height: 24px;\">\n<td style=\"height: 24px; width: 8.43727%; text-align: center;\"><span style=\"font-size: 14px; color: #000000;\"><span dir=\"auto\" style=\"vertical-align: inherit;\">253<\/span><\/span><\/td>\n<td style=\"height: 24px; width: 45.1033%;\"><span style=\"font-size: 14px; color: #000000;\"><span dir=\"auto\" style=\"vertical-align: inherit;\">Matem\u00e1tica Financiera<\/span><\/span><\/td>\n<td style=\"height: 24px; width: 16.9851%; text-align: center;\"><span style=\"font-size: 14px; color: #000000;\"><span dir=\"auto\" style=\"vertical-align: inherit;\">Cuatrimestral (**)<\/span><\/span><\/td>\n<td style=\"height: 24px; width: 9.96027%; text-align: center;\"><span style=\"font-size: 14px; color: #000000;\"><span dir=\"auto\" style=\"vertical-align: inherit;\">64<\/span><\/span><\/td>\n<td style=\"width: 10.721%; height: 24px; text-align: center;\"><span style=\"color: #000000; font-size: 14px;\">105\u00a0<\/span><\/td>\n<td style=\"width: 12.8724%; height: 24px; text-align: center;\"><span style=\"color: #000000; font-size: 14px;\">169<\/span><\/td>\n<\/tr>\n<tr style=\"height: 24px;\">\n<td style=\"height: 24px; width: 8.43727%; text-align: center;\"><span style=\"color: #000000; font-size: 14px;\">TB225<\/span><\/td>\n<td style=\"height: 24px; width: 45.1033%;\"><span style=\"color: #000000; font-size: 14px;\">Seminarios de Pr\u00e1cticas T\u00e9cnicas Bancarias Supervisadas<\/span><\/td>\n<td style=\"height: 24px; width: 16.9851%; text-align: center;\"><span style=\"font-size: 14px; color: #000000;\"><span dir=\"auto\" style=\"vertical-align: inherit;\">Cuatrimestral (**)<\/span><\/span><\/td>\n<td style=\"height: 24px; width: 9.96027%; text-align: center;\"><span style=\"color: #000000; font-size: 14px;\">44<\/span><\/td>\n<td style=\"width: 10.721%; height: 24px; text-align: center;\"><span style=\"color: #000000; font-size: 14px;\">62<\/span><\/td>\n<td style=\"width: 12.8724%; height: 24px; text-align: center;\"><span style=\"color: #000000; font-size: 14px;\">106<\/span><\/td>\n<\/tr>\n<\/tbody>\n<\/table>\n<p>[\/vc_column_text][\/vc_column][\/vc_row][vc_row][vc_column][vc_btn title=&#8221;Plan de Estudio&#8221; color=&#8221;sky&#8221; i_type=&#8221;typicons&#8221; i_icon_typicons=&#8221;typcn typcn-download&#8221; css=&#8221;&#8221; add_icon=&#8221;true&#8221; link=&#8221;url:https%3A%2F%2Fweb.sistemasfce.com.ar%2Fwordpress%2Fwp-content%2Fuploads%2F2025%2F10%2FEstructura-Curricular-TUAB.pdf|target:_blank&#8221;][\/vc_column][\/vc_row]<\/p>\n<\/div><\/div>","protected":false},"excerpt":{"rendered":"<p>[vc_row][vc_column][vc_separator color=&#8221;white&#8221; css=&#8221;&#8221;][vc_custom_heading text=&#8221;Estructura Curricular&#8221; css=&#8221;&#8221;][vc_separator color=&#8221;white&#8221; css=&#8221;&#8221;][vc_column_text css=&#8221;&#8221;] CICLO INICIAL C\u00f3digo Asignatura Per\u00edodo \u00a0hs. &hellip; <\/p>\n","protected":false},"author":6,"featured_media":0,"parent":0,"menu_order":0,"comment_status":"closed","ping_status":"closed","template":"","meta":{"pmpro_default_level":"","footnotes":""},"class_list":["post-15748","page","type-page","status-publish","hentry","pmpro-has-access"],"_links":{"self":[{"href":"https:\/\/web.sistemasfce.com.ar\/wordpress\/index.php\/wp-json\/wp\/v2\/pages\/15748","targetHints":{"allow":["GET"]}}],"collection":[{"href":"https:\/\/web.sistemasfce.com.ar\/wordpress\/index.php\/wp-json\/wp\/v2\/pages"}],"about":[{"href":"https:\/\/web.sistemasfce.com.ar\/wordpress\/index.php\/wp-json\/wp\/v2\/types\/page"}],"author":[{"embeddable":true,"href":"https:\/\/web.sistemasfce.com.ar\/wordpress\/index.php\/wp-json\/wp\/v2\/users\/6"}],"replies":[{"embeddable":true,"href":"https:\/\/web.sistemasfce.com.ar\/wordpress\/index.php\/wp-json\/wp\/v2\/comments?post=15748"}],"version-history":[{"count":4,"href":"https:\/\/web.sistemasfce.com.ar\/wordpress\/index.php\/wp-json\/wp\/v2\/pages\/15748\/revisions"}],"predecessor-version":[{"id":15755,"href":"https:\/\/web.sistemasfce.com.ar\/wordpress\/index.php\/wp-json\/wp\/v2\/pages\/15748\/revisions\/15755"}],"wp:attachment":[{"href":"https:\/\/web.sistemasfce.com.ar\/wordpress\/index.php\/wp-json\/wp\/v2\/media?parent=15748"}],"curies":[{"name":"wp","href":"https:\/\/api.w.org\/{rel}","templated":true}]}}