{"id":15745,"date":"2025-10-09T15:56:29","date_gmt":"2025-10-09T18:56:29","guid":{"rendered":"https:\/\/web.sistemasfce.com.ar\/wordpress\/?page_id=15745"},"modified":"2025-10-09T15:56:41","modified_gmt":"2025-10-09T18:56:41","slug":"tuab25","status":"publish","type":"page","link":"https:\/\/web.sistemasfce.com.ar\/wordpress\/index.php\/tuab25\/","title":{"rendered":"Tecnicatura Universitaria en Administraci\u00f3n Bancaria"},"content":{"rendered":"<div class=\"wpb-content-wrapper\"><div id=\"modal-ready\"><p>[vc_row][vc_column width=&#8221;1\/6&#8243; css=&#8221;.vc_custom_1758828496540{background-color: #F5F1F1 !important;}&#8221;][vc_column_text css=&#8221;&#8221;]<a href=\"https:\/\/web.sistemasfce.com.ar\/wordpress\/index.php\/tuab25-2\/\" target=\"_blank\" rel=\"noopener\">Tecnicatura Universitaria en Administraci\u00f3n Bancaria<\/a>[\/vc_column_text][\/vc_column][vc_column width=&#8221;3\/4&#8243;][vc_custom_heading text=&#8221;Tecnicatura Universitaria en Administraci\u00f3n Bancaria&#8221; css=&#8221;&#8221;][vc_separator color=&#8221;white&#8221; css=&#8221;&#8221;][vc_column_text css=&#8221;&#8221;]<span style=\"color: #000000;\"><strong>Perfil del egresado<\/strong><\/span><\/p>\n<p><span style=\"color: #000000;\">El T\u00e9cnico Universitario en Administraci\u00f3n Bancaria (TUAB) asistir\u00e1 en los niveles intermedios de instituciones financieras p\u00fablicas o provadas realizando tareas vinculadas a la administraci\u00f3n bancaria. Asistir\u00e1 en el dise\u00f1o de planes, programas y procedimientos de la actividad bancaria, as\u00ed como tambi\u00e9n en su implementaci\u00f3n y control.<\/span><\/p>\n<p>&nbsp;<\/p>\n<p><span style=\"color: #000000;\"><strong>Alcances de t\u00edtulo<\/strong><\/span><\/p>\n<ul>\n<li><span style=\"color: #000000;\">Asistir en el relevamiento de datos, procesamiento y registraci\u00f3n de documentaci\u00f3n, en bancos p\u00fablicos y privados.<\/span><\/li>\n<li><span style=\"color: #000000;\">Colaborar con los profesionales de las entidades bancarias en la confecci\u00f3n de informes para la toma de decisiones.<\/span><\/li>\n<li><span style=\"color: #000000;\">Participar en la implementaci\u00f3n y seguimiento de los procesos administrativos que definan los profesionales del sistema financiero.<\/span><\/li>\n<li><span style=\"color: #000000;\">Colaborar con el an\u00e1lisis de informaci\u00f3n contable y crediticia de clientes bancarios.<\/span><\/li>\n<\/ul>\n<p><span style=\"color: #000000;\"><strong>T\u00edtulo a expedir:<\/strong> T\u00e9cnico\/a Universitario\/a en Administraci\u00f3n Bancaria<\/span><\/p>\n<p><span style=\"color: #000000;\"><strong>Nivel de la titulaci\u00f3n:<\/strong> Pregrado<\/span><\/p>\n<p><span style=\"color: #000000;\"><strong>Duraci\u00f3n:<\/strong> 2 a\u00f1os (4 cuatrimestres)<\/span><\/p>\n<p><span style=\"color: #000000;\"><strong>Modalidad de cursado:<\/strong> Presencialidad combinada<\/span>[\/vc_column_text][\/vc_column][\/vc_row]<\/p>\n<\/div><\/div>","protected":false},"excerpt":{"rendered":"<p>[vc_row][vc_column width=&#8221;1\/6&#8243; css=&#8221;.vc_custom_1758828496540{background-color: #F5F1F1 !important;}&#8221;][vc_column_text css=&#8221;&#8221;]Tecnicatura Universitaria en Administraci\u00f3n Bancaria[\/vc_column_text][\/vc_column][vc_column width=&#8221;3\/4&#8243;][vc_custom_heading text=&#8221;Tecnicatura Universitaria en Administraci\u00f3n &hellip; <\/p>\n","protected":false},"author":6,"featured_media":0,"parent":0,"menu_order":0,"comment_status":"closed","ping_status":"closed","template":"","meta":{"pmpro_default_level":"","footnotes":""},"class_list":["post-15745","page","type-page","status-publish","hentry","pmpro-has-access"],"_links":{"self":[{"href":"https:\/\/web.sistemasfce.com.ar\/wordpress\/index.php\/wp-json\/wp\/v2\/pages\/15745","targetHints":{"allow":["GET"]}}],"collection":[{"href":"https:\/\/web.sistemasfce.com.ar\/wordpress\/index.php\/wp-json\/wp\/v2\/pages"}],"about":[{"href":"https:\/\/web.sistemasfce.com.ar\/wordpress\/index.php\/wp-json\/wp\/v2\/types\/page"}],"author":[{"embeddable":true,"href":"https:\/\/web.sistemasfce.com.ar\/wordpress\/index.php\/wp-json\/wp\/v2\/users\/6"}],"replies":[{"embeddable":true,"href":"https:\/\/web.sistemasfce.com.ar\/wordpress\/index.php\/wp-json\/wp\/v2\/comments?post=15745"}],"version-history":[{"count":2,"href":"https:\/\/web.sistemasfce.com.ar\/wordpress\/index.php\/wp-json\/wp\/v2\/pages\/15745\/revisions"}],"predecessor-version":[{"id":15749,"href":"https:\/\/web.sistemasfce.com.ar\/wordpress\/index.php\/wp-json\/wp\/v2\/pages\/15745\/revisions\/15749"}],"wp:attachment":[{"href":"https:\/\/web.sistemasfce.com.ar\/wordpress\/index.php\/wp-json\/wp\/v2\/media?parent=15745"}],"curies":[{"name":"wp","href":"https:\/\/api.w.org\/{rel}","templated":true}]}}