{"id":15724,"date":"2025-10-08T12:26:36","date_gmt":"2025-10-08T15:26:36","guid":{"rendered":"https:\/\/web.sistemasfce.com.ar\/wordpress\/?page_id=15724"},"modified":"2025-11-05T14:30:49","modified_gmt":"2025-11-05T17:30:49","slug":"oa-tuap","status":"publish","type":"page","link":"https:\/\/web.sistemasfce.com.ar\/wordpress\/index.php\/oa-tuap\/","title":{"rendered":"Tecnicatura Universitaria en Administraci\u00f3n P\u00fablica"},"content":{"rendered":"<div class=\"wpb-content-wrapper\"><div id=\"modal-ready\"><p>[vc_row][vc_column][vc_column_text css=&#8221;&#8221;]<\/p>\n<div class=\"vc_row wpb_row vc_row-fluid\">\n<div class=\"wpb_column vc_column_container vc_col-sm-12\">\n<div class=\"vc_column-inner\">\n<div class=\"wpb_wrapper\">\n<div class=\"wpb_text_column wpb_content_element\">\n<div class=\"wpb_wrapper\">\n<div><\/div>\n<div><span class=\"texto\" style=\"color: #000000;\"><strong>Campo Ocupacional<\/strong><\/span><\/div>\n<div><\/div>\n<div><span class=\"texto\" style=\"color: #000000;\">Es una Carrera corta de nivel universitario. Prevee la formaci\u00f3n de los funcionarios que se desempe\u00f1en en niveles intermedios de la administraci\u00f3n p\u00fablica nacional, provincial y municipal, tanto centralizada como descentralizada. Realizar el relevamiento de la informaci\u00f3n necesaria para la toma de decisiones, el planeamiento y control de la administraci\u00f3n p\u00fablica. Elaborar informes en base a relevamiento efectuado, para los niveles ejecutivo, legislativo y de control. Participar en la implementaci\u00f3n de pol\u00edticas, pocedimientos y reglas de funcionamiento del sector administrativo.<\/span><\/div>\n<div><\/div>\n<div><\/div>\n<div><span style=\"color: #000000;\"><strong>T\u00edtulo a expedir:<\/strong> T\u00e9cnico Universitario en Administraci\u00f3n P\u00fablica.<\/span><\/div>\n<div><\/div>\n<div><span style=\"color: #000000;\"><strong>Nivel de Titulaci\u00f3n:<\/strong> Pregrado.<\/span><\/div>\n<div><\/div>\n<div><span style=\"color: #000000;\"><strong>Duraci\u00f3n:<\/strong> 3 a\u00f1os.<\/span><\/div>\n<div><\/div>\n<div><span style=\"color: #000000;\"><strong>Dictado:<\/strong> Presencial<\/span><\/div>\n<div><\/div>\n<\/div>\n<\/div>\n<\/div>\n<\/div>\n<\/div>\n<\/div>\n<p>[\/vc_column_text][\/vc_column][\/vc_row][vc_row][vc_column][vc_custom_heading text=&#8221;Estructura Curricular&#8221; css=&#8221;&#8221;][\/vc_column][\/vc_row][vc_row][vc_column][vc_column_text css=&#8221;&#8221;]<\/p>\n<table style=\"height: 250px; border-collapse: collapse; border-color: #000000; width: 83.0843%;\">\n<tbody>\n<tr style=\"height: 24px;\">\n<td style=\"height: 24px; background-color: #a2b8e1; border-color: #000000; width: 8.69087%;\" colspan=\"4\"><span style=\"font-size: 14px;\"><strong>Primer a\u00f1o<\/strong><\/span><span style=\"font-size: 14px;\"><strong><br \/>\n<\/strong><\/span><\/td>\n<\/tr>\n<tr style=\"height: 24px;\">\n<td style=\"height: 24px; width: 8.69087%; text-align: center;\"><strong><span style=\"font-size: 14px;\">C\u00f3digo<\/span><\/strong><\/td>\n<td style=\"width: 33.7734%; height: 24px; text-align: center;\"><strong><span style=\"font-size: 14px;\"><em>Materia<\/em><\/span><\/strong><\/td>\n<td style=\"width: 17.9318%; height: 24px; text-align: center;\"><strong><span style=\"font-size: 14px;\"><em>Per\u00edodo<\/em><\/span><\/strong><\/td>\n<td style=\"width: 12.9813%; height: 24px; text-align: center;\"><strong><span style=\"font-size: 14px;\"><em>Carga Horaria<\/em><\/span><\/strong><\/td>\n<\/tr>\n<tr style=\"height: 24px;\">\n<td style=\"height: 10px; text-align: left; width: 8.69087%;\" colspan=\"4\"><span style=\"font-size: 14px; color: #800080;\"><em>Primer\u00a0 Cuatrimestre<\/em><\/span><span style=\"font-size: 14px; color: #800080;\"><em><br \/>\n<\/em><\/span><\/td>\n<\/tr>\n<tr style=\"height: 24px;\">\n<td style=\"width: 8.69087%; height: 24px; text-align: center;\"><span style=\"font-size: 14px; color: #000000;\">111<\/span><\/td>\n<td style=\"width: 33.7734%; height: 24px; text-align: left;\"><span style=\"font-size: 14px; color: #000000;\">Contabilidad I<\/span><\/td>\n<td style=\"width: 17.9318%; height: 24px; text-align: center;\"><span style=\"font-size: 14px; color: #000000;\">Anual<\/span><\/td>\n<td style=\"width: 12.9813%; height: 24px; text-align: center;\"><span style=\"font-size: 14px; color: #000000;\">128<\/span><\/td>\n<\/tr>\n<tr style=\"height: 24px;\">\n<td style=\"width: 8.69087%; height: 24px; text-align: center;\"><span style=\"font-size: 14px; color: #000000;\">151<\/span><\/td>\n<td style=\"width: 33.7734%; height: 24px; text-align: left;\"><span style=\"font-size: 14px; color: #000000;\">Matem\u00e1tica I<\/span><\/td>\n<td style=\"width: 17.9318%; height: 24px; text-align: center;\"><span style=\"font-size: 14px; color: #000000;\">Anual<\/span><\/td>\n<td style=\"width: 12.9813%; height: 24px; text-align: center;\"><span style=\"font-size: 14px; color: #000000;\">128<\/span><\/td>\n<\/tr>\n<tr style=\"height: 24px;\">\n<td style=\"width: 8.69087%; height: 24px; text-align: center;\"><span style=\"font-size: 14px; color: #000000;\">141<\/span><\/td>\n<td style=\"width: 33.7734%; height: 24px; text-align: left;\"><span style=\"font-size: 14px; color: #000000;\">Econom\u00eda I<\/span><\/td>\n<td style=\"width: 17.9318%; height: 24px; text-align: center;\"><span style=\"font-size: 14px; color: #000000;\">Cuatrimestral<\/span><\/td>\n<td style=\"width: 12.9813%; height: 24px; text-align: center;\"><span style=\"font-size: 14px; color: #000000;\">96<\/span><\/td>\n<\/tr>\n<tr style=\"height: 24px;\">\n<td style=\"width: 73.3774%; height: 24px;\" colspan=\"4\"><span style=\"font-size: 14px; color: #800080;\"><em>Segundo Cuatrimestre<\/em><\/span><\/td>\n<\/tr>\n<tr style=\"height: 24px;\">\n<td style=\"width: 8.69087%; height: 24px; text-align: center;\"><span style=\"font-size: 14px; color: #000000;\">121<\/span><\/td>\n<td style=\"width: 33.7734%; height: 24px; text-align: left;\"><span style=\"font-size: 14px; color: #000000;\">Derecho Civil<\/span><\/td>\n<td style=\"width: 17.9318%; height: 24px; text-align: center;\"><span style=\"font-size: 14px; color: #000000;\">Cuatrimestral<\/span><\/td>\n<td style=\"width: 12.9813%; height: 24px; text-align: center;\"><span style=\"font-size: 14px; color: #000000;\">96<\/span><\/td>\n<\/tr>\n<tr style=\"height: 24px;\">\n<td style=\"width: 8.69087%; height: 24px; text-align: center;\"><span style=\"font-size: 14px; color: #000000;\">131<\/span><\/td>\n<td style=\"width: 33.7734%; height: 24px; text-align: left;\"><span style=\"font-size: 14px; color: #000000;\">Procesamiento de Datos<\/span><\/td>\n<td style=\"width: 17.9318%; height: 24px; text-align: center;\"><span style=\"font-size: 14px; color: #000000;\">Cuatrimestral<\/span><\/td>\n<td style=\"width: 12.9813%; height: 24px; text-align: center;\"><span style=\"font-size: 14px; color: #000000;\">96<\/span><\/td>\n<\/tr>\n<tr style=\"height: 24px;\">\n<td style=\"width: 8.69087%; height: 24px; text-align: center;\"><span style=\"font-size: 14px; color: #000000;\">161<\/span><\/td>\n<td style=\"width: 33.7734%; height: 24px; text-align: left;\"><span style=\"font-size: 14px; color: #000000;\">Introducci\u00f3n a la Filosof\u00eda<\/span><\/td>\n<td style=\"width: 17.9318%; height: 24px; text-align: center;\"><span style=\"font-size: 14px; color: #000000;\">Cuatrimestral<\/span><\/td>\n<td style=\"width: 12.9813%; height: 24px; text-align: center;\"><span style=\"font-size: 14px; color: #000000;\">64<\/span><\/td>\n<\/tr>\n<\/tbody>\n<\/table>\n<table style=\"height: 10px; border-collapse: collapse; border-color: #000000; width: 83.182%;\">\n<tbody>\n<tr style=\"height: 24px;\">\n<td style=\"height: 10px; background-color: #a2b8e1; border-color: #000000; text-align: left; width: 86.8132%;\"><span style=\"font-size: 14px;\"><strong>Segundo a\u00f1o<\/strong><\/span><span style=\"font-size: 14px;\"><strong><br \/>\n<\/strong><\/span><\/td>\n<\/tr>\n<\/tbody>\n<\/table>\n<table style=\"height: 85px; width: 83.2784%; border-collapse: collapse; border-color: #000000;\">\n<tbody>\n<tr style=\"height: 24px;\">\n<td style=\"height: 13px; width: 12.0746%;\"><span style=\"font-size: 14px; color: #800080;\"><em>Primer\u00a0 Cuatrimestre<\/em><\/span><span style=\"font-size: 14px; color: #800080;\"><em><br \/>\n<\/em><\/span><\/td>\n<td style=\"width: 31.3941%;\"><span style=\"font-size: 14px; color: #800080;\"><em>\u00a0<\/em><\/span><\/td>\n<td style=\"width: 17.6729%;\"><span style=\"font-size: 14px; color: #800080;\"><em>\u00a0<\/em><\/span><\/td>\n<td style=\"width: 12.1844%;\"><span style=\"font-size: 14px; color: #800080;\"><em>\u00a0<\/em><\/span><\/td>\n<\/tr>\n<tr style=\"height: 24px;\">\n<td style=\"width: 12.0746%; height: 24px; text-align: center;\"><span style=\"font-size: 14px; color: #000000;\">212<\/span><\/td>\n<td style=\"width: 31.3941%; height: 24px; text-align: left;\"><span style=\"font-size: 14px; color: #000000;\">Contabilidad II<\/span><\/td>\n<td style=\"width: 17.6729%; height: 24px; text-align: center;\"><span style=\"font-size: 14px; color: #000000;\">Anual<\/span><\/td>\n<td style=\"width: 12.1844%; height: 24px; text-align: center;\"><span style=\"font-size: 14px; color: #000000;\">128<\/span><\/td>\n<\/tr>\n<tr style=\"height: 24px;\">\n<td style=\"width: 12.0746%; height: 24px; text-align: center;\"><span style=\"font-size: 14px; color: #000000;\">232<\/span><\/td>\n<td style=\"width: 31.3941%; height: 24px; text-align: left;\"><span style=\"font-size: 14px; color: #000000;\">Administraci\u00f3n General<\/span><\/td>\n<td style=\"width: 17.6729%; height: 24px; text-align: center;\"><span style=\"font-size: 14px; color: #000000;\">Cuatrimestral<\/span><\/td>\n<td style=\"width: 12.1844%; height: 24px; text-align: center;\"><span style=\"font-size: 14px; color: #000000;\">96<\/span><\/td>\n<\/tr>\n<tr style=\"height: 24px;\">\n<td style=\"width: 12.0746%; height: 24px; text-align: center;\"><span style=\"font-size: 14px; color: #000000;\">242<\/span><\/td>\n<td style=\"width: 31.3941%; height: 24px; text-align: left;\"><span style=\"font-size: 14px; color: #000000;\">Econom\u00eda II<\/span><\/td>\n<td style=\"width: 17.6729%; height: 24px; text-align: center;\"><span style=\"font-size: 14px; color: #000000;\">Cuatrimestral<\/span><\/td>\n<td style=\"width: 12.1844%; height: 24px; text-align: center;\"><span style=\"font-size: 14px; color: #000000;\">96<\/span><\/td>\n<\/tr>\n<\/tbody>\n<\/table>\n<table style=\"height: 82px; width: 83.277%; border-collapse: collapse; border-color: #000000;\">\n<tbody>\n<tr style=\"height: 24px;\">\n<td style=\"height: 10px; width: 64.2295%;\" colspan=\"4\"><span style=\"font-size: 14px; color: #800080;\"><em>Segundo Cuatrimestre<\/em><\/span><span style=\"font-size: 14px; color: #800080;\"><em><br \/>\n<\/em><\/span><\/td>\n<\/tr>\n<tr style=\"height: 24px;\">\n<td style=\"width: 10.4612%; height: 24px; text-align: center;\"><span style=\"font-size: 14px; color: #000000;\">222<\/span><\/td>\n<td style=\"width: 27.784%; height: 24px; text-align: left;\"><span style=\"font-size: 14px; color: #000000;\">Derecho Comercial I<\/span><\/td>\n<td style=\"width: 15.298%; height: 24px; text-align: center;\"><span style=\"font-size: 14px; color: #000000;\">Cuatrimestral<\/span><\/td>\n<td style=\"width: 10.6863%; height: 24px; text-align: center;\"><span style=\"font-size: 14px; color: #000000;\">96<\/span><\/td>\n<\/tr>\n<tr style=\"height: 24px;\">\n<td style=\"width: 10.4612%; height: 24px; text-align: center;\"><span style=\"font-size: 14px; color: #000000;\">252<\/span><\/td>\n<td style=\"width: 27.784%; height: 24px; text-align: left;\"><span style=\"font-size: 14px; color: #000000;\">Matem\u00e1tica II<\/span><\/td>\n<td style=\"width: 15.298%; height: 24px; text-align: center;\"><span style=\"font-size: 14px; color: #000000;\">Cuatrimestral<\/span><\/td>\n<td style=\"width: 10.6863%; height: 24px; text-align: center;\"><span style=\"font-size: 14px; color: #000000;\">128<\/span><\/td>\n<\/tr>\n<tr style=\"height: 24px;\">\n<td style=\"width: 10.4612%; height: 24px; text-align: center;\"><span style=\"font-size: 14px; color: #000000;\">262<\/span><\/td>\n<td style=\"width: 27.784%; height: 24px; text-align: left;\"><span style=\"font-size: 14px; color: #000000;\">L\u00f3gica y metodolog\u00eda de las Ciencias<\/span><\/td>\n<td style=\"width: 15.298%; height: 24px; text-align: center;\"><span style=\"font-size: 14px; color: #000000;\">Cuatrimestral<\/span><\/td>\n<td style=\"width: 10.6863%; height: 24px; text-align: center;\"><span style=\"font-size: 14px; color: #000000;\">64<\/span><\/td>\n<\/tr>\n<\/tbody>\n<\/table>\n<table style=\"height: 10px; border-collapse: collapse; border-color: #000000; width: 83.4685%;\">\n<tbody>\n<tr style=\"height: 24px;\">\n<td style=\"height: 10px; width: 1.3905%; background-color: #a2b8e1; border-color: #000000; text-align: left;\" colspan=\"7\"><span style=\"font-size: 14px;\"><strong>Tercer a\u00f1o<\/strong><\/span><\/td>\n<\/tr>\n<\/tbody>\n<\/table>\n<table style=\"height: 10px; width: 83.4712%; border-collapse: collapse; border-color: #000000;\">\n<tbody>\n<tr style=\"height: 24px;\">\n<td style=\"width: 1.12486%; height: 10px;\" colspan=\"7\"><span style=\"font-size: 14px; color: #800080;\"><em>Primer\u00a0 Cuatrimestre<\/em><\/span><\/td>\n<\/tr>\n<\/tbody>\n<\/table>\n<table style=\"height: 72px; width: 83.664%; border-collapse: collapse; border-color: #000000;\">\n<tbody>\n<tr style=\"height: 24px;\">\n<td style=\"width: 6.65213%; height: 24px; text-align: center;\"><span style=\"font-size: 14px; color: #000000;\">328<\/span><\/td>\n<td style=\"width: 34.367%; height: 24px; text-align: left;\"><span style=\"font-size: 14px; color: #000000;\">Marco Legal de los Procedimientos Administrativos<\/span><\/td>\n<td style=\"width: 12.5243%; height: 24px; text-align: center;\"><span style=\"font-size: 14px; color: #000000;\">Cuatrimestral<\/span><\/td>\n<td style=\"width: 10.6862%; height: 24px; text-align: center;\"><span style=\"font-size: 14px; color: #000000;\">128<\/span><\/td>\n<\/tr>\n<tr style=\"height: 24px;\">\n<td style=\"width: 6.65213%; height: 24px; text-align: center;\"><span style=\"color: #000000; font-size: 14px;\">3115<\/span><\/td>\n<td style=\"width: 34.367%; height: 24px; text-align: left;\"><span style=\"color: #000000; font-size: 14px;\">R\u00e9gimen Econ\u00f3mico Financiero del Estado<\/span><\/td>\n<td style=\"width: 12.5243%; height: 24px; text-align: center;\"><span style=\"font-size: 14px; color: #000000;\">Cuatrimestral<\/span><\/td>\n<td style=\"width: 10.6862%; height: 24px; text-align: center;\"><span style=\"font-size: 14px; color: #000000;\">128<\/span><\/td>\n<\/tr>\n<tr style=\"height: 24px;\">\n<td style=\"width: 6.65213%; height: 24px; text-align: center;\"><span style=\"font-size: 14px; color: #000000;\">3318<\/span><\/td>\n<td style=\"width: 34.367%; height: 24px; text-align: left;\"><span style=\"font-size: 14px; color: #000000;\">Planeamiento y Control del Estado<\/span><\/td>\n<td style=\"width: 12.5243%; height: 24px; text-align: center;\"><span style=\"font-size: 14px; color: #000000;\">Cuatrimestral<\/span><\/td>\n<td style=\"width: 10.6862%; height: 24px; text-align: center;\"><span style=\"font-size: 14px; color: #000000;\">96<\/span><\/td>\n<\/tr>\n<\/tbody>\n<\/table>\n<table style=\"height: 82px; width: 83.6423%; border-collapse: collapse; border-color: #000000;\">\n<tbody>\n<tr style=\"height: 24px;\">\n<td style=\"height: 10px; width: 64.67%;\" colspan=\"4\"><span style=\"font-size: 14px; color: #800080;\"><em>Segundo Cuatrimestre<\/em><\/span><span style=\"font-size: 14px; color: #800080;\"><em><br \/>\n<\/em><\/span><\/td>\n<\/tr>\n<tr style=\"height: 24px;\">\n<td style=\"width: 6.63733%; height: 24px; text-align: center;\"><span style=\"font-size: 14px; color: #000000;\">333<\/span><\/td>\n<td style=\"width: 34.3889%; height: 24px; text-align: left;\"><span style=\"font-size: 14px; color: #000000;\">An\u00e1lisis de Sistemas I<\/span><\/td>\n<td style=\"width: 12.517%; height: 24px; text-align: center;\"><span style=\"font-size: 14px; color: #000000;\">Cuatrimestral<\/span><\/td>\n<td style=\"width: 11.1268%; height: 24px; text-align: center;\"><span style=\"font-size: 14px; color: #000000;\">96<\/span><\/td>\n<\/tr>\n<tr style=\"height: 24px;\">\n<td style=\"width: 6.63733%; height: 24px; text-align: center;\"><span style=\"font-size: 14px; color: #000000;\">343<\/span><\/td>\n<td style=\"width: 34.3889%; height: 24px; text-align: left;\"><span style=\"font-size: 14px; color: #000000;\">Finanzas P\u00fablicas<\/span><\/td>\n<td style=\"width: 12.517%; height: 24px; text-align: center;\"><span style=\"font-size: 14px; color: #000000;\">Cuatrimestral<\/span><\/td>\n<td style=\"width: 11.1268%; height: 24px; text-align: center;\"><span style=\"font-size: 14px; color: #000000;\">96<\/span><\/td>\n<\/tr>\n<tr style=\"height: 24px;\">\n<td style=\"width: 6.63733%; height: 24px; text-align: center;\"><span style=\"font-size: 14px; color: #000000;\">363<\/span><\/td>\n<td style=\"width: 34.3889%; height: 24px; text-align: left;\"><span style=\"font-size: 14px; color: #000000;\">Sociolog\u00eda<\/span><\/td>\n<td style=\"width: 12.517%; height: 24px; text-align: center;\"><span style=\"font-size: 14px; color: #000000;\">Cuatrimestral<\/span><\/td>\n<td style=\"width: 11.1268%; height: 24px; text-align: center;\"><span style=\"font-size: 14px; color: #000000;\">96<\/span><\/td>\n<\/tr>\n<\/tbody>\n<\/table>\n<p>[\/vc_column_text][\/vc_column][\/vc_row][vc_row][vc_column][vc_btn title=&#8221;Plan de Estudio&#8221; color=&#8221;sky&#8221; i_type=&#8221;typicons&#8221; i_icon_typicons=&#8221;typcn typcn-download&#8221; css=&#8221;&#8221; add_icon=&#8221;true&#8221; link=&#8221;url:https%3A%2F%2Fweb.sistemasfce.com.ar%2Fwordpress%2Fwp-content%2Fuploads%2F2021%2F07%2FPLAN-TUAP.pdf|target:_blank&#8221;][\/vc_column][\/vc_row]<\/p>\n<\/div><\/div>","protected":false},"excerpt":{"rendered":"<p>[vc_row][vc_column][vc_column_text css=&#8221;&#8221;] Campo Ocupacional Es una Carrera corta de nivel universitario. Prevee la formaci\u00f3n de &hellip; <\/p>\n","protected":false},"author":6,"featured_media":0,"parent":0,"menu_order":0,"comment_status":"closed","ping_status":"closed","template":"","meta":{"pmpro_default_level":"","footnotes":""},"class_list":["post-15724","page","type-page","status-publish","hentry","pmpro-has-access"],"_links":{"self":[{"href":"https:\/\/web.sistemasfce.com.ar\/wordpress\/index.php\/wp-json\/wp\/v2\/pages\/15724","targetHints":{"allow":["GET"]}}],"collection":[{"href":"https:\/\/web.sistemasfce.com.ar\/wordpress\/index.php\/wp-json\/wp\/v2\/pages"}],"about":[{"href":"https:\/\/web.sistemasfce.com.ar\/wordpress\/index.php\/wp-json\/wp\/v2\/types\/page"}],"author":[{"embeddable":true,"href":"https:\/\/web.sistemasfce.com.ar\/wordpress\/index.php\/wp-json\/wp\/v2\/users\/6"}],"replies":[{"embeddable":true,"href":"https:\/\/web.sistemasfce.com.ar\/wordpress\/index.php\/wp-json\/wp\/v2\/comments?post=15724"}],"version-history":[{"count":8,"href":"https:\/\/web.sistemasfce.com.ar\/wordpress\/index.php\/wp-json\/wp\/v2\/pages\/15724\/revisions"}],"predecessor-version":[{"id":15833,"href":"https:\/\/web.sistemasfce.com.ar\/wordpress\/index.php\/wp-json\/wp\/v2\/pages\/15724\/revisions\/15833"}],"wp:attachment":[{"href":"https:\/\/web.sistemasfce.com.ar\/wordpress\/index.php\/wp-json\/wp\/v2\/media?parent=15724"}],"curies":[{"name":"wp","href":"https:\/\/api.w.org\/{rel}","templated":true}]}}