{"id":15616,"date":"2025-09-25T16:10:12","date_gmt":"2025-09-25T19:10:12","guid":{"rendered":"https:\/\/web.sistemasfce.com.ar\/wordpress\/?page_id=15616"},"modified":"2025-09-25T16:46:14","modified_gmt":"2025-09-25T19:46:14","slug":"tufd","status":"publish","type":"page","link":"https:\/\/web.sistemasfce.com.ar\/wordpress\/index.php\/tufd\/","title":{"rendered":"Tecnicatura Univ. en Finanzas Digitales"},"content":{"rendered":"<div class=\"wpb-content-wrapper\"><div id=\"modal-ready\"><p>[vc_row][vc_column width=&#8221;1\/6&#8243; css=&#8221;.vc_custom_1758828496540{background-color: #F5F1F1 !important;}&#8221;][vc_column_text css=&#8221;&#8221;]<\/p>\n<p><a href=\"https:\/\/web.sistemasfce.com.ar\/wordpress\/index.php\/tufd-p25\/\" target=\"_blank\" rel=\"noopener\">Tecnicatura Univ. en Finanzas Digitales<\/a><\/p>\n<p>[\/vc_column_text][\/vc_column][vc_column width=&#8221;3\/4&#8243;][vc_custom_heading text=&#8221;Tecnicatura Universitaria en Finanzas Digitales&#8221; css=&#8221;&#8221;][vc_separator color=&#8221;white&#8221; css=&#8221;&#8221;][vc_column_text css=&#8221;&#8221;]<span style=\"color: #000000;\"><strong>Perfil del egresado<\/strong><\/span><\/p>\n<p><span style=\"color: #000000;\">El T\u00e9cnico Universitario en Finanzas Digitales (TUFD) asistir\u00e1 a los profesionales de las organizaciones de la regi\u00f3n realizando tareas vinculadas al dise\u00f1o y aplicaci\u00f3n de finanzas descentralizadas en la gesti\u00f3n administrativa.<\/span><\/p>\n<p>&nbsp;<\/p>\n<p><span style=\"color: #000000;\"><strong>Alcance de t\u00edtulo<\/strong><\/span><\/p>\n<ul>\n<li><span style=\"color: #000000;\">Participar en el dise\u00f1o, desarrollo y gesti\u00f3n de soluciones financieras innovadoras en un entorno descentralizado.<\/span><\/li>\n<li><span style=\"color: #000000;\">Asistir en el relevamiento de datos, procesamiento y elaboraci\u00f3n de informes gerenciales vinculados con servicios financieros.<\/span><\/li>\n<li><span style=\"color: #000000;\">Colaborar con la incorporaci\u00f3n de las finanzas descentralizadas en las \u00e1reas administrativas y financieras en las que participe.<\/span><\/li>\n<\/ul>\n<p>&nbsp;<\/p>\n<p><span style=\"color: #000000;\"><strong>T\u00edtulo a expedir:<\/strong> T\u00e9cnico\/a Universitario\/a en Finanzas Digitales<\/span><\/p>\n<p><span style=\"color: #000000;\"><strong>Nivel de la titulaci\u00f3n:<\/strong> Pregrado<\/span><\/p>\n<p><span style=\"color: #000000;\"><strong>Duraci\u00f3n:<\/strong> 2 a\u00f1os (4 cuatrimestres)<\/span><\/p>\n<p><span style=\"color: #000000;\"><strong>Modalidad de cursado:<\/strong> Presencialidad combinada<\/span><\/p>\n<p>[\/vc_column_text][\/vc_column][\/vc_row]<\/p>\n<\/div><\/div>","protected":false},"excerpt":{"rendered":"<p>[vc_row][vc_column width=&#8221;1\/6&#8243; css=&#8221;.vc_custom_1758828496540{background-color: #F5F1F1 !important;}&#8221;][vc_column_text css=&#8221;&#8221;] Tecnicatura Univ. en Finanzas Digitales [\/vc_column_text][\/vc_column][vc_column width=&#8221;3\/4&#8243;][vc_custom_heading text=&#8221;Tecnicatura Universitaria &hellip; <\/p>\n","protected":false},"author":6,"featured_media":0,"parent":0,"menu_order":0,"comment_status":"closed","ping_status":"closed","template":"","meta":{"pmpro_default_level":"","footnotes":""},"class_list":["post-15616","page","type-page","status-publish","hentry","pmpro-has-access"],"_links":{"self":[{"href":"https:\/\/web.sistemasfce.com.ar\/wordpress\/index.php\/wp-json\/wp\/v2\/pages\/15616","targetHints":{"allow":["GET"]}}],"collection":[{"href":"https:\/\/web.sistemasfce.com.ar\/wordpress\/index.php\/wp-json\/wp\/v2\/pages"}],"about":[{"href":"https:\/\/web.sistemasfce.com.ar\/wordpress\/index.php\/wp-json\/wp\/v2\/types\/page"}],"author":[{"embeddable":true,"href":"https:\/\/web.sistemasfce.com.ar\/wordpress\/index.php\/wp-json\/wp\/v2\/users\/6"}],"replies":[{"embeddable":true,"href":"https:\/\/web.sistemasfce.com.ar\/wordpress\/index.php\/wp-json\/wp\/v2\/comments?post=15616"}],"version-history":[{"count":6,"href":"https:\/\/web.sistemasfce.com.ar\/wordpress\/index.php\/wp-json\/wp\/v2\/pages\/15616\/revisions"}],"predecessor-version":[{"id":15626,"href":"https:\/\/web.sistemasfce.com.ar\/wordpress\/index.php\/wp-json\/wp\/v2\/pages\/15616\/revisions\/15626"}],"wp:attachment":[{"href":"https:\/\/web.sistemasfce.com.ar\/wordpress\/index.php\/wp-json\/wp\/v2\/media?parent=15616"}],"curies":[{"name":"wp","href":"https:\/\/api.w.org\/{rel}","templated":true}]}}