{"id":15608,"date":"2025-09-24T14:02:35","date_gmt":"2025-09-24T17:02:35","guid":{"rendered":"https:\/\/web.sistemasfce.com.ar\/wordpress\/?page_id=15608"},"modified":"2025-10-01T13:20:33","modified_gmt":"2025-10-01T16:20:33","slug":"tuacon23","status":"publish","type":"page","link":"https:\/\/web.sistemasfce.com.ar\/wordpress\/index.php\/tuacon23\/","title":{"rendered":"Tecnicatura Universitaria Administrativa Contable (TUACON)"},"content":{"rendered":"<div class=\"wpb-content-wrapper\"><div id=\"modal-ready\"><p>[vc_row][vc_column width=&#8221;1\/6&#8243; css=&#8221;.vc_custom_1759335575908{background-color: #F5F1F1 !important;}&#8221;][vc_column_text css=&#8221;&#8221;]<\/p>\n<p><a href=\"https:\/\/web.sistemasfce.com.ar\/wordpress\/index.php\/tuacon\/\" target=\"_blank\" rel=\"noopener\">Tecnicatura Universitaria Administrativa Contable TUACON P23<\/a><\/p>\n<p>[\/vc_column_text][\/vc_column][vc_column width=&#8221;3\/4&#8243;][vc_column_text css=&#8221;&#8221;]<\/p>\n<p><span style=\"color: #000000;\"><strong>Perfil del Egresado<\/strong><\/span><\/p>\n<p><span style=\"color: #000000;\">El t\u00e9cnico Universitario Administrativo Contable (TUACON) se desempe\u00f1a tanto en organizaciones p\u00fablicas como privadas, asistiendo t\u00e9cnicamente en \u00e1reas vinculadascon el campo del conocimiento de la administraci\u00f3n y la contabilidad.<\/span><\/p>\n<p><span style=\"color: #000000;\">Este egresado posee s\u00f3lidos conocimientos y habilidades, a nivel t\u00e9cnico, en las \u00e1reas de contabilidad, administraci\u00f3n , economia, matem\u00e1tica y humanidadeslo que le permite comprender las implicancias de su trabajo y la contribuci\u00f3n del mimo en los procesos en los que participa.<\/span><\/p>\n<p><span style=\"color: #000000;\">A su vez, re\u00fane las competencias actitudinales necesarias para realizar su labor tanto en forma individual como grupal.<\/span><\/p>\n<p>&nbsp;<\/p>\n<p><span style=\"color: #000000;\"><strong>Alcances del T\u00edtulo<\/strong><\/span><\/p>\n<ul>\n<li><span style=\"color: #000000;\">Desempe\u00f1arse bajo la supervisi\u00f3n de profesionales de las ciencias econ\u00f3micas en tareas vinculadas con aspectos contables, administrativos, laborales y de finanzas p\u00fablicas, en organizaciones p\u00fablicas, privadas y de la sociedad civil.<\/span><\/li>\n<li><span style=\"color: #000000;\">Asistir en el relevamiento de datos, procesamiento y registraci\u00f3n de documentaci\u00f3n.<\/span><\/li>\n<li><span style=\"color: #000000;\">Colaborar con los profesionales de las organizaciones en la confecci\u00f3n de informes para la toma de desiciones.<\/span><\/li>\n<li><span style=\"color: #000000;\">Participar en la implementaci\u00f3n y seguimiento de procesos administrativos contables que definan los profesionalesde la organizaci\u00f3n.<\/span><\/li>\n<\/ul>\n<p>&nbsp;<\/p>\n<p><span style=\"color: #000000;\"><strong>Requisitos para el ingreso<\/strong><\/span><\/p>\n<p><span style=\"color: #000000;\">Para ingresar a la carrera se deber\u00e1 haber cumplido las exigencias previstas por la ordenanza CS 190 y los requisitos establecidos en el Reglamento General de la Actividad Acad\u00e9mica (RGAA) de la Facultad de Ciencias Econ\u00f3micas, de acuerdo al ART\u00cdCULO 7\u00b0 LES N\u00b024.521, sustitu\u00eddo por Art. 4\u00b0 Ley N\u00b0 27.204 B.O. (11\/11\/2015).\u00a0<\/span><\/p>\n<p>&nbsp;<\/p>\n<p><span style=\"color: #000000;\"><strong>T\u00edtulo a expedir:<\/strong> T\u00e9cnico Universitario en Administraci\u00f3n Contable<\/span><\/p>\n<p><span style=\"color: #000000;\"><strong>Duraci\u00f3n de la carrera:<\/strong> 3 a\u00f1os (6 cuatrimestres).<\/span><\/p>\n<p><strong><span style=\"color: #000000;\">Nivel de titulaci\u00f3n:<\/span><\/strong> <span style=\"color: #000000;\">Pregrado<\/span><\/p>\n<p><span style=\"color: #000000;\"><strong>Dictado:<\/strong> Presencial<\/span>[\/vc_column_text][\/vc_column][\/vc_row]<\/p>\n<\/div><\/div>","protected":false},"excerpt":{"rendered":"<p>[vc_row][vc_column width=&#8221;1\/6&#8243; css=&#8221;.vc_custom_1759335575908{background-color: #F5F1F1 !important;}&#8221;][vc_column_text css=&#8221;&#8221;] Tecnicatura Universitaria Administrativa Contable TUACON P23 [\/vc_column_text][\/vc_column][vc_column width=&#8221;3\/4&#8243;][vc_column_text css=&#8221;&#8221;] &hellip; <\/p>\n","protected":false},"author":6,"featured_media":0,"parent":0,"menu_order":0,"comment_status":"closed","ping_status":"closed","template":"","meta":{"pmpro_default_level":"","footnotes":""},"class_list":["post-15608","page","type-page","status-publish","hentry","pmpro-has-access"],"_links":{"self":[{"href":"https:\/\/web.sistemasfce.com.ar\/wordpress\/index.php\/wp-json\/wp\/v2\/pages\/15608","targetHints":{"allow":["GET"]}}],"collection":[{"href":"https:\/\/web.sistemasfce.com.ar\/wordpress\/index.php\/wp-json\/wp\/v2\/pages"}],"about":[{"href":"https:\/\/web.sistemasfce.com.ar\/wordpress\/index.php\/wp-json\/wp\/v2\/types\/page"}],"author":[{"embeddable":true,"href":"https:\/\/web.sistemasfce.com.ar\/wordpress\/index.php\/wp-json\/wp\/v2\/users\/6"}],"replies":[{"embeddable":true,"href":"https:\/\/web.sistemasfce.com.ar\/wordpress\/index.php\/wp-json\/wp\/v2\/comments?post=15608"}],"version-history":[{"count":5,"href":"https:\/\/web.sistemasfce.com.ar\/wordpress\/index.php\/wp-json\/wp\/v2\/pages\/15608\/revisions"}],"predecessor-version":[{"id":15834,"href":"https:\/\/web.sistemasfce.com.ar\/wordpress\/index.php\/wp-json\/wp\/v2\/pages\/15608\/revisions\/15834"}],"wp:attachment":[{"href":"https:\/\/web.sistemasfce.com.ar\/wordpress\/index.php\/wp-json\/wp\/v2\/media?parent=15608"}],"curies":[{"name":"wp","href":"https:\/\/api.w.org\/{rel}","templated":true}]}}