{"id":15499,"date":"2025-09-02T15:41:42","date_gmt":"2025-09-02T18:41:42","guid":{"rendered":"https:\/\/web.sistemasfce.com.ar\/wordpress\/?page_id=15499"},"modified":"2026-04-07T21:59:23","modified_gmt":"2026-04-08T00:59:23","slug":"perfil-c-p","status":"publish","type":"page","link":"https:\/\/web.sistemasfce.com.ar\/wordpress\/index.php\/perfil-c-p\/","title":{"rendered":"Contador P\u00fablico"},"content":{"rendered":"<div class=\"wpb-content-wrapper\"><div id=\"modal-ready\"><p>[vc_row][vc_column width=&#8221;1\/6&#8243; css=&#8221;.vc_custom_1759243462531{background-color: #F5F1F1 !important;}&#8221;][vc_column_text css=&#8221;&#8221;]<a href=\"https:\/\/web.sistemasfce.com.ar\/wordpress\/index.php\/contador-publico\/\" target=\"_blank\" rel=\"noopener\">Contador P\u00fablico Plan de Estudio 90<\/a>[\/vc_column_text][vc_empty_space][vc_column_text css=&#8221;&#8221;]<a href=\"https:\/\/web.sistemasfce.com.ar\/wordpress\/index.php\/contador-publico\/\" target=\"_blank\" rel=\"noopener\">Contador P\u00fablico Plan de Estudio 2025<\/a>[\/vc_column_text][vc_empty_space][\/vc_column][vc_column width=&#8221;3\/4&#8243;][vc_column_text css=&#8221;&#8221;]<\/p>\n<p style=\"text-align: justify;\"><span style=\"color: #000000;\"><b>PERFIL<\/b> <b>PROFESIONAL DEL CONTADOR PUBLICO<\/b><\/span><\/p>\n<div style=\"text-align: justify;\"><span style=\"color: #000000;\">El abordaje del tema puede efectuarse desde diversas perspectivas, tomando como par\u00e1metros la pr\u00e1ctica tradicional, la pr\u00e1ctica predominante y la alternativa ya sea en relaci\u00f3n con las PyMES, con las grandes empresas nacionales o multinacionales. Considerando al profesional en Ciencias Econ\u00f3micas como independiente, asociado a estudios profesionales o en relaci\u00f3n de dependencia laboral con los mismos, con empresas o con el Estado.<\/span><\/div>\n<div style=\"text-align: justify;\"><span style=\"color: #000000;\">Algunas l\u00edneas comunes muy generales, definen tradicionalmente al egresado de Ciencias Econ\u00f3micas como un &#8220;profesionalista&#8221;, preocupado por competir y ser competente en el medio, arrastrando el aurea tradicional del profesional liberal independiente, con un ejercicio de actividades t\u00e9cnicas especializadas (Contabilidad, Impuestos, Pr\u00e1ctica Societaria, Sindicatura Concursal y pericias, por ejemplo).<\/span><\/div>\n<div style=\"text-align: justify;\"><span style=\"color: #000000;\">La pr\u00e1ctica predominante se relaciona con un desempe\u00f1o en relaci\u00f3n de dependencia laboral, en estudios contables o en empresas, prestando servicios administrativos, contables, etc., contribuyendo a un incipiente gerenciamiento profesional.<\/span><\/div>\n<div style=\"text-align: justify;\"><span style=\"color: #000000;\">La posible profundizaci\u00f3n de esta perspectiva nos lleva a prever la necesidad de capacitar a nuestros profesionales para que se desempe\u00f1en en funciones gerenciales (pr\u00e1ctica profesional alternativa).<\/span><\/div>\n<div style=\"text-align: justify;\"><span style=\"color: #000000;\">Otra pr\u00e1ctica profesional alternativa que visualizamos, se relaciona con la formaci\u00f3n de profesionales id\u00f3neos para el &#8220;desarrollo de sistemas administrativos&#8221;, destinados a armonizar con su desempe\u00f1o y hacer eficientes, las distintas pr\u00e1cticas profesionales descriptas.<\/span><\/div>\n<div style=\"text-align: justify;\"><span style=\"color: #000000;\">Como pr\u00e1ctica profesional alternativa tambi\u00e9n queremos formar profesionales que compensen su rol &#8220;profesionalista&#8221; actual con un mayor compromiso social.<\/span><\/div>\n<div style=\"text-align: justify;\"><\/div>\n<div style=\"text-align: justify;\">\n<div>\n<div><\/div>\n<\/div>\n<\/div>\n<div style=\"text-align: justify;\"><\/div>\n<p>[\/vc_column_text][vc_column_text css=&#8221;&#8221;]<\/p>\n<div style=\"text-align: justify;\"><span style=\"color: #000000;\"><strong>CAMPO OCUPACIONAL<\/strong><\/span><\/div>\n<div style=\"text-align: justify;\"><\/div>\n<div style=\"text-align: justify;\">\n<div><span style=\"color: #000000;\">Es la Carrera de mayor tradici\u00f3n entre las que se dictan en nuestra Facultad. Mediante su dictado se logra una fuerte formaci\u00f3n en Contabilidad, Administraci\u00f3n, Econom\u00eda, Derecho y Computaci\u00f3n permitiendo el ejercicio profesional tanto para la actividad p\u00fablica como privada, ya sea en relaci\u00f3n de dependencia laboral o desarroll\u00e1ndose como profesional independiente. Actuaci\u00f3n como asesor empresarial para la toma de decisiones; confecci\u00f3n,an\u00e1lisis y auditor\u00eda de Estados Contables, en la constituci\u00f3n,transformaci\u00f3n,fusi\u00f3n y escisi\u00f3n de sociedades; en sindicaturas societarias y concursales; en impuestos; y como perito ante la justicia.<span class=\"texto\"><br \/>\n<\/span><\/span><\/div>\n<div><\/div>\n<\/div>\n<div style=\"text-align: justify;\"><\/div>\n<p>[\/vc_column_text][vc_column_text css=&#8221;&#8221;]<\/p>\n<div>\n<div><span style=\"color: #000000;\"><strong>Duraci\u00f3n:<\/strong> 5 a\u00f1os<\/span><\/div>\n<\/div>\n<p><span style=\"color: #000000;\"><!--more--><\/span><\/p>\n<div><span style=\"color: #000000;\"><strong>Titulo:<\/strong> Contador Publico Nacional.<\/span><\/div>\n<p><span style=\"color: #000000;\"><!--more--><\/span><\/p>\n<div><\/div>\n<div><span style=\"color: #000000;\"><strong>Modalidad:<\/strong> Presencialidad<\/span><\/div>\n<div><\/div>\n<p>[\/vc_column_text][\/vc_column][\/vc_row]<\/p>\n<\/div><\/div>","protected":false},"excerpt":{"rendered":"<p>[vc_row][vc_column width=&#8221;1\/6&#8243; css=&#8221;.vc_custom_1759243462531{background-color: #F5F1F1 !important;}&#8221;][vc_column_text css=&#8221;&#8221;]Contador P\u00fablico Plan de Estudio 90[\/vc_column_text][vc_empty_space][vc_column_text css=&#8221;&#8221;]Contador P\u00fablico Plan de &hellip; <\/p>\n","protected":false},"author":6,"featured_media":0,"parent":0,"menu_order":0,"comment_status":"closed","ping_status":"closed","template":"","meta":{"pmpro_default_level":"","footnotes":""},"class_list":["post-15499","page","type-page","status-publish","hentry","pmpro-has-access"],"_links":{"self":[{"href":"https:\/\/web.sistemasfce.com.ar\/wordpress\/index.php\/wp-json\/wp\/v2\/pages\/15499","targetHints":{"allow":["GET"]}}],"collection":[{"href":"https:\/\/web.sistemasfce.com.ar\/wordpress\/index.php\/wp-json\/wp\/v2\/pages"}],"about":[{"href":"https:\/\/web.sistemasfce.com.ar\/wordpress\/index.php\/wp-json\/wp\/v2\/types\/page"}],"author":[{"embeddable":true,"href":"https:\/\/web.sistemasfce.com.ar\/wordpress\/index.php\/wp-json\/wp\/v2\/users\/6"}],"replies":[{"embeddable":true,"href":"https:\/\/web.sistemasfce.com.ar\/wordpress\/index.php\/wp-json\/wp\/v2\/comments?post=15499"}],"version-history":[{"count":19,"href":"https:\/\/web.sistemasfce.com.ar\/wordpress\/index.php\/wp-json\/wp\/v2\/pages\/15499\/revisions"}],"predecessor-version":[{"id":16348,"href":"https:\/\/web.sistemasfce.com.ar\/wordpress\/index.php\/wp-json\/wp\/v2\/pages\/15499\/revisions\/16348"}],"wp:attachment":[{"href":"https:\/\/web.sistemasfce.com.ar\/wordpress\/index.php\/wp-json\/wp\/v2\/media?parent=15499"}],"curies":[{"name":"wp","href":"https:\/\/api.w.org\/{rel}","templated":true}]}}