{"id":15494,"date":"2025-09-02T15:03:58","date_gmt":"2025-09-02T18:03:58","guid":{"rendered":"https:\/\/web.sistemasfce.com.ar\/wordpress\/?page_id=15494"},"modified":"2026-03-02T17:07:51","modified_gmt":"2026-03-02T20:07:51","slug":"oferta-academica","status":"publish","type":"page","link":"https:\/\/web.sistemasfce.com.ar\/wordpress\/index.php\/oferta-academica\/","title":{"rendered":"Programas por asignaturas"},"content":{"rendered":"<div class=\"wpb-content-wrapper\"><div id=\"modal-ready\"><p>[vc_row][vc_column][vc_column_text css=&#8221;&#8221;]<\/p>\n<table style=\"border-collapse: collapse; width: 100%; height: 242px;\">\n<tbody>\n<tr style=\"height: 26px;\">\n<td style=\"width: 51.798%; text-align: center; height: 26px;\"><span style=\"color: #000000;\"><strong><span style=\"font-size: 16px;\">Carreras de grado<\/span><\/strong><\/span><\/td>\n<td style=\"width: 5.7227%; text-align: center;\"><span style=\"color: #000000;\"><strong><span style=\"font-size: 16px;\">Modalidad\u00a0\u00a0<\/span><\/strong><\/span><\/td>\n<td style=\"width: 5.7227%; text-align: center; height: 26px;\"><span style=\"color: #000000;\"><strong><span style=\"font-size: 16px;\">Duraci\u00f3n<\/span><\/strong><\/span><\/td>\n<td style=\"width: 36.7565%; text-align: center; height: 26px;\"><span style=\"color: #000000;\"><strong><span style=\"font-size: 16px;\">Sede\/Delegaci\u00f3n Acad\u00e9mica<\/span><\/strong><\/span><\/td>\n<\/tr>\n<tr style=\"height: 24px;\">\n<td style=\"width: 51.798%; height: 24px;\"><a href=\"https:\/\/web.sistemasfce.com.ar\/wordpress\/index.php\/15630-2\/\" target=\"_blank\" rel=\"noopener\">Contador P\u00fablico<\/a><\/td>\n<td style=\"width: 5.7227%; text-align: center;\"><span style=\"color: #000000;\">Presencial<\/span><\/td>\n<td style=\"width: 5.7227%; height: 24px; text-align: center;\"><span style=\"color: #000000;\">5 a\u00f1os<\/span><\/td>\n<td style=\"width: 36.7565%; height: 24px; text-align: center;\"><span style=\"color: #000000;\">Trelew &#8211; Esquel &#8211; Comodoro Rivadavia<\/span><\/td>\n<\/tr>\n<tr style=\"height: 24px;\">\n<td style=\"width: 51.798%; height: 24px;\"><a href=\"https:\/\/web.sistemasfce.com.ar\/wordpress\/index.php\/perfil-la\/\" target=\"_blank\" rel=\"noopener\">Licenciatura en Administraci\u00f3n<\/a><\/td>\n<td style=\"width: 5.7227%; text-align: center;\"><span style=\"color: #000000;\">Presencial<\/span><\/td>\n<td style=\"width: 5.7227%; height: 24px; text-align: center;\"><span style=\"color: #000000;\">5 a\u00f1os<\/span><\/td>\n<td style=\"width: 36.7565%; height: 24px; text-align: center;\"><span style=\"color: #000000;\">Trelew &#8211; Comodoro Rivadavia<\/span><\/td>\n<\/tr>\n<tr style=\"height: 24px;\">\n<td style=\"width: 51.798%; height: 24px;\"><a href=\"https:\/\/web.sistemasfce.com.ar\/wordpress\/index.php\/lic-en-economia\/\" target=\"_blank\" rel=\"noopener\">Licenciatura en Econom\u00eda<\/a>\u00a0 (*)<\/td>\n<td style=\"width: 5.7227%; text-align: center;\"><span style=\"color: #000000;\">A distancia<\/span><\/td>\n<td style=\"width: 5.7227%; height: 24px; text-align: center;\"><span style=\"color: #000000;\">4 a\u00f1os<\/span><\/td>\n<td style=\"width: 36.7565%; height: 24px; text-align: center;\"><span style=\"color: #000000;\">Trelew<\/span><\/td>\n<\/tr>\n<tr style=\"height: 24px;\">\n<td style=\"width: 51.798%; height: 24px;\"><a href=\"https:\/\/web.sistemasfce.com.ar\/wordpress\/index.php\/licenciatura-en-administracion-de-empresas-turisticas\/\" target=\"_blank\" rel=\"noopener\">Licenciatura en Administraci\u00f3n de Empresas Tur\u00edsticas<\/a><\/td>\n<td style=\"width: 5.7227%; text-align: center;\"><span style=\"color: #000000;\">Presencial<\/span><\/td>\n<td style=\"width: 5.7227%; height: 24px; text-align: center;\"><span style=\"color: #000000;\">4\u00bd a\u00f1os<\/span><\/td>\n<td style=\"width: 36.7565%; height: 24px; text-align: center;\"><span style=\"color: #000000;\">Esquel<\/span><\/td>\n<\/tr>\n<\/tbody>\n<\/table>\n<p>&nbsp;<\/p>\n<p>&nbsp;<\/p>\n<table style=\"border-collapse: collapse; width: 100%; height: 194px;\">\n<tbody>\n<tr style=\"height: 26px;\">\n<td style=\"width: 47.8443%; text-align: center; height: 26px;\"><span style=\"color: #000000;\"><strong><span style=\"font-size: 16px;\">Carreras de Pregrado<\/span><\/strong><\/span><\/td>\n<td style=\"width: 9.67641%; text-align: center; height: 26px;\"><span style=\"color: #000000;\"><strong><span style=\"font-size: 16px;\">Modalidad\u00a0\u00a0<\/span><\/strong><\/span><\/td>\n<td style=\"width: 6.39772%; text-align: center; height: 26px;\"><span style=\"color: #000000;\"><strong><span style=\"font-size: 16px;\">Duraci\u00f3n<\/span><\/strong><\/span><\/td>\n<td style=\"width: 36.0815%; text-align: center; height: 26px;\"><span style=\"color: #000000;\"><strong><span style=\"font-size: 16px;\">Sede\/Delegaci\u00f3n Acad\u00e9mica<\/span><\/strong><\/span><\/td>\n<\/tr>\n<tr style=\"height: 24px;\">\n<td style=\"width: 47.8443%; height: 24px;\"><a href=\"https:\/\/web.sistemasfce.com.ar\/wordpress\/index.php\/tuc\/\" target=\"_blank\" rel=\"noopener\">Tecnicatura Universitaria Contable<\/a><\/td>\n<td style=\"width: 9.67641%; height: 24px; text-align: center;\"><span style=\"color: #000000;\">Presencial<\/span><\/td>\n<td style=\"width: 6.39772%; height: 24px; text-align: center;\"><span style=\"color: #000000;\">3 a\u00f1os<\/span><\/td>\n<td style=\"width: 36.0815%; height: 24px; text-align: center;\"><span style=\"color: #000000;\">Esquel<\/span><\/td>\n<\/tr>\n<tr style=\"height: 24px;\">\n<td style=\"width: 47.8443%; height: 24px;\"><a href=\"https:\/\/web.sistemasfce.com.ar\/wordpress\/index.php\/tec-univ-en-finanzas-empresariales\/\" target=\"_blank\" rel=\"noopener\">Tecnicatura Universitaria en Finanzas Empresariales<\/a> (*)<\/td>\n<td style=\"width: 9.67641%; text-align: center; height: 24px;\"><span style=\"color: #000000;\">A distancia<\/span><\/td>\n<td style=\"width: 6.39772%; text-align: center; height: 24px;\"><span style=\"color: #000000;\">2\u00bd a\u00f1os<\/span><\/td>\n<td style=\"width: 36.0815%; text-align: center; height: 24px;\"><span style=\"color: #000000;\">Trelew<\/span><\/td>\n<\/tr>\n<tr style=\"height: 24px;\">\n<td style=\"width: 47.8443%; height: 24px;\"><a href=\"https:\/\/web.sistemasfce.com.ar\/wordpress\/?page_id=15745&amp;preview=true\" target=\"_blank\" rel=\"noopener\">Tecnicatura Universitaria en Administraci\u00f3n Bancaria<\/a><\/td>\n<td style=\"width: 9.67641%; height: 24px; text-align: center;\"><span style=\"color: #000000;\">Presencialidad Combinada<\/span><\/td>\n<td style=\"width: 6.39772%; height: 24px; text-align: center;\"><span style=\"color: #000000;\">2 a\u00f1os<\/span><\/td>\n<td style=\"width: 36.0815%; height: 24px; text-align: center;\"><span style=\"color: #000000;\">Trelew &#8211; Comodoro Rivadavia<\/span><\/td>\n<\/tr>\n<tr style=\"height: 24px;\">\n<td style=\"width: 47.8443%; height: 24px;\"><a href=\"https:\/\/web.sistemasfce.com.ar\/wordpress\/index.php\/tua2025\/\" target=\"_blank\" rel=\"noopener\">Tecnicatura Universitaria en Administraci\u00f3n<\/a>\u00a0 (**)<\/td>\n<td style=\"width: 9.67641%; text-align: center; height: 24px;\"><span style=\"color: #000000;\">Presencial<\/span><\/td>\n<td style=\"width: 6.39772%; text-align: center; height: 24px;\"><span style=\"color: #000000;\">2\u00bd a\u00f1os<\/span><\/td>\n<td style=\"width: 36.0815%; text-align: center; height: 24px;\"><span style=\"color: #000000;\">Trelew &#8211; Comodoro Rivadavia<\/span><\/td>\n<\/tr>\n<tr style=\"height: 24px;\">\n<td style=\"width: 47.8443%; height: 24px;\"><a href=\"https:\/\/web.sistemasfce.com.ar\/wordpress\/index.php\/tuap\/\" target=\"_blank\" rel=\"noopener\"><span style=\"color: #333333;\">Tecnicatura Universitaria en Administraci\u00f3n P\u00fablica<\/span><\/a><\/td>\n<td style=\"width: 9.67641%; height: 24px; text-align: center;\"><span style=\"color: #000000;\">Presencial<\/span><\/td>\n<td style=\"width: 6.39772%; height: 24px; text-align: center;\"><span style=\"color: #000000;\">3 a\u00f1os<\/span><\/td>\n<td style=\"width: 36.0815%; height: 24px; text-align: center;\"><span style=\"color: #000000;\">Trelew &#8211; Comodoro Rivadavia<\/span><\/td>\n<\/tr>\n<tr style=\"height: 24px;\">\n<td style=\"width: 47.8443%; height: 24px;\"><a href=\"https:\/\/web.sistemasfce.com.ar\/wordpress\/index.php\/tuacon23\/\" target=\"_blank\" rel=\"noopener\">Tecnicatura Universitaria Administrativa Contable<\/a><\/td>\n<td style=\"width: 9.67641%; height: 24px; text-align: center;\"><span style=\"color: #000000;\">Presencial<\/span><\/td>\n<td style=\"width: 6.39772%; height: 24px; text-align: center;\"><span style=\"color: #000000;\">3 a\u00f1os<\/span><\/td>\n<td style=\"width: 36.0815%; height: 24px; text-align: center;\"><span style=\"color: #000000;\">Trelew &#8211; Esquel &#8211; Comodoro Rivadavia<\/span><\/td>\n<\/tr>\n<tr style=\"height: 24px;\">\n<td style=\"width: 47.8443%; height: 24px;\"><a href=\"https:\/\/web.sistemasfce.com.ar\/wordpress\/index.php\/tufd\/\" target=\"_blank\" rel=\"noopener\">Tecnicatura Universitaria en Finanzas Digitales<\/a><\/td>\n<td style=\"width: 9.67641%; text-align: center; height: 24px;\"><span style=\"color: #000000;\">Presencialidad Combinada<\/span><\/td>\n<td style=\"width: 6.39772%; text-align: center; height: 24px;\"><span style=\"color: #000000;\">2 a\u00f1os<\/span><\/td>\n<td style=\"width: 36.0815%; text-align: center; height: 24px;\"><span style=\"color: #000000;\">Trelew &#8211; Esquel &#8211; Comodoro Rivadavia<\/span><\/td>\n<\/tr>\n<\/tbody>\n<\/table>\n<p><span style=\"color: #000000;\">(*) <span style=\"font-size: 14px;\"><em>La Tecnicatura Universitaria en Finanzas Empresariales corresponde al t\u00edtulo intermedio de la carrera Licenciatura en Econom\u00eda<\/em><\/span><\/span><\/p>\n<p><span style=\"color: #000000;\">(**) <span style=\"font-size: 14px;\"><em>La Tecnicatura Universitaria en Administraci\u00f3n corresponde al t\u00edtulo intermedio de la carrera Licenciatura en Administraci\u00f3n<\/em><\/span><\/span>[\/vc_column_text][\/vc_column][\/vc_row]<\/p>\n<\/div><\/div>","protected":false},"excerpt":{"rendered":"<p>[vc_row][vc_column][vc_column_text css=&#8221;&#8221;] Carreras de grado Modalidad\u00a0\u00a0 Duraci\u00f3n Sede\/Delegaci\u00f3n Acad\u00e9mica Contador P\u00fablico Presencial 5 a\u00f1os Trelew &hellip; <\/p>\n","protected":false},"author":6,"featured_media":0,"parent":0,"menu_order":0,"comment_status":"closed","ping_status":"closed","template":"","meta":{"pmpro_default_level":"","footnotes":""},"class_list":["post-15494","page","type-page","status-publish","hentry","pmpro-has-access"],"_links":{"self":[{"href":"https:\/\/web.sistemasfce.com.ar\/wordpress\/index.php\/wp-json\/wp\/v2\/pages\/15494","targetHints":{"allow":["GET"]}}],"collection":[{"href":"https:\/\/web.sistemasfce.com.ar\/wordpress\/index.php\/wp-json\/wp\/v2\/pages"}],"about":[{"href":"https:\/\/web.sistemasfce.com.ar\/wordpress\/index.php\/wp-json\/wp\/v2\/types\/page"}],"author":[{"embeddable":true,"href":"https:\/\/web.sistemasfce.com.ar\/wordpress\/index.php\/wp-json\/wp\/v2\/users\/6"}],"replies":[{"embeddable":true,"href":"https:\/\/web.sistemasfce.com.ar\/wordpress\/index.php\/wp-json\/wp\/v2\/comments?post=15494"}],"version-history":[{"count":25,"href":"https:\/\/web.sistemasfce.com.ar\/wordpress\/index.php\/wp-json\/wp\/v2\/pages\/15494\/revisions"}],"predecessor-version":[{"id":15876,"href":"https:\/\/web.sistemasfce.com.ar\/wordpress\/index.php\/wp-json\/wp\/v2\/pages\/15494\/revisions\/15876"}],"wp:attachment":[{"href":"https:\/\/web.sistemasfce.com.ar\/wordpress\/index.php\/wp-json\/wp\/v2\/media?parent=15494"}],"curies":[{"name":"wp","href":"https:\/\/api.w.org\/{rel}","templated":true}]}}