{"id":15439,"date":"2025-08-28T15:37:33","date_gmt":"2025-08-28T18:37:33","guid":{"rendered":"https:\/\/web.sistemasfce.com.ar\/wordpress\/?page_id=15439"},"modified":"2025-08-28T16:06:22","modified_gmt":"2025-08-28T19:06:22","slug":"diplomatura-en-economia-pesquera","status":"publish","type":"page","link":"https:\/\/web.sistemasfce.com.ar\/wordpress\/index.php\/diplomatura-en-economia-pesquera\/","title":{"rendered":"Diplomatura en Econom\u00eda Pesquera"},"content":{"rendered":"<div class=\"wpb-content-wrapper\"><div id=\"modal-ready\"><p>[vc_row][vc_column][vc_tta_accordion style=&#8221;outline&#8221; color=&#8221;violet&#8221; active_section=&#8221;1&#8243;][vc_tta_section title=&#8221;Inicio&#8221; tab_id=&#8221;1756406709053-f2a8e115-1775&#8243;][vc_single_image image=&#8221;15366&#8243; img_size=&#8221;large&#8221; alignment=&#8221;center&#8221; style=&#8221;vc_box_shadow&#8221; css=&#8221;&#8221;][\/vc_tta_section][vc_tta_section title=&#8221;Objetivos&#8221; tab_id=&#8221;1756406709064-9fdd9923-82b0&#8243;][vc_column_text css=&#8221;&#8221;]<\/p>\n<div><span style=\"color: #000000;\"><b>OBJETIVO GENERAL<\/b><\/span><\/div>\n<div><span style=\"color: #000000;\">Capacitar a los participantes en econom\u00eda pesquera, proporcionando los conocimientos, habilidades y herramientas necesarias para comprender, analizar y gestionar eficazmente los aspectos econ\u00f3micos, empresariales y legales relacionados con la actividad pesquera en la regi\u00f3n patag\u00f3nica, con el prop\u00f3sito de contribuir al desarrollo sostenible, la competitividad de la industria pesquera y al bienestar econ\u00f3mico y social de las comunidades costeras y aleda\u00f1as.<\/span><\/div>\n<div><\/div>\n<div><\/div>\n<div><span style=\"color: #000000;\"><b>OBJETIVOS ESPEC\u00cdFICOS<\/b><\/span><\/div>\n<div><\/div>\n<div style=\"padding-left: 40px;\"><span style=\"color: #000000;\">\u2713\u00a0Entender el marco legal y normativo: Comprender el marco legal y normativo que regula la actividad pesquera, incluyendo leyes nacionales e internacionales, regulaciones de conservaci\u00f3n, derechos de pesca y normativas ambientales.<\/span><br \/>\n<span style=\"color: #000000;\">\u2713\u00a0Desarrollar habilidades de gesti\u00f3n empresarial: Capacitar a los participantes en aspectos clave de la gesti\u00f3n empresarial aplicados a la industria pesquera, incluyendo planificaci\u00f3n estrat\u00e9gica, gesti\u00f3n financiera, recursos humanos y gesti\u00f3n de la cadena de suministro.<\/span><br \/>\n<span style=\"color: #000000;\">\u2713\u00a0Promover pr\u00e1cticas empresariales sostenibles: Sensibilizar sobre la importancia de adoptar pr\u00e1cticas empresariales sostenibles y responsables en el contexto de la actividad pesquera, incluyendo la gesti\u00f3n ambiental, la responsabilidad social corporativa y la \u00e9tica empresarial.<\/span><br \/>\n<span style=\"color: #000000;\">\u2713 <\/span><span style=\"color: #000000;\">Estudiar la comercializaci\u00f3n de productos pesqueros: Brindar conocimientos sobre estrategias de comercializaci\u00f3n, agregado de valor y distribuci\u00f3n de productos pesqueros.<\/span><\/div>\n<p>[\/vc_column_text][\/vc_tta_section][vc_tta_section title=&#8221;Plan de Estudios&#8221; tab_id=&#8221;1756406808079-83e767a6-1a01&#8243;][vc_column_text css=&#8221;&#8221;]<span style=\"color: #000000;\"><b>PLAN DE ESTUDIOS<\/b><\/span><\/p>\n<p style=\"padding-left: 40px;\"><span style=\"color: #000000;\"><b>A. Introducci\u00f3n al sistema pesquero argentino:<\/b>\u00a0El curso tiene como objetivo introducir a los estudiantes con los conceptos b\u00e1sicos de la actividad de la pesca. Asimismo, se busca identificar los participantes del Sistema Pesquero Argentino, la clasificaci\u00f3n de las actividades y las artes de pesca.<\/span><\/p>\n<p style=\"padding-left: 40px;\"><span style=\"color: #000000;\"><b>B. Derecho Pesquero:<\/b>\u00a0Este curso intenta familiarizar a los participantes con la legislaci\u00f3n nacional e internacional aplicable a la pesca, as\u00ed como tambi\u00e9n con las normativas espec\u00edficas relacionadas con la conservaci\u00f3n de los recursos pesqueros, la protecci\u00f3n del medio ambiente marino, los derechos de pesca y las responsabilidades de los diferentes actores del sector pesquero.<\/span><\/p>\n<p style=\"padding-left: 40px;\"><span style=\"color: #000000;\"><b>C. Econom\u00eda Pesquera:<\/b>\u00a0El objetivo es proporcionar a los participantes los conocimientos, habilidades y herramientas necesarias para comprender los aspectos econ\u00f3micos clave de la industria.<\/span><\/p>\n<p style=\"padding-left: 40px;\"><span style=\"color: #000000;\"><b>D. Curso de Productividad y agregado de valor:<\/b>\u00a0Desarrollar habilidades y conocimientos necesarios para comprender los conceptos de eficiencia y competitividad en las actividades relacionadas con la pesca y el procesamiento de productos pesqueros en la regi\u00f3n. Adem\u00e1s, proporciona herramientas pr\u00e1cticas y conceptos te\u00f3ricos para identificar oportunidades de mejora en los procesos de producci\u00f3n y comercializaci\u00f3n.<\/span><\/p>\n<p style=\"padding-left: 40px;\"><span style=\"color: #000000;\"><b>E. Gesti\u00f3n de la empresa:<\/b>\u00a0El curso tiene como objetivo proporcionar herramientas para involucrarse en la gesti\u00f3n administrativa de empresas pesqueras de manera exitosa, contribuyendo as\u00ed, al desarrollo econ\u00f3mico y social de la regi\u00f3n patag\u00f3nica, y al fortalecimiento de la competitividad y sostenibilidad del sector pesquero en la regi\u00f3n.<\/span><\/p>\n<p>[\/vc_column_text][\/vc_tta_section][vc_tta_section title=&#8221;Condiciones de aprobaci\u00f3n&#8221; tab_id=&#8221;1756406880341-2387e33f-180f&#8221;][vc_column_text css=&#8221;&#8221;]<span style=\"color: #000000;\"><b>CONDICIONES PARA APROBAR LA DIPLOMATURA<\/b><\/span><\/p>\n<p><span style=\"color: #000000;\">La Diplomatura comprende 120 horas reloj, que se dictar\u00e1 en forma virtual.<\/span><\/p>\n<p><span style=\"color: #000000;\">Para lograr el t\u00edtulo de la diplomatura ser\u00e1 necesario aprobar los 5 m\u00f3dulos.<\/span>[\/vc_column_text][\/vc_tta_section][vc_tta_section title=&#8221;Perfil del diplomado&#8221; tab_id=&#8221;1756406920434-5f6c6cbd-0362&#8243;][vc_column_text css=&#8221;&#8221;]<span style=\"color: #000000;\"><b>PERFIL DEL DIPLOMADO<\/b><\/span><\/p>\n<p><span style=\"color: #000000;\">El graduado en la Diplomatura en Econom\u00eda Pesquera es una persona capacitada para trabajar en empresas vinculadas a la pesca en la regi\u00f3n patag\u00f3nica, con conocimientos b\u00e1sicos de la industria pesquera, en \u00e1reas como las de generaci\u00f3n de valor, la gesti\u00f3n administrativa, el \u00e1rea legal y econ\u00f3mica.<\/span>[\/vc_column_text][\/vc_tta_section][vc_tta_section title=&#8221;Organizaciones intervinientes&#8221; tab_id=&#8221;1756406984868-88a0dab6-fce2&#8243;][vc_column_text css=&#8221;&#8221;]<span style=\"color: #000000;\"><b>ORGANIZACIONES INTERVINIENTES<\/b><\/span><\/p>\n<p>&nbsp;<\/p>\n<ul>\n<li><b> <\/b><span style=\"color: #000000;\">Facultad de Ciencias Econ\u00f3micas de la Universidad Nacional de la Patagonia San Juan Bosco (FCE-UNPSJB)<\/span><\/li>\n<\/ul>\n<p>&nbsp;<\/p>\n<ul>\n<li><span style=\"color: #000000;\">C\u00e1mara Argentina Patag\u00f3nica de Industrias Pesqueras (CAPIP).<\/span><\/li>\n<\/ul>\n<p>[\/vc_column_text][\/vc_tta_section][vc_tta_section title=&#8221;Aranceles&#8221; tab_id=&#8221;1756407052579-d2b4d357-0d3a&#8221;][vc_column_text css=&#8221;&#8221;]<\/p>\n<div><span style=\"color: #000000;\"><strong>ARANCELES<\/strong><\/span><\/div>\n<div><\/div>\n<div><\/div>\n<ul>\n<li><span style=\"color: #000000;\">Inscripci\u00f3n: $ 10.0000<\/span><\/li>\n<\/ul>\n<p>&nbsp;<\/p>\n<ul>\n<li><span style=\"color: #000000;\">Arancel General: $ 200.000 (4 cuotas de $ 50.000)<\/span><\/li>\n<\/ul>\n<p>[\/vc_column_text][\/vc_tta_section][\/vc_tta_accordion][\/vc_column][\/vc_row]<\/p>\n<\/div><\/div>","protected":false},"excerpt":{"rendered":"<p>[vc_row][vc_column][vc_tta_accordion style=&#8221;outline&#8221; color=&#8221;violet&#8221; active_section=&#8221;1&#8243;][vc_tta_section title=&#8221;Inicio&#8221; tab_id=&#8221;1756406709053-f2a8e115-1775&#8243;][vc_single_image image=&#8221;15366&#8243; img_size=&#8221;large&#8221; alignment=&#8221;center&#8221; style=&#8221;vc_box_shadow&#8221; css=&#8221;&#8221;][\/vc_tta_section][vc_tta_section title=&#8221;Objetivos&#8221; tab_id=&#8221;1756406709064-9fdd9923-82b0&#8243;][vc_column_text css=&#8221;&#8221;] OBJETIVO &hellip; <\/p>\n","protected":false},"author":6,"featured_media":0,"parent":0,"menu_order":0,"comment_status":"closed","ping_status":"closed","template":"","meta":{"pmpro_default_level":"","footnotes":""},"class_list":["post-15439","page","type-page","status-publish","hentry","pmpro-has-access"],"_links":{"self":[{"href":"https:\/\/web.sistemasfce.com.ar\/wordpress\/index.php\/wp-json\/wp\/v2\/pages\/15439","targetHints":{"allow":["GET"]}}],"collection":[{"href":"https:\/\/web.sistemasfce.com.ar\/wordpress\/index.php\/wp-json\/wp\/v2\/pages"}],"about":[{"href":"https:\/\/web.sistemasfce.com.ar\/wordpress\/index.php\/wp-json\/wp\/v2\/types\/page"}],"author":[{"embeddable":true,"href":"https:\/\/web.sistemasfce.com.ar\/wordpress\/index.php\/wp-json\/wp\/v2\/users\/6"}],"replies":[{"embeddable":true,"href":"https:\/\/web.sistemasfce.com.ar\/wordpress\/index.php\/wp-json\/wp\/v2\/comments?post=15439"}],"version-history":[{"count":12,"href":"https:\/\/web.sistemasfce.com.ar\/wordpress\/index.php\/wp-json\/wp\/v2\/pages\/15439\/revisions"}],"predecessor-version":[{"id":15453,"href":"https:\/\/web.sistemasfce.com.ar\/wordpress\/index.php\/wp-json\/wp\/v2\/pages\/15439\/revisions\/15453"}],"wp:attachment":[{"href":"https:\/\/web.sistemasfce.com.ar\/wordpress\/index.php\/wp-json\/wp\/v2\/media?parent=15439"}],"curies":[{"name":"wp","href":"https:\/\/api.w.org\/{rel}","templated":true}]}}