{"id":15371,"date":"2025-09-04T12:22:03","date_gmt":"2025-09-04T15:22:03","guid":{"rendered":"https:\/\/web.sistemasfce.com.ar\/wordpress\/?page_id=15371"},"modified":"2026-04-07T22:02:05","modified_gmt":"2026-04-08T01:02:05","slug":"perfil-la","status":"publish","type":"page","link":"https:\/\/web.sistemasfce.com.ar\/wordpress\/index.php\/perfil-la\/","title":{"rendered":"Licenciatura en Administraci\u00f3n"},"content":{"rendered":"<div class=\"wpb-content-wrapper\"><div id=\"modal-ready\"><p>[vc_row][vc_column][vc_row_inner][vc_column_inner width=&#8221;1\/6&#8243; css=&#8221;.vc_custom_1759248849668{background-color: #F5F1F1 !important;}&#8221;][vc_empty_space][vc_column_text css=&#8221;&#8221;]<a href=\"https:\/\/web.sistemasfce.com.ar\/wordpress\/index.php\/la2025\/\" target=\"_blank\" rel=\"noopener\">Licenciatura en Administraci\u00f3n Plan 2025<\/a>[\/vc_column_text][vc_empty_space][vc_column_text css=&#8221;&#8221;]<\/p>\n<p style=\"text-align: left;\"><a href=\"https:\/\/web.sistemasfce.com.ar\/wordpress\/index.php\/la-90\/\" target=\"_blank\" rel=\"noopener\">Licenciatura en Administraci\u00f3n Plan 90<\/a><\/p>\n<p>[\/vc_column_text][\/vc_column_inner][vc_column_inner width=&#8221;3\/4&#8243;][vc_column_text css=&#8221;&#8221;]<span style=\"font-size: 16px; color: #000000;\"><strong>Perfil del Egresado<\/strong><\/span><\/p>\n<p style=\"text-align: justify;\"><span style=\"color: #000000;\">El Licenciado en Administraci\u00f3n es un profesional competente para desempe\u00f1arse en distintos ambitos laborales p\u00fablicos, privados y del tercer sector desde una s\u00f3lida formaci\u00f3n en administraci\u00f3n, que se integra con conocimientos tales como econom\u00eda, derecho, sociolog\u00eda, matem\u00e1tica y otras disciplinas sociales y human\u00edsticas.<\/span><\/p>\n<p style=\"text-align: justify;\"><span style=\"color: #000000;\">Debe contar con actitudes y aptitudes comunicacionales, relacionales y accesorias para abordar las actividades humanas en los planos individual, grupal, intra e interorganizacional\u00a0 con la sociedad.<\/span><\/p>\n<p style=\"text-align: justify;\"><span style=\"color: #000000;\">El Licenciado\/a en Administraci\u00f3n cuenta con habilidades para identificar, caracterizar, analizar, modelizar, sintetizar y proyectar realidades, complejas, de manera sist\u00e9mica, para el planeamiento, direcci\u00f3n, gesti\u00f3n y control de estructuras y procesos.<\/span><\/p>\n<p style=\"text-align: justify;\"><span style=\"color: #000000;\">Tambi\u00e9n posee habilidades para llevar adelante procesos decisorios, de direcci\u00f3n y evaluaci\u00f3n; seleccionando, priorizando, jerarquizando y comprometi\u00e9ndose con los resultados e impactos econ\u00f3micos, sociales, ambientales y de pol\u00edticas p\u00fablicas.<\/span><\/p>\n<p style=\"text-align: justify;\"><span style=\"color: #000000;\">El ejercicio profesional del Licenciado en Administraci\u00f3n est\u00e1 guiado con la b\u00fasqueda consciente de la mejora permanente en todos los \u00e1mbitos de actuaci\u00f3n en un marco \u00e9tico, legal y de compromiso social. Asimismo, actua con estos valores en los procesos administrativos y judiciales en los que pueda intervenir.<\/span><\/p>\n<p style=\"text-align: justify;\"><span style=\"color: #000000;\">El Licenciado en Administraci\u00f3n debe contar con una actitud proactiva hacia la utilizaci\u00f3n de las tecnolog\u00edas de la comunicaci\u00f3n, informaci\u00f3n, an\u00e1lisis y modelizaci\u00f3n para su ejercicio profesional.<\/span><\/p>\n<p style=\"text-align: justify;\"><span style=\"font-size: 16px; color: #000000;\"><strong><span style=\"text-decoration: underline;\">T\u00edtulo de grado<\/span>:<\/strong> Licenciado\/a en Administraci\u00f3n.<\/span><\/p>\n<p style=\"text-align: justify;\"><span style=\"font-size: 16px; color: #000000;\"><strong><span style=\"text-decoration: underline;\">Duraci\u00f3n<\/span>:<\/strong> 5 a\u00f1os.<\/span><\/p>\n<p><span style=\"color: #000000;\"><span style=\"text-decoration: underline;\"><strong>Modalidad de dictado:<\/strong><\/span> Presencial.<\/span>[\/vc_column_text][\/vc_column_inner][\/vc_row_inner][\/vc_column][\/vc_row][vc_row][vc_column][\/vc_column][\/vc_row]<\/p>\n<\/div><\/div>","protected":false},"excerpt":{"rendered":"<p>[vc_row][vc_column][vc_row_inner][vc_column_inner width=&#8221;1\/6&#8243; css=&#8221;.vc_custom_1759248849668{background-color: #F5F1F1 !important;}&#8221;][vc_empty_space][vc_column_text css=&#8221;&#8221;]Licenciatura en Administraci\u00f3n Plan 2025[\/vc_column_text][vc_empty_space][vc_column_text css=&#8221;&#8221;] Licenciatura en Administraci\u00f3n Plan &hellip; <\/p>\n","protected":false},"author":6,"featured_media":0,"parent":0,"menu_order":0,"comment_status":"closed","ping_status":"closed","template":"","meta":{"pmpro_default_level":"","footnotes":""},"class_list":["post-15371","page","type-page","status-publish","hentry","pmpro-has-access"],"_links":{"self":[{"href":"https:\/\/web.sistemasfce.com.ar\/wordpress\/index.php\/wp-json\/wp\/v2\/pages\/15371","targetHints":{"allow":["GET"]}}],"collection":[{"href":"https:\/\/web.sistemasfce.com.ar\/wordpress\/index.php\/wp-json\/wp\/v2\/pages"}],"about":[{"href":"https:\/\/web.sistemasfce.com.ar\/wordpress\/index.php\/wp-json\/wp\/v2\/types\/page"}],"author":[{"embeddable":true,"href":"https:\/\/web.sistemasfce.com.ar\/wordpress\/index.php\/wp-json\/wp\/v2\/users\/6"}],"replies":[{"embeddable":true,"href":"https:\/\/web.sistemasfce.com.ar\/wordpress\/index.php\/wp-json\/wp\/v2\/comments?post=15371"}],"version-history":[{"count":32,"href":"https:\/\/web.sistemasfce.com.ar\/wordpress\/index.php\/wp-json\/wp\/v2\/pages\/15371\/revisions"}],"predecessor-version":[{"id":16351,"href":"https:\/\/web.sistemasfce.com.ar\/wordpress\/index.php\/wp-json\/wp\/v2\/pages\/15371\/revisions\/16351"}],"wp:attachment":[{"href":"https:\/\/web.sistemasfce.com.ar\/wordpress\/index.php\/wp-json\/wp\/v2\/media?parent=15371"}],"curies":[{"name":"wp","href":"https:\/\/api.w.org\/{rel}","templated":true}]}}