{"id":14933,"date":"2024-11-15T12:53:09","date_gmt":"2024-11-15T15:53:09","guid":{"rendered":"https:\/\/web.sistemasfce.com.ar\/wordpress\/?page_id=14933"},"modified":"2025-11-06T10:33:15","modified_gmt":"2025-11-06T13:33:15","slug":"observatorio-en-gestion-de-las-organizaciones","status":"publish","type":"page","link":"https:\/\/web.sistemasfce.com.ar\/wordpress\/index.php\/observatorio-en-gestion-de-las-organizaciones\/","title":{"rendered":"Observatorio en Gesti\u00f3n de las Organizaciones"},"content":{"rendered":"<div class=\"wpb-content-wrapper\"><div id=\"modal-ready\"><p>[vc_row][vc_column][vc_column_text css=&#8221;&#8221;]<strong>Consejo Asesor<\/strong>: Prof. Gabriela Demarchi, Prof. Mauro Cesetti Roscini<\/p>\n<p><strong>Participan:<\/strong> Prof. Mauro Cesetti Roscini, Lic. Ver\u00f3nica Bonifacio Troncoso, Sra. Camila Gullino. Mg. Enrique Babino. Lic. Martin Crespo. Lic. Leonardo Ontiveros. Cra. Gabriela Quintana. Cr. Aldo Ballona. Dra. Silvina Marisa Glatigny. Cr. Jose Hua\u00f1acota. Cr. Daniel Adrian Miguens<\/p>\n<p>&nbsp;<\/p>\n<p><strong>Objetivo principal<\/strong><br \/>\nFavorecer la producci\u00f3n sistem\u00e1tica de informaci\u00f3n estrat\u00e9gica vinculada a la agenda de desarrollo que los actores de territorios locales y regionales asumen en procesos participativos.<\/p>\n<p><em>Objetivos particulares<\/em>[\/vc_column_text][\/vc_column][\/vc_row]<\/p>\n<\/div><\/div>","protected":false},"excerpt":{"rendered":"<p>[vc_row][vc_column][vc_column_text css=&#8221;&#8221;]Consejo Asesor: Prof. Gabriela Demarchi, Prof. Mauro Cesetti Roscini Participan: Prof. Mauro Cesetti Roscini, &hellip; <\/p>\n","protected":false},"author":6,"featured_media":0,"parent":0,"menu_order":0,"comment_status":"closed","ping_status":"closed","template":"","meta":{"pmpro_default_level":"","footnotes":""},"class_list":["post-14933","page","type-page","status-publish","hentry","pmpro-has-access"],"_links":{"self":[{"href":"https:\/\/web.sistemasfce.com.ar\/wordpress\/index.php\/wp-json\/wp\/v2\/pages\/14933","targetHints":{"allow":["GET"]}}],"collection":[{"href":"https:\/\/web.sistemasfce.com.ar\/wordpress\/index.php\/wp-json\/wp\/v2\/pages"}],"about":[{"href":"https:\/\/web.sistemasfce.com.ar\/wordpress\/index.php\/wp-json\/wp\/v2\/types\/page"}],"author":[{"embeddable":true,"href":"https:\/\/web.sistemasfce.com.ar\/wordpress\/index.php\/wp-json\/wp\/v2\/users\/6"}],"replies":[{"embeddable":true,"href":"https:\/\/web.sistemasfce.com.ar\/wordpress\/index.php\/wp-json\/wp\/v2\/comments?post=14933"}],"version-history":[{"count":2,"href":"https:\/\/web.sistemasfce.com.ar\/wordpress\/index.php\/wp-json\/wp\/v2\/pages\/14933\/revisions"}],"predecessor-version":[{"id":15845,"href":"https:\/\/web.sistemasfce.com.ar\/wordpress\/index.php\/wp-json\/wp\/v2\/pages\/14933\/revisions\/15845"}],"wp:attachment":[{"href":"https:\/\/web.sistemasfce.com.ar\/wordpress\/index.php\/wp-json\/wp\/v2\/media?parent=14933"}],"curies":[{"name":"wp","href":"https:\/\/api.w.org\/{rel}","templated":true}]}}