{"id":14409,"date":"2023-12-18T19:08:51","date_gmt":"2023-12-18T22:08:51","guid":{"rendered":"https:\/\/web.sistemasfce.com.ar\/wordpress\/?page_id=14409"},"modified":"2024-01-05T15:58:42","modified_gmt":"2024-01-05T18:58:42","slug":"doctorado-interinsc","status":"publish","type":"page","link":"https:\/\/web.sistemasfce.com.ar\/wordpress\/index.php\/doctorado-interinsc\/","title":{"rendered":"Doctorado Interinstitucional en Ciencias Econ\u00f3micas"},"content":{"rendered":"<div class=\"wpb-content-wrapper\"><div id=\"modal-ready\"><p>[vc_row][vc_column][vc_row_inner][vc_column_inner width=&#8221;1\/6&#8243;][vc_single_image image=&#8221;14428&#8243;][\/vc_column_inner][vc_column_inner width=&#8221;1\/6&#8243;][vc_single_image image=&#8221;14429&#8243;][\/vc_column_inner][vc_column_inner width=&#8221;1\/6&#8243;][vc_single_image image=&#8221;14430&#8243;][\/vc_column_inner][vc_column_inner width=&#8221;1\/6&#8243;][vc_single_image image=&#8221;14431&#8243;][\/vc_column_inner][vc_column_inner width=&#8221;1\/6&#8243;][vc_single_image image=&#8221;14432&#8243;][\/vc_column_inner][vc_column_inner width=&#8221;1\/6&#8243;][vc_single_image image=&#8221;14433&#8243;][\/vc_column_inner][\/vc_row_inner][vc_column_text]<span style=\"font-size: 14pt;\"><span style=\"color: #000000;\">Se encuentra abierta la pre-inscripci\u00f3n al<strong> Doctorado Interinstitucional en Ciencias Econ\u00f3micas<\/strong><\/span><\/span>[\/vc_column_text][\/vc_column][\/vc_row][vc_row gap=&#8221;5&#8243;][vc_column][vc_tta_accordion title_tag=&#8221;h3&#8243; style=&#8221;outline&#8221; color=&#8221;green&#8221; spacing=&#8221;3&#8243; gap=&#8221;5&#8243; c_icon=&#8221;chevron&#8221; active_section=&#8221;100&#8243; collapsible_all=&#8221;true&#8221;][vc_tta_section title=&#8221;Objetivos&#8221; tab_id=&#8221;1702934414123-f3d0bfb8-ff78&#8243;][vc_column_text]<span style=\"font-size: 14pt; color: #000000;\">El objetivo principal de este doctorado es formar profesionales con el m\u00e1s alto nivel de conocimiento, aptos\/as para las tareas acad\u00e9micas de investigaci\u00f3n y desarrollo cient\u00edfico, estimulando su capacidad cr\u00edtica y creativa. <\/span><\/p>\n<p><span style=\"font-size: 14pt; color: #000000;\">El doctorado tiene como objetivo generar aportes originales en el \u00e1rea de las ciencias econ\u00f3micas, dentro de un marco de excelencia acad\u00e9mica.<\/span>[\/vc_column_text][vc_single_image image=&#8221;14410&#8243; img_size=&#8221;large&#8221; alignment=&#8221;center&#8221; style=&#8221;vc_box_shadow_3d&#8221; onclick=&#8221;link_image&#8221;][\/vc_tta_section][vc_tta_section title=&#8221;Director y Comit\u00e9 Acad\u00e9mico&#8221; tab_id=&#8221;1702938088780-462f2655-3b14&#8243;][vc_gallery type=&#8221;image_grid&#8221; images=&#8221;14420,14421&#8243; img_size=&#8221;large&#8221;][\/vc_tta_section][vc_tta_section title=&#8221;Estructura Curricular&#8221; tab_id=&#8221;1702937824514-e5d615a1-8435&#8243;][vc_btn title=&#8221;Resumen Doctorado (Para descargar)&#8221; i_icon_fontawesome=&#8221;fas fa-download&#8221; add_icon=&#8221;true&#8221; link=&#8221;url:http%3A%2F%2Fweb.sistemasfce.com.ar%2Fwordpress%2Fwp-content%2Fuploads%2F2023%2F12%2FResumen-Doctorado-Cs-Economicas.pdf|title:Resumen|target:_blank&#8221;][vc_single_image image=&#8221;14419&#8243; img_size=&#8221;large&#8221; alignment=&#8221;center&#8221; style=&#8221;vc_box_shadow_3d&#8221; onclick=&#8221;link_image&#8221;][\/vc_tta_section][vc_tta_section title=&#8221;Requisitos e Inscripci\u00f3n&#8221; tab_id=&#8221;1702934414132-78fce8d2-6a22&#8243;][vc_single_image image=&#8221;14412&#8243; img_size=&#8221;large&#8221; alignment=&#8221;center&#8221; style=&#8221;vc_box_shadow_border&#8221;][vc_column_text]<span style=\"font-size: 14pt; color: #000000;\">Para inscribirse debe completar y enviar el siguiente formulario de Pre-Inscripci\u00f3n:<\/span>[\/vc_column_text][vc_btn title=&#8221;Formulario de Pre-Inscripci\u00f3n&#8221; color=&#8221;primary&#8221; size=&#8221;lg&#8221; align=&#8221;center&#8221; link=&#8221;url:https%3A%2F%2Fforms.gle%2FenwMajJ6GMERFfLw5|title:Formulario%20de%20Pre-Inscripci%C3%B3n|target:_blank&#8221;][\/vc_tta_section][\/vc_tta_accordion][\/vc_column][\/vc_row]<\/p>\n<\/div><\/div>","protected":false},"excerpt":{"rendered":"<p>[vc_row][vc_column][vc_row_inner][vc_column_inner width=&#8221;1\/6&#8243;][vc_single_image image=&#8221;14428&#8243;][\/vc_column_inner][vc_column_inner width=&#8221;1\/6&#8243;][vc_single_image image=&#8221;14429&#8243;][\/vc_column_inner][vc_column_inner width=&#8221;1\/6&#8243;][vc_single_image image=&#8221;14430&#8243;][\/vc_column_inner][vc_column_inner width=&#8221;1\/6&#8243;][vc_single_image image=&#8221;14431&#8243;][\/vc_column_inner][vc_column_inner width=&#8221;1\/6&#8243;][vc_single_image image=&#8221;14432&#8243;][\/vc_column_inner][vc_column_inner width=&#8221;1\/6&#8243;][vc_single_image image=&#8221;14433&#8243;][\/vc_column_inner][\/vc_row_inner][vc_column_text]Se encuentra abierta &hellip; <\/p>\n","protected":false},"author":6,"featured_media":0,"parent":0,"menu_order":0,"comment_status":"closed","ping_status":"closed","template":"","meta":{"pmpro_default_level":"","footnotes":""},"class_list":["post-14409","page","type-page","status-publish","hentry","pmpro-has-access"],"_links":{"self":[{"href":"https:\/\/web.sistemasfce.com.ar\/wordpress\/index.php\/wp-json\/wp\/v2\/pages\/14409","targetHints":{"allow":["GET"]}}],"collection":[{"href":"https:\/\/web.sistemasfce.com.ar\/wordpress\/index.php\/wp-json\/wp\/v2\/pages"}],"about":[{"href":"https:\/\/web.sistemasfce.com.ar\/wordpress\/index.php\/wp-json\/wp\/v2\/types\/page"}],"author":[{"embeddable":true,"href":"https:\/\/web.sistemasfce.com.ar\/wordpress\/index.php\/wp-json\/wp\/v2\/users\/6"}],"replies":[{"embeddable":true,"href":"https:\/\/web.sistemasfce.com.ar\/wordpress\/index.php\/wp-json\/wp\/v2\/comments?post=14409"}],"version-history":[{"count":14,"href":"https:\/\/web.sistemasfce.com.ar\/wordpress\/index.php\/wp-json\/wp\/v2\/pages\/14409\/revisions"}],"predecessor-version":[{"id":14450,"href":"https:\/\/web.sistemasfce.com.ar\/wordpress\/index.php\/wp-json\/wp\/v2\/pages\/14409\/revisions\/14450"}],"wp:attachment":[{"href":"https:\/\/web.sistemasfce.com.ar\/wordpress\/index.php\/wp-json\/wp\/v2\/media?parent=14409"}],"curies":[{"name":"wp","href":"https:\/\/api.w.org\/{rel}","templated":true}]}}