{"id":14172,"date":"2023-08-08T18:59:17","date_gmt":"2023-08-08T18:59:17","guid":{"rendered":"https:\/\/web.sistemasfce.com.ar\/wordpress\/?page_id=14172"},"modified":"2023-08-08T19:19:33","modified_gmt":"2023-08-08T19:19:33","slug":"observatorio-territorio","status":"publish","type":"page","link":"https:\/\/web.sistemasfce.com.ar\/wordpress\/index.php\/observatorio-territorio\/","title":{"rendered":"Observatorio Territorio"},"content":{"rendered":"<div class=\"wpb-content-wrapper\"><div id=\"modal-ready\"><p>[vc_row][vc_column][vc_column_text]<\/p>\n<h1 style=\"text-align: center;\"><span style=\"color: #800080;\">Observatorio del Territorio y del Desarrollo Regional<\/span><\/h1>\n<p>&nbsp;<\/p>\n<p><span style=\"color: #000000;\"><span style=\"font-size: 14pt;\"><strong>Consejo Asesor<\/strong><\/span>: Prof. Gabriela Demarchi, Prof. Mauro Cesetti Roscini<\/span><\/p>\n<p><span style=\"color: #000000;\"><span style=\"font-size: 14pt;\"><strong>Participan:<\/strong><\/span> Prof. Mauro Cesetti Roscini, Lic. Ver\u00f3nica Bonifacio Troncoso, Sra. Camila <\/span><span style=\"color: #000000;\">Gullino.<\/span><\/p>\n<p>&nbsp;<\/p>\n<p><strong><span style=\"color: #000000; font-size: 14pt;\">Objetivo principal<\/span><\/strong><br \/>\n<span style=\"color: #000000;\">Favorecer la producci\u00f3n sistem\u00e1tica de informaci\u00f3n estrat\u00e9gica vinculada a la agenda <\/span><span style=\"color: #000000;\">de desarrollo que los actores de territorios locales y regionales asumen en procesos <\/span><span style=\"color: #000000;\">participativos.<\/span><\/p>\n<p style=\"padding-left: 40px;\"><span style=\"text-decoration: underline;\"><em><span style=\"color: #000000; font-size: 14pt; text-decoration: underline;\">Objetivos particulares<\/span><\/em><\/span><\/p>\n<p style=\"padding-left: 80px;\"><span style=\"color: #000000;\">&#8211; Determinar anualmente en forma conjunta con las comunidades locales o <\/span><span style=\"color: #000000;\">espacios participativos la agenda tem\u00e1tica que determina las necesidades<\/span><br \/>\n<span style=\"color: #000000;\">de informaci\u00f3n estrat\u00e9gica.<\/span><br \/>\n<span style=\"color: #000000;\">&#8211; Producir, sistematizar y socializar informaci\u00f3n de valor estrat\u00e9gico para las <\/span><span style=\"color: #000000;\">comunidades locales y espacios participativos comprometidos con procesos<\/span><br \/>\n<span style=\"color: #000000;\">de desarrollo local y regional.<\/span><br \/>\n<span style=\"color: #000000;\">&#8211; Propiciar instancias de difusi\u00f3n, capacitaci\u00f3n, discusi\u00f3n en torno a los ejes <\/span><span style=\"color: #000000;\">de la agenda de desarrollo con gobiernos locales, espacios participativos, la<\/span><br \/>\n<span style=\"color: #000000;\">comunidad acad\u00e9mica, instancias de formaci\u00f3n de grado y postgrado.<\/span><br \/>\n<span style=\"color: #000000;\">&#8211; Favorecer la incorporaci\u00f3n de estudiantes de la FCE de la UNPSJB en <\/span><span style=\"color: #000000;\">actividades de investigaci\u00f3n y extensi\u00f3n a la comunidad.<\/span><\/p>\n<p>&nbsp;<\/p>\n<p><span style=\"font-size: 14pt;\"><strong><span style=\"color: #000000;\">Entidades asociadas:<\/span><\/strong><\/span><\/p>\n<p style=\"padding-left: 40px;\"><span style=\"color: #000000;\">&#8211; la Municipalidad de Esquel;<\/span><br \/>\n<span style=\"color: #000000;\">&#8211; la Municipalidad de Trevelin;<\/span><br \/>\n<span style=\"color: #000000;\">&#8211; la Direcci\u00f3n de Turismo de la Municipalidad de El Hoyo;<\/span><br \/>\n<span style=\"color: #000000;\">&#8211; el Parque Nacional Los Alerces;<\/span><br \/>\n<span style=\"color: #000000;\">&#8211; la Subsecretar\u00eda de Bosques de Chubut;<\/span><br \/>\n<span style=\"color: #000000;\">&#8211; la Delegaci\u00f3n Regional del Ministerio de Turismo del Chubut;<\/span><br \/>\n<span style=\"color: #000000;\">&#8211; la Direcci\u00f3n de Inversiones del Ministerio de la Producci\u00f3n de Chubut;<\/span><br \/>\n<span style=\"color: #000000;\">&#8211; la Agencia Provincial de Emprendedores y Pymes de Chubut;<\/span><br \/>\n<span style=\"color: #000000;\">&#8211; la C\u00e1mara de Comercio, Industria, Producci\u00f3n y Turismo del Oeste del Chubut;<\/span><br \/>\n<span style=\"color: #000000;\">&#8211; el Centro de Investigaciones Esquel de Monta\u00f1a y Estepa Patag\u00f3nica (CIEMEP);<\/span><\/p>\n<p style=\"padding-left: 40px;\"><span style=\"color: #000000;\">&#8211; la EEA Esquel del INTA;<\/span><br \/>\n<span style=\"color: #000000;\">&#8211; el Colegio N\u00b0 713 de Esquel;<\/span><br \/>\n<span style=\"color: #000000;\">&#8211; C\u00e1ritas Argentina, Prelatura Esquel;<\/span><br \/>\n<span style=\"color: #000000;\">&#8211; el Consejo Profesional de Ciencias Econ\u00f3micas, delegaci\u00f3n Esquel,<\/span><br \/>\n<span style=\"color: #000000;\">&#8211; la Asociaci\u00f3n Civil AcercAr,<\/span><br \/>\n<span style=\"color: #000000;\">&#8211; las entidades integrantes de la Agencia de Desarrollo Regional de la Comarca Los Alerces;<\/span><br \/>\n<span style=\"color: #000000;\">&#8211; la Direcci\u00f3n de Pesca Continental de la Provincia del Chubut;<\/span><br \/>\n<span style=\"color: #000000;\">&#8211; el \u00c1rea de Geolog\u00eda de la Facultad de Ciencias Naturales y Ciencias de la Salud de la Sede<\/span><br \/>\n<span style=\"color: #000000;\">Esquel de la UNPSJB y<\/span><br \/>\n<span style=\"color: #000000;\">&#8211; la Facultad de Ingenier\u00eda de la UNPSJB.<\/span><\/p>\n<p>&nbsp;<\/p>\n<p><span style=\"font-size: 14pt;\"><strong><span style=\"color: #000000;\">Resumen de algunas actividades realizadas<\/span><\/strong><\/span><\/p>\n<ul style=\"list-style-type: square;\">\n<li><span style=\"color: #000000;\">Articular entregas mensuales peri\u00f3dicas, las que vienen realiz\u00e1ndose <\/span><span style=\"color: #000000;\">ininterrumpidamente desde abril de 2018.<\/span><\/li>\n<li><span style=\"color: #000000;\">Acompa\u00f1amiento t\u00e9cnico a la oficina municipal de estad\u00edsticas de Trevelin. <\/span><\/li>\n<li><span style=\"color: #000000;\">Acompa\u00f1amiento t\u00e9cnico a la oficina de estad\u00edstica de la Secretar\u00eda de Turismo de El <\/span><span style=\"color: #000000;\">Hoyo. <\/span><\/li>\n<li><span style=\"color: #000000;\">Acompa\u00f1amiento t\u00e9cnico en la gesti\u00f3n de la informaci\u00f3n a la Asociaci\u00f3n Civil AcercAr.<\/span><\/li>\n<li><span style=\"color: #000000;\">Compilaci\u00f3n, procesamiento y difusi\u00f3n de la informaci\u00f3n recibida por los socios. Se <\/span><span style=\"color: #000000;\">elaboraron sin ning\u00fan tipo de inconvenientes y se compartieron en tiempo y forma las <\/span><span style=\"color: #000000;\">12 entregas mensuales correspondientes a 2022. <\/span><\/li>\n<li><span style=\"color: #000000;\">Vinculaci\u00f3n con los observatorios de la FCE presentes en Trelew y Comodoro <\/span><span style=\"color: #000000;\">Rivadavia, acompa\u00f1ando acciones espec\u00edficas. <\/span><\/li>\n<li><span style=\"color: #000000;\">Inicio de la articulaci\u00f3n de la Red de Observatorios de la FCE \u2013 UNPSJB<\/span><\/li>\n<\/ul>\n<p>&nbsp;<\/p>\n<p><strong><span style=\"color: #000000; font-size: 14pt;\">Actividades en realizaci\u00f3n o en curso<\/span><\/strong><\/p>\n<ul style=\"list-style-type: square;\">\n<li><span style=\"color: #000000;\">Acompa\u00f1amiento a tesistas de la Licenciatura en Administraci\u00f3n de Empresas <\/span><span style=\"color: #000000;\">Tur\u00edsticas. <\/span><\/li>\n<li><span style=\"color: #000000;\">Acompa\u00f1amiento a seminaristas de la Tecnicatura Universitaria Contable con <\/span><span style=\"color: #000000;\">Orientaci\u00f3n Agroforestal. <\/span><\/li>\n<li><span style=\"color: #000000;\">Acompa\u00f1amiento en la gesti\u00f3n de la informaci\u00f3n a la Direcci\u00f3n de Pesca Continental <\/span><span style=\"color: #000000;\">de Chubut. <\/span><\/li>\n<li><span style=\"color: #000000;\">Acompa\u00f1amiento en la gesti\u00f3n de la informaci\u00f3n a la Asociaci\u00f3n Civil AcercAr. <\/span><\/li>\n<li><span style=\"color: #000000;\">Acompa\u00f1amiento en la gesti\u00f3n de la informaci\u00f3n a la Agencia de Desarrollo Regional <\/span><span style=\"color: #000000;\">de la Comarca Los Alerces (ADRe).\u00a0<\/span><\/li>\n<\/ul>\n<p>[\/vc_column_text][\/vc_column][\/vc_row]<\/p>\n<\/div><\/div>","protected":false},"excerpt":{"rendered":"<p>[vc_row][vc_column][vc_column_text] Observatorio del Territorio y del Desarrollo Regional &nbsp; Consejo Asesor: Prof. Gabriela Demarchi, Prof. &hellip; <\/p>\n","protected":false},"author":6,"featured_media":0,"parent":0,"menu_order":0,"comment_status":"closed","ping_status":"closed","template":"","meta":{"pmpro_default_level":"","footnotes":""},"class_list":["post-14172","page","type-page","status-publish","hentry","pmpro-has-access"],"_links":{"self":[{"href":"https:\/\/web.sistemasfce.com.ar\/wordpress\/index.php\/wp-json\/wp\/v2\/pages\/14172","targetHints":{"allow":["GET"]}}],"collection":[{"href":"https:\/\/web.sistemasfce.com.ar\/wordpress\/index.php\/wp-json\/wp\/v2\/pages"}],"about":[{"href":"https:\/\/web.sistemasfce.com.ar\/wordpress\/index.php\/wp-json\/wp\/v2\/types\/page"}],"author":[{"embeddable":true,"href":"https:\/\/web.sistemasfce.com.ar\/wordpress\/index.php\/wp-json\/wp\/v2\/users\/6"}],"replies":[{"embeddable":true,"href":"https:\/\/web.sistemasfce.com.ar\/wordpress\/index.php\/wp-json\/wp\/v2\/comments?post=14172"}],"version-history":[{"count":3,"href":"https:\/\/web.sistemasfce.com.ar\/wordpress\/index.php\/wp-json\/wp\/v2\/pages\/14172\/revisions"}],"predecessor-version":[{"id":14178,"href":"https:\/\/web.sistemasfce.com.ar\/wordpress\/index.php\/wp-json\/wp\/v2\/pages\/14172\/revisions\/14178"}],"wp:attachment":[{"href":"https:\/\/web.sistemasfce.com.ar\/wordpress\/index.php\/wp-json\/wp\/v2\/media?parent=14172"}],"curies":[{"name":"wp","href":"https:\/\/api.w.org\/{rel}","templated":true}]}}