{"id":14078,"date":"2023-07-06T20:13:08","date_gmt":"2023-07-06T20:13:08","guid":{"rendered":"https:\/\/web.sistemasfce.com.ar\/wordpress\/?page_id=14078"},"modified":"2023-07-06T21:19:00","modified_gmt":"2023-07-06T21:19:00","slug":"portal-del-graduado","status":"publish","type":"page","link":"https:\/\/web.sistemasfce.com.ar\/wordpress\/index.php\/portal-del-graduado\/","title":{"rendered":"Portal Empleo del Graduado de la FCE"},"content":{"rendered":"<div class=\"wpb-content-wrapper\"><div id=\"modal-ready\"><p>[vc_row][vc_column][vc_column_text]<\/p>\n<p style=\"text-align: center;\"><span style=\"font-size: 18pt; color: #ba08d1;\"><strong>PORTAL EMPLEO DEL GRADUADO DE LA FCE &#8211; UNPSJB<\/strong><\/span><\/p>\n<p><strong>\u00a0<\/strong><\/p>\n<p style=\"text-align: center;\"><span style=\"font-size: 14pt;\"><strong><em>\u00a1Bienvenidos a nuestro Portal de Empleo del Graduado de la FCE!<\/em><\/strong><\/span><\/p>\n<p>&nbsp;<\/p>\n<p style=\"text-align: justify;\"><span style=\"color: #333333;\"><strong><em>A trav\u00e9s del Portal, desde la Facultad de Ciencias Econ\u00f3micas, buscamos vincular a nuestros graduados con las organizaciones que est\u00e1n buscando profesionales, favoreciendo as\u00ed su inserci\u00f3n laboral. \u00a0\u00a0\u00a0\u00a0\u00a0\u00a0\u00a0\u00a0\u00a0\u00a0\u00a0\u00a0\u00a0\u00a0\u00a0\u00a0\u00a0\u00a0\u00a0\u00a0\u00a0\u00a0\u00a0\u00a0\u00a0\u00a0 <\/em><\/strong><\/span><\/p>\n<p style=\"text-align: justify;\"><span style=\"color: #333333;\"><strong><em>La propuesta involucra difundir ofertas laborales entre nuestros graduados. Para ello, los graduados y las organizaciones deben inscribirse en el Portal. \u00a1Los invitamos a hacerlo!<\/em><\/strong><\/span><\/p>\n<p style=\"text-align: justify;\"><span style=\"color: #333333;\"><strong><em>La Facultad de Ciencias Econ\u00f3micas propicia tambi\u00e9n de esta manera el acercamiento entre sus graduados y las organizaciones de la comunidad, sirviendo de nexo entre las partes. <\/em><\/strong><\/span><\/p>\n<p style=\"text-align: justify;\"><span style=\"color: #333333;\"><strong><em>Cabe aclarar que el servicio consiste en enviar a nuestros graduados las propuestas laborales que nos env\u00eden las organizaciones solicitantes, siendo responsabilidad de \u00e9stas todo lo referido al proceso de b\u00fasqueda y selecci\u00f3n de los candidatos.<\/em><\/strong><\/span><\/p>\n<p>&nbsp;<\/p>\n<p><span style=\"font-size: 14pt; color: #ba08d1;\"><strong>Postulaci\u00f3n para graduados\/as:<\/strong><\/span><\/p>\n<p style=\"text-align: justify;\"><strong><em>Si sos graduado de nuestra Facultad y quer\u00e9s formar parte de nuestra base de datos, ac\u00e9rcate personalmente a tu Sede o Delegaci\u00f3n Acad\u00e9mica de nuestra Facultad y complet\u00e1 la planilla correspondiente.\u00a0<\/em><\/strong><\/p>\n<p style=\"text-align: justify;\"><strong><em>Es necesario que manifiestes tu voluntad de formar parte de nuestra base de datos, para recibir las ofertas laborales que nos env\u00eden las organizaciones y que coincidan con las \u00e1reas de incumbencia profesional de tu inter\u00e9s.<\/em><\/strong><\/p>\n<p style=\"text-align: justify;\"><strong><em>Por cualquier consulta, pod\u00e9s escribirnos al siguiente correo electr\u00f3nico:\u00a0<\/em><\/strong><strong><em><a href=\"mailto:portalgraduados.fce@gmail.com\">portalgraduados.fce@gmail.com<\/a><\/em><\/strong><\/p>\n<p>&nbsp;<\/p>\n<p><span style=\"font-size: 14pt; color: #ba08d1;\"><strong>Postulaci\u00f3n para las organizaciones requirentes:<\/strong><\/span><\/p>\n<p style=\"text-align: justify;\"><strong><em>Si su organizaci\u00f3n se encuentra en un proceso de b\u00fasqueda de profesionales y quieren contactarse con nuestros graduados inscriptos en el Portal, deber\u00e1n presentar su oferta laboral mediante el siguiente formulario:<\/em><\/strong><\/p>\n<p>[\/vc_column_text][vc_btn title=&#8221;Formulario de Oferta Laboral&#8221; style=&#8221;outline&#8221; color=&#8221;purple&#8221; size=&#8221;lg&#8221; align=&#8221;center&#8221; i_icon_fontawesome=&#8221;far fa-edit&#8221; add_icon=&#8221;true&#8221; link=&#8221;url:https%3A%2F%2Fforms.gle%2FxanczJhmDWZ2KphF7|target:_blank&#8221;][\/vc_column][\/vc_row]<\/p>\n<\/div><\/div>","protected":false},"excerpt":{"rendered":"<p>[vc_row][vc_column][vc_column_text] PORTAL EMPLEO DEL GRADUADO DE LA FCE &#8211; UNPSJB \u00a0 \u00a1Bienvenidos a nuestro Portal &hellip; <\/p>\n","protected":false},"author":6,"featured_media":0,"parent":0,"menu_order":0,"comment_status":"closed","ping_status":"closed","template":"","meta":{"pmpro_default_level":"","footnotes":""},"class_list":["post-14078","page","type-page","status-publish","hentry","pmpro-has-access"],"_links":{"self":[{"href":"https:\/\/web.sistemasfce.com.ar\/wordpress\/index.php\/wp-json\/wp\/v2\/pages\/14078","targetHints":{"allow":["GET"]}}],"collection":[{"href":"https:\/\/web.sistemasfce.com.ar\/wordpress\/index.php\/wp-json\/wp\/v2\/pages"}],"about":[{"href":"https:\/\/web.sistemasfce.com.ar\/wordpress\/index.php\/wp-json\/wp\/v2\/types\/page"}],"author":[{"embeddable":true,"href":"https:\/\/web.sistemasfce.com.ar\/wordpress\/index.php\/wp-json\/wp\/v2\/users\/6"}],"replies":[{"embeddable":true,"href":"https:\/\/web.sistemasfce.com.ar\/wordpress\/index.php\/wp-json\/wp\/v2\/comments?post=14078"}],"version-history":[{"count":7,"href":"https:\/\/web.sistemasfce.com.ar\/wordpress\/index.php\/wp-json\/wp\/v2\/pages\/14078\/revisions"}],"predecessor-version":[{"id":14095,"href":"https:\/\/web.sistemasfce.com.ar\/wordpress\/index.php\/wp-json\/wp\/v2\/pages\/14078\/revisions\/14095"}],"wp:attachment":[{"href":"https:\/\/web.sistemasfce.com.ar\/wordpress\/index.php\/wp-json\/wp\/v2\/media?parent=14078"}],"curies":[{"name":"wp","href":"https:\/\/api.w.org\/{rel}","templated":true}]}}