{"id":13917,"date":"2023-05-22T19:18:56","date_gmt":"2023-05-22T19:18:56","guid":{"rendered":"https:\/\/web.sistemasfce.com.ar\/wordpress\/?page_id=13917"},"modified":"2023-05-22T19:40:18","modified_gmt":"2023-05-22T19:40:18","slug":"formularios-y-programas","status":"publish","type":"page","link":"https:\/\/web.sistemasfce.com.ar\/wordpress\/index.php\/docentes\/formularios-y-programas\/","title":{"rendered":"Formularios y Programas"},"content":{"rendered":"<div class=\"wpb-content-wrapper\"><div id=\"modal-ready\"><p>[vc_row][vc_column]<div class=\"thim-widget-heading template-base\"><div class=\"sc_heading  \"><h3 style=\"text-transform: uppercase;\" class=\"title\">Declaraci\u00f3n Jurada<\/h3><span class=\"line\"><\/span><\/div><\/div>[\/vc_column][\/vc_row][vc_row][vc_column]<div class=\"thim-widget-link template-base\"><h4 class=\"title\"><a href=\"https:\/\/web.sistemasfce.com.ar\/wordpress\/wp-content\/uploads\/2020\/02\/INFORME_DE_CATEDRA_Disp._003-19_ANEXO_WORD.docx\">Modelo de Informe de C\u00e1tedra (Anexo Disposici\u00f3n N\u00ba 003\/19 CDFCE)<\/a><\/h4><div class=\"desc\">Descargue aqu\u00ed el Modelo de Informe de C\u00e1tedra (Para completar).<\/div><\/div>[\/vc_column][\/vc_row][vc_row][vc_column]<div class=\"thim-widget-link template-base\"><h4 class=\"title\"><a href=\"https:\/\/web.sistemasfce.com.ar\/wordpress\/wp-content\/uploads\/2020\/02\/Declaracion_Jurada_de_Cargos_en_A4_v2.doc\">Declaraci\u00f3n Jurada de Cargos<\/a><\/h4><div class=\"desc\">Descargue aqu\u00ed el documento base de Declaraci\u00f3n Jurada de Cargos (Para completar).<\/div><\/div>[\/vc_column][\/vc_row][vc_row][vc_column]<div class=\"thim-widget-heading template-base\"><div class=\"sc_heading  \"><h3 style=\"text-transform: uppercase;\" class=\"title\">Programas de Asignaturas de Pregrado y Grado<\/h3><span class=\"line\"><\/span><\/div><\/div>[\/vc_column][\/vc_row][vc_row][vc_column]<div class=\"thim-widget-link template-base\"><h4 class=\"title\"><a href=\"https:\/\/web.sistemasfce.com.ar\/wordpress\/wp-content\/uploads\/2020\/02\/005-18_DF_Disp..pdf\">Disposici\u00f3n DFCE 005\/18<\/a><\/h4><div class=\"desc\">Descargue aqu\u00ed la Disposici\u00f3n de aprobaci\u00f3n del formulario e instructivo de Programas de Asignaturas correspondientes a las Carreras de Grado y Pregrado que se dictan en la Facultad de Ciencias Econ\u00f3micas.<\/div><\/div>[\/vc_column][\/vc_row][vc_row][vc_column]<div class=\"thim-widget-link template-base\"><h4 class=\"title\"><a href=\"https:\/\/web.sistemasfce.com.ar\/wordpress\/wp-content\/uploads\/2020\/02\/FORMULARIO_PROGRAMA_DE_ASIGNATURAS.docx\">Formulario de Programas de Asignaturas de Carreras de Grado y Pregrado<\/a><\/h4><div class=\"desc\">https:\/\/web.sistemasfce.com.ar\/wordpress\/wp-content\/uploads\/2020\/02\/FORMULARIO_PROGRAMA_DE_ASIGNATURAS.docx<\/div><\/div>[\/vc_column][\/vc_row][vc_row][vc_column]<div class=\"thim-widget-link template-base\"><h4 class=\"title\"><a href=\"https:\/\/web.sistemasfce.com.ar\/wordpress\/wp-content\/uploads\/2020\/02\/INSTRUCTIVO_CONFECCION_DE_PROGRAMAS_DE_ASIGNATURAS.docx\">Instructivo para la confecci\u00f3n de Programas de Asignaturas<\/a><\/h4><div class=\"desc\">Descargue aqu\u00ed el Instructivo para la confecci\u00f3n de Programas de Asignaturas de carreras de Grado y Pregrado que dicta la FCE.<\/div><\/div>[\/vc_column][\/vc_row][vc_row][vc_column][\/vc_column][\/vc_row][vc_row][vc_column]<div class=\"thim-widget-heading template-base\"><div class=\"sc_heading  \"><h3 style=\"text-transform: uppercase;\" class=\"title\">Informe de C\u00e1tedra<\/h3><span class=\"line\"><\/span><\/div><\/div><div class=\"thim-widget-link template-base\"><h4 class=\"title\"><a href=\"https:\/\/web.sistemasfce.com.ar\/wordpress\/wp-content\/uploads\/2020\/02\/INFORME_DE_CATEDRA_Disp._003-19_CDFCE.pdf\">Disposici\u00f3n N\u00ba 003\/19 CDFCE<\/a><\/h4><div class=\"desc\">Descargue aqu\u00ed la Disposici\u00f3n de aprobaci\u00f3n del Modelo de Informe de C\u00e1tedra.<\/div><\/div>[\/vc_column][\/vc_row][vc_row][vc_column]<div class=\"thim-widget-heading template-base\"><div class=\"sc_heading  \"><h3 style=\"text-transform: uppercase;\" class=\"title\">Cambio Itinere<\/h3><span class=\"line\"><\/span><\/div><\/div>[\/vc_column][\/vc_row][vc_row][vc_column]<div class=\"thim-widget-link template-base\"><h4 class=\"title\"><a href=\"https:\/\/web.sistemasfce.com.ar\/wordpress\/wp-content\/uploads\/2020\/02\/Cambio_itinere.doc\">Cambio Itinere<\/a><\/h4><div class=\"desc\">Descargue aqu\u00ed el documento base de Cambio Itinere (Para completar)<\/div><\/div>[\/vc_column][\/vc_row]<\/p>\n<\/div><\/div>","protected":false},"excerpt":{"rendered":"<p>[vc_row][vc_column][\/vc_column][\/vc_row][vc_row][vc_column][\/vc_column][\/vc_row][vc_row][vc_column][\/vc_column][\/vc_row][vc_row][vc_column][\/vc_column][\/vc_row][vc_row][vc_column][\/vc_column][\/vc_row][vc_row][vc_column][\/vc_column][\/vc_row][vc_row][vc_column][\/vc_column][\/vc_row][vc_row][vc_column][\/vc_column][\/vc_row][vc_row][vc_column][\/vc_column][\/vc_row][vc_row][vc_column][\/vc_column][\/vc_row][vc_row][vc_column][\/vc_column][\/vc_row]<\/p>\n","protected":false},"author":4,"featured_media":0,"parent":8366,"menu_order":0,"comment_status":"closed","ping_status":"closed","template":"","meta":{"pmpro_default_level":"","footnotes":""},"class_list":["post-13917","page","type-page","status-publish","hentry","pmpro-has-access"],"_links":{"self":[{"href":"https:\/\/web.sistemasfce.com.ar\/wordpress\/index.php\/wp-json\/wp\/v2\/pages\/13917","targetHints":{"allow":["GET"]}}],"collection":[{"href":"https:\/\/web.sistemasfce.com.ar\/wordpress\/index.php\/wp-json\/wp\/v2\/pages"}],"about":[{"href":"https:\/\/web.sistemasfce.com.ar\/wordpress\/index.php\/wp-json\/wp\/v2\/types\/page"}],"author":[{"embeddable":true,"href":"https:\/\/web.sistemasfce.com.ar\/wordpress\/index.php\/wp-json\/wp\/v2\/users\/4"}],"replies":[{"embeddable":true,"href":"https:\/\/web.sistemasfce.com.ar\/wordpress\/index.php\/wp-json\/wp\/v2\/comments?post=13917"}],"version-history":[{"count":1,"href":"https:\/\/web.sistemasfce.com.ar\/wordpress\/index.php\/wp-json\/wp\/v2\/pages\/13917\/revisions"}],"predecessor-version":[{"id":13922,"href":"https:\/\/web.sistemasfce.com.ar\/wordpress\/index.php\/wp-json\/wp\/v2\/pages\/13917\/revisions\/13922"}],"up":[{"embeddable":true,"href":"https:\/\/web.sistemasfce.com.ar\/wordpress\/index.php\/wp-json\/wp\/v2\/pages\/8366"}],"wp:attachment":[{"href":"https:\/\/web.sistemasfce.com.ar\/wordpress\/index.php\/wp-json\/wp\/v2\/media?parent=13917"}],"curies":[{"name":"wp","href":"https:\/\/api.w.org\/{rel}","templated":true}]}}