{"id":13836,"date":"2023-05-08T23:16:17","date_gmt":"2023-05-08T23:16:17","guid":{"rendered":"https:\/\/web.sistemasfce.com.ar\/wordpress\/?page_id=13836"},"modified":"2023-06-21T23:59:14","modified_gmt":"2023-06-21T23:59:14","slug":"ateneo-en-investigacion","status":"publish","type":"page","link":"https:\/\/web.sistemasfce.com.ar\/wordpress\/index.php\/ateneo-en-investigacion\/","title":{"rendered":"ATENEO EN INVESTIGACI\u00d3N"},"content":{"rendered":"<div class=\"wpb-content-wrapper\"><div id=\"modal-ready\"><p>[vc_row][vc_column][vc_icon icon_fontawesome=&#8221;fas fa-angle-double-left&#8221; color=&#8221;green&#8221; link=&#8221;url:http%3A%2F%2Fweb.sistemasfce.com.ar%2Fwordpress%2Findex.php%2Fateneos-universitarios%2F&#8221;]<div class=\"thim-widget-icon-box template-base\"><div class=\"wrapper-box-icon has_custom_image wrapper-line-heading text-center \" ><div class=\"smicon-box iconbox-top\" style=\"--icon-width: 75px;--icon-height: 75px;\"><div class=\"boxes-icon\"><span class=\"inner-icon\"><span class=\"icon icon-images\"><img loading=\"lazy\" decoding=\"async\" src=\"https:\/\/web.sistemasfce.com.ar\/wordpress\/wp-content\/uploads\/2022\/06\/B-investigacion.png\" alt=\"B-investigacion\"  width=\"324\" height=\"323\"><\/span><\/span><\/span><\/div><div class=\"content-inner\"><div class=\"sc-heading article_heading\"><h3 class = \"heading__primary\" style=\"--title-color: #81d742;--title-font-size: 14px;--title-margin-bottom: 5px;\">ATENEO EN INVESTIGACI\u00d3N<\/h3><span class=\"line-heading\"><\/span><\/div><\/div><\/div><\/div><\/div>[\/vc_column][\/vc_row][vc_row][vc_column][vc_empty_space][\/vc_column][\/vc_row][vc_row][vc_column][vc_column_text]<\/p>\n<p style=\"text-align: center;\"><span style=\"color: #000000;\"><strong>DIRECTOR: <\/strong>Lic. Facundo Ramiro Ball<\/span><\/p>\n<p style=\"text-align: center;\"><span style=\"color: #000000;\"><strong>FECHA DE INICIO: <\/strong>15\/05\/2019<\/span><\/p>\n<p style=\"text-align: center;\"><span style=\"color: #000000;\"><strong>RESOLUCION DE AVAL: <\/strong>061\/19 CDFCE<\/span><\/p>\n<p style=\"text-align: center;\"><span style=\"color: #000000;\"><strong>SEDE TRELEW<\/strong><\/span><\/p>\n<p style=\"text-align: center;\"><strong><span style=\"color: #000000;\">CONTACTO:<\/span> <a href=\"mailto:facundoball@yahoo.com.ar\">facundoball@yahoo.com.ar<\/a> <\/strong><\/p>\n<p>[\/vc_column_text][\/vc_column][\/vc_row][vc_row][vc_column][vc_column_text]<span style=\"font-size: 14pt; color: #000000;\"><strong>OBJETIVO<\/strong><\/span><\/p>\n<p><span style=\"color: #000000;\">La propuesta busca generar espacios abiertos de debate, reflexi\u00f3n, intercambio y an\u00e1lisis de tem\u00e1ticas vinculadas a la Investigaci\u00f3n de Ciencia y Tecnolog\u00eda.<\/span>[\/vc_column_text][\/vc_column][\/vc_row][vc_row][vc_column][vc_tta_tabs title_tag=&#8221;h3&#8243; color=&#8221;green&#8221; gap=&#8221;5&#8243; active_section=&#8221;1&#8243; pagination_style=&#8221;flat-square&#8221; pagination_color=&#8221;green&#8221; no_fill_content_area=&#8221;true&#8221; title=&#8221;Actividades Realizadas&#8221;][vc_tta_section title=&#8221;Proyectos de extensi\u00f3n&#8221; tab_id=&#8221;1687389383006-1f617d58-bad4&#8243;][vc_images_carousel images=&#8221;14011,14013,14012,14010&#8243; img_size=&#8221;full&#8221; speed=&#8221;3500&#8243; slides_per_view=&#8221;2&#8243; autoplay=&#8221;yes&#8221; wrap=&#8221;yes&#8221;][\/vc_tta_section][vc_tta_section title=&#8221;Im\u00e1genes&#8221; tab_id=&#8221;1687389383006-ff68e8fa-7750&#8243;][vc_images_carousel images=&#8221;14011,14013,14012,14010&#8243; img_size=&#8221;full&#8221; speed=&#8221;3500&#8243; slides_per_view=&#8221;2&#8243; autoplay=&#8221;yes&#8221;][\/vc_tta_section][\/vc_tta_tabs][\/vc_column][\/vc_row][vc_row][vc_column][vc_text_separator title=&#8221;2023&#8243; color=&#8221;green&#8221; style=&#8221;shadow&#8221; border_width=&#8221;5&#8243;][vc_column_text]<span style=\"color: #000000; font-size: 14pt;\">Actividad realizada en el marco del Proyecto de Extensi\u00f3n <strong>&#8220;Ciclo internacional de conferencias: EXPERIENCIAS LATINOAMERICANAS EN INVESTIGACIONES EN CIENCIAS ECONOMICAS&#8221;<\/strong><\/span><\/p>\n<p>Coordinaci\u00f3n: Lic. Facundo Ramiro Miguel Ball<\/p>\n<p>Resoluci\u00f3n N\u00b0: 254\/23 DFCE[\/vc_column_text][\/vc_column][\/vc_row][vc_row][vc_column width=&#8221;1\/4&#8243;][vc_empty_space][vc_single_image image=&#8221;14011&#8243; img_size=&#8221;large&#8221; style=&#8221;vc_box_shadow_3d&#8221; onclick=&#8221;link_image&#8221;][vc_empty_space height=&#8221;64px&#8221;][vc_single_image image=&#8221;14013&#8243; img_size=&#8221;full&#8221; style=&#8221;vc_box_shadow_3d&#8221; onclick=&#8221;link_image&#8221;][vc_empty_space][vc_single_image image=&#8221;14012&#8243; img_size=&#8221;full&#8221; style=&#8221;vc_box_shadow_3d&#8221; onclick=&#8221;link_image&#8221;][vc_empty_space height=&#8221;20&#8243;][vc_single_image image=&#8221;14010&#8243; img_size=&#8221;full&#8221; style=&#8221;vc_box_shadow_3d&#8221; onclick=&#8221;link_image&#8221;][\/vc_column][vc_column width=&#8221;3\/4&#8243;][vc_text_separator title=&#8221;Primer encuentro&#8221; i_icon_fontawesome=&#8221;fas fa-play&#8221; i_color=&#8221;green&#8221; i_size=&#8221;xs&#8221; color=&#8221;green&#8221; style=&#8221;dashed&#8221; add_icon=&#8221;true&#8221;][vc_column_text]<\/p>\n<ul>\n<li>Conferencia: <span style=\"font-size: 14pt;\"><strong>&#8220;Normas internacionales de informaci\u00f3n y su relaci\u00f3n con la educaci\u00f3n contable&#8221;<\/strong><\/span>.<\/li>\n<\/ul>\n<p>Disertante: <em>Dr. Miguel \u00c1ngel Alegre Br\u00edtez<\/em><\/p>\n<ul>\n<li>Conferencia: <span style=\"font-size: 14pt;\"><strong>&#8220;Las Normas internacionales de Auditor\u00eda y los impuestos en la investigaci\u00f3n cint\u00edfica&#8221;<\/strong><\/span>.<\/li>\n<\/ul>\n<p>Disertante: <em>Dra. Ileana Simancas Altieri<\/em><\/p>\n<p>Fecha: 05\/04\/2023 &#8211; 20:00hs<\/p>\n<p>Modalidad: Virtual[\/vc_column_text][vc_text_separator title=&#8221;Segundo encuentro&#8221; i_icon_fontawesome=&#8221;fas fa-play&#8221; i_color=&#8221;green&#8221; i_size=&#8221;xs&#8221; color=&#8221;green&#8221; style=&#8221;dashed&#8221; add_icon=&#8221;true&#8221;][vc_column_text]<\/p>\n<ul>\n<li>Conferencia: <span style=\"font-size: 14pt;\"><strong>&#8220;El rol de la contabilidad y las finanzas en la construcci\u00f3n del conocimiento&#8221;<\/strong><\/span>.<\/li>\n<\/ul>\n<p>Disertante: <em>Dr. Gustavo Arnaldo D\u00edaz Bandr\u00e9s<\/em><\/p>\n<ul>\n<li>Conferencia: <span style=\"font-size: 14pt;\"><strong>&#8220;Econom\u00eda Rural desde una visi\u00f3n contable&#8221;<\/strong><\/span>.<\/li>\n<\/ul>\n<p>Disertante: <em>Mg. Ricardo Marcelo Coca<\/em><\/p>\n<p>Fecha: 12\/04\/2023 &#8211; 20:00hs<\/p>\n<p>Modalidad: Virtual[\/vc_column_text][vc_text_separator title=&#8221;Tercer encuentro&#8221; i_icon_fontawesome=&#8221;fas fa-play&#8221; i_color=&#8221;green&#8221; i_size=&#8221;xs&#8221; color=&#8221;green&#8221; style=&#8221;dashed&#8221; add_icon=&#8221;true&#8221;][vc_column_text]<\/p>\n<ul>\n<li>Conferencia: <span style=\"font-size: 14pt;\"><strong>&#8220;Las Instituciones y mercados financieros desde la perspectiva investigativa del contador&#8221;<\/strong><\/span>.<\/li>\n<\/ul>\n<p>Disertante: <em>Dr. Julio C\u00e9sar Vald\u00e9s\u00a0<\/em><\/p>\n<ul>\n<li>Conferencia: <span style=\"font-size: 14pt;\"><strong>&#8220;La investigaci\u00f3n desde el ejercicio independiente de la contabilidad&#8221;<\/strong><\/span>.<\/li>\n<\/ul>\n<p>Disertante: <em>Dra. Norma Pinto Bolivar<\/em><\/p>\n<p>Fecha: 19\/04\/2023 &#8211; 20:00hs<\/p>\n<p>Modalidad: Virtual[\/vc_column_text][vc_text_separator title=&#8221;Cuarto encuentro&#8221; i_icon_fontawesome=&#8221;fas fa-play&#8221; i_color=&#8221;green&#8221; i_size=&#8221;xs&#8221; color=&#8221;green&#8221; style=&#8221;dashed&#8221; add_icon=&#8221;true&#8221;][vc_column_text]<span style=\"font-size: 14pt;\"><span style=\"font-size: 12pt;\">Conferencia:\u00a0<\/span><\/span><\/p>\n<ul>\n<li><span style=\"font-size: 14pt;\"><strong>&#8220;Taller de generaci\u00f3n de proyectos de investigaci\u00f3n y art\u00edculos a escribir&#8221;<\/strong><\/span><\/li>\n<li><span style=\"font-size: 14pt;\"><strong>Asistencia a proyectos concretos&#8221;<\/strong><\/span><\/li>\n<\/ul>\n<p>Disertantes : <em>Dra. Sandra Jim\u00e9nez Rodriguez y Dra. Yamile Delgado de Smith<\/em><\/p>\n<p>Fecha: 26\/04\/2023 &#8211; 20:00hs<\/p>\n<p>Modalidad: Virtual[\/vc_column_text][\/vc_column][\/vc_row]<\/p>\n<\/div><\/div>","protected":false},"excerpt":{"rendered":"<p>[vc_row][vc_column][vc_icon icon_fontawesome=&#8221;fas fa-angle-double-left&#8221; color=&#8221;green&#8221; link=&#8221;url:http%3A%2F%2Fweb.sistemasfce.com.ar%2Fwordpress%2Findex.php%2Fateneos-universitarios%2F&#8221;][\/vc_column][\/vc_row][vc_row][vc_column][vc_empty_space][\/vc_column][\/vc_row][vc_row][vc_column][vc_column_text] DIRECTOR: Lic. Facundo Ramiro Ball FECHA DE INICIO: 15\/05\/2019 RESOLUCION &hellip; <\/p>\n","protected":false},"author":11,"featured_media":0,"parent":0,"menu_order":0,"comment_status":"closed","ping_status":"closed","template":"","meta":{"pmpro_default_level":"","footnotes":""},"class_list":["post-13836","page","type-page","status-publish","hentry","pmpro-has-access"],"_links":{"self":[{"href":"https:\/\/web.sistemasfce.com.ar\/wordpress\/index.php\/wp-json\/wp\/v2\/pages\/13836","targetHints":{"allow":["GET"]}}],"collection":[{"href":"https:\/\/web.sistemasfce.com.ar\/wordpress\/index.php\/wp-json\/wp\/v2\/pages"}],"about":[{"href":"https:\/\/web.sistemasfce.com.ar\/wordpress\/index.php\/wp-json\/wp\/v2\/types\/page"}],"author":[{"embeddable":true,"href":"https:\/\/web.sistemasfce.com.ar\/wordpress\/index.php\/wp-json\/wp\/v2\/users\/11"}],"replies":[{"embeddable":true,"href":"https:\/\/web.sistemasfce.com.ar\/wordpress\/index.php\/wp-json\/wp\/v2\/comments?post=13836"}],"version-history":[{"count":8,"href":"https:\/\/web.sistemasfce.com.ar\/wordpress\/index.php\/wp-json\/wp\/v2\/pages\/13836\/revisions"}],"predecessor-version":[{"id":14018,"href":"https:\/\/web.sistemasfce.com.ar\/wordpress\/index.php\/wp-json\/wp\/v2\/pages\/13836\/revisions\/14018"}],"wp:attachment":[{"href":"https:\/\/web.sistemasfce.com.ar\/wordpress\/index.php\/wp-json\/wp\/v2\/media?parent=13836"}],"curies":[{"name":"wp","href":"https:\/\/api.w.org\/{rel}","templated":true}]}}