{"id":13822,"date":"2023-05-06T13:28:51","date_gmt":"2023-05-06T13:28:51","guid":{"rendered":"https:\/\/web.sistemasfce.com.ar\/wordpress\/?page_id=13822"},"modified":"2023-05-10T15:23:46","modified_gmt":"2023-05-10T15:23:46","slug":"observatorio-economia","status":"publish","type":"page","link":"https:\/\/web.sistemasfce.com.ar\/wordpress\/index.php\/observatorio-economia\/","title":{"rendered":"Observatorio ECONOMIA"},"content":{"rendered":"<div class=\"wpb-content-wrapper\"><div id=\"modal-ready\"><p>[vc_row][vc_column][vc_column_text]<\/p>\n<h1 style=\"text-align: center;\"><span style=\"color: #993366;\">Observatorio en Econom\u00eda de los Recursos Naturales de la Patagonia Sur<\/span><\/h1>\n<p>&nbsp;<\/p>\n<p><em><span style=\"text-decoration: underline;\"><strong>Creado por<\/strong><\/span><\/em>: Resoluci\u00f3n N\u00ba 089\/11 CDFCE<\/p>\n<p><span style=\"text-decoration: underline;\"><em><strong>Director<\/strong><\/em><\/span>:\u00a0 Cr. Cesar V. Herrera<\/p>\n<p><em><span style=\"text-decoration: underline;\"><strong>Mail<\/strong><\/span><\/em>: cevhe@hotmail.com<\/p>\n<p><em><span style=\"text-decoration: underline;\"><strong>Dependencia Acad\u00e9mica<\/strong><\/span><\/em>: UNPSJB, Facultad de Ciencias Econ\u00f3micas, Delegaci\u00f3n Acad\u00e9mica Comodoro Rivadavia, Departamento Econom\u00eda<\/p>\n<p><em><span style=\"text-decoration: underline;\"><strong>Miembros fundadores<\/strong><\/span><\/em>: Cr Cesar V. Herrera; Cra Silvya Bucci; Mg. Alejandro Jones; Cr. Daniel Molina<\/p>\n<p>&nbsp;<\/p>\n<p><span style=\"font-size: 14pt;\"><strong>Finalidades<\/strong><\/span><\/p>\n<p style=\"padding-left: 40px; text-align: justify;\">Promover la sistematizaci\u00f3n, interpretaci\u00f3n, generaci\u00f3n y publicaci\u00f3n de datos e informaci\u00f3n a efectos de promover publicaciones por distintos medios para realizar un aporte significativo al debate socio pol\u00edtico sobre la explotaci\u00f3n, la rentabilidad econ\u00f3mica, social y ambiental del impacto de la explotaci\u00f3n de los RRNN en el \u00e1mbito de la Patagonia Sur.<\/p>\n<p>[\/vc_column_text][vc_empty_space height=&#8221;64px&#8221;][vc_column_text]<a href=\"https:\/\/web.sistemasfce.com.ar\/wordpress\/index.php\/observatorios\/\" target=\"_blank\" rel=\"noopener\"><span style=\"font-size: 14pt;\"><strong>PUBLICACIONES<\/strong><\/span><\/a>[\/vc_column_text][\/vc_column][\/vc_row]<\/p>\n<\/div><\/div>","protected":false},"excerpt":{"rendered":"<p>[vc_row][vc_column][vc_column_text] Observatorio en Econom\u00eda de los Recursos Naturales de la Patagonia Sur &nbsp; Creado por: &hellip; <\/p>\n","protected":false},"author":6,"featured_media":0,"parent":0,"menu_order":0,"comment_status":"closed","ping_status":"closed","template":"","meta":{"pmpro_default_level":"","footnotes":""},"class_list":["post-13822","page","type-page","status-publish","hentry","pmpro-has-access"],"_links":{"self":[{"href":"https:\/\/web.sistemasfce.com.ar\/wordpress\/index.php\/wp-json\/wp\/v2\/pages\/13822","targetHints":{"allow":["GET"]}}],"collection":[{"href":"https:\/\/web.sistemasfce.com.ar\/wordpress\/index.php\/wp-json\/wp\/v2\/pages"}],"about":[{"href":"https:\/\/web.sistemasfce.com.ar\/wordpress\/index.php\/wp-json\/wp\/v2\/types\/page"}],"author":[{"embeddable":true,"href":"https:\/\/web.sistemasfce.com.ar\/wordpress\/index.php\/wp-json\/wp\/v2\/users\/6"}],"replies":[{"embeddable":true,"href":"https:\/\/web.sistemasfce.com.ar\/wordpress\/index.php\/wp-json\/wp\/v2\/comments?post=13822"}],"version-history":[{"count":4,"href":"https:\/\/web.sistemasfce.com.ar\/wordpress\/index.php\/wp-json\/wp\/v2\/pages\/13822\/revisions"}],"predecessor-version":[{"id":13848,"href":"https:\/\/web.sistemasfce.com.ar\/wordpress\/index.php\/wp-json\/wp\/v2\/pages\/13822\/revisions\/13848"}],"wp:attachment":[{"href":"https:\/\/web.sistemasfce.com.ar\/wordpress\/index.php\/wp-json\/wp\/v2\/media?parent=13822"}],"curies":[{"name":"wp","href":"https:\/\/api.w.org\/{rel}","templated":true}]}}