{"id":13815,"date":"2023-05-06T13:10:27","date_gmt":"2023-05-06T13:10:27","guid":{"rendered":"https:\/\/web.sistemasfce.com.ar\/wordpress\/?page_id=13815"},"modified":"2023-05-06T13:19:07","modified_gmt":"2023-05-06T13:19:07","slug":"observatorio-otipa","status":"publish","type":"page","link":"https:\/\/web.sistemasfce.com.ar\/wordpress\/index.php\/observatorio-otipa\/","title":{"rendered":"Observatorio OTIPA"},"content":{"rendered":"<div class=\"wpb-content-wrapper\"><div id=\"modal-ready\"><p>[vc_row][vc_column][vc_column_text]<\/p>\n<h1 style=\"text-align: center;\"><span style=\"color: #800080;\">Observatorio de la Informaci\u00f3n Patagonia (OTIPA)<\/span><\/h1>\n<p>&nbsp;<\/p>\n<p><span style=\"text-decoration: underline;\"><em><strong>Creado por:<\/strong><\/em><\/span> Resoluci\u00f3n N\u00ba 045\/21 CDFCE<\/p>\n<p><em><strong><span style=\"text-decoration: underline;\">Director<\/span><\/strong><\/em>: Lic. Ra\u00fal Alberto Rivera<\/p>\n<p><em><strong><span style=\"text-decoration: underline;\">Mail<\/span><\/strong><\/em>: <a href=\"mailto:otipa.ar@gmail.com\">otipa.ar@gmail.com<\/a><\/p>\n<p><em><span style=\"text-decoration: underline;\"><strong>Miembros fundadores<\/strong><\/span><\/em>: Esp. Ra\u00fal Alberto Rivera; Cra Maria Gabriela Quintana;\u00a0 Cr. Leonardo F. Ontiveros;\u00a0 Graduada: Cra. Paula Arias<\/p>\n<p>&nbsp;<\/p>\n<p><span style=\"font-size: 14pt;\"><strong>Finalidades<\/strong><\/span><\/p>\n<p style=\"text-align: justify; padding-left: 40px;\">Observaci\u00f3n emp\u00edrica de la realidad de las aplicaciones tecnol\u00f3gicas y sus utilizaciones en diferentes \u00e1mbitos y tem\u00e1ticas vinculadas, operando a trav\u00e9s de la recolecci\u00f3n de datos primarios Y\/o secundarios, analisi y sistematizaci\u00f3n de datos e informaci\u00f3n, etc.<\/p>\n<p>&nbsp;<\/p>\n<p style=\"text-align: justify;\"><a href=\"http:\/\/Otipa.ar\" target=\"_blank\" rel=\"noopener\"><span style=\"font-size: 14pt;\"><strong>Actividades<\/strong><\/span><\/a><\/p>\n<p>[\/vc_column_text][\/vc_column][\/vc_row]<\/p>\n<\/div><\/div>","protected":false},"excerpt":{"rendered":"<p>[vc_row][vc_column][vc_column_text] Observatorio de la Informaci\u00f3n Patagonia (OTIPA) &nbsp; Creado por: Resoluci\u00f3n N\u00ba 045\/21 CDFCE Director: &hellip; <\/p>\n","protected":false},"author":6,"featured_media":0,"parent":0,"menu_order":0,"comment_status":"closed","ping_status":"closed","template":"","meta":{"pmpro_default_level":"","footnotes":""},"class_list":["post-13815","page","type-page","status-publish","hentry","pmpro-has-access"],"_links":{"self":[{"href":"https:\/\/web.sistemasfce.com.ar\/wordpress\/index.php\/wp-json\/wp\/v2\/pages\/13815","targetHints":{"allow":["GET"]}}],"collection":[{"href":"https:\/\/web.sistemasfce.com.ar\/wordpress\/index.php\/wp-json\/wp\/v2\/pages"}],"about":[{"href":"https:\/\/web.sistemasfce.com.ar\/wordpress\/index.php\/wp-json\/wp\/v2\/types\/page"}],"author":[{"embeddable":true,"href":"https:\/\/web.sistemasfce.com.ar\/wordpress\/index.php\/wp-json\/wp\/v2\/users\/6"}],"replies":[{"embeddable":true,"href":"https:\/\/web.sistemasfce.com.ar\/wordpress\/index.php\/wp-json\/wp\/v2\/comments?post=13815"}],"version-history":[{"count":2,"href":"https:\/\/web.sistemasfce.com.ar\/wordpress\/index.php\/wp-json\/wp\/v2\/pages\/13815\/revisions"}],"predecessor-version":[{"id":13818,"href":"https:\/\/web.sistemasfce.com.ar\/wordpress\/index.php\/wp-json\/wp\/v2\/pages\/13815\/revisions\/13818"}],"wp:attachment":[{"href":"https:\/\/web.sistemasfce.com.ar\/wordpress\/index.php\/wp-json\/wp\/v2\/media?parent=13815"}],"curies":[{"name":"wp","href":"https:\/\/api.w.org\/{rel}","templated":true}]}}