{"id":13812,"date":"2023-05-06T12:57:39","date_gmt":"2023-05-06T12:57:39","guid":{"rendered":"https:\/\/web.sistemasfce.com.ar\/wordpress\/?page_id=13812"},"modified":"2024-05-29T09:55:14","modified_gmt":"2024-05-29T12:55:14","slug":"observatorio-oefce","status":"publish","type":"page","link":"https:\/\/web.sistemasfce.com.ar\/wordpress\/index.php\/observatorio-oefce\/","title":{"rendered":"Observatorio OEFCE"},"content":{"rendered":"<div class=\"wpb-content-wrapper\"><div id=\"modal-ready\"><p>[vc_row][vc_column][vc_column_text]<\/p>\n<h1 style=\"text-align: center;\"><span style=\"color: #800080;\">Observatorio de Estad\u00edstica \u00a0<\/span><\/h1>\n<p>&nbsp;<\/p>\n<p style=\"text-align: justify;\"><span style=\"text-decoration: underline;\"><em><strong>Creado por:<\/strong><\/em><\/span>\u00a0Resoluci\u00f3n N\u00ba 082\/18 CDFCE<\/p>\n<p style=\"text-align: justify;\"><em><strong><span style=\"text-decoration: underline;\">Directora<\/span><\/strong><\/em>: Ing. Nilda Esther Belcastro<\/p>\n<p style=\"text-align: justify;\"><em><span style=\"text-decoration: underline;\"><strong>Mail<\/strong><\/span><\/em>:\u00a0<a href=\"obestadisticafce@gmail.com\">obestadisticafce@gmail.com<\/a><\/p>\n<p>&nbsp;<\/p>\n<p style=\"text-align: justify;\"><span style=\"text-decoration: underline;\"><em><strong>Dependencia Acad\u00e9mica<\/strong><\/em><\/span>: UNPSJB, Facultad de Ciencias Econ\u00f3micas, Delegaci\u00f3n Acad\u00e9mica Comodoro Rivadavia, Departamento de Matem\u00e1tica<\/p>\n<p style=\"text-align: justify;\"><em><strong><span style=\"text-decoration: underline;\">Miembros del consejo asesor<\/span><\/strong><\/em>: Ing. Nilda E. Belcastro, Esp. Nora Cabaleiro<\/p>\n<p>&nbsp;<\/p>\n<p style=\"text-align: justify;\"><span style=\"font-size: 14pt;\"><strong>Objetivos y l\u00edneas de estudio<\/strong><\/span><\/p>\n<ul style=\"text-align: justify;\">\n<li>La formaci\u00f3n y actualizaci\u00f3n acad\u00e9mica, mediante la b\u00fasqueda, an\u00e1lisis y sistematizaci\u00f3n bibliogr\u00e1fica.<\/li>\n<li>La aproximaci\u00f3n y b\u00fasqueda de inquietudes de investigaci\u00f3n, su transferencia y difusi\u00f3n, en los distintos claustros de la Facultad de Ciencias Econ\u00f3micas y de la UNPSJB. Vinculaci\u00f3n con grupos de estudios e investigaci\u00f3n, brindando apoyo en la especialidad Estad\u00edstica.<\/li>\n<li>Promover la vinculaci\u00f3n entre la Universidad P\u00fablica y la sociedad en su \u00e1mbito de influencia, vinculado al \u00e1rea de Estad\u00edstica. Propiciar una articulaci\u00f3n permanente con organizaciones del medio, vinculadas a las aplicaciones econ\u00f3micas de la Estad\u00edstica. Promover instancias de cooperaci\u00f3n, capacitaci\u00f3n, asesoramiento profesional y b\u00fasqueda de fuentes de financiamiento alternativas para alcanzar los objetivos.<\/li>\n<li>La aproximaci\u00f3n y b\u00fasqueda de inquietudes de investigaci\u00f3n, su transferencia y difusi\u00f3n, en los distintos claustros de la Facultad de Ciencias Econ\u00f3micas y de la UNPSJB. Vinculaci\u00f3n con grupos de estudios.<\/li>\n<\/ul>\n<p style=\"text-align: justify;\">Se pretenden abordar diversas l\u00edneas de estudio a trav\u00e9s de la articulaci\u00f3n de proyectos, actores, instituciones, temas y\/o abordajes de la Estad\u00edstica y sus aplicaciones econ\u00f3micas.<\/p>\n<p>&nbsp;<\/p>\n<p style=\"text-align: justify;\"><span style=\"font-size: 14pt;\"><strong>Funciones<\/strong><\/span><\/p>\n<p style=\"text-align: justify;\">De estudio, de capacitaci\u00f3n, de extensi\u00f3n, de promoci\u00f3n y difusi\u00f3n, de administraci\u00f3n.<\/p>\n<p>&nbsp;<\/p>\n<p style=\"text-align: justify;\"><span style=\"font-size: 14pt;\"><strong>Objetivos espec\u00edficos<\/strong><\/span><\/p>\n<ul style=\"text-align: justify;\">\n<li>Dictar cursos, talleres, seminarios, etc. sobre la disciplina Estad\u00edstica, para promover la vinculaci\u00f3n entre la Universidad P\u00fablica y la sociedad en su \u00e1mbito de influencia, a trav\u00e9s de la transferencia de informaci\u00f3n<\/li>\n<li>Dictar cursos, talleres, seminarios, etc. sobre software estad\u00edstico, para promover la utilizaci\u00f3n de la disciplina Estad\u00edstica dentro del \u00e1mbito de la FCE y de la UNPSJB toda, a trav\u00e9s de la transferencia de informaci\u00f3n.<\/li>\n<li>Aplicar los conocimientos adquiridos a los procesos de ense\u00f1anza, aprendizaje de las carreras de pregrado, grado y\/o posgrado en Ciencias Econ\u00f3micas.<\/li>\n<li>Iniciar a los alumnos de la catedra de Estad\u00edstica de la delegaci\u00f3n Comodoro Rivadavia F.C.E de la U.N.P.S.J.B en actividades de investigaci\u00f3n y extensi\u00f3n hacia la comunidad.<\/li>\n<li>Participar en eventos de car\u00e1cter acad\u00e9mico del orden regional, nacional e internacional, que contribuyan a la formaci\u00f3n y capacitaci\u00f3n en la disciplina Estad\u00edstica.<\/li>\n<\/ul>\n<p>&nbsp;<\/p>\n<p style=\"text-align: justify;\"><strong><span style=\"font-size: 14pt;\">Resumen de actividades realizadas<\/span><\/strong><\/p>\n<ul style=\"text-align: justify;\">\n<li>Proyecto de Extensi\u00f3n \u201cAplicaci\u00f3n de la Estad\u00edstica a la Contabilidad: propuesta para la formaci\u00f3n de grado de Contador P\u00fablico\u201d 2019.<\/li>\n<li>Proyecto de Extensi\u00f3n \u201cNexos entre la Estad\u00edstica y la Econom\u00eda en la carrera de Contador P\u00fablico\u201d 2019.<\/li>\n<li>Proyecto de Investigaci\u00f3n de Catedra Estad\u00edstica \u201cMetodolog\u00eda de c\u00e1lculo del \u00cdndice de Precios al Consumidor aplicada a alimentos y servicios para cel\u00edacos en Comodoro Rivadavia\u201d 2019<\/li>\n<li>Proyecto de Extensi\u00f3n de Catedra Estad\u00edstica \u201cControl Estad\u00edstico de Procesos aplicados a una Planta Embotelladora de Agua\u201d 2019<\/li>\n<li>Proyecto de Investigaci\u00f3n Interno Facultad de Ciencias Econ\u00f3micas PII Nro Interno 05\/19 \u201cModelos Estad\u00edsticos de Series de Tiempo, ARMA y ARIMA, Aplicados a Economia como pron\u00f3sticos del Valor Agregado Bruto de Argentina\u201d,\u00a0 087\/2019 CDFCE, desde 3\/09\/2019- hasta 3\/09\/2020, Pr\u00f3rroga: Resoluci\u00f3n: Res. CDFCE 133\/2020, desde 04\/09\/2020 hasta 04\/09\/2021, Director: Belcastro Nilda Esther, desarrollado en el marco del Observatorio de ESTADISTICA FCE.<\/li>\n<li>Proyecto de Investigaci\u00f3n de Ciencia y T\u00e9cnica N\u00b0 PI 1503 \u201cIdentificaci\u00f3n de la cadena de valor y c\u00e1lculo de la canasta de consumo del turismo en la provincia del Chubut\u201d Aval Acad\u00e9mico: Res. Director: Losano Piedad, unidad ejecutora: Bogoni Gladys, Belcastro Nilda E., Ubiria Miguel, Polotto Fiorella, desarrollado en el marco del Observatorio de ESTADISTICA FCE.<\/li>\n<\/ul>\n<p>&nbsp;<\/p>\n<p style=\"text-align: justify;\"><span style=\"font-size: 14pt;\"><strong>Publicaciones de Investigaci\u00f3n<\/strong><\/span><\/p>\n<ul style=\"text-align: justify;\">\n<li>Libro de actas XXXIII Jornadas Nacionales de Docentes de Matem\u00e1tica de Facultades de Ciencias Econ\u00f3micas y Afines, Universidad Nacional de Tucum\u00e1n, editorial: EDUNT 978-987-754-172-4, articulo \u201cUna experiencia de evaluaci\u00f3n permanente en la ense\u00f1anza de la Estad\u00edstica con soporte del software R\u201d Belcastro Nilda Esther- Bogoni Gladys, Tucum\u00e1n, octubre de 2018.<\/li>\n<li>Libro de actas XXXIV Jornadas Nacionales de Docentes de Matem\u00e1tica de Facultades de Ciencias Econ\u00f3micas y Afines, Universidad Nacional de Posadas, 978-950-766-159-4, editorial: EUNSa , articulo \u201cEnse\u00f1ando Estad\u00edstica en la virtualidad durante el ASPO-DISPO\u201d Belcastro Nilda Esther- Bogoni Gladys, Posadas, modalidad virtual, octubre de 2019.<\/li>\n<li>Lobro de actas VI Jornadas de Investigaci\u00f3n en Ciencias Sociales y Humanidades, Editorial: Instituto de Investigaciones Geogr\u00e1ficas de la Patagonia, articulo: Importancia de la valoraci\u00f3n de la cadena de valor del turismo en la provincia del Chubut, ciudad de Puerto Madryn, modalidad virtual, 06\/2021.<\/li>\n<li>Libro de actas XXXV Jornadas Nacionales de Docentes de Matem\u00e1tica de Facultades de Ciencias Econ\u00f3micas y Afines, Universidad Nacional de Salta, 978-987-633-577-5, editorial: EUNSa , articulo \u201cEnse\u00f1ando Estad\u00edstica en la virtualidad durante el ASPO-DISPO\u201d Belcastro Nilda Esther- Bogoni Gladys, Salta, modalidad virtual, octubre de 2021.<\/li>\n<li>Libro de actas XXXVI Jornadas Nacionales de Docentes de Matem\u00e1tica de Facultades de Ciencias Econ\u00f3micas y Afines, Universidad Adventista del Plata, 978-987-765-085-3, editorial: Universidad Adventista del Plata , articulo \u201cAn\u00e1lisis de la cadena de valor del turismo en la Provincia del Chubut\u201d, R. Argentina\u201d Belcastro Nilda Esther- Bogoni Gladys, Libertador San Martin, septiembre de 2022.<\/li>\n<li>Libro de actas XXXVI Jornadas Nacionales de Docentes de Matem\u00e1tica de Facultades de Ciencias Econ\u00f3micas y Afines, Universidad Adventista del Plata, 978-987-765-085-3, editorial: Universidad Adventista del Plata , articulo \u201cEl Valor Agregado Bruto a precios b\u00e1sicos de la Rep\u00fablica Argentina como pron\u00f3stico de modelos estad\u00edsticos de series de tiempo\u201d, R. Argentina\u201d Belcastro Nilda Esther- Bogoni Gladys, Libertador San Martin, septiembre de 2022.<\/li>\n<\/ul>\n<p>&nbsp;<\/p>\n<p style=\"text-align: justify;\"><span style=\"font-size: 14pt;\"><strong>\u00a0<\/strong><\/span><strong><span style=\"font-size: 14pt;\">Presentaci\u00f3n en Jornadas<\/span><\/strong><\/p>\n<ul style=\"text-align: justify;\">\n<li>XXXIII Jornadas Nacionales de Docentes de Matem\u00e1tica de Facultades de Ciencias Econ\u00f3micas y Afines desarrolladas en San Miguel de Tucum\u00e1n los d\u00edas 3,4 y 5\/10\/18, \u201cUna experiencia de evaluaci\u00f3n permanente en la ense\u00f1anza de la Estad\u00edstica con soporte del software R\u201d. Belcastro Nilda E., Bogoni Gladys.<\/li>\n<li>Participaci\u00f3n en las XXXIV Jornadas Nacionales de Docentes de Matem\u00e1tica de Facultades de Ciencias Econ\u00f3micas y Afines desarrolladas en Posadas los d\u00edas 2, 3 y 4\/10\/19, trabajo: \u201dUna actividad de formaci\u00f3n pr\u00e1ctica sobre correlaci\u00f3n y regresi\u00f3n lineal simple con Rstudio en la ense\u00f1anza de la Estad\u00edstica\u201d. Belcastro Nilda Esther- Bogoni Gladys.<\/li>\n<li>IX Jornadas Patag\u00f3nicas de Investigaci\u00f3n y IV Jornadas Patag\u00f3nicas de Extensi\u00f3n en Ciencias Econ\u00f3micas desarrolladas en Comodoro Rivadavia los d\u00edas 29 y 30 de noviembre de 2019, trabajo: \u201cPracticas Virtuales en la agenda de investigaci\u00f3n\u201d. Belcastro Nilda Esther.<\/li>\n<li>Participaci\u00f3n en las IX Jornadas Patag\u00f3nicas de Investigaci\u00f3n y IV Jornadas Patag\u00f3nicas de Extensi\u00f3n en Ciencias Econ\u00f3micas desarrolladas en Comodoro Rivadavia los d\u00edas 29 y 30 de noviembre de 2019, trabajo: \u201cLa Matem\u00e1tica, una herramienta necesaria en las ciencias econ\u00f3micas. Articulaci\u00f3n entre el nivel medio y la universidad.\u201d Bogoni Gladys &#8211; Belcastro Nilda E.<\/li>\n<li>IX Jornadas Patag\u00f3nicas de Investigaci\u00f3n y IV Jornadas Patag\u00f3nicas de Extensi\u00f3n en Ciencias Econ\u00f3micas desarrolladas en Comodoro Rivadavia los d\u00edas 29 y 30 de noviembre de 2019, en calidad de EXPOSITOR del trabajo: \u201cModelos Estad\u00edsticos de Series de Tiempo, ARMA y ARIMA, aplicados a econom\u00eda como pron\u00f3sticos del valor agregado bruto de Argentina\u201d. Belcastro Nilda Esther- Bogoni Gladys.<\/li>\n<li>XXXVI Jornadas Nacionales de Docentes de Matem\u00e1tica de Facultades de Ciencias Econ\u00f3micas y Afines desarrolladas virtualmente por la Facultad de Ciencias Econ\u00f3micas, Jur\u00eddicas y Sociales de la Universidad Nacional de Salta los d\u00edas 5, 6 y 7\/10\/21, trabajo \u201cEnse\u00f1ando Estad\u00edstica en la virtualidad durante el ASPO-DISPO\u201d. Belcastro Nilda Esther- Bogoni Gladys.<\/li>\n<li>VI Jornadas de Investigaci\u00f3n en Ciencias Sociales y Humanidades, Instituto de Investigaciones Geogr\u00e1ficas de la Patagonia, en calidad de EXPOSITOR del trabajo \u201cImportancia de la valoraci\u00f3n de la cadena de valor del turismo en la provincia del Chubut\u201d, ciudad de Puerto Madryn, modalidad virtual, 06\/2021.<\/li>\n<li>XXXVI Jornadas Nacionales de Docentes de Matem\u00e1tica de Facultades de Ciencias Econ\u00f3micas y afines, organizadas por la Facultad de Ciencias Econ\u00f3micas y de la Administraci\u00f3n de la Universidad Adventista del Plata en Libertador San Mart\u00edn, los d\u00edas 21, 22 y 23 de septiembre de 2022. Ponencia titulada \u201cEl Valor Agregado Bruto a precios b\u00e1sicos de la Rep\u00fablica Argentina como pron\u00f3stico de modelos estad\u00edsticos de series de tiempo\u201d. Belcastro Nilda Esther- Bogoni Gladys.<\/li>\n<li>XXXVI Jornadas Nacionales de Docentes de Matem\u00e1tica de Facultades de Ciencias Econ\u00f3micas y afines, organizadas por la Facultad de Ciencias Econ\u00f3micas y de la Administraci\u00f3n de la Universidad Adventista del Plata en Libertador San Mart\u00edn, los d\u00edas 21, 22 y 23 de septiembre de 2022. Ponencia titulada \u201cEl sector alojamiento y su papel en la cadena de valor del sector tur\u00edstico de la provincia de Chubut: An\u00e1lisis Univariado y Multivariado\u201d. Belcastro Nilda Esther- Bogoni Gladys.<\/li>\n<li>14th Tourism Workshop. Tourism School and Department of Economics and Business, School of Economics and Business UNAB. Tourism: Economics and Management Tourists as Consumers, Visitors and Travelers to be held in hybrid format at the University Andres Bello in Santiago de Chile on November 3 and 4 de 2021. Trabajo: \u201cAn\u00e1lisis de la cadena de valor del turismo en la provincia del Chubut, R. Argentina\u201d Losano Piedad, Bogoni Gladys, Belcastro Nilda E.<\/li>\n<\/ul>\n<p>&nbsp;<\/p>\n<p style=\"text-align: justify;\"><strong><span style=\"font-size: 14pt;\">Actividades futuras y en realizaci\u00f3n<\/span><\/strong><\/p>\n<ul style=\"text-align: justify;\">\n<li>Servicios a Terceros: Curso de Estad\u00edstica B\u00e1sica solicitado por Ministerio de Salud.<\/li>\n<\/ul>\n<p style=\"text-align: justify; padding-left: 40px;\">Si bien estaba previsto para el a\u00f1o 2022, el m\u00f3dulo de Estad\u00edstica se llevar\u00e1 a cabo en el a\u00f1o 2023. Se elabor\u00f3 una propuesta con el prop\u00f3sito general de ense\u00f1ar herramientas y metodolog\u00edas estad\u00edsticas b\u00e1sicas que permitan la planificaci\u00f3n de la obtenci\u00f3n, organizaci\u00f3n, descripci\u00f3n y an\u00e1lisis de la informaci\u00f3n, para la toma de decisiones con fundamento. La duraci\u00f3n del mismo se plantea para desarrollar en 64 hs, previ\u00e9ndose encuentros virtuales sincr\u00f3nicos semanales, y actividades asincr\u00f3nicas.<\/p>\n<ul>\n<li style=\"text-align: justify;\">Organizaci\u00f3n de las XXXVII JORNADAS NACIONALES DE DOCENTES DE MATEMATICAS DE FACULTADES DE CIENCIAS ECONOMICAS Y AFINES para el 4, 5 y 6 de octubre de 2023, a desarrollarse en la Delegaci\u00f3n Acad\u00e9mica Comodoro Rivadavia de la Facultad de Ciencias Econ\u00f3micas de la UNPSJB, en conjunto con la Asociaci\u00f3n Civil de Docentes de Matem\u00e1tica de Facultades de Ciencias Econ\u00f3micas y Afines.<\/li>\n<\/ul>\n<p>[\/vc_column_text][\/vc_column][\/vc_row]<\/p>\n<\/div><\/div>","protected":false},"excerpt":{"rendered":"<p>[vc_row][vc_column][vc_column_text] Observatorio de Estad\u00edstica \u00a0 &nbsp; Creado por:\u00a0Resoluci\u00f3n N\u00ba 082\/18 CDFCE Directora: Ing. Nilda Esther &hellip; <\/p>\n","protected":false},"author":6,"featured_media":0,"parent":0,"menu_order":0,"comment_status":"closed","ping_status":"closed","template":"","meta":{"pmpro_default_level":"","footnotes":""},"class_list":["post-13812","page","type-page","status-publish","hentry","pmpro-has-access"],"_links":{"self":[{"href":"https:\/\/web.sistemasfce.com.ar\/wordpress\/index.php\/wp-json\/wp\/v2\/pages\/13812","targetHints":{"allow":["GET"]}}],"collection":[{"href":"https:\/\/web.sistemasfce.com.ar\/wordpress\/index.php\/wp-json\/wp\/v2\/pages"}],"about":[{"href":"https:\/\/web.sistemasfce.com.ar\/wordpress\/index.php\/wp-json\/wp\/v2\/types\/page"}],"author":[{"embeddable":true,"href":"https:\/\/web.sistemasfce.com.ar\/wordpress\/index.php\/wp-json\/wp\/v2\/users\/6"}],"replies":[{"embeddable":true,"href":"https:\/\/web.sistemasfce.com.ar\/wordpress\/index.php\/wp-json\/wp\/v2\/comments?post=13812"}],"version-history":[{"count":3,"href":"https:\/\/web.sistemasfce.com.ar\/wordpress\/index.php\/wp-json\/wp\/v2\/pages\/13812\/revisions"}],"predecessor-version":[{"id":14711,"href":"https:\/\/web.sistemasfce.com.ar\/wordpress\/index.php\/wp-json\/wp\/v2\/pages\/13812\/revisions\/14711"}],"wp:attachment":[{"href":"https:\/\/web.sistemasfce.com.ar\/wordpress\/index.php\/wp-json\/wp\/v2\/media?parent=13812"}],"curies":[{"name":"wp","href":"https:\/\/api.w.org\/{rel}","templated":true}]}}