{"id":13808,"date":"2023-05-06T12:40:09","date_gmt":"2023-05-06T12:40:09","guid":{"rendered":"https:\/\/web.sistemasfce.com.ar\/wordpress\/?page_id=13808"},"modified":"2023-05-13T11:18:46","modified_gmt":"2023-05-13T11:18:46","slug":"observatorio-oepat","status":"publish","type":"page","link":"https:\/\/web.sistemasfce.com.ar\/wordpress\/index.php\/observatorio-oepat\/","title":{"rendered":"Observatorio OEPAT"},"content":{"rendered":"<div class=\"wpb-content-wrapper\"><div id=\"modal-ready\"><p>[vc_row][vc_column][vc_column_text]<\/p>\n<h1 style=\"text-align: center;\"><span style=\"color: #800080;\">Observatorio de Empresas de la Patagonia (OEPAT)<\/span><\/h1>\n<p>&nbsp;<\/p>\n<p style=\"text-align: justify;\"><span style=\"text-decoration: underline;\"><em><strong>Creado por Resoluci\u00f3n N\u00ba<\/strong> <\/em><\/span>044\/21 CDFCE<\/p>\n<p style=\"text-align: justify;\"><em><span style=\"text-decoration: underline;\"><strong>Director<\/strong><\/span><\/em>: Lic. Facundo Ball<\/p>\n<p style=\"text-align: justify;\"><em><span style=\"text-decoration: underline;\"><strong>Mail<\/strong><\/span><\/em>: <a href=\"mailto:observatorio.empresas.fce@gmail.com\">observatorio.empresas.fce@gmail.com<\/a><\/p>\n<p style=\"text-align: justify;\"><em><span style=\"text-decoration: underline;\"><strong>Miembros del consejo asesor<\/strong><\/span><\/em>: Lic. C\u00e9sar Daniel Pailacura;\u00a0 Lic. Lucas Diego Atucha<\/p>\n<p style=\"text-align: justify;\"><em><span style=\"text-decoration: underline;\"><strong>Miembros activos<\/strong><\/span><\/em>: Lic. Facundo Ball,\u00a0Lic. Julio Iba\u00f1ez, Lic Vanina Davies, Lic. Daniel Peiretti, Cr. Sebasti\u00e1n Suarez, Lic. Diego Perez Cavenago, Lic. Lucas Atucha, Lic Cesar Pailacura, Lic. Alberto Tartera, Lic. Sebasti\u00e1n Albertoli, Federaci\u00f3n Empresaria del Chubut, C\u00e1mara de Comercio de Comodoro Rivadavia, C\u00e1mara de Comercio de Rawson, C\u00e1mara de Comercio de Trelew.<\/p>\n<p style=\"text-align: justify;\"><em><span style=\"text-decoration: underline;\"><strong>Dependencia Acad\u00e9mica<\/strong><\/span><\/em>: Departamento de Econom\u00eda. Sede Trelew<\/p>\n<p style=\"text-align: justify;\"><span style=\"font-size: 14pt;\"><strong>Objetivos y l\u00edneas de estudio<\/strong><\/span><\/p>\n<ul style=\"text-align: justify;\">\n<li>Dar respaldo cient\u00edfico y t\u00e9cnico a la promoci\u00f3n del crecimiento de las actividades empresarias de la regi\u00f3n.<\/li>\n<li>Elaborar informes econ\u00f3micos de monitoreo de variables del sector privado de la Patagonia<\/li>\n<li>Desarrollar Proyectos de investigaci\u00f3n en problemas econ\u00f3micos del sector privado de la regi\u00f3n patagonia<\/li>\n<\/ul>\n<p style=\"text-align: justify;\"><em>\u00a0<\/em><\/p>\n<p style=\"text-align: justify;\"><span style=\"font-size: 14pt;\"><strong>Resumen de actividades realizadas<\/strong><\/span><\/p>\n<ul style=\"text-align: justify;\">\n<li>El Observatorio se fund\u00f3 en el a\u00f1o 2021 y ese a\u00f1o se realiz\u00f3 en el mes de Junio una Jornada con la Federaci\u00f3n Empresaria del Chubut y las c\u00e1maras empresarias de Rawson, Comodoro Rivadavia, Trelew y Puerto Madryn, en la que expusieron los presidentes de la c\u00e1maras y la Federaci\u00f3n y el Director del Observatorio expuso la ponencia: \u201cRestricciones Econ\u00f3mico Jur\u00eddicas a las empresas.\u201d<\/li>\n<li>Entre los meses de Agosto y Noviembre de 2021 se llev\u00f3 a cabo el Ciclo de Charlas: &#8220;Motivar desde la experiencia: Empresarios y Empresarias que inspiran\u00a8 con la participaci\u00f3n de emprendedores de la Provincia de\u00a0 del Chubut, con 12 empresas que participaron, en 4 encuentros virtuales.<\/li>\n<li>Desde 2022 se publican informes peri\u00f3dicos sobre energ\u00eda e\u00f3lica, ventas de combustibles, ventas en el programa ahora 12 y monitoreo de variables del sector privado de la provincia del Chubut.<\/li>\n<li>En el mes de octubre de 2022 se coordin\u00f3 las I Jornadas de Investigaci\u00f3n de Precios e Inflaci\u00f3n, organizadas por la Facultad de Ciencias Econ\u00f3micas de la UNPSJB, donde los miembros fundadores del Observatorio, Lic. Daniel Peiretti, Lic Lucas Atucha y Mg Julio Iba\u00f1ez desarrollaron 3 ponencias sobre Causas de la Inflaci\u00f3n, Precios en el sector financiero y Precios en los sectores Indumentaria y Viviendas, respectivamente.<\/li>\n<li>En 2022 el Director del Observatorio expuso en la Universidad Nacional Toribio Rodr\u00edguez de Amazonas del Per\u00fa, en el III Congreso Internacional de Investigaci\u00f3n Cient\u00edfica en Ciencias Econ\u00f3micas con la ponencia; PROBLEMAS DE ASIMETRIA DE LA INFORMACION EN EL MERCADO LABORAL ARGENTINO, DESDE UN ENFOQUE DE LAW &amp; ECONOMICS<\/li>\n<\/ul>\n<p style=\"text-align: justify;\"><span style=\"font-size: 14pt;\"><strong>Actividades en realizaci\u00f3n o en curso<\/strong><\/span><\/p>\n<ul style=\"text-align: justify;\">\n<li>Se realiza y publica trimestralmente los siguientes informes:\n<ul>\n<li>Informe de Ventas de Combustibles en la Patagonia,<\/li>\n<li>Informe de Generaci\u00f3n de Energia E\u00f3lica en Chubut,<\/li>\n<li>Informe de Ventas Ahora 12 en Chubut.<\/li>\n<\/ul>\n<\/li>\n<li>el Observatorio actualmente est\u00e1 ejecutando 2 proyectos de investigaci\u00f3n de Ciencia y T\u00e9cnica iniciados en 2023 y que seguir\u00e1n en 2024, ambos con tem\u00e1ticas del sector empresaria:\n<ul>\n<li>&#8220;Problemas de Reglas y Enforcement en las Instituciones Econ\u00f3micas. Un Enfoque de Law &amp; Economics.\u00a0 Casos en Patagonia.&#8221;<\/li>\n<li>&#8220;Una Visi\u00f3n de la Econom\u00eda Espacial Regional de Chubut: el Hidr\u00f3geno como recurso energ\u00e9tico&#8221;.<\/li>\n<\/ul>\n<\/li>\n<\/ul>\n<p style=\"text-align: justify;\">\n<p>[\/vc_column_text]<div class=\"vca-moving-image align-left \"><a class=\"href\" href=\"http:\/\/web.sistemasfce.com.ar\/wordpress\/index.php\/observatorio-de-la-patagonia\/\" title=\"\" target=\"_blank\"><img decoding=\"async\" class=\"vca-floating-pulse\" alt=\"\" title=\"\" src=\"https:\/\/web.sistemasfce.com.ar\/wordpress\/wp-content\/uploads\/2023\/05\/Publicaciones.png\" \/><\/a><\/div><div class=\"clearboth\"><\/div>[\/vc_column][\/vc_row]<\/p>\n<\/div><\/div>","protected":false},"excerpt":{"rendered":"<p>[vc_row][vc_column][vc_column_text] Observatorio de Empresas de la Patagonia (OEPAT) &nbsp; Creado por Resoluci\u00f3n N\u00ba 044\/21 CDFCE &hellip; <\/p>\n","protected":false},"author":6,"featured_media":0,"parent":0,"menu_order":0,"comment_status":"closed","ping_status":"closed","template":"","meta":{"pmpro_default_level":"","footnotes":""},"class_list":["post-13808","page","type-page","status-publish","hentry","pmpro-has-access"],"_links":{"self":[{"href":"https:\/\/web.sistemasfce.com.ar\/wordpress\/index.php\/wp-json\/wp\/v2\/pages\/13808","targetHints":{"allow":["GET"]}}],"collection":[{"href":"https:\/\/web.sistemasfce.com.ar\/wordpress\/index.php\/wp-json\/wp\/v2\/pages"}],"about":[{"href":"https:\/\/web.sistemasfce.com.ar\/wordpress\/index.php\/wp-json\/wp\/v2\/types\/page"}],"author":[{"embeddable":true,"href":"https:\/\/web.sistemasfce.com.ar\/wordpress\/index.php\/wp-json\/wp\/v2\/users\/6"}],"replies":[{"embeddable":true,"href":"https:\/\/web.sistemasfce.com.ar\/wordpress\/index.php\/wp-json\/wp\/v2\/comments?post=13808"}],"version-history":[{"count":4,"href":"https:\/\/web.sistemasfce.com.ar\/wordpress\/index.php\/wp-json\/wp\/v2\/pages\/13808\/revisions"}],"predecessor-version":[{"id":13898,"href":"https:\/\/web.sistemasfce.com.ar\/wordpress\/index.php\/wp-json\/wp\/v2\/pages\/13808\/revisions\/13898"}],"wp:attachment":[{"href":"https:\/\/web.sistemasfce.com.ar\/wordpress\/index.php\/wp-json\/wp\/v2\/media?parent=13808"}],"curies":[{"name":"wp","href":"https:\/\/api.w.org\/{rel}","templated":true}]}}