{"id":13775,"date":"2023-05-05T20:51:43","date_gmt":"2023-05-05T20:51:43","guid":{"rendered":"https:\/\/web.sistemasfce.com.ar\/wordpress\/?page_id=13775"},"modified":"2023-06-14T21:18:38","modified_gmt":"2023-06-14T21:18:38","slug":"ateneos-contabilidad","status":"publish","type":"page","link":"https:\/\/web.sistemasfce.com.ar\/wordpress\/index.php\/ateneos-contabilidad\/","title":{"rendered":"Ateneos Contabilidad"},"content":{"rendered":"<div class=\"wpb-content-wrapper\"><div id=\"modal-ready\"><p>[vc_row][vc_column width=&#8221;1\/6&#8243;][vc_icon icon_fontawesome=&#8221;fas fa-angle-double-left&#8221; link=&#8221;url:http%3A%2F%2Fweb.sistemasfce.com.ar%2Fwordpress%2Findex.php%2Fateneos-universitarios%2F|target:_blank&#8221;][\/vc_column][vc_column width=&#8221;2\/6&#8243;]<div class=\"thim-widget-icon-box template-base\"><div class=\"wrapper-box-icon has_custom_image wrapper-line-heading text-center \" ><div class=\"smicon-box iconbox-top\" style=\"--icon-width: 80px;--icon-height: 80px;\"><div class=\"boxes-icon\"><a class=\"icon-box-link\" target=\"_self\" href=\"https:\/\/web.sistemasfce.com.ar\/wordpress\/index.php\/ateneo-departamento-contable-sede-trelew\/\"><span class=\"inner-icon\"><span class=\"icon icon-images\"><img loading=\"lazy\" decoding=\"async\" src=\"https:\/\/web.sistemasfce.com.ar\/wordpress\/wp-content\/uploads\/2023\/05\/contabilidad.png\" alt=\"contabilidad\"  width=\"323\" height=\"323\"><\/span><\/span><\/span><\/a><\/div><div class=\"content-inner\"><div class=\"sc-heading article_heading\"><h3 class = \"heading__primary\" style=\"--title-color: #0066bf;--title-font-size: 14px;\"><a class=\"icon-box-link\" target=\"_self\" href=\"https:\/\/web.sistemasfce.com.ar\/wordpress\/index.php\/ateneo-departamento-contable-sede-trelew\/\">ATENEO ACAD\u00c9MICO DEL DEPARTAMENTO CONTABLE - Sede Trelew<\/a><\/h3><span class=\"line-heading\"><\/span><\/div><\/div><\/div><\/div><\/div>[vc_row_inner][vc_column_inner][vc_empty_space height=&#8221;10px&#8221;][\/vc_column_inner][\/vc_row_inner][vc_column_text]<\/p>\n<p style=\"text-align: center;\"><span style=\"color: #000000;\"><strong>DIRECTOR: <\/strong> Gabriel Trucco<\/span><\/p>\n<p style=\"text-align: center;\"><span style=\"color: #000000;\"><strong>FECHA DE INICIO: <\/strong>17\/12\/2019<\/span><\/p>\n<p style=\"text-align: center;\"><span style=\"color: #000000;\"><strong>RESOLUCION DE AVAL: 125<\/strong>\/19 CDFCE<\/span><\/p>\n<p style=\"text-align: center;\"><span style=\"color: #000000;\"><strong>SEDE TRELEW<\/strong><\/span><\/p>\n<p style=\"text-align: center;\"><span style=\"color: #000000;\"><strong>CONTACTO: <\/strong><span style=\"color: #3366ff;\"><a style=\"color: #3366ff;\" href=\"mailto:%67%61br%69%65%6c%74%72%75%63c%6f@y%61%68o%6f.c%6f%6d.%61%72\">gabrieltrucco@yahoo.com.ar<\/a><\/span><\/span><\/p>\n<p>[\/vc_column_text][vc_column_text]<\/p>\n<p style=\"text-align: left;\"><span style=\"font-size: 14pt;\"><strong><span style=\"color: #000000;\">OBJETIVO<\/span><\/strong><\/span><\/p>\n<p><span style=\"color: #000000;\">El Ateneo busca generar espacios de debate, reflexi\u00f3n, intercambio y an\u00e1lisis de tem\u00e1ticas vinculadas con las disciplinas objeto del Departamento Contable<\/span>[\/vc_column_text][\/vc_column][vc_column width=&#8221;1\/6&#8243;][\/vc_column][vc_column width=&#8221;2\/6&#8243;]<div class=\"thim-widget-icon-box template-base\"><div class=\"wrapper-box-icon has_custom_image wrapper-line-heading text-center \" ><div class=\"smicon-box iconbox-top\" style=\"--icon-width: 80px;--icon-height: 80px;\"><div class=\"boxes-icon\"><span class=\"inner-icon\"><span class=\"icon icon-images\"><img loading=\"lazy\" decoding=\"async\" src=\"https:\/\/web.sistemasfce.com.ar\/wordpress\/wp-content\/uploads\/2023\/05\/contabilidad.png\" alt=\"contabilidad\"  width=\"323\" height=\"323\"><\/span><\/span><\/span><\/div><div class=\"content-inner\"><div class=\"sc-heading article_heading\"><h3 class = \"heading__primary\" style=\"--title-color: #0066bf;--title-font-size: 14px;\">ATENEO ACAD\u00c9MICO DEL DEPARTAMENTO CONTABLE \u2013 Delegaci\u00f3n Comodoro Rivadavia<\/h3><span class=\"line-heading\"><\/span><\/div><\/div><\/div><\/div><\/div>[vc_empty_space height=&#8221;20px&#8221;][vc_row_inner][vc_column_inner][vc_column_text]<\/p>\n<p style=\"text-align: center;\"><span style=\"color: #000000;\"><strong>DIRECTOR: <\/strong> Sandra Marisa Bruni<\/span><\/p>\n<p style=\"text-align: center;\"><span style=\"color: #000000;\"><strong>FECHA DE INICIO: <\/strong>10\/03\/2020<\/span><\/p>\n<p style=\"text-align: center;\"><span style=\"color: #000000;\"><strong>RESOLUCION DE AVAL: <\/strong>034\/20 CDFCE<\/span><\/p>\n<p style=\"text-align: center;\"><span style=\"color: #000000;\"><strong>DELEGACI\u00d3N COMODORO RIVADAVIA<\/strong><\/span><\/p>\n<p style=\"text-align: center;\"><span style=\"color: #000000;\"><strong>CONTACTO: <\/strong><\/span><a href=\"mailto:%73%61%6ed%72%61%6db%72%75%6ei@gmai%6c%2e%63%6f%6d\">sandrambruni@gmail.com<\/a><\/p>\n<p>[\/vc_column_text][\/vc_column_inner][\/vc_row_inner][vc_column_text]<span style=\"font-size: 14pt; color: #000000;\"><strong>OBJETIVO<\/strong><\/span><\/p>\n<p><span style=\"color: #000000;\">Su esencia y funci\u00f3n es la generaci\u00f3n de espacios abiertos a debate, reflexi\u00f3n, intercambio y an\u00e1lisis de tem\u00e1ticas vinculadas con las disciplinas del Departamento Contable<\/span>[\/vc_column_text][\/vc_column][\/vc_row]<\/p>\n<\/div><\/div>","protected":false},"excerpt":{"rendered":"<p>[vc_row][vc_column width=&#8221;1\/6&#8243;][vc_icon icon_fontawesome=&#8221;fas fa-angle-double-left&#8221; link=&#8221;url:http%3A%2F%2Fweb.sistemasfce.com.ar%2Fwordpress%2Findex.php%2Fateneos-universitarios%2F|target:_blank&#8221;][\/vc_column][vc_column width=&#8221;2\/6&#8243;][vc_row_inner][vc_column_inner][vc_empty_space height=&#8221;10px&#8221;][\/vc_column_inner][\/vc_row_inner][vc_column_text] DIRECTOR: Gabriel Trucco FECHA DE INICIO: 17\/12\/2019 RESOLUCION &hellip; <\/p>\n","protected":false},"author":6,"featured_media":0,"parent":0,"menu_order":0,"comment_status":"closed","ping_status":"closed","template":"","meta":{"pmpro_default_level":"","footnotes":""},"class_list":["post-13775","page","type-page","status-publish","hentry","pmpro-has-access"],"_links":{"self":[{"href":"https:\/\/web.sistemasfce.com.ar\/wordpress\/index.php\/wp-json\/wp\/v2\/pages\/13775","targetHints":{"allow":["GET"]}}],"collection":[{"href":"https:\/\/web.sistemasfce.com.ar\/wordpress\/index.php\/wp-json\/wp\/v2\/pages"}],"about":[{"href":"https:\/\/web.sistemasfce.com.ar\/wordpress\/index.php\/wp-json\/wp\/v2\/types\/page"}],"author":[{"embeddable":true,"href":"https:\/\/web.sistemasfce.com.ar\/wordpress\/index.php\/wp-json\/wp\/v2\/users\/6"}],"replies":[{"embeddable":true,"href":"https:\/\/web.sistemasfce.com.ar\/wordpress\/index.php\/wp-json\/wp\/v2\/comments?post=13775"}],"version-history":[{"count":6,"href":"https:\/\/web.sistemasfce.com.ar\/wordpress\/index.php\/wp-json\/wp\/v2\/pages\/13775\/revisions"}],"predecessor-version":[{"id":14001,"href":"https:\/\/web.sistemasfce.com.ar\/wordpress\/index.php\/wp-json\/wp\/v2\/pages\/13775\/revisions\/14001"}],"wp:attachment":[{"href":"https:\/\/web.sistemasfce.com.ar\/wordpress\/index.php\/wp-json\/wp\/v2\/media?parent=13775"}],"curies":[{"name":"wp","href":"https:\/\/api.w.org\/{rel}","templated":true}]}}